{"id":1003,"date":"2023-03-08T16:43:03","date_gmt":"2023-03-08T16:43:03","guid":{"rendered":"http:\/\/us.ylirotu.fi\/index.php\/maailman-muutos\/kylman-sodan-paatosvaihe\/neuvostoliiton-hajoaminen-2\/kaukasian-kapinaliikkeet\/"},"modified":"2023-08-17T08:11:16","modified_gmt":"2023-08-17T08:11:16","slug":"maastrichtin-sopimus-euroopan-unionista","status":"publish","type":"page","link":"https:\/\/maailmanmuutos.org\/index.php\/kylmasta-sodasta-2000-luvulle\/kylman-sodan-paatosvaihe\/lansi-euroopantalousyhteisosta-unioniksi\/maastrichtin-sopimus-euroopan-unionista\/","title":{"rendered":"Maastrichtin sopimus Euroopan unionista\u00a0"},"content":{"rendered":"<div id='full_slider_1'  class='avia-fullwidth-slider main_color avia-shadow   avia-builder-el-0  el_before_av_one_full  avia-builder-el-first   container_wrap sidebar_right'  >\n<style type=\"text\/css\" data-created_by=\"avia_inline_auto\" id=\"style-css-av-kd4hz9nx-fb331aa0faaa9c578e2f07ccc45f5aa0\">\n#top #wrap_all .avia-slideshow .av-slideshow-caption.av-kd4hz9nx-fb331aa0faaa9c578e2f07ccc45f5aa0__0 .avia-caption-title{\nfont-size:22px;\n}\n#top .avia-slideshow .av-slideshow-caption.av-kd4hz9nx-fb331aa0faaa9c578e2f07ccc45f5aa0__0 .avia-caption-content{\nfont-size:14px;\n}\n#top .avia-slideshow .av-slideshow-caption.av-kd4hz9nx-fb331aa0faaa9c578e2f07ccc45f5aa0__0 .avia-caption-content p{\nfont-size:14px;\n}\n\n@media only screen and (min-width: 768px) and (max-width: 989px){ \n#top #wrap_all .avia-slideshow .av-slideshow-caption.av-kd4hz9nx-fb331aa0faaa9c578e2f07ccc45f5aa0__0 .avia-caption-title{\nfont-size:16px;\n}\n#top .avia-slideshow .av-slideshow-caption.av-kd4hz9nx-fb331aa0faaa9c578e2f07ccc45f5aa0__0 .avia-caption-content{\nfont-size:16px;\n}\n#top .avia-slideshow .av-slideshow-caption.av-kd4hz9nx-fb331aa0faaa9c578e2f07ccc45f5aa0__0 .avia-caption-content p{\nfont-size:16px;\n}\n}\n\n@media only screen and (min-width: 480px) and (max-width: 767px){ \n#top #wrap_all .avia-slideshow .av-slideshow-caption.av-kd4hz9nx-fb331aa0faaa9c578e2f07ccc45f5aa0__0 .avia-caption-title{\nfont-size:14px;\n}\n#top .avia-slideshow .av-slideshow-caption.av-kd4hz9nx-fb331aa0faaa9c578e2f07ccc45f5aa0__0 .avia-caption-content{\nfont-size:14px;\n}\n#top .avia-slideshow .av-slideshow-caption.av-kd4hz9nx-fb331aa0faaa9c578e2f07ccc45f5aa0__0 .avia-caption-content p{\nfont-size:14px;\n}\n}\n\n@media only screen and (max-width: 479px){ \n#top #wrap_all .avia-slideshow .av-slideshow-caption.av-kd4hz9nx-fb331aa0faaa9c578e2f07ccc45f5aa0__0 .avia-caption-title{\ndisplay:none;\n}\n#top .avia-slideshow .av-slideshow-caption.av-kd4hz9nx-fb331aa0faaa9c578e2f07ccc45f5aa0__0 .avia-caption-content{\ndisplay:none;\n}\n#top .avia-slideshow .av-slideshow-caption.av-kd4hz9nx-fb331aa0faaa9c578e2f07ccc45f5aa0__0 .avia-caption-content p{\ndisplay:none;\n}\n}\n<\/style>\n<div  class='avia-slideshow av-kd4hz9nx-fb331aa0faaa9c578e2f07ccc45f5aa0 avia-slideshow-featured av_slideshow_full avia-slide-slider av-slideshow-ui av-control-default av-slideshow-manual av-loop-once av-loop-manual-endless av-default-height-applied   avia-slideshow-1' data-slideshow-options=\"{&quot;animation&quot;:&quot;slide&quot;,&quot;autoplay&quot;:false,&quot;loop_autoplay&quot;:&quot;once&quot;,&quot;interval&quot;:5,&quot;loop_manual&quot;:&quot;manual-endless&quot;,&quot;autoplay_stopper&quot;:false,&quot;noNavigation&quot;:false,&quot;bg_slider&quot;:false,&quot;keep_padding&quot;:false,&quot;hoverpause&quot;:false,&quot;show_slide_delay&quot;:0}\"  itemprop=\"image\" itemscope=\"itemscope\" itemtype=\"https:\/\/schema.org\/ImageObject\" ><ul class='avia-slideshow-inner ' style='padding-bottom: 28.72411489646%;'><li  class='avia-slideshow-slide av-kd4hz9nx-fb331aa0faaa9c578e2f07ccc45f5aa0__0  av-single-slide slide-1 slide-odd'><div data-rel='slideshow-1' class='avia-slide-wrap '   ><img decoding=\"async\" fetchpriority=\"high\" class=\"wp-image-2843 avia-img-lazy-loading-not-2843\"  src=\"https:\/\/maailmanmuutos.org\/wp-content\/uploads\/2023\/08\/maastrichtin-sopimus.jpg\" width=\"1497\" height=\"430\" title='kuvituskuvat' alt=''  itemprop=\"thumbnailUrl\" srcset=\"https:\/\/maailmanmuutos.org\/wp-content\/uploads\/2023\/08\/maastrichtin-sopimus.jpg 1500w, https:\/\/maailmanmuutos.org\/wp-content\/uploads\/2023\/08\/maastrichtin-sopimus-800x230.jpg 800w, https:\/\/maailmanmuutos.org\/wp-content\/uploads\/2023\/08\/maastrichtin-sopimus-120x34.jpg 120w, https:\/\/maailmanmuutos.org\/wp-content\/uploads\/2023\/08\/maastrichtin-sopimus-768x221.jpg 768w, https:\/\/maailmanmuutos.org\/wp-content\/uploads\/2023\/08\/maastrichtin-sopimus-705x203.jpg 705w\" sizes=\"(max-width: 1497px) 100vw, 1497px\" \/><\/div><\/li><\/ul><\/div><\/div><div id='after_full_slider_1'  class='main_color av_default_container_wrap container_wrap sidebar_right'  ><div class='container av-section-cont-open' ><div class='template-page content  av-content-small alpha units'><div class='post-entry post-entry-type-page post-entry-1003'><div class='entry-content-wrapper clearfix'>\n\n<style type=\"text\/css\" data-created_by=\"avia_inline_auto\" id=\"style-css-av-5spn6-3d3e8ead61d02f87ad7c9f2fc625dc24\">\n.flex_column.av-5spn6-3d3e8ead61d02f87ad7c9f2fc625dc24{\nborder-radius:0px 0px 0px 0px;\npadding:0px 0px 0px 0px;\n}\n<\/style>\n<div  class='flex_column av-5spn6-3d3e8ead61d02f87ad7c9f2fc625dc24 av_one_full  avia-builder-el-1  el_after_av_slideshow_full  avia-builder-el-no-sibling  first flex_column_div av-zero-column-padding  '     ><p>\n<style type=\"text\/css\" data-created_by=\"avia_inline_auto\" id=\"style-css-av-38hwpn-a3dffb0d9d428ed110f22f11504f6f81\">\n#top .av-special-heading.av-38hwpn-a3dffb0d9d428ed110f22f11504f6f81{\npadding-bottom:10px;\n}\nbody .av-special-heading.av-38hwpn-a3dffb0d9d428ed110f22f11504f6f81 .av-special-heading-tag .heading-char{\nfont-size:25px;\n}\n.av-special-heading.av-38hwpn-a3dffb0d9d428ed110f22f11504f6f81 .av-subheading{\nfont-size:15px;\n}\n<\/style>\n<div  class='av-special-heading av-38hwpn-a3dffb0d9d428ed110f22f11504f6f81 av-special-heading-h1  avia-builder-el-2  el_before_av_hr  avia-builder-el-first '><h1 class='av-special-heading-tag'  itemprop=\"headline\"  >Maastrichtin sopimus Euroopan unionista <\/h1><div class=\"special-heading-border\"><div class=\"special-heading-inner-border\"><\/div><\/div><\/div><br \/>\n\n<style type=\"text\/css\" data-created_by=\"avia_inline_auto\" id=\"style-css-av-lezw3ur0-862fc69d3890db0a4c5490cac298d329\">\n#top .hr.hr-invisible.av-lezw3ur0-862fc69d3890db0a4c5490cac298d329{\nheight:50px;\n}\n<\/style>\n<div  class='hr av-lezw3ur0-862fc69d3890db0a4c5490cac298d329 hr-invisible  avia-builder-el-3  el_after_av_heading  el_before_av_textblock '><span class='hr-inner '><span class=\"hr-inner-style\"><\/span><\/span><\/div><br \/>\n<section  class='av_textblock_section av-lezr0od0-94e7bd8ef786eea3c9a8d27065495667 '   itemscope=\"itemscope\" itemtype=\"https:\/\/schema.org\/CreativeWork\" ><div class='avia_textblock'  itemprop=\"text\" ><p><em><strong>Kehitys poliittisen ja taloudellisen unionin suuntaan<\/strong><\/em><\/p>\n<p>Kylm\u00e4n sodan p\u00e4\u00e4t\u00f6svaiheessa, vuonna 1990 alkaneessa hallitusten v\u00e4lisess\u00e4 konferenssisarjassa, Euroopan yhteis\u00f6st\u00e4 ryhdyttiin muokkaamaan poliittista unionia, jonka piti olla alkuna EU:n pohjalle rakentuvalle liittovaltiolle. T\u00e4ss\u00e4 vaiheessa j\u00e4senmaissa ei ollut halukkuutta alueelliseen laajennukseen, vaan suosittiin suunnitelmaa Euroopan talousalueen (ETA) muodostamiseksi EY-maiden ja jo vapaakauppasopimuksen tehneiden Efta-maiden kesken. Siin\u00e4 oli Efta-maille tarjolla p\u00e4\u00e4sy EY:n sis\u00e4markkinoille ilman osallistumista kaikkiin j\u00e4senyysvelvoitteisiin mutta my\u00f6s ilman oikeutta osallistua EY:n talouspolitiikasta p\u00e4\u00e4tt\u00e4miseen.<\/p>\n<p><em><strong>Maastrichtin sopimuksen synty<\/strong><\/em><\/p>\n<p>Keski- ja It\u00e4-Eurooppaa ravistellut poliittinen kuohunta ja Saksan yhdistyminen kiihdyttiv\u00e4t pyrkimyksi\u00e4 poliittisen unionin aikaansaamiseksi. Siihen liittyi jo alkanut talous- ja rahaliiton muodostamishanke. N\u00e4m\u00e4 yhdistyiv\u00e4t Maastrichtissa tehdyss\u00e4 sopimuksessa Euroopan unionista, joka valmistui 10.12.1991 ja allekirjoitettiin parin kuukauden p\u00e4\u00e4st\u00e4. Ratifioimisprosessi oli kuitenkin hidas muun muassa Ranskan t\u00e4p\u00e4r\u00e4n kansan\u00e4\u00e4nestyksen ja Saksan perustuslakitulkintojen viipymisen vuoksi, joten unioni-sopimus tuli voimaan vasta marraskuussa 1993.<\/p>\n<p><em><strong>Maastrichtin sopimuksen sis\u00e4lt\u00f6<\/strong><\/em><\/p>\n<p class=\"Leipa_teksti2\">Sopimus Euroopan unionista (ns. Maastrichtin sopimus) sis\u00e4lsi Euroopan yhteis\u00f6n perussopimukset ja uusina kokonaisuuksia poliittisen unionin, mik\u00e4 tarkoitti yhteist\u00e4 ulko- ja turvallisuuspolitiikkaa, sek\u00e4 talous- ja rahaliiton, jonka oli m\u00e4\u00e4r\u00e4 tulla voimaan useissa vaiheissa. Sopimukseen kuului my\u00f6s EU:n kansalaisuuden k\u00e4site.<\/p>\n<p class=\"Leipa_teksti2\">Sopimus m\u00e4\u00e4ritti p\u00e4\u00e4t\u00f6ksenteon periaatteet sek\u00e4 j\u00e4senmaiden ja EU:n instituutioiden toimivallan rajat. Keskeinen ajatus on p\u00e4\u00e4t\u00f6s vallan antaminen joko j\u00e4senmaalle tai EU:n elimille riippuen siit\u00e4,\u00a0 mink\u00e4 toimintaan asialla on eniten vaikutusta ja mill\u00e4 osapuolella oli mahdollisuus toimia sen suhteen tehokkaimmin. T\u00e4m\u00e4 ns. l\u00e4heisyysperiaate (subsidiariteetti-periaate) on ollut jatkuvien kiistojen kohteena, sill\u00e4 ei ole helppoa vet\u00e4\u00e4 rajaa jonkun j\u00e4senmaan ja EU:n intressien tai parhaiden toimintamahdollisuuksien v\u00e4lille.<\/p>\n<\/div><\/section><\/p><\/div>\n","protected":false},"excerpt":{"rendered":"","protected":false},"author":1,"featured_media":0,"parent":980,"menu_order":2,"comment_status":"closed","ping_status":"closed","template":"","meta":{"footnotes":""},"class_list":["post-1003","page","type-page","status-publish","hentry"],"_links":{"self":[{"href":"https:\/\/maailmanmuutos.org\/index.php\/wp-json\/wp\/v2\/pages\/1003","targetHints":{"allow":["GET"]}}],"collection":[{"href":"https:\/\/maailmanmuutos.org\/index.php\/wp-json\/wp\/v2\/pages"}],"about":[{"href":"https:\/\/maailmanmuutos.org\/index.php\/wp-json\/wp\/v2\/types\/page"}],"author":[{"embeddable":true,"href":"https:\/\/maailmanmuutos.org\/index.php\/wp-json\/wp\/v2\/users\/1"}],"replies":[{"embeddable":true,"href":"https:\/\/maailmanmuutos.org\/index.php\/wp-json\/wp\/v2\/comments?post=1003"}],"version-history":[{"count":8,"href":"https:\/\/maailmanmuutos.org\/index.php\/wp-json\/wp\/v2\/pages\/1003\/revisions"}],"predecessor-version":[{"id":4171,"href":"https:\/\/maailmanmuutos.org\/index.php\/wp-json\/wp\/v2\/pages\/1003\/revisions\/4171"}],"up":[{"embeddable":true,"href":"https:\/\/maailmanmuutos.org\/index.php\/wp-json\/wp\/v2\/pages\/980"}],"wp:attachment":[{"href":"https:\/\/maailmanmuutos.org\/index.php\/wp-json\/wp\/v2\/media?parent=1003"}],"curies":[{"name":"wp","href":"https:\/\/api.w.org\/{rel}","templated":true}]}}