{"id":1041,"date":"2023-03-08T16:43:01","date_gmt":"2023-03-08T16:43:01","guid":{"rendered":"http:\/\/us.ylirotu.fi\/index.php\/maailman-muutos\/kylman-sodan-paatosvaihe\/persianlahden-kriisi-ja-sota-1990-91\/persianlahden-alue-1980-luvun-lopulla-5\/"},"modified":"2023-08-17T08:19:40","modified_gmt":"2023-08-17T08:19:40","slug":"ykn-rooli-kuwaitin-kriisissa","status":"publish","type":"page","link":"https:\/\/maailmanmuutos.org\/index.php\/kylmasta-sodasta-2000-luvulle\/kylman-sodan-paatosvaihe\/persianlahden-kriisi-ja-sota-1990-91\/ykn-rooli-kuwaitin-kriisissa\/","title":{"rendered":"YK:n rooli Kuwaitin kriisiss\u00e4\u00a0"},"content":{"rendered":"<div id='full_slider_1'  class='avia-fullwidth-slider main_color avia-shadow   avia-builder-el-0  el_before_av_one_full  avia-builder-el-first   container_wrap sidebar_right'  >\n<style type=\"text\/css\" data-created_by=\"avia_inline_auto\" id=\"style-css-av-kd4hz9nx-fb331aa0faaa9c578e2f07ccc45f5aa0\">\n#top #wrap_all .avia-slideshow .av-slideshow-caption.av-kd4hz9nx-fb331aa0faaa9c578e2f07ccc45f5aa0__0 .avia-caption-title{\nfont-size:22px;\n}\n#top .avia-slideshow .av-slideshow-caption.av-kd4hz9nx-fb331aa0faaa9c578e2f07ccc45f5aa0__0 .avia-caption-content{\nfont-size:14px;\n}\n#top .avia-slideshow .av-slideshow-caption.av-kd4hz9nx-fb331aa0faaa9c578e2f07ccc45f5aa0__0 .avia-caption-content p{\nfont-size:14px;\n}\n\n@media only screen and (min-width: 768px) and (max-width: 989px){ \n#top #wrap_all .avia-slideshow .av-slideshow-caption.av-kd4hz9nx-fb331aa0faaa9c578e2f07ccc45f5aa0__0 .avia-caption-title{\nfont-size:16px;\n}\n#top .avia-slideshow .av-slideshow-caption.av-kd4hz9nx-fb331aa0faaa9c578e2f07ccc45f5aa0__0 .avia-caption-content{\nfont-size:16px;\n}\n#top .avia-slideshow .av-slideshow-caption.av-kd4hz9nx-fb331aa0faaa9c578e2f07ccc45f5aa0__0 .avia-caption-content p{\nfont-size:16px;\n}\n}\n\n@media only screen and (min-width: 480px) and (max-width: 767px){ \n#top #wrap_all .avia-slideshow .av-slideshow-caption.av-kd4hz9nx-fb331aa0faaa9c578e2f07ccc45f5aa0__0 .avia-caption-title{\nfont-size:14px;\n}\n#top .avia-slideshow .av-slideshow-caption.av-kd4hz9nx-fb331aa0faaa9c578e2f07ccc45f5aa0__0 .avia-caption-content{\nfont-size:14px;\n}\n#top .avia-slideshow .av-slideshow-caption.av-kd4hz9nx-fb331aa0faaa9c578e2f07ccc45f5aa0__0 .avia-caption-content p{\nfont-size:14px;\n}\n}\n\n@media only screen and (max-width: 479px){ \n#top #wrap_all .avia-slideshow .av-slideshow-caption.av-kd4hz9nx-fb331aa0faaa9c578e2f07ccc45f5aa0__0 .avia-caption-title{\ndisplay:none;\n}\n#top .avia-slideshow .av-slideshow-caption.av-kd4hz9nx-fb331aa0faaa9c578e2f07ccc45f5aa0__0 .avia-caption-content{\ndisplay:none;\n}\n#top .avia-slideshow .av-slideshow-caption.av-kd4hz9nx-fb331aa0faaa9c578e2f07ccc45f5aa0__0 .avia-caption-content p{\ndisplay:none;\n}\n}\n<\/style>\n<div  class='avia-slideshow av-kd4hz9nx-fb331aa0faaa9c578e2f07ccc45f5aa0 avia-slideshow-featured av_slideshow_full avia-slide-slider av-slideshow-ui av-control-default av-slideshow-manual av-loop-once av-loop-manual-endless av-default-height-applied   avia-slideshow-1' data-slideshow-options=\"{&quot;animation&quot;:&quot;slide&quot;,&quot;autoplay&quot;:false,&quot;loop_autoplay&quot;:&quot;once&quot;,&quot;interval&quot;:5,&quot;loop_manual&quot;:&quot;manual-endless&quot;,&quot;autoplay_stopper&quot;:false,&quot;noNavigation&quot;:false,&quot;bg_slider&quot;:false,&quot;keep_padding&quot;:false,&quot;hoverpause&quot;:false,&quot;show_slide_delay&quot;:0}\"  itemprop=\"image\" itemscope=\"itemscope\" itemtype=\"https:\/\/schema.org\/ImageObject\" ><ul class='avia-slideshow-inner ' style='padding-bottom: 28.72411489646%;'><li  class='avia-slideshow-slide av-kd4hz9nx-fb331aa0faaa9c578e2f07ccc45f5aa0__0  av-single-slide slide-1 slide-odd'><div data-rel='slideshow-1' class='avia-slide-wrap '   ><img decoding=\"async\" fetchpriority=\"high\" class=\"wp-image-2854 avia-img-lazy-loading-not-2854\"  src=\"https:\/\/maailmanmuutos.org\/wp-content\/uploads\/2023\/08\/un.jpg\" width=\"1497\" height=\"430\" title='un' alt=''  itemprop=\"thumbnailUrl\" srcset=\"https:\/\/maailmanmuutos.org\/wp-content\/uploads\/2023\/08\/un.jpg 1500w, https:\/\/maailmanmuutos.org\/wp-content\/uploads\/2023\/08\/un-800x230.jpg 800w, https:\/\/maailmanmuutos.org\/wp-content\/uploads\/2023\/08\/un-120x34.jpg 120w, https:\/\/maailmanmuutos.org\/wp-content\/uploads\/2023\/08\/un-768x221.jpg 768w, https:\/\/maailmanmuutos.org\/wp-content\/uploads\/2023\/08\/un-705x203.jpg 705w\" sizes=\"(max-width: 1497px) 100vw, 1497px\" \/><\/div><\/li><\/ul><\/div><\/div><div id='after_full_slider_1'  class='main_color av_default_container_wrap container_wrap sidebar_right'  ><div class='container av-section-cont-open' ><div class='template-page content  av-content-small alpha units'><div class='post-entry post-entry-type-page post-entry-1041'><div class='entry-content-wrapper clearfix'>\n\n<style type=\"text\/css\" data-created_by=\"avia_inline_auto\" id=\"style-css-av-5spn6-3d3e8ead61d02f87ad7c9f2fc625dc24\">\n.flex_column.av-5spn6-3d3e8ead61d02f87ad7c9f2fc625dc24{\nborder-radius:0px 0px 0px 0px;\npadding:0px 0px 0px 0px;\n}\n<\/style>\n<div  class='flex_column av-5spn6-3d3e8ead61d02f87ad7c9f2fc625dc24 av_one_full  avia-builder-el-1  el_after_av_slideshow_full  avia-builder-el-no-sibling  first flex_column_div av-zero-column-padding  '     ><p>\n<style type=\"text\/css\" data-created_by=\"avia_inline_auto\" id=\"style-css-av-llew4wcf-89fe58c540765dc3b5707044defafa49\">\n#top .av-special-heading.av-llew4wcf-89fe58c540765dc3b5707044defafa49{\npadding-bottom:10px;\n}\nbody .av-special-heading.av-llew4wcf-89fe58c540765dc3b5707044defafa49 .av-special-heading-tag .heading-char{\nfont-size:25px;\n}\n.av-special-heading.av-llew4wcf-89fe58c540765dc3b5707044defafa49 .av-subheading{\nfont-size:15px;\n}\n<\/style>\n<div  class='av-special-heading av-llew4wcf-89fe58c540765dc3b5707044defafa49 av-special-heading-h1  avia-builder-el-2  el_before_av_textblock  avia-builder-el-first '><h1 class='av-special-heading-tag'  itemprop=\"headline\"  >YK:n rooli Kuwaitin kriisiss\u00e4 <\/h1><div class=\"special-heading-border\"><div class=\"special-heading-inner-border\"><\/div><\/div><\/div><br \/>\n<section  class='av_textblock_section av-lezr0od0-94e7bd8ef786eea3c9a8d27065495667 '   itemscope=\"itemscope\" itemtype=\"https:\/\/schema.org\/CreativeWork\" ><div class='avia_textblock'  itemprop=\"text\" ><p><em><strong>Turvallisuusneuvosto yksimielinen<\/strong><\/em><\/p>\n<p class=\"Leipa_teksti2\">YK:n turvallisuusneuvosto kokoontui heti saatuaan tiedon miehityksest\u00e4 p\u00e4\u00e4tt\u00e4m\u00e4\u00e4n Irakin vastaisista toimista. P\u00e4\u00e4t\u00f6slauselmassaan 9.8. turvallisuusneuvosto tuomitsi Irakin hy\u00f6kk\u00e4yksen Kuwaitiin ja vaati sit\u00e4 heti vet\u00e4m\u00e4\u00e4n joukkonsa pois sek\u00e4 palauttamaan Kuwaitin itsen\u00e4isyyden.<\/p>\n<p class=\"Leipa_teksti2\">Poiketen kylm\u00e4n sodan aikaisista k\u00e4yt\u00e4nn\u00f6ist\u00e4 turvallisuusneuvosto oli yksimielinen perusvaatimuksessaan Kuwaitin itsen\u00e4isyyden palauttamisesta. Kuitenkin k\u00e4yt\u00e4nn\u00f6n jatkotoimista p\u00e4\u00e4tt\u00e4minen vaati monia neuvotteluja ja vei runsaasti aikaa. Aluksi YK 25.8. m\u00e4\u00e4r\u00e4si talouspakotteita saadakseen Irakin per\u00e4\u00e4ntym\u00e4\u00e4n. Kuukautta my\u00f6hemmin YK julisti Irakin lentoliikenteen saartoon.<\/p>\n<p><em><strong>Uhkavaatimus ja Persianlahden sota<\/strong><\/em><\/p>\n<p class=\"Leipa_teksti2\">Lopulta turvallisuusneuvosto antoi Irakille 29. marraskuuta uhkavaatimuksen vet\u00e4yty\u00e4 pois Kuwaitista 15.1.1991 menness\u00e4 ja valtuutti Yhdysvaltojen kokoaman liittoutuman k\u00e4ytt\u00e4m\u00e4\u00e4n \u201dkaikkia tarvittavia keinoja\u201d YK:n Irakin vastaisten p\u00e4\u00e4t\u00f6slauselmien toimeenpanemiseksi.<\/p>\n<p class=\"Leipa_teksti2\">Irakin kielt\u00e4ydytty\u00e4 alkoi sota, jonka p\u00e4\u00e4tytty\u00e4 YK j\u00e4lleen p\u00e4\u00e4t\u00f6slauselmallaan vahvisti Irakille asetetut aselepoehdot ja perusti niiden valvomiseksi tarkkailuoperaation. Ehtoihin sis\u00e4ltyi my\u00f6s alueellisia lentokieltoja, joiden tulkinnasta syntyi l\u00e4hivuosina useita kiistoja. My\u00f6s talouspakotteiden jatkamisesta oli erimielisyytt\u00e4 turvallisuusneuvoston piiriss\u00e4.<\/p>\n<p><em><strong>YK ja kansainv\u00e4linen liittoutuma<\/strong><\/em><\/p>\n<p class=\"Leipa_teksti2\">Kuwaitin kriisi ja Persianlahden sota 1990-1991 olivat selke\u00e4 n\u00e4yte siit\u00e4, ett\u00e4 YK saattoi toimia tehokkaasti, jos suurvallat p\u00e4\u00e4siv\u00e4t yksimielisyyteen. Turvallisuusneuvosto antoi konfliktin johdosta kaikkiaan 12 p\u00e4\u00e4t\u00f6slauselmaa. Toisaalta YK ei my\u00f6sk\u00e4\u00e4n Persianlahden sodassa k\u00e4ytt\u00e4nyt omia joukkoja eik\u00e4 johtanut suoranaisesti sotatoimia vaan antoi k\u00e4yt\u00e4nn\u00f6n sodank\u00e4yntivastuun kansainv\u00e4liselle liittoutumalle, jossa Yhdysvalloilla oli johtava rooli.<\/p>\n<\/div><\/section><\/p><\/div>\n","protected":false},"excerpt":{"rendered":"","protected":false},"author":1,"featured_media":0,"parent":986,"menu_order":5,"comment_status":"closed","ping_status":"closed","template":"","meta":{"footnotes":""},"class_list":["post-1041","page","type-page","status-publish","hentry"],"_links":{"self":[{"href":"https:\/\/maailmanmuutos.org\/index.php\/wp-json\/wp\/v2\/pages\/1041","targetHints":{"allow":["GET"]}}],"collection":[{"href":"https:\/\/maailmanmuutos.org\/index.php\/wp-json\/wp\/v2\/pages"}],"about":[{"href":"https:\/\/maailmanmuutos.org\/index.php\/wp-json\/wp\/v2\/types\/page"}],"author":[{"embeddable":true,"href":"https:\/\/maailmanmuutos.org\/index.php\/wp-json\/wp\/v2\/users\/1"}],"replies":[{"embeddable":true,"href":"https:\/\/maailmanmuutos.org\/index.php\/wp-json\/wp\/v2\/comments?post=1041"}],"version-history":[{"count":6,"href":"https:\/\/maailmanmuutos.org\/index.php\/wp-json\/wp\/v2\/pages\/1041\/revisions"}],"predecessor-version":[{"id":4195,"href":"https:\/\/maailmanmuutos.org\/index.php\/wp-json\/wp\/v2\/pages\/1041\/revisions\/4195"}],"up":[{"embeddable":true,"href":"https:\/\/maailmanmuutos.org\/index.php\/wp-json\/wp\/v2\/pages\/986"}],"wp:attachment":[{"href":"https:\/\/maailmanmuutos.org\/index.php\/wp-json\/wp\/v2\/media?parent=1041"}],"curies":[{"name":"wp","href":"https:\/\/api.w.org\/{rel}","templated":true}]}}