{"id":1044,"date":"2023-03-08T16:43:01","date_gmt":"2023-03-08T16:43:01","guid":{"rendered":"http:\/\/us.ylirotu.fi\/index.php\/maailman-muutos\/kylman-sodan-paatosvaihe\/persianlahden-kriisi-ja-sota-1990-91\/persianlahden-alue-1980-luvun-lopulla-8\/"},"modified":"2023-08-17T08:21:32","modified_gmt":"2023-08-17T08:21:32","slug":"kuwaitin-takaisinvaltaus","status":"publish","type":"page","link":"https:\/\/maailmanmuutos.org\/index.php\/kylmasta-sodasta-2000-luvulle\/kylman-sodan-paatosvaihe\/persianlahden-kriisi-ja-sota-1990-91\/kuwaitin-takaisinvaltaus\/","title":{"rendered":"Kuwaitin takaisinvaltaus\u00a0"},"content":{"rendered":"<div id='full_slider_1'  class='avia-fullwidth-slider main_color avia-shadow   avia-builder-el-0  el_before_av_one_full  avia-builder-el-first   container_wrap sidebar_right'  ><div  class='avia-slideshow av-kd4hz9nx-fb331aa0faaa9c578e2f07ccc45f5aa0 avia-slideshow-featured av_slideshow_full avia-slide-slider av-slideshow-ui av-control-default av-slideshow-manual av-loop-once av-loop-manual-endless av-default-height-applied   avia-slideshow-1' data-slideshow-options=\"{&quot;animation&quot;:&quot;slide&quot;,&quot;autoplay&quot;:false,&quot;loop_autoplay&quot;:&quot;once&quot;,&quot;interval&quot;:5,&quot;loop_manual&quot;:&quot;manual-endless&quot;,&quot;autoplay_stopper&quot;:false,&quot;noNavigation&quot;:false,&quot;bg_slider&quot;:false,&quot;keep_padding&quot;:false,&quot;hoverpause&quot;:false,&quot;show_slide_delay&quot;:0}\"  itemprop=\"image\" itemscope=\"itemscope\" itemtype=\"https:\/\/schema.org\/ImageObject\" ><ul class='avia-slideshow-inner ' style='padding-bottom: 28.72411489646%;'><li  class='avia-slideshow-slide av-kd4hz9nx-fb331aa0faaa9c578e2f07ccc45f5aa0__0  av-single-slide slide-1 slide-odd'><div data-rel='slideshow-1' class='avia-slide-wrap '   ><img decoding=\"async\" fetchpriority=\"high\" class=\"wp-image-2818 avia-img-lazy-loading-not-2818\"  src=\"https:\/\/maailmanmuutos.org\/wp-content\/uploads\/2023\/08\/antautuneet-irakin-joukot.jpg\" width=\"1497\" height=\"430\" title='kuvituskuvat' alt=''  itemprop=\"thumbnailUrl\" srcset=\"https:\/\/maailmanmuutos.org\/wp-content\/uploads\/2023\/08\/antautuneet-irakin-joukot.jpg 1500w, https:\/\/maailmanmuutos.org\/wp-content\/uploads\/2023\/08\/antautuneet-irakin-joukot-800x230.jpg 800w, https:\/\/maailmanmuutos.org\/wp-content\/uploads\/2023\/08\/antautuneet-irakin-joukot-120x34.jpg 120w, https:\/\/maailmanmuutos.org\/wp-content\/uploads\/2023\/08\/antautuneet-irakin-joukot-768x221.jpg 768w, https:\/\/maailmanmuutos.org\/wp-content\/uploads\/2023\/08\/antautuneet-irakin-joukot-705x203.jpg 705w\" sizes=\"(max-width: 1497px) 100vw, 1497px\" \/><\/div><\/li><\/ul><\/div><\/div><div id='after_full_slider_1'  class='main_color av_default_container_wrap container_wrap sidebar_right'  ><div class='container av-section-cont-open' ><div class='template-page content  av-content-small alpha units'><div class='post-entry post-entry-type-page post-entry-1044'><div class='entry-content-wrapper clearfix'>\n\n<style type=\"text\/css\" data-created_by=\"avia_inline_auto\" id=\"style-css-av-5spn6-3d3e8ead61d02f87ad7c9f2fc625dc24\">\n.flex_column.av-5spn6-3d3e8ead61d02f87ad7c9f2fc625dc24{\nborder-radius:0px 0px 0px 0px;\npadding:0px 0px 0px 0px;\n}\n<\/style>\n<div  class='flex_column av-5spn6-3d3e8ead61d02f87ad7c9f2fc625dc24 av_one_full  avia-builder-el-1  el_after_av_slideshow_full  avia-builder-el-no-sibling  first flex_column_div av-zero-column-padding  '     ><p>\n<style type=\"text\/css\" data-created_by=\"avia_inline_auto\" id=\"style-css-av-1xu62c-d9d8eabe8cfca246a3a9a042a049196a\">\n#top .av-special-heading.av-1xu62c-d9d8eabe8cfca246a3a9a042a049196a{\npadding-bottom:10px;\n}\nbody .av-special-heading.av-1xu62c-d9d8eabe8cfca246a3a9a042a049196a .av-special-heading-tag .heading-char{\nfont-size:25px;\n}\n.av-special-heading.av-1xu62c-d9d8eabe8cfca246a3a9a042a049196a .av-subheading{\nfont-size:15px;\n}\n<\/style>\n<div  class='av-special-heading av-1xu62c-d9d8eabe8cfca246a3a9a042a049196a av-special-heading-h1  avia-builder-el-2  el_before_av_textblock  avia-builder-el-first '><h1 class='av-special-heading-tag'  itemprop=\"headline\"  >Kuwaitin takaisinvaltaus <\/h1><div class=\"special-heading-border\"><div class=\"special-heading-inner-border\"><\/div><\/div><\/div><br \/>\n<section  class='av_textblock_section av-lezr0od0-94e7bd8ef786eea3c9a8d27065495667 '   itemscope=\"itemscope\" itemtype=\"https:\/\/schema.org\/CreativeWork\" ><div class='avia_textblock'  itemprop=\"text\" ><p><em><strong>Liittokunnan murskaava maahy\u00f6kk\u00e4ys<\/strong><\/em><\/p>\n<p>Suuri maahy\u00f6kk\u00e4ys alkoi 24. helmikuuta ja johti nelj\u00e4ss\u00e4 p\u00e4iv\u00e4ss\u00e4 Kuwaitissa olleiden Irakin joukkojen antautumiseen.<\/p>\n<p>Presidentti George H.W. Bush m\u00e4\u00e4r\u00e4si sotatoimet lopetettavaksi 27. helmikuuta, mink\u00e4 j\u00e4lkeen alkoi YK:n valvoma aselepo. Irakin asevoimien t\u00e4rkein osa oli tuhottu, mutta Yhdysvallat ei halunnut jatkaa sotatoimia kauemmaksi Irakin alueelle.<\/p>\n<p><em><strong>Irakissa sis\u00e4isi\u00e4 taisteluita<\/strong><\/em><\/p>\n<p>L\u00e4hiviikkoina taisteluja k\u00e4ytiin viel\u00e4 Irakin armeijan sek\u00e4 toisaalta kapinaan nousseiden kurdien ja shiia-muslimien v\u00e4lill\u00e4. Kapinat kukistettiin verisesti, mutta YK:n p\u00e4\u00e4t\u00f6ksell\u00e4 Irakiin muodostettiin l\u00e4nsivaltojen valvomia lentokieltoalueita, jolloin tarkoituksena oli suojella kapinallisten alueiden asukkaita.<\/p>\n<\/div><\/section><\/p><\/div>\n","protected":false},"excerpt":{"rendered":"","protected":false},"author":1,"featured_media":0,"parent":986,"menu_order":8,"comment_status":"closed","ping_status":"closed","template":"","meta":{"footnotes":""},"class_list":["post-1044","page","type-page","status-publish","hentry"],"_links":{"self":[{"href":"https:\/\/maailmanmuutos.org\/index.php\/wp-json\/wp\/v2\/pages\/1044","targetHints":{"allow":["GET"]}}],"collection":[{"href":"https:\/\/maailmanmuutos.org\/index.php\/wp-json\/wp\/v2\/pages"}],"about":[{"href":"https:\/\/maailmanmuutos.org\/index.php\/wp-json\/wp\/v2\/types\/page"}],"author":[{"embeddable":true,"href":"https:\/\/maailmanmuutos.org\/index.php\/wp-json\/wp\/v2\/users\/1"}],"replies":[{"embeddable":true,"href":"https:\/\/maailmanmuutos.org\/index.php\/wp-json\/wp\/v2\/comments?post=1044"}],"version-history":[{"count":7,"href":"https:\/\/maailmanmuutos.org\/index.php\/wp-json\/wp\/v2\/pages\/1044\/revisions"}],"predecessor-version":[{"id":4201,"href":"https:\/\/maailmanmuutos.org\/index.php\/wp-json\/wp\/v2\/pages\/1044\/revisions\/4201"}],"up":[{"embeddable":true,"href":"https:\/\/maailmanmuutos.org\/index.php\/wp-json\/wp\/v2\/pages\/986"}],"wp:attachment":[{"href":"https:\/\/maailmanmuutos.org\/index.php\/wp-json\/wp\/v2\/media?parent=1044"}],"curies":[{"name":"wp","href":"https:\/\/api.w.org\/{rel}","templated":true}]}}