{"id":1065,"date":"2023-03-08T17:21:13","date_gmt":"2023-03-08T17:21:13","guid":{"rendered":"http:\/\/us.ylirotu.fi\/index.php\/maailman-muutos\/kylman-sodan-paatosvaihe-2\/"},"modified":"2023-08-17T08:58:58","modified_gmt":"2023-08-17T08:58:58","slug":"yhdysvallat-ja-sota-terrorismia-vastaan","status":"publish","type":"page","link":"https:\/\/maailmanmuutos.org\/index.php\/kylmasta-sodasta-2000-luvulle\/yhdysvallat-ja-sota-terrorismia-vastaan\/","title":{"rendered":"Yhdysvallat ja sota terrorismia vastaan"},"content":{"rendered":"<div id='full_slider_1'  class='avia-fullwidth-slider main_color avia-shadow   avia-builder-el-0  el_before_av_one_full  avia-builder-el-first   container_wrap sidebar_right'  >\n<style type=\"text\/css\" data-created_by=\"avia_inline_auto\" id=\"style-css-av-kd4hz9nx-fb331aa0faaa9c578e2f07ccc45f5aa0\">\n#top #wrap_all .avia-slideshow .av-slideshow-caption.av-kd4hz9nx-fb331aa0faaa9c578e2f07ccc45f5aa0__0 .avia-caption-title{\nfont-size:22px;\n}\n#top .avia-slideshow .av-slideshow-caption.av-kd4hz9nx-fb331aa0faaa9c578e2f07ccc45f5aa0__0 .avia-caption-content{\nfont-size:14px;\n}\n#top .avia-slideshow .av-slideshow-caption.av-kd4hz9nx-fb331aa0faaa9c578e2f07ccc45f5aa0__0 .avia-caption-content p{\nfont-size:14px;\n}\n\n@media only screen and (min-width: 768px) and (max-width: 989px){ \n#top #wrap_all .avia-slideshow .av-slideshow-caption.av-kd4hz9nx-fb331aa0faaa9c578e2f07ccc45f5aa0__0 .avia-caption-title{\nfont-size:16px;\n}\n#top .avia-slideshow .av-slideshow-caption.av-kd4hz9nx-fb331aa0faaa9c578e2f07ccc45f5aa0__0 .avia-caption-content{\nfont-size:16px;\n}\n#top .avia-slideshow .av-slideshow-caption.av-kd4hz9nx-fb331aa0faaa9c578e2f07ccc45f5aa0__0 .avia-caption-content p{\nfont-size:16px;\n}\n}\n\n@media only screen and (min-width: 480px) and (max-width: 767px){ \n#top #wrap_all .avia-slideshow .av-slideshow-caption.av-kd4hz9nx-fb331aa0faaa9c578e2f07ccc45f5aa0__0 .avia-caption-title{\nfont-size:14px;\n}\n#top .avia-slideshow .av-slideshow-caption.av-kd4hz9nx-fb331aa0faaa9c578e2f07ccc45f5aa0__0 .avia-caption-content{\nfont-size:14px;\n}\n#top .avia-slideshow .av-slideshow-caption.av-kd4hz9nx-fb331aa0faaa9c578e2f07ccc45f5aa0__0 .avia-caption-content p{\nfont-size:14px;\n}\n}\n\n@media only screen and (max-width: 479px){ \n#top #wrap_all .avia-slideshow .av-slideshow-caption.av-kd4hz9nx-fb331aa0faaa9c578e2f07ccc45f5aa0__0 .avia-caption-title{\ndisplay:none;\n}\n#top .avia-slideshow .av-slideshow-caption.av-kd4hz9nx-fb331aa0faaa9c578e2f07ccc45f5aa0__0 .avia-caption-content{\ndisplay:none;\n}\n#top .avia-slideshow .av-slideshow-caption.av-kd4hz9nx-fb331aa0faaa9c578e2f07ccc45f5aa0__0 .avia-caption-content p{\ndisplay:none;\n}\n}\n<\/style>\n<div  class='avia-slideshow av-kd4hz9nx-fb331aa0faaa9c578e2f07ccc45f5aa0 avia-slideshow-featured av_slideshow_full avia-slide-slider av-slideshow-ui av-control-default av-slideshow-manual av-loop-once av-loop-manual-endless av-default-height-applied   avia-slideshow-1' data-slideshow-options=\"{&quot;animation&quot;:&quot;slide&quot;,&quot;autoplay&quot;:false,&quot;loop_autoplay&quot;:&quot;once&quot;,&quot;interval&quot;:5,&quot;loop_manual&quot;:&quot;manual-endless&quot;,&quot;autoplay_stopper&quot;:false,&quot;noNavigation&quot;:false,&quot;bg_slider&quot;:false,&quot;keep_padding&quot;:false,&quot;hoverpause&quot;:false,&quot;show_slide_delay&quot;:0}\"  itemprop=\"image\" itemscope=\"itemscope\" itemtype=\"https:\/\/schema.org\/ImageObject\" ><ul class='avia-slideshow-inner ' style='padding-bottom: 28.72411489646%;'><li  class='avia-slideshow-slide av-kd4hz9nx-fb331aa0faaa9c578e2f07ccc45f5aa0__0  av-single-slide slide-1 slide-odd'><div data-rel='slideshow-1' class='avia-slide-wrap '   ><img decoding=\"async\" fetchpriority=\"high\" class=\"wp-image-3092 avia-img-lazy-loading-not-3092\"  src=\"https:\/\/maailmanmuutos.org\/wp-content\/uploads\/2023\/08\/911-wtc.jpg\" width=\"1497\" height=\"430\" title='kuvituskuvat' alt=''  itemprop=\"thumbnailUrl\" srcset=\"https:\/\/maailmanmuutos.org\/wp-content\/uploads\/2023\/08\/911-wtc.jpg 1500w, https:\/\/maailmanmuutos.org\/wp-content\/uploads\/2023\/08\/911-wtc-800x230.jpg 800w, https:\/\/maailmanmuutos.org\/wp-content\/uploads\/2023\/08\/911-wtc-120x34.jpg 120w, https:\/\/maailmanmuutos.org\/wp-content\/uploads\/2023\/08\/911-wtc-768x221.jpg 768w, https:\/\/maailmanmuutos.org\/wp-content\/uploads\/2023\/08\/911-wtc-705x203.jpg 705w\" sizes=\"(max-width: 1497px) 100vw, 1497px\" \/><\/div><\/li><\/ul><\/div><\/div><div id='after_full_slider_1'  class='main_color av_default_container_wrap container_wrap sidebar_right'  ><div class='container av-section-cont-open' ><div class='template-page content  av-content-small alpha units'><div class='post-entry post-entry-type-page post-entry-1065'><div class='entry-content-wrapper clearfix'>\n\n<style type=\"text\/css\" data-created_by=\"avia_inline_auto\" id=\"style-css-av-5spn6-3d3e8ead61d02f87ad7c9f2fc625dc24\">\n.flex_column.av-5spn6-3d3e8ead61d02f87ad7c9f2fc625dc24{\nborder-radius:0px 0px 0px 0px;\npadding:0px 0px 0px 0px;\n}\n<\/style>\n<div  class='flex_column av-5spn6-3d3e8ead61d02f87ad7c9f2fc625dc24 av_one_full  avia-builder-el-1  el_after_av_slideshow_full  el_before_av_one_fourth  avia-builder-el-first  first flex_column_div av-zero-column-padding  '     ><style type=\"text\/css\" data-created_by=\"avia_inline_auto\" id=\"style-css-av-1uckh5-630070e730684715679e2a861fc0f4f2\">\n#top .av-special-heading.av-1uckh5-630070e730684715679e2a861fc0f4f2{\npadding-bottom:10px;\n}\nbody .av-special-heading.av-1uckh5-630070e730684715679e2a861fc0f4f2 .av-special-heading-tag .heading-char{\nfont-size:25px;\n}\n.av-special-heading.av-1uckh5-630070e730684715679e2a861fc0f4f2 .av-subheading{\nfont-size:15px;\n}\n<\/style>\n<div  class='av-special-heading av-1uckh5-630070e730684715679e2a861fc0f4f2 av-special-heading-h1  avia-builder-el-2  avia-builder-el-no-sibling '><h1 class='av-special-heading-tag'  itemprop=\"headline\"  >Yhdysvallat ja sota terrorismia vastaan<\/h1><div class=\"special-heading-border\"><div class=\"special-heading-inner-border\"><\/div><\/div><\/div><\/div>\n\n<style type=\"text\/css\" data-created_by=\"avia_inline_auto\" id=\"style-css-av-8p6wdg-18791ac5a6e259e3357a38ed9e0869ca\">\n.flex_column.av-8p6wdg-18791ac5a6e259e3357a38ed9e0869ca{\nborder-radius:0px 0px 0px 0px;\npadding:0px 0px 0px 0px;\n}\n<\/style>\n<div  class='flex_column av-8p6wdg-18791ac5a6e259e3357a38ed9e0869ca av_one_fourth  avia-builder-el-3  el_after_av_one_full  el_before_av_one_fourth  first flex_column_div av-zero-column-padding  column-top-margin'     ><p>\n<style type=\"text\/css\" data-created_by=\"avia_inline_auto\" id=\"style-css-av-limwht6t-4de8c89432e17f1084a904d143d2dbed\">\n.avia-image-container.av-limwht6t-4de8c89432e17f1084a904d143d2dbed img.avia_image{\nbox-shadow:none;\n}\n.avia-image-container.av-limwht6t-4de8c89432e17f1084a904d143d2dbed .av-image-caption-overlay-center{\ncolor:#ffffff;\n}\n<\/style>\n<div  class='avia-image-container av-limwht6t-4de8c89432e17f1084a904d143d2dbed av-styling- avia-align-center  avia-builder-el-4  el_before_av_textblock  avia-builder-el-first '   itemprop=\"image\" itemscope=\"itemscope\" itemtype=\"https:\/\/schema.org\/ImageObject\" ><div class=\"avia-image-container-inner\"><div class=\"avia-image-overlay-wrap\"><img decoding=\"async\" fetchpriority=\"high\" class='wp-image-3405 avia-img-lazy-loading-not-3405 avia_image ' src=\"https:\/\/maailmanmuutos.org\/wp-content\/uploads\/2023\/08\/whitehouse-pikkukuva.jpg\" alt='' title='whitehouse-pikkukuva'  height=\"400\" width=\"495\"  itemprop=\"thumbnailUrl\" srcset=\"https:\/\/maailmanmuutos.org\/wp-content\/uploads\/2023\/08\/whitehouse-pikkukuva.jpg 495w, https:\/\/maailmanmuutos.org\/wp-content\/uploads\/2023\/08\/whitehouse-pikkukuva-120x97.jpg 120w\" sizes=\"(max-width: 495px) 100vw, 495px\" \/><\/div><\/div><\/div><br \/>\n<section  class='av_textblock_section av-limwhja3-cdec96093997045c16841f3bb705198b '   itemscope=\"itemscope\" itemtype=\"https:\/\/schema.org\/CreativeWork\" ><div class='avia_textblock'  itemprop=\"text\" ><p style=\"text-align: center;\"><a href=\"http:\/\/maailmanmuutos.org\/index.php\/toisesta-maailmansodasta-2000-luvulle\/yhdysvallat-ja-sota-terrorismia-vastaan\/yhdysvallat-maailmanmahtina\/\" target=\"_blank\" rel=\"noopener\">Yhdysvallat maailmanmahtina<\/a><\/p>\n<\/div><\/section><\/p><\/div>\n<style type=\"text\/css\" data-created_by=\"avia_inline_auto\" id=\"style-css-av-8p6wdg-e31cd89784c86f9d0ef17c30f346d79c\">\n.flex_column.av-8p6wdg-e31cd89784c86f9d0ef17c30f346d79c{\nborder-radius:0px 0px 0px 0px;\npadding:0px 0px 0px 0px;\n}\n<\/style>\n<div  class='flex_column av-8p6wdg-e31cd89784c86f9d0ef17c30f346d79c av_one_fourth  avia-builder-el-6  el_after_av_one_fourth  el_before_av_one_fourth  flex_column_div av-zero-column-padding  column-top-margin'     ><p>\n<style type=\"text\/css\" data-created_by=\"avia_inline_auto\" id=\"style-css-av-limwht6t-2dcb1608bc3b857e3becea6d41b3d6fc\">\n.avia-image-container.av-limwht6t-2dcb1608bc3b857e3becea6d41b3d6fc img.avia_image{\nbox-shadow:none;\n}\n.avia-image-container.av-limwht6t-2dcb1608bc3b857e3becea6d41b3d6fc .av-image-caption-overlay-center{\ncolor:#ffffff;\n}\n<\/style>\n<div  class='avia-image-container av-limwht6t-2dcb1608bc3b857e3becea6d41b3d6fc av-styling- avia-align-center  avia-builder-el-7  el_before_av_textblock  avia-builder-el-first '   itemprop=\"image\" itemscope=\"itemscope\" itemtype=\"https:\/\/schema.org\/ImageObject\" ><div class=\"avia-image-container-inner\"><div class=\"avia-image-overlay-wrap\"><img decoding=\"async\" fetchpriority=\"high\" class='wp-image-3328 avia-img-lazy-loading-not-3328 avia_image ' src=\"https:\/\/maailmanmuutos.org\/wp-content\/uploads\/2023\/08\/911-wtc-pikkukuva.jpg\" alt='' title='911-wtc-pikkukuva'  height=\"400\" width=\"495\"  itemprop=\"thumbnailUrl\" srcset=\"https:\/\/maailmanmuutos.org\/wp-content\/uploads\/2023\/08\/911-wtc-pikkukuva.jpg 495w, https:\/\/maailmanmuutos.org\/wp-content\/uploads\/2023\/08\/911-wtc-pikkukuva-120x97.jpg 120w\" sizes=\"(max-width: 495px) 100vw, 495px\" \/><\/div><\/div><\/div><br \/>\n<section  class='av_textblock_section av-limwhja3-cdec96093997045c16841f3bb705198b '   itemscope=\"itemscope\" itemtype=\"https:\/\/schema.org\/CreativeWork\" ><div class='avia_textblock'  itemprop=\"text\" ><p style=\"text-align: center;\"><a href=\"http:\/\/maailmanmuutos.org\/index.php\/toisesta-maailmansodasta-2000-luvulle\/yhdysvallat-ja-sota-terrorismia-vastaan\/terrori-iskut-yhdysvaltoihin-ja-reaktiot-syksylla-2001\/\" target=\"_blank\" rel=\"noopener\">Terrori-iskut Yhdysvaltoihin ja reaktiot syksyll\u00e4 2001<\/a><\/p>\n<\/div><\/section><\/p><\/div><\/p>\n\n<style type=\"text\/css\" data-created_by=\"avia_inline_auto\" id=\"style-css-av-8p6wdg-e31cd89784c86f9d0ef17c30f346d79c\">\n.flex_column.av-8p6wdg-e31cd89784c86f9d0ef17c30f346d79c{\nborder-radius:0px 0px 0px 0px;\npadding:0px 0px 0px 0px;\n}\n<\/style>\n<div  class='flex_column av-8p6wdg-e31cd89784c86f9d0ef17c30f346d79c av_one_fourth  avia-builder-el-9  el_after_av_one_fourth  el_before_av_one_fourth  flex_column_div av-zero-column-padding  column-top-margin'     ><p>\n<style type=\"text\/css\" data-created_by=\"avia_inline_auto\" id=\"style-css-av-limwht6t-47c86c4bc30742144474ffbc3312a195\">\n.avia-image-container.av-limwht6t-47c86c4bc30742144474ffbc3312a195 img.avia_image{\nbox-shadow:none;\n}\n.avia-image-container.av-limwht6t-47c86c4bc30742144474ffbc3312a195 .av-image-caption-overlay-center{\ncolor:#ffffff;\n}\n<\/style>\n<div  class='avia-image-container av-limwht6t-47c86c4bc30742144474ffbc3312a195 av-styling- avia-align-center  avia-builder-el-10  el_before_av_textblock  avia-builder-el-first '   itemprop=\"image\" itemscope=\"itemscope\" itemtype=\"https:\/\/schema.org\/ImageObject\" ><div class=\"avia-image-container-inner\"><div class=\"avia-image-overlay-wrap\"><img decoding=\"async\" fetchpriority=\"high\" class='wp-image-3329 avia-img-lazy-loading-not-3329 avia_image ' src=\"https:\/\/maailmanmuutos.org\/wp-content\/uploads\/2023\/08\/Irak-freedom-2003-pikkukuva.jpg\" alt='' title='Irak-freedom-2003-pikkukuva'  height=\"400\" width=\"495\"  itemprop=\"thumbnailUrl\" srcset=\"https:\/\/maailmanmuutos.org\/wp-content\/uploads\/2023\/08\/Irak-freedom-2003-pikkukuva.jpg 495w, https:\/\/maailmanmuutos.org\/wp-content\/uploads\/2023\/08\/Irak-freedom-2003-pikkukuva-120x97.jpg 120w\" sizes=\"(max-width: 495px) 100vw, 495px\" \/><\/div><\/div><\/div><br \/>\n<section  class='av_textblock_section av-limwhja3-cdec96093997045c16841f3bb705198b '   itemscope=\"itemscope\" itemtype=\"https:\/\/schema.org\/CreativeWork\" ><div class='avia_textblock'  itemprop=\"text\" ><p style=\"text-align: center;\"><a href=\"http:\/\/maailmanmuutos.org\/index.php\/toisesta-maailmansodasta-2000-luvulle\/yhdysvallat-ja-sota-terrorismia-vastaan\/irakin-sota-vuodesta-2003\/\">Irakin sota vuodesta 2003<\/a><\/p>\n<\/div><\/section><\/p><\/div>\n\n<style type=\"text\/css\" data-created_by=\"avia_inline_auto\" id=\"style-css-av-8p6wdg-e31cd89784c86f9d0ef17c30f346d79c\">\n.flex_column.av-8p6wdg-e31cd89784c86f9d0ef17c30f346d79c{\nborder-radius:0px 0px 0px 0px;\npadding:0px 0px 0px 0px;\n}\n<\/style>\n<div  class='flex_column av-8p6wdg-e31cd89784c86f9d0ef17c30f346d79c av_one_fourth  avia-builder-el-12  el_after_av_one_fourth  avia-builder-el-last  flex_column_div av-zero-column-padding  column-top-margin'     ><p>\n<style type=\"text\/css\" data-created_by=\"avia_inline_auto\" id=\"style-css-av-limwht6t-8e593286db06bafa030afc1513aa2ef3\">\n.avia-image-container.av-limwht6t-8e593286db06bafa030afc1513aa2ef3 img.avia_image{\nbox-shadow:none;\n}\n.avia-image-container.av-limwht6t-8e593286db06bafa030afc1513aa2ef3 .av-image-caption-overlay-center{\ncolor:#ffffff;\n}\n<\/style>\n<div  class='avia-image-container av-limwht6t-8e593286db06bafa030afc1513aa2ef3 av-styling- avia-align-center  avia-builder-el-13  el_before_av_textblock  avia-builder-el-first '   itemprop=\"image\" itemscope=\"itemscope\" itemtype=\"https:\/\/schema.org\/ImageObject\" ><div class=\"avia-image-container-inner\"><div class=\"avia-image-overlay-wrap\"><img decoding=\"async\" fetchpriority=\"high\" class='wp-image-3324 avia-img-lazy-loading-not-3324 avia_image ' src=\"https:\/\/maailmanmuutos.org\/wp-content\/uploads\/2023\/08\/Venaja-Georgia-sota-pikkukuva.jpg\" alt='' title='Venaja-Georgia-sota-pikkukuva'  height=\"400\" width=\"495\"  itemprop=\"thumbnailUrl\" srcset=\"https:\/\/maailmanmuutos.org\/wp-content\/uploads\/2023\/08\/Venaja-Georgia-sota-pikkukuva.jpg 495w, https:\/\/maailmanmuutos.org\/wp-content\/uploads\/2023\/08\/Venaja-Georgia-sota-pikkukuva-120x97.jpg 120w\" sizes=\"(max-width: 495px) 100vw, 495px\" \/><\/div><\/div><\/div><br \/>\n<section  class='av_textblock_section av-limwhja3-cdec96093997045c16841f3bb705198b '   itemscope=\"itemscope\" itemtype=\"https:\/\/schema.org\/CreativeWork\" ><div class='avia_textblock'  itemprop=\"text\" ><p style=\"text-align: center;\"><a href=\"http:\/\/maailmanmuutos.org\/index.php\/toisesta-maailmansodasta-2000-luvulle\/yhdysvallat-ja-sota-terrorismia-vastaan\/lahi-idan-ja-etelaisen-aasian-tilannekehitys\/\" target=\"_blank\" rel=\"noopener\">L\u00e4hi-Id\u00e4n ja etel\u00e4isen Aasian tilannekehitys<\/a><\/p>\n<\/div><\/section><\/p><\/div>\n","protected":false},"excerpt":{"rendered":"","protected":false},"author":1,"featured_media":0,"parent":600,"menu_order":3,"comment_status":"closed","ping_status":"closed","template":"","meta":{"footnotes":""},"class_list":["post-1065","page","type-page","status-publish","hentry"],"_links":{"self":[{"href":"https:\/\/maailmanmuutos.org\/index.php\/wp-json\/wp\/v2\/pages\/1065","targetHints":{"allow":["GET"]}}],"collection":[{"href":"https:\/\/maailmanmuutos.org\/index.php\/wp-json\/wp\/v2\/pages"}],"about":[{"href":"https:\/\/maailmanmuutos.org\/index.php\/wp-json\/wp\/v2\/types\/page"}],"author":[{"embeddable":true,"href":"https:\/\/maailmanmuutos.org\/index.php\/wp-json\/wp\/v2\/users\/1"}],"replies":[{"embeddable":true,"href":"https:\/\/maailmanmuutos.org\/index.php\/wp-json\/wp\/v2\/comments?post=1065"}],"version-history":[{"count":10,"href":"https:\/\/maailmanmuutos.org\/index.php\/wp-json\/wp\/v2\/pages\/1065\/revisions"}],"predecessor-version":[{"id":4286,"href":"https:\/\/maailmanmuutos.org\/index.php\/wp-json\/wp\/v2\/pages\/1065\/revisions\/4286"}],"up":[{"embeddable":true,"href":"https:\/\/maailmanmuutos.org\/index.php\/wp-json\/wp\/v2\/pages\/600"}],"wp:attachment":[{"href":"https:\/\/maailmanmuutos.org\/index.php\/wp-json\/wp\/v2\/media?parent=1065"}],"curies":[{"name":"wp","href":"https:\/\/api.w.org\/{rel}","templated":true}]}}