{"id":1086,"date":"2023-03-08T17:38:09","date_gmt":"2023-03-08T17:38:09","guid":{"rendered":"http:\/\/us.ylirotu.fi\/?page_id=1086"},"modified":"2023-08-17T10:38:24","modified_gmt":"2023-08-17T10:38:24","slug":"lahi-idan-ja-etelaisen-aasian-tilannekehitys","status":"publish","type":"page","link":"https:\/\/maailmanmuutos.org\/index.php\/kylmasta-sodasta-2000-luvulle\/yhdysvallat-ja-sota-terrorismia-vastaan\/lahi-idan-ja-etelaisen-aasian-tilannekehitys\/","title":{"rendered":"L\u00e4hi-Id\u00e4n ja etel\u00e4isen Aasian tilannekehitys"},"content":{"rendered":"<div id='full_slider_1'  class='avia-fullwidth-slider main_color avia-shadow   avia-builder-el-0  el_before_av_one_full  avia-builder-el-first   container_wrap sidebar_right'  >\n<style type=\"text\/css\" data-created_by=\"avia_inline_auto\" id=\"style-css-av-kd4hz9nx-fb331aa0faaa9c578e2f07ccc45f5aa0\">\n#top #wrap_all .avia-slideshow .av-slideshow-caption.av-kd4hz9nx-fb331aa0faaa9c578e2f07ccc45f5aa0__0 .avia-caption-title{\nfont-size:22px;\n}\n#top .avia-slideshow .av-slideshow-caption.av-kd4hz9nx-fb331aa0faaa9c578e2f07ccc45f5aa0__0 .avia-caption-content{\nfont-size:14px;\n}\n#top .avia-slideshow .av-slideshow-caption.av-kd4hz9nx-fb331aa0faaa9c578e2f07ccc45f5aa0__0 .avia-caption-content p{\nfont-size:14px;\n}\n\n@media only screen and (min-width: 768px) and (max-width: 989px){ \n#top #wrap_all .avia-slideshow .av-slideshow-caption.av-kd4hz9nx-fb331aa0faaa9c578e2f07ccc45f5aa0__0 .avia-caption-title{\nfont-size:16px;\n}\n#top .avia-slideshow .av-slideshow-caption.av-kd4hz9nx-fb331aa0faaa9c578e2f07ccc45f5aa0__0 .avia-caption-content{\nfont-size:16px;\n}\n#top .avia-slideshow .av-slideshow-caption.av-kd4hz9nx-fb331aa0faaa9c578e2f07ccc45f5aa0__0 .avia-caption-content p{\nfont-size:16px;\n}\n}\n\n@media only screen and (min-width: 480px) and (max-width: 767px){ \n#top #wrap_all .avia-slideshow .av-slideshow-caption.av-kd4hz9nx-fb331aa0faaa9c578e2f07ccc45f5aa0__0 .avia-caption-title{\nfont-size:14px;\n}\n#top .avia-slideshow .av-slideshow-caption.av-kd4hz9nx-fb331aa0faaa9c578e2f07ccc45f5aa0__0 .avia-caption-content{\nfont-size:14px;\n}\n#top .avia-slideshow .av-slideshow-caption.av-kd4hz9nx-fb331aa0faaa9c578e2f07ccc45f5aa0__0 .avia-caption-content p{\nfont-size:14px;\n}\n}\n\n@media only screen and (max-width: 479px){ \n#top #wrap_all .avia-slideshow .av-slideshow-caption.av-kd4hz9nx-fb331aa0faaa9c578e2f07ccc45f5aa0__0 .avia-caption-title{\ndisplay:none;\n}\n#top .avia-slideshow .av-slideshow-caption.av-kd4hz9nx-fb331aa0faaa9c578e2f07ccc45f5aa0__0 .avia-caption-content{\ndisplay:none;\n}\n#top .avia-slideshow .av-slideshow-caption.av-kd4hz9nx-fb331aa0faaa9c578e2f07ccc45f5aa0__0 .avia-caption-content p{\ndisplay:none;\n}\n}\n<\/style>\n<div  class='avia-slideshow av-kd4hz9nx-fb331aa0faaa9c578e2f07ccc45f5aa0 avia-slideshow-featured av_slideshow_full avia-slide-slider av-slideshow-ui av-control-default av-slideshow-manual av-loop-once av-loop-manual-endless av-default-height-applied   avia-slideshow-1' data-slideshow-options=\"{&quot;animation&quot;:&quot;slide&quot;,&quot;autoplay&quot;:false,&quot;loop_autoplay&quot;:&quot;once&quot;,&quot;interval&quot;:5,&quot;loop_manual&quot;:&quot;manual-endless&quot;,&quot;autoplay_stopper&quot;:false,&quot;noNavigation&quot;:false,&quot;bg_slider&quot;:false,&quot;keep_padding&quot;:false,&quot;hoverpause&quot;:false,&quot;show_slide_delay&quot;:0}\"  itemprop=\"image\" itemscope=\"itemscope\" itemtype=\"https:\/\/schema.org\/ImageObject\" ><ul class='avia-slideshow-inner ' style='padding-bottom: 28.72411489646%;'><li  class='avia-slideshow-slide av-kd4hz9nx-fb331aa0faaa9c578e2f07ccc45f5aa0__0  av-single-slide slide-1 slide-odd'><div data-rel='slideshow-1' class='avia-slide-wrap '   ><img decoding=\"async\" fetchpriority=\"high\" class=\"wp-image-3087 avia-img-lazy-loading-not-3087\"  src=\"https:\/\/maailmanmuutos.org\/wp-content\/uploads\/2023\/08\/Venaja-Georgia-sota.jpg\" width=\"1497\" height=\"430\" title='kuvituskuvat' alt=''  itemprop=\"thumbnailUrl\" srcset=\"https:\/\/maailmanmuutos.org\/wp-content\/uploads\/2023\/08\/Venaja-Georgia-sota.jpg 1500w, https:\/\/maailmanmuutos.org\/wp-content\/uploads\/2023\/08\/Venaja-Georgia-sota-800x230.jpg 800w, https:\/\/maailmanmuutos.org\/wp-content\/uploads\/2023\/08\/Venaja-Georgia-sota-120x34.jpg 120w, https:\/\/maailmanmuutos.org\/wp-content\/uploads\/2023\/08\/Venaja-Georgia-sota-768x221.jpg 768w, https:\/\/maailmanmuutos.org\/wp-content\/uploads\/2023\/08\/Venaja-Georgia-sota-705x203.jpg 705w\" sizes=\"(max-width: 1497px) 100vw, 1497px\" \/><\/div><\/li><\/ul><\/div><\/div><div id='after_full_slider_1'  class='main_color av_default_container_wrap container_wrap sidebar_right'  ><div class='container av-section-cont-open' ><div class='template-page content  av-content-small alpha units'><div class='post-entry post-entry-type-page post-entry-1086'><div class='entry-content-wrapper clearfix'>\n\n<style type=\"text\/css\" data-created_by=\"avia_inline_auto\" id=\"style-css-av-5spn6-3d3e8ead61d02f87ad7c9f2fc625dc24\">\n.flex_column.av-5spn6-3d3e8ead61d02f87ad7c9f2fc625dc24{\nborder-radius:0px 0px 0px 0px;\npadding:0px 0px 0px 0px;\n}\n<\/style>\n<div  class='flex_column av-5spn6-3d3e8ead61d02f87ad7c9f2fc625dc24 av_one_full  avia-builder-el-1  el_after_av_slideshow_full  el_before_av_one_fourth  avia-builder-el-first  first flex_column_div av-zero-column-padding  '     ><style type=\"text\/css\" data-created_by=\"avia_inline_auto\" id=\"style-css-av-21f75q-d58f53f2caaf66dc1f5e7f4f8daee236\">\n#top .av-special-heading.av-21f75q-d58f53f2caaf66dc1f5e7f4f8daee236{\npadding-bottom:10px;\n}\nbody .av-special-heading.av-21f75q-d58f53f2caaf66dc1f5e7f4f8daee236 .av-special-heading-tag .heading-char{\nfont-size:25px;\n}\n.av-special-heading.av-21f75q-d58f53f2caaf66dc1f5e7f4f8daee236 .av-subheading{\nfont-size:15px;\n}\n<\/style>\n<div  class='av-special-heading av-21f75q-d58f53f2caaf66dc1f5e7f4f8daee236 av-special-heading-h1  avia-builder-el-2  avia-builder-el-no-sibling '><h1 class='av-special-heading-tag'  itemprop=\"headline\"  >L\u00e4hi-Id\u00e4n ja etel\u00e4isen Aasian tilannekehitys<\/h1><div class=\"special-heading-border\"><div class=\"special-heading-inner-border\"><\/div><\/div><\/div><\/div>\n\n<style type=\"text\/css\" data-created_by=\"avia_inline_auto\" id=\"style-css-av-8p6wdg-18791ac5a6e259e3357a38ed9e0869ca\">\n.flex_column.av-8p6wdg-18791ac5a6e259e3357a38ed9e0869ca{\nborder-radius:0px 0px 0px 0px;\npadding:0px 0px 0px 0px;\n}\n<\/style>\n<div  class='flex_column av-8p6wdg-18791ac5a6e259e3357a38ed9e0869ca av_one_fourth  avia-builder-el-3  el_after_av_one_full  el_before_av_one_fourth  first flex_column_div av-zero-column-padding  column-top-margin'     ><p>\n<style type=\"text\/css\" data-created_by=\"avia_inline_auto\" id=\"style-css-av-limwht6t-483ba1a7f861d10f00a888aaeff48e8d\">\n.avia-image-container.av-limwht6t-483ba1a7f861d10f00a888aaeff48e8d img.avia_image{\nbox-shadow:none;\n}\n.avia-image-container.av-limwht6t-483ba1a7f861d10f00a888aaeff48e8d .av-image-caption-overlay-center{\ncolor:#ffffff;\n}\n<\/style>\n<div  class='avia-image-container av-limwht6t-483ba1a7f861d10f00a888aaeff48e8d av-styling- avia-align-center  avia-builder-el-4  el_before_av_textblock  avia-builder-el-first '   itemprop=\"image\" itemscope=\"itemscope\" itemtype=\"https:\/\/schema.org\/ImageObject\" ><div class=\"avia-image-container-inner\"><div class=\"avia-image-overlay-wrap\"><img decoding=\"async\" fetchpriority=\"high\" class='wp-image-3362 avia-img-lazy-loading-not-3362 avia_image ' src=\"https:\/\/maailmanmuutos.org\/wp-content\/uploads\/2023\/08\/toinen-intifada-pikkukuva.jpg\" alt='' title='toinen-intifada-pikkukuva'  height=\"400\" width=\"495\"  itemprop=\"thumbnailUrl\" srcset=\"https:\/\/maailmanmuutos.org\/wp-content\/uploads\/2023\/08\/toinen-intifada-pikkukuva.jpg 495w, https:\/\/maailmanmuutos.org\/wp-content\/uploads\/2023\/08\/toinen-intifada-pikkukuva-120x97.jpg 120w\" sizes=\"(max-width: 495px) 100vw, 495px\" \/><\/div><\/div><\/div><br \/>\n<section  class='av_textblock_section av-limwhja3-cdec96093997045c16841f3bb705198b '   itemscope=\"itemscope\" itemtype=\"https:\/\/schema.org\/CreativeWork\" ><div class='avia_textblock'  itemprop=\"text\" ><p style=\"text-align: center;\"><a href=\"http:\/\/maailmanmuutos.org\/index.php\/toisesta-maailmansodasta-2000-luvulle\/yhdysvallat-ja-sota-terrorismia-vastaan\/lahi-idan-ja-etelaisen-aasian-tilannekehitys\/israelin-ja-palestiinalaisten-valinen-konflikti\/\" target=\"_blank\" rel=\"noopener\">Israelin ja palestiinalaisten v\u00e4linen konflikti <\/a><\/p>\n<\/div><\/section><\/p><\/div>\n\n<style type=\"text\/css\" data-created_by=\"avia_inline_auto\" id=\"style-css-av-8p6wdg-e31cd89784c86f9d0ef17c30f346d79c\">\n.flex_column.av-8p6wdg-e31cd89784c86f9d0ef17c30f346d79c{\nborder-radius:0px 0px 0px 0px;\npadding:0px 0px 0px 0px;\n}\n<\/style>\n<div  class='flex_column av-8p6wdg-e31cd89784c86f9d0ef17c30f346d79c av_one_fourth  avia-builder-el-6  el_after_av_one_fourth  el_before_av_one_fourth  flex_column_div av-zero-column-padding  column-top-margin'     ><p>\n<style type=\"text\/css\" data-created_by=\"avia_inline_auto\" id=\"style-css-av-limwht6t-2f72401e93593da67546de4b6455ed9d\">\n.avia-image-container.av-limwht6t-2f72401e93593da67546de4b6455ed9d img.avia_image{\nbox-shadow:none;\n}\n.avia-image-container.av-limwht6t-2f72401e93593da67546de4b6455ed9d .av-image-caption-overlay-center{\ncolor:#ffffff;\n}\n<\/style>\n<div  class='avia-image-container av-limwht6t-2f72401e93593da67546de4b6455ed9d av-styling- avia-align-center  avia-builder-el-7  el_before_av_textblock  avia-builder-el-first '   itemprop=\"image\" itemscope=\"itemscope\" itemtype=\"https:\/\/schema.org\/ImageObject\" ><div class=\"avia-image-container-inner\"><div class=\"avia-image-overlay-wrap\"><img decoding=\"async\" fetchpriority=\"high\" class='wp-image-3366 avia-img-lazy-loading-not-3366 avia_image ' src=\"https:\/\/maailmanmuutos.org\/wp-content\/uploads\/2023\/08\/egyptin-armeija-laskuvarjojoukkoja-pikkukuva.jpg\" alt='' title='egyptin-armeija-laskuvarjojoukkoja-pikkukuva'  height=\"400\" width=\"495\"  itemprop=\"thumbnailUrl\" srcset=\"https:\/\/maailmanmuutos.org\/wp-content\/uploads\/2023\/08\/egyptin-armeija-laskuvarjojoukkoja-pikkukuva.jpg 495w, https:\/\/maailmanmuutos.org\/wp-content\/uploads\/2023\/08\/egyptin-armeija-laskuvarjojoukkoja-pikkukuva-120x97.jpg 120w\" sizes=\"(max-width: 495px) 100vw, 495px\" \/><\/div><\/div><\/div><br \/>\n<section  class='av_textblock_section av-limwhja3-cdec96093997045c16841f3bb705198b '   itemscope=\"itemscope\" itemtype=\"https:\/\/schema.org\/CreativeWork\" ><div class='avia_textblock'  itemprop=\"text\" ><p style=\"text-align: center;\"><a href=\"http:\/\/maailmanmuutos.org\/index.php\/toisesta-maailmansodasta-2000-luvulle\/yhdysvallat-ja-sota-terrorismia-vastaan\/lahi-idan-ja-etelaisen-aasian-tilannekehitys\/yhdysvaltojen-suhteet-arabimaihin\/\" target=\"_blank\" rel=\"noopener\">Yhdysvaltojen suhteet arabimaihin <\/a><\/p>\n<\/div><\/section><\/p><\/div>\n\n<style type=\"text\/css\" data-created_by=\"avia_inline_auto\" id=\"style-css-av-8p6wdg-e31cd89784c86f9d0ef17c30f346d79c\">\n.flex_column.av-8p6wdg-e31cd89784c86f9d0ef17c30f346d79c{\nborder-radius:0px 0px 0px 0px;\npadding:0px 0px 0px 0px;\n}\n<\/style>\n<div  class='flex_column av-8p6wdg-e31cd89784c86f9d0ef17c30f346d79c av_one_fourth  avia-builder-el-9  el_after_av_one_fourth  el_before_av_one_fourth  flex_column_div av-zero-column-padding  column-top-margin'     ><p>\n<style type=\"text\/css\" data-created_by=\"avia_inline_auto\" id=\"style-css-av-limwht6t-17ced2c31e0314130cf2f22ad5b7ff98\">\n.avia-image-container.av-limwht6t-17ced2c31e0314130cf2f22ad5b7ff98 img.avia_image{\nbox-shadow:none;\n}\n.avia-image-container.av-limwht6t-17ced2c31e0314130cf2f22ad5b7ff98 .av-image-caption-overlay-center{\ncolor:#ffffff;\n}\n<\/style>\n<div  class='avia-image-container av-limwht6t-17ced2c31e0314130cf2f22ad5b7ff98 av-styling- avia-align-center  avia-builder-el-10  el_before_av_textblock  avia-builder-el-first '   itemprop=\"image\" itemscope=\"itemscope\" itemtype=\"https:\/\/schema.org\/ImageObject\" ><div class=\"avia-image-container-inner\"><div class=\"avia-image-overlay-wrap\"><img decoding=\"async\" fetchpriority=\"high\" class='wp-image-3367 avia-img-lazy-loading-not-3367 avia_image ' src=\"https:\/\/maailmanmuutos.org\/wp-content\/uploads\/2023\/08\/kashmir-konflikti-pikkukuva.jpg\" alt='' title='kashmir-konflikti-pikkukuva'  height=\"400\" width=\"495\"  itemprop=\"thumbnailUrl\" srcset=\"https:\/\/maailmanmuutos.org\/wp-content\/uploads\/2023\/08\/kashmir-konflikti-pikkukuva.jpg 495w, https:\/\/maailmanmuutos.org\/wp-content\/uploads\/2023\/08\/kashmir-konflikti-pikkukuva-120x97.jpg 120w\" sizes=\"(max-width: 495px) 100vw, 495px\" \/><\/div><\/div><\/div><br \/>\n<section  class='av_textblock_section av-limwhja3-cdec96093997045c16841f3bb705198b '   itemscope=\"itemscope\" itemtype=\"https:\/\/schema.org\/CreativeWork\" ><div class='avia_textblock'  itemprop=\"text\" ><p style=\"text-align: center;\"><a href=\"http:\/\/maailmanmuutos.org\/index.php\/toisesta-maailmansodasta-2000-luvulle\/yhdysvallat-ja-sota-terrorismia-vastaan\/lahi-idan-ja-etelaisen-aasian-tilannekehitys\/laaja-konfliktivyohyke-etelaisessa-aasiassa\/\" target=\"_blank\" rel=\"noopener\">Laaja konfliktivy\u00f6hyke etel\u00e4isess\u00e4 Aasiassa <\/a><\/p>\n<\/div><\/section><\/p><\/div>\n\n<style type=\"text\/css\" data-created_by=\"avia_inline_auto\" id=\"style-css-av-8p6wdg-e31cd89784c86f9d0ef17c30f346d79c\">\n.flex_column.av-8p6wdg-e31cd89784c86f9d0ef17c30f346d79c{\nborder-radius:0px 0px 0px 0px;\npadding:0px 0px 0px 0px;\n}\n<\/style>\n<div  class='flex_column av-8p6wdg-e31cd89784c86f9d0ef17c30f346d79c av_one_fourth  avia-builder-el-12  el_after_av_one_fourth  el_before_av_one_fourth  flex_column_div av-zero-column-padding  column-top-margin'     ><p>\n<style type=\"text\/css\" data-created_by=\"avia_inline_auto\" id=\"style-css-av-limwht6t-75e8b45175f5dad8847211b046dc9080\">\n.avia-image-container.av-limwht6t-75e8b45175f5dad8847211b046dc9080 img.avia_image{\nbox-shadow:none;\n}\n.avia-image-container.av-limwht6t-75e8b45175f5dad8847211b046dc9080 .av-image-caption-overlay-center{\ncolor:#ffffff;\n}\n<\/style>\n<div  class='avia-image-container av-limwht6t-75e8b45175f5dad8847211b046dc9080 av-styling- avia-align-center  avia-builder-el-13  el_before_av_textblock  avia-builder-el-first '   itemprop=\"image\" itemscope=\"itemscope\" itemtype=\"https:\/\/schema.org\/ImageObject\" ><div class=\"avia-image-container-inner\"><div class=\"avia-image-overlay-wrap\"><img decoding=\"async\" fetchpriority=\"high\" class='wp-image-3368 avia-img-lazy-loading-not-3368 avia_image ' src=\"https:\/\/maailmanmuutos.org\/wp-content\/uploads\/2023\/08\/persian-lahti-pikkukuva.jpg\" alt='' title='persian-lahti-pikkukuva'  height=\"400\" width=\"495\"  itemprop=\"thumbnailUrl\" srcset=\"https:\/\/maailmanmuutos.org\/wp-content\/uploads\/2023\/08\/persian-lahti-pikkukuva.jpg 495w, https:\/\/maailmanmuutos.org\/wp-content\/uploads\/2023\/08\/persian-lahti-pikkukuva-120x97.jpg 120w\" sizes=\"(max-width: 495px) 100vw, 495px\" \/><\/div><\/div><\/div><br \/>\n<section  class='av_textblock_section av-limwhja3-cdec96093997045c16841f3bb705198b '   itemscope=\"itemscope\" itemtype=\"https:\/\/schema.org\/CreativeWork\" ><div class='avia_textblock'  itemprop=\"text\" ><p style=\"text-align: center;\"><a href=\"http:\/\/maailmanmuutos.org\/index.php\/toisesta-maailmansodasta-2000-luvulle\/yhdysvallat-ja-sota-terrorismia-vastaan\/lahi-idan-ja-etelaisen-aasian-tilannekehitys\/iran-persianlahden-tilanteen-osana\/\" target=\"_blank\" rel=\"noopener\">Iran Persianlahden tilanteen osana <\/a><\/p>\n<\/div><\/section><\/p><\/div>\n\n<style type=\"text\/css\" data-created_by=\"avia_inline_auto\" id=\"style-css-av-8p6wdg-18791ac5a6e259e3357a38ed9e0869ca\">\n.flex_column.av-8p6wdg-18791ac5a6e259e3357a38ed9e0869ca{\nborder-radius:0px 0px 0px 0px;\npadding:0px 0px 0px 0px;\n}\n<\/style>\n<div  class='flex_column av-8p6wdg-18791ac5a6e259e3357a38ed9e0869ca av_one_fourth  avia-builder-el-15  el_after_av_one_fourth  el_before_av_one_fourth  first flex_column_div av-zero-column-padding  column-top-margin'     ><p>\n<style type=\"text\/css\" data-created_by=\"avia_inline_auto\" id=\"style-css-av-limwht6t-78d4e9c45ab97fa61426413454220843\">\n.avia-image-container.av-limwht6t-78d4e9c45ab97fa61426413454220843 img.avia_image{\nbox-shadow:none;\n}\n.avia-image-container.av-limwht6t-78d4e9c45ab97fa61426413454220843 .av-image-caption-overlay-center{\ncolor:#ffffff;\n}\n<\/style>\n<div  class='avia-image-container av-limwht6t-78d4e9c45ab97fa61426413454220843 av-styling- avia-align-center  avia-builder-el-16  el_before_av_textblock  avia-builder-el-first '   itemprop=\"image\" itemscope=\"itemscope\" itemtype=\"https:\/\/schema.org\/ImageObject\" ><div class=\"avia-image-container-inner\"><div class=\"avia-image-overlay-wrap\"><img decoding=\"async\" fetchpriority=\"high\" class='wp-image-3369 avia-img-lazy-loading-not-3369 avia_image ' src=\"https:\/\/maailmanmuutos.org\/wp-content\/uploads\/2023\/08\/kurdistan-pikkukuva.jpg\" alt='' title='kurdistan-pikkukuva'  height=\"400\" width=\"495\"  itemprop=\"thumbnailUrl\" srcset=\"https:\/\/maailmanmuutos.org\/wp-content\/uploads\/2023\/08\/kurdistan-pikkukuva.jpg 495w, https:\/\/maailmanmuutos.org\/wp-content\/uploads\/2023\/08\/kurdistan-pikkukuva-120x97.jpg 120w\" sizes=\"(max-width: 495px) 100vw, 495px\" \/><\/div><\/div><\/div><br \/>\n<section  class='av_textblock_section av-limwhja3-cdec96093997045c16841f3bb705198b '   itemscope=\"itemscope\" itemtype=\"https:\/\/schema.org\/CreativeWork\" ><div class='avia_textblock'  itemprop=\"text\" ><p style=\"text-align: center;\"><a href=\"http:\/\/maailmanmuutos.org\/index.php\/toisesta-maailmansodasta-2000-luvulle\/yhdysvallat-ja-sota-terrorismia-vastaan\/lahi-idan-ja-etelaisen-aasian-tilannekehitys\/turkin-tarkea-asema\/\" target=\"_blank\" rel=\"noopener\">Turkin t\u00e4rke\u00e4 asema <\/a><\/p>\n<\/div><\/section><\/p><\/div>\n\n<style type=\"text\/css\" data-created_by=\"avia_inline_auto\" id=\"style-css-av-8p6wdg-e31cd89784c86f9d0ef17c30f346d79c\">\n.flex_column.av-8p6wdg-e31cd89784c86f9d0ef17c30f346d79c{\nborder-radius:0px 0px 0px 0px;\npadding:0px 0px 0px 0px;\n}\n<\/style>\n<div  class='flex_column av-8p6wdg-e31cd89784c86f9d0ef17c30f346d79c av_one_fourth  avia-builder-el-18  el_after_av_one_fourth  el_before_av_one_fourth  flex_column_div av-zero-column-padding  column-top-margin'     ><p>\n<style type=\"text\/css\" data-created_by=\"avia_inline_auto\" id=\"style-css-av-limwht6t-7636f87e1b21b6822243644c0d46be66\">\n.avia-image-container.av-limwht6t-7636f87e1b21b6822243644c0d46be66 img.avia_image{\nbox-shadow:none;\n}\n.avia-image-container.av-limwht6t-7636f87e1b21b6822243644c0d46be66 .av-image-caption-overlay-center{\ncolor:#ffffff;\n}\n<\/style>\n<div  class='avia-image-container av-limwht6t-7636f87e1b21b6822243644c0d46be66 av-styling- avia-align-center  avia-builder-el-19  el_before_av_textblock  avia-builder-el-first '   itemprop=\"image\" itemscope=\"itemscope\" itemtype=\"https:\/\/schema.org\/ImageObject\" ><div class=\"avia-image-container-inner\"><div class=\"avia-image-overlay-wrap\"><img decoding=\"async\" fetchpriority=\"high\" class='wp-image-3370 avia-img-lazy-loading-not-3370 avia_image ' src=\"https:\/\/maailmanmuutos.org\/wp-content\/uploads\/2023\/08\/isaf-pikkukuva.jpg\" alt='' title='isaf-pikkukuva'  height=\"400\" width=\"495\"  itemprop=\"thumbnailUrl\" srcset=\"https:\/\/maailmanmuutos.org\/wp-content\/uploads\/2023\/08\/isaf-pikkukuva.jpg 495w, https:\/\/maailmanmuutos.org\/wp-content\/uploads\/2023\/08\/isaf-pikkukuva-120x97.jpg 120w\" sizes=\"(max-width: 495px) 100vw, 495px\" \/><\/div><\/div><\/div><br \/>\n<section  class='av_textblock_section av-limwhja3-cdec96093997045c16841f3bb705198b '   itemscope=\"itemscope\" itemtype=\"https:\/\/schema.org\/CreativeWork\" ><div class='avia_textblock'  itemprop=\"text\" ><p style=\"text-align: center;\"><a href=\"http:\/\/maailmanmuutos.org\/index.php\/toisesta-maailmansodasta-2000-luvulle\/yhdysvallat-ja-sota-terrorismia-vastaan\/lahi-idan-ja-etelaisen-aasian-tilannekehitys\/afganistanin-sodan-uudet-vaiheet\/\" target=\"_blank\" rel=\"noopener\">Afganistanin sodan uudet vaiheet <\/a><\/p>\n<\/div><\/section><\/p><\/div>\n\n<style type=\"text\/css\" data-created_by=\"avia_inline_auto\" id=\"style-css-av-8p6wdg-e31cd89784c86f9d0ef17c30f346d79c\">\n.flex_column.av-8p6wdg-e31cd89784c86f9d0ef17c30f346d79c{\nborder-radius:0px 0px 0px 0px;\npadding:0px 0px 0px 0px;\n}\n<\/style>\n<div  class='flex_column av-8p6wdg-e31cd89784c86f9d0ef17c30f346d79c av_one_fourth  avia-builder-el-21  el_after_av_one_fourth  avia-builder-el-last  flex_column_div av-zero-column-padding  column-top-margin'     ><p>\n<style type=\"text\/css\" data-created_by=\"avia_inline_auto\" id=\"style-css-av-limwht6t-6f50479912d62f436cb7e9135740f1b6\">\n.avia-image-container.av-limwht6t-6f50479912d62f436cb7e9135740f1b6 img.avia_image{\nbox-shadow:none;\n}\n.avia-image-container.av-limwht6t-6f50479912d62f436cb7e9135740f1b6 .av-image-caption-overlay-center{\ncolor:#ffffff;\n}\n<\/style>\n<div  class='avia-image-container av-limwht6t-6f50479912d62f436cb7e9135740f1b6 av-styling- avia-align-center  avia-builder-el-22  el_before_av_textblock  avia-builder-el-first '   itemprop=\"image\" itemscope=\"itemscope\" itemtype=\"https:\/\/schema.org\/ImageObject\" ><div class=\"avia-image-container-inner\"><div class=\"avia-image-overlay-wrap\"><img decoding=\"async\" fetchpriority=\"high\" class='wp-image-3371 avia-img-lazy-loading-not-3371 avia_image ' src=\"https:\/\/maailmanmuutos.org\/wp-content\/uploads\/2023\/08\/patriot-act-pikkukuva.jpg\" alt='' title='patriot-act-pikkukuva'  height=\"400\" width=\"495\"  itemprop=\"thumbnailUrl\" srcset=\"https:\/\/maailmanmuutos.org\/wp-content\/uploads\/2023\/08\/patriot-act-pikkukuva.jpg 495w, https:\/\/maailmanmuutos.org\/wp-content\/uploads\/2023\/08\/patriot-act-pikkukuva-120x97.jpg 120w\" sizes=\"(max-width: 495px) 100vw, 495px\" \/><\/div><\/div><\/div><br \/>\n<section  class='av_textblock_section av-limwhja3-cdec96093997045c16841f3bb705198b '   itemscope=\"itemscope\" itemtype=\"https:\/\/schema.org\/CreativeWork\" ><div class='avia_textblock'  itemprop=\"text\" ><p style=\"text-align: center;\"><a href=\"http:\/\/maailmanmuutos.org\/index.php\/toisesta-maailmansodasta-2000-luvulle\/yhdysvallat-ja-sota-terrorismia-vastaan\/lahi-idan-ja-etelaisen-aasian-tilannekehitys\/arviot-terrorismin-vastaisen-sodan-tuloksista-vaihtelevat\/\" target=\"_blank\" rel=\"noopener\">Arviot terrorismin vastaisen sodan tuloksista vaihte<\/a><\/p>\n<\/div><\/section><\/p><\/div>\n","protected":false},"excerpt":{"rendered":"","protected":false},"author":1,"featured_media":0,"parent":1065,"menu_order":4,"comment_status":"closed","ping_status":"closed","template":"","meta":{"footnotes":""},"class_list":["post-1086","page","type-page","status-publish","hentry"],"_links":{"self":[{"href":"https:\/\/maailmanmuutos.org\/index.php\/wp-json\/wp\/v2\/pages\/1086","targetHints":{"allow":["GET"]}}],"collection":[{"href":"https:\/\/maailmanmuutos.org\/index.php\/wp-json\/wp\/v2\/pages"}],"about":[{"href":"https:\/\/maailmanmuutos.org\/index.php\/wp-json\/wp\/v2\/types\/page"}],"author":[{"embeddable":true,"href":"https:\/\/maailmanmuutos.org\/index.php\/wp-json\/wp\/v2\/users\/1"}],"replies":[{"embeddable":true,"href":"https:\/\/maailmanmuutos.org\/index.php\/wp-json\/wp\/v2\/comments?post=1086"}],"version-history":[{"count":8,"href":"https:\/\/maailmanmuutos.org\/index.php\/wp-json\/wp\/v2\/pages\/1086\/revisions"}],"predecessor-version":[{"id":4377,"href":"https:\/\/maailmanmuutos.org\/index.php\/wp-json\/wp\/v2\/pages\/1086\/revisions\/4377"}],"up":[{"embeddable":true,"href":"https:\/\/maailmanmuutos.org\/index.php\/wp-json\/wp\/v2\/pages\/1065"}],"wp:attachment":[{"href":"https:\/\/maailmanmuutos.org\/index.php\/wp-json\/wp\/v2\/media?parent=1086"}],"curies":[{"name":"wp","href":"https:\/\/api.w.org\/{rel}","templated":true}]}}