{"id":1095,"date":"2023-03-08T17:45:34","date_gmt":"2023-03-08T17:45:34","guid":{"rendered":"http:\/\/us.ylirotu.fi\/?page_id=1095"},"modified":"2023-08-15T10:44:57","modified_gmt":"2023-08-15T10:44:57","slug":"yhdysvaltojen-valta-asema-kylman-sodan-paatyttya","status":"publish","type":"page","link":"https:\/\/maailmanmuutos.org\/index.php\/kylmasta-sodasta-2000-luvulle\/yhdysvallat-ja-sota-terrorismia-vastaan\/yhdysvallat-maailmanmahtina\/yhdysvaltojen-valta-asema-kylman-sodan-paatyttya\/","title":{"rendered":"Yhdysvaltojen valta-asema kylm\u00e4n sodan p\u00e4\u00e4tytty\u00e4\u00a0"},"content":{"rendered":"<div id='full_slider_1'  class='avia-fullwidth-slider main_color avia-shadow   avia-builder-el-0  el_before_av_one_full  avia-builder-el-first   container_wrap sidebar_right'  >\n<style type=\"text\/css\" data-created_by=\"avia_inline_auto\" id=\"style-css-av-kd4hz9nx-fb331aa0faaa9c578e2f07ccc45f5aa0\">\n#top #wrap_all .avia-slideshow .av-slideshow-caption.av-kd4hz9nx-fb331aa0faaa9c578e2f07ccc45f5aa0__0 .avia-caption-title{\nfont-size:22px;\n}\n#top .avia-slideshow .av-slideshow-caption.av-kd4hz9nx-fb331aa0faaa9c578e2f07ccc45f5aa0__0 .avia-caption-content{\nfont-size:14px;\n}\n#top .avia-slideshow .av-slideshow-caption.av-kd4hz9nx-fb331aa0faaa9c578e2f07ccc45f5aa0__0 .avia-caption-content p{\nfont-size:14px;\n}\n\n@media only screen and (min-width: 768px) and (max-width: 989px){ \n#top #wrap_all .avia-slideshow .av-slideshow-caption.av-kd4hz9nx-fb331aa0faaa9c578e2f07ccc45f5aa0__0 .avia-caption-title{\nfont-size:16px;\n}\n#top .avia-slideshow .av-slideshow-caption.av-kd4hz9nx-fb331aa0faaa9c578e2f07ccc45f5aa0__0 .avia-caption-content{\nfont-size:16px;\n}\n#top .avia-slideshow .av-slideshow-caption.av-kd4hz9nx-fb331aa0faaa9c578e2f07ccc45f5aa0__0 .avia-caption-content p{\nfont-size:16px;\n}\n}\n\n@media only screen and (min-width: 480px) and (max-width: 767px){ \n#top #wrap_all .avia-slideshow .av-slideshow-caption.av-kd4hz9nx-fb331aa0faaa9c578e2f07ccc45f5aa0__0 .avia-caption-title{\nfont-size:14px;\n}\n#top .avia-slideshow .av-slideshow-caption.av-kd4hz9nx-fb331aa0faaa9c578e2f07ccc45f5aa0__0 .avia-caption-content{\nfont-size:14px;\n}\n#top .avia-slideshow .av-slideshow-caption.av-kd4hz9nx-fb331aa0faaa9c578e2f07ccc45f5aa0__0 .avia-caption-content p{\nfont-size:14px;\n}\n}\n\n@media only screen and (max-width: 479px){ \n#top #wrap_all .avia-slideshow .av-slideshow-caption.av-kd4hz9nx-fb331aa0faaa9c578e2f07ccc45f5aa0__0 .avia-caption-title{\ndisplay:none;\n}\n#top .avia-slideshow .av-slideshow-caption.av-kd4hz9nx-fb331aa0faaa9c578e2f07ccc45f5aa0__0 .avia-caption-content{\ndisplay:none;\n}\n#top .avia-slideshow .av-slideshow-caption.av-kd4hz9nx-fb331aa0faaa9c578e2f07ccc45f5aa0__0 .avia-caption-content p{\ndisplay:none;\n}\n}\n<\/style>\n<div  class='avia-slideshow av-kd4hz9nx-fb331aa0faaa9c578e2f07ccc45f5aa0 avia-slideshow-featured av_slideshow_full avia-slide-slider av-slideshow-ui av-control-default av-slideshow-manual av-loop-once av-loop-manual-endless av-default-height-applied   avia-slideshow-1' data-slideshow-options=\"{&quot;animation&quot;:&quot;slide&quot;,&quot;autoplay&quot;:false,&quot;loop_autoplay&quot;:&quot;once&quot;,&quot;interval&quot;:5,&quot;loop_manual&quot;:&quot;manual-endless&quot;,&quot;autoplay_stopper&quot;:false,&quot;noNavigation&quot;:false,&quot;bg_slider&quot;:false,&quot;keep_padding&quot;:false,&quot;hoverpause&quot;:false,&quot;show_slide_delay&quot;:0}\"  itemprop=\"image\" itemscope=\"itemscope\" itemtype=\"https:\/\/schema.org\/ImageObject\" ><ul class='avia-slideshow-inner ' style='padding-bottom: 28.72411489646%;'><li  class='avia-slideshow-slide av-kd4hz9nx-fb331aa0faaa9c578e2f07ccc45f5aa0__0  av-single-slide slide-1 slide-odd'><div data-rel='slideshow-1' class='avia-slide-wrap '   ><img decoding=\"async\" fetchpriority=\"high\" class=\"wp-image-3334 avia-img-lazy-loading-not-3334\"  src=\"https:\/\/maailmanmuutos.org\/wp-content\/uploads\/2023\/08\/whitehouse.jpg\" width=\"1497\" height=\"430\" title='whitehouse' alt=''  itemprop=\"thumbnailUrl\" srcset=\"https:\/\/maailmanmuutos.org\/wp-content\/uploads\/2023\/08\/whitehouse.jpg 1500w, https:\/\/maailmanmuutos.org\/wp-content\/uploads\/2023\/08\/whitehouse-800x230.jpg 800w, https:\/\/maailmanmuutos.org\/wp-content\/uploads\/2023\/08\/whitehouse-120x34.jpg 120w, https:\/\/maailmanmuutos.org\/wp-content\/uploads\/2023\/08\/whitehouse-768x221.jpg 768w, https:\/\/maailmanmuutos.org\/wp-content\/uploads\/2023\/08\/whitehouse-705x203.jpg 705w\" sizes=\"(max-width: 1497px) 100vw, 1497px\" \/><\/div><\/li><\/ul><\/div><\/div><div id='after_full_slider_1'  class='main_color av_default_container_wrap container_wrap sidebar_right'  ><div class='container av-section-cont-open' ><div class='template-page content  av-content-small alpha units'><div class='post-entry post-entry-type-page post-entry-1095'><div class='entry-content-wrapper clearfix'>\n\n<style type=\"text\/css\" data-created_by=\"avia_inline_auto\" id=\"style-css-av-5spn6-3d3e8ead61d02f87ad7c9f2fc625dc24\">\n.flex_column.av-5spn6-3d3e8ead61d02f87ad7c9f2fc625dc24{\nborder-radius:0px 0px 0px 0px;\npadding:0px 0px 0px 0px;\n}\n<\/style>\n<div  class='flex_column av-5spn6-3d3e8ead61d02f87ad7c9f2fc625dc24 av_one_full  avia-builder-el-1  el_after_av_slideshow_full  el_before_av_textblock  avia-builder-el-first  first flex_column_div av-zero-column-padding  '     ><p>\n<style type=\"text\/css\" data-created_by=\"avia_inline_auto\" id=\"style-css-av-1ufkiv-9dc393d31251febd6374b99c4da5c007\">\n#top .av-special-heading.av-1ufkiv-9dc393d31251febd6374b99c4da5c007{\npadding-bottom:10px;\n}\nbody .av-special-heading.av-1ufkiv-9dc393d31251febd6374b99c4da5c007 .av-special-heading-tag .heading-char{\nfont-size:25px;\n}\n.av-special-heading.av-1ufkiv-9dc393d31251febd6374b99c4da5c007 .av-subheading{\nfont-size:15px;\n}\n<\/style>\n<div  class='av-special-heading av-1ufkiv-9dc393d31251febd6374b99c4da5c007 av-special-heading-h1  avia-builder-el-2  el_before_av_hr  avia-builder-el-first '><h1 class='av-special-heading-tag'  itemprop=\"headline\"  >Yhdysvaltojen valta-asema kylm\u00e4n sodan p\u00e4\u00e4tytty\u00e4 <\/h1><div class=\"special-heading-border\"><div class=\"special-heading-inner-border\"><\/div><\/div><\/div><br \/>\n\n<style type=\"text\/css\" data-created_by=\"avia_inline_auto\" id=\"style-css-av-lezz2odb-7fa177ee2c8bfe8008c997c47f4006f1\">\n#top .hr.hr-invisible.av-lezz2odb-7fa177ee2c8bfe8008c997c47f4006f1{\nheight:50px;\n}\n<\/style>\n<div  class='hr av-lezz2odb-7fa177ee2c8bfe8008c997c47f4006f1 hr-invisible  avia-builder-el-3  el_after_av_heading  el_before_av_textblock '><span class='hr-inner '><span class=\"hr-inner-style\"><\/span><\/span><\/div><br \/>\n<section  class='av_textblock_section av-lezr0od0-94e7bd8ef786eea3c9a8d27065495667 '   itemscope=\"itemscope\" itemtype=\"https:\/\/schema.org\/CreativeWork\" ><div class='avia_textblock'  itemprop=\"text\" ><p><em><strong>Yhdysvaltojen hallitseva asema<\/strong><\/em><\/p>\n<p>Toisen maailmansodan p\u00e4\u00e4tytty\u00e4 Yhdysvallat hallitsi puolta maailman tuotannosta t\u00e4rkeill\u00e4 aloilla ja kohosi my\u00f6s poliittisesti selv\u00e4\u00e4n johtoasemaan. Neuvostoliitto liittolaisineen ei pystynyt kilpailemaan l\u00e4hesk\u00e4\u00e4n tasavertaisesti vaikutusvallasta talouden ja kulttuurin aloilla, mutta sotilaallisesti it\u00e4blokki kykeni tasoittamaan voimasuhteita jo 1970-luvulla, kunnes 1980-luvulla Yhdysvaltojen johtama l\u00e4nsi j\u00e4lleen ajoi ohi my\u00f6s sotilaallisessa voimassa.<\/p>\n<p><em><strong>Yhdysvallat j\u00e4\u00e4 ainoaksi supervallaksi<\/strong><\/em><\/p>\n<p>Kylm\u00e4n sodan p\u00e4\u00e4tytty\u00e4 Yhdysvallat j\u00e4i \u201dainoaksi supervallaksi\u201d, eik\u00e4 n\u00e4k\u00f6piiriss\u00e4 ollut vakavasti otettavaa haastajaa. Yhdysvallat kykeni hankkimaan selv\u00e4n johtoaseman ns. uuden teknologian tuotannossa, erityisesti tietotekniikassa, ja siihen liittyen maailmanlaajuisen median hallinnan.<\/p>\n<p>Yhdysvallat veti puoleensa tieteen ja kulttuurin lahjakkuuksia, ja maan korkeakoulut tuottivat hyvin koulutettuja johtajia ja asiantuntijoita talousel\u00e4m\u00e4n tarpeisiin.<\/p>\n<p><em><strong>V\u00e4est\u00f6kehitys<\/strong><\/em><\/p>\n<p>V\u00e4est\u00f6kehitys on ollut talouden kannalta edelleen suotuisaa, sill\u00e4 ik\u00e4jakautumaltaan v\u00e4est\u00f6 on pysynyt maahanmuuton ja suuren syntyvyyden vuoksi nuorena verrattuna kilpailijamaihin. Viime vuosina on alettu kiinnitt\u00e4\u00e4 huomiota siihen, ett\u00e4 anglosaksinen tai yleens\u00e4kin eurooppalaisper\u00e4inen v\u00e4est\u00f6 suhteellisesti heikkenee taustaltaan latinalaisamerikkalaiseen tai aasialaisper\u00e4iseen verrattuna.<\/p>\n<\/div><\/section><\/p><\/div>\n<section  class='av_textblock_section av-llc5isiv-14db6bdd6642aebe476c39ea10755f92 '   itemscope=\"itemscope\" itemtype=\"https:\/\/schema.org\/CreativeWork\" ><div class='avia_textblock'  itemprop=\"text\" ><p>Kuva: <a class=\"external text\" href=\"https:\/\/commons.wikimedia.org\/wiki\/User:PLBechly\">PLBechly<\/a>\u00a0\/ Wikipedia<\/p>\n<\/div><\/section>\n","protected":false},"excerpt":{"rendered":"","protected":false},"author":1,"featured_media":0,"parent":1070,"menu_order":1,"comment_status":"closed","ping_status":"closed","template":"","meta":{"footnotes":""},"class_list":["post-1095","page","type-page","status-publish","hentry"],"_links":{"self":[{"href":"https:\/\/maailmanmuutos.org\/index.php\/wp-json\/wp\/v2\/pages\/1095","targetHints":{"allow":["GET"]}}],"collection":[{"href":"https:\/\/maailmanmuutos.org\/index.php\/wp-json\/wp\/v2\/pages"}],"about":[{"href":"https:\/\/maailmanmuutos.org\/index.php\/wp-json\/wp\/v2\/types\/page"}],"author":[{"embeddable":true,"href":"https:\/\/maailmanmuutos.org\/index.php\/wp-json\/wp\/v2\/users\/1"}],"replies":[{"embeddable":true,"href":"https:\/\/maailmanmuutos.org\/index.php\/wp-json\/wp\/v2\/comments?post=1095"}],"version-history":[{"count":7,"href":"https:\/\/maailmanmuutos.org\/index.php\/wp-json\/wp\/v2\/pages\/1095\/revisions"}],"predecessor-version":[{"id":3349,"href":"https:\/\/maailmanmuutos.org\/index.php\/wp-json\/wp\/v2\/pages\/1095\/revisions\/3349"}],"up":[{"embeddable":true,"href":"https:\/\/maailmanmuutos.org\/index.php\/wp-json\/wp\/v2\/pages\/1070"}],"wp:attachment":[{"href":"https:\/\/maailmanmuutos.org\/index.php\/wp-json\/wp\/v2\/media?parent=1095"}],"curies":[{"name":"wp","href":"https:\/\/api.w.org\/{rel}","templated":true}]}}