{"id":1104,"date":"2023-03-08T17:47:58","date_gmt":"2023-03-08T17:47:58","guid":{"rendered":"http:\/\/us.ylirotu.fi\/?page_id=1104"},"modified":"2023-08-15T10:32:51","modified_gmt":"2023-08-15T10:32:51","slug":"maailmantilanteen-muutoksen-merkkeja","status":"publish","type":"page","link":"https:\/\/maailmanmuutos.org\/index.php\/kylmasta-sodasta-2000-luvulle\/yhdysvallat-ja-sota-terrorismia-vastaan\/yhdysvallat-maailmanmahtina\/maailmantilanteen-muutoksen-merkkeja\/","title":{"rendered":"Maailmantilanteen muutoksen merkkej\u00e4\u00a0"},"content":{"rendered":"<div id='full_slider_1'  class='avia-fullwidth-slider main_color avia-shadow   avia-builder-el-0  el_before_av_one_full  avia-builder-el-first   container_wrap sidebar_right'  >\n<style type=\"text\/css\" data-created_by=\"avia_inline_auto\" id=\"style-css-av-kd4hz9nx-fb331aa0faaa9c578e2f07ccc45f5aa0\">\n#top #wrap_all .avia-slideshow .av-slideshow-caption.av-kd4hz9nx-fb331aa0faaa9c578e2f07ccc45f5aa0__0 .avia-caption-title{\nfont-size:22px;\n}\n#top .avia-slideshow .av-slideshow-caption.av-kd4hz9nx-fb331aa0faaa9c578e2f07ccc45f5aa0__0 .avia-caption-content{\nfont-size:14px;\n}\n#top .avia-slideshow .av-slideshow-caption.av-kd4hz9nx-fb331aa0faaa9c578e2f07ccc45f5aa0__0 .avia-caption-content p{\nfont-size:14px;\n}\n\n@media only screen and (min-width: 768px) and (max-width: 989px){ \n#top #wrap_all .avia-slideshow .av-slideshow-caption.av-kd4hz9nx-fb331aa0faaa9c578e2f07ccc45f5aa0__0 .avia-caption-title{\nfont-size:16px;\n}\n#top .avia-slideshow .av-slideshow-caption.av-kd4hz9nx-fb331aa0faaa9c578e2f07ccc45f5aa0__0 .avia-caption-content{\nfont-size:16px;\n}\n#top .avia-slideshow .av-slideshow-caption.av-kd4hz9nx-fb331aa0faaa9c578e2f07ccc45f5aa0__0 .avia-caption-content p{\nfont-size:16px;\n}\n}\n\n@media only screen and (min-width: 480px) and (max-width: 767px){ \n#top #wrap_all .avia-slideshow .av-slideshow-caption.av-kd4hz9nx-fb331aa0faaa9c578e2f07ccc45f5aa0__0 .avia-caption-title{\nfont-size:14px;\n}\n#top .avia-slideshow .av-slideshow-caption.av-kd4hz9nx-fb331aa0faaa9c578e2f07ccc45f5aa0__0 .avia-caption-content{\nfont-size:14px;\n}\n#top .avia-slideshow .av-slideshow-caption.av-kd4hz9nx-fb331aa0faaa9c578e2f07ccc45f5aa0__0 .avia-caption-content p{\nfont-size:14px;\n}\n}\n\n@media only screen and (max-width: 479px){ \n#top #wrap_all .avia-slideshow .av-slideshow-caption.av-kd4hz9nx-fb331aa0faaa9c578e2f07ccc45f5aa0__0 .avia-caption-title{\ndisplay:none;\n}\n#top .avia-slideshow .av-slideshow-caption.av-kd4hz9nx-fb331aa0faaa9c578e2f07ccc45f5aa0__0 .avia-caption-content{\ndisplay:none;\n}\n#top .avia-slideshow .av-slideshow-caption.av-kd4hz9nx-fb331aa0faaa9c578e2f07ccc45f5aa0__0 .avia-caption-content p{\ndisplay:none;\n}\n}\n<\/style>\n<div  class='avia-slideshow av-kd4hz9nx-fb331aa0faaa9c578e2f07ccc45f5aa0 avia-slideshow-featured av_slideshow_full avia-slide-slider av-slideshow-ui av-control-default av-slideshow-manual av-loop-once av-loop-manual-endless av-default-height-applied   avia-slideshow-1' data-slideshow-options=\"{&quot;animation&quot;:&quot;slide&quot;,&quot;autoplay&quot;:false,&quot;loop_autoplay&quot;:&quot;once&quot;,&quot;interval&quot;:5,&quot;loop_manual&quot;:&quot;manual-endless&quot;,&quot;autoplay_stopper&quot;:false,&quot;noNavigation&quot;:false,&quot;bg_slider&quot;:false,&quot;keep_padding&quot;:false,&quot;hoverpause&quot;:false,&quot;show_slide_delay&quot;:0}\"  itemprop=\"image\" itemscope=\"itemscope\" itemtype=\"https:\/\/schema.org\/ImageObject\" ><ul class='avia-slideshow-inner ' style='padding-bottom: 28.72411489646%;'><li  class='avia-slideshow-slide av-kd4hz9nx-fb331aa0faaa9c578e2f07ccc45f5aa0__0  av-single-slide slide-1 slide-odd'><div data-rel='slideshow-1' class='avia-slide-wrap '   ><img decoding=\"async\" fetchpriority=\"high\" class=\"wp-image-3342 avia-img-lazy-loading-not-3342\"  src=\"https:\/\/maailmanmuutos.org\/wp-content\/uploads\/2023\/08\/maailmantilanteenmuutos.jpg\" width=\"1497\" height=\"430\" title='maailmantilanteenmuutos' alt=''  itemprop=\"thumbnailUrl\" srcset=\"https:\/\/maailmanmuutos.org\/wp-content\/uploads\/2023\/08\/maailmantilanteenmuutos.jpg 1500w, https:\/\/maailmanmuutos.org\/wp-content\/uploads\/2023\/08\/maailmantilanteenmuutos-800x230.jpg 800w, https:\/\/maailmanmuutos.org\/wp-content\/uploads\/2023\/08\/maailmantilanteenmuutos-120x34.jpg 120w, https:\/\/maailmanmuutos.org\/wp-content\/uploads\/2023\/08\/maailmantilanteenmuutos-768x221.jpg 768w, https:\/\/maailmanmuutos.org\/wp-content\/uploads\/2023\/08\/maailmantilanteenmuutos-705x203.jpg 705w\" sizes=\"(max-width: 1497px) 100vw, 1497px\" \/><\/div><\/li><\/ul><\/div><\/div><div id='after_full_slider_1'  class='main_color av_default_container_wrap container_wrap sidebar_right'  ><div class='container av-section-cont-open' ><div class='template-page content  av-content-small alpha units'><div class='post-entry post-entry-type-page post-entry-1104'><div class='entry-content-wrapper clearfix'>\n\n<style type=\"text\/css\" data-created_by=\"avia_inline_auto\" id=\"style-css-av-5spn6-3d3e8ead61d02f87ad7c9f2fc625dc24\">\n.flex_column.av-5spn6-3d3e8ead61d02f87ad7c9f2fc625dc24{\nborder-radius:0px 0px 0px 0px;\npadding:0px 0px 0px 0px;\n}\n<\/style>\n<div  class='flex_column av-5spn6-3d3e8ead61d02f87ad7c9f2fc625dc24 av_one_full  avia-builder-el-1  el_after_av_slideshow_full  el_before_av_textblock  avia-builder-el-first  first flex_column_div av-zero-column-padding  '     ><p>\n<style type=\"text\/css\" data-created_by=\"avia_inline_auto\" id=\"style-css-av-ljnxhweu-cc6139c73100649330b524d987a4a5b9\">\n#top .av-special-heading.av-ljnxhweu-cc6139c73100649330b524d987a4a5b9{\npadding-bottom:10px;\n}\nbody .av-special-heading.av-ljnxhweu-cc6139c73100649330b524d987a4a5b9 .av-special-heading-tag .heading-char{\nfont-size:25px;\n}\n.av-special-heading.av-ljnxhweu-cc6139c73100649330b524d987a4a5b9 .av-subheading{\nfont-size:15px;\n}\n<\/style>\n<div  class='av-special-heading av-ljnxhweu-cc6139c73100649330b524d987a4a5b9 av-special-heading-h1  avia-builder-el-2  el_before_av_hr  avia-builder-el-first '><h1 class='av-special-heading-tag'  itemprop=\"headline\"  >Maailmantilanteen muutoksen merkkej\u00e4 <\/h1><div class=\"special-heading-border\"><div class=\"special-heading-inner-border\"><\/div><\/div><\/div><br \/>\n\n<style type=\"text\/css\" data-created_by=\"avia_inline_auto\" id=\"style-css-av-lezz2odb-7fa177ee2c8bfe8008c997c47f4006f1\">\n#top .hr.hr-invisible.av-lezz2odb-7fa177ee2c8bfe8008c997c47f4006f1{\nheight:50px;\n}\n<\/style>\n<div  class='hr av-lezz2odb-7fa177ee2c8bfe8008c997c47f4006f1 hr-invisible  avia-builder-el-3  el_after_av_heading  el_before_av_textblock '><span class='hr-inner '><span class=\"hr-inner-style\"><\/span><\/span><\/div><br \/>\n<section  class='av_textblock_section av-lezr0od0-94e7bd8ef786eea3c9a8d27065495667 '   itemscope=\"itemscope\" itemtype=\"https:\/\/schema.org\/CreativeWork\" ><div class='avia_textblock'  itemprop=\"text\" ><p><em><strong>Yhteisty\u00f6n aika<\/strong><\/em><\/p>\n<p>Yhdysvaltojen hallitsevan aseman vuoksi maan sis\u00e4inen ja ulkopolitiikan kehitys vaikutti merkitt\u00e4v\u00e4sti koko kansainv\u00e4lisen politiikan luonteen muutokseen. Kylm\u00e4n sodan j\u00e4lkeisen, kansainv\u00e4lisen yhteisty\u00f6n s\u00e4vytt\u00e4m\u00e4n vaiheen j\u00e4lkeen alkoi vuosituhannen taitteessa sek\u00e4 Yhdysvalloissa ett\u00e4 maailmalla ilmet\u00e4 yh\u00e4 selvemmin voimapolitiikan paluun merkkej\u00e4.<\/p>\n<p><em><strong>\u201dClintonin oppi\u201d<\/strong><\/em><\/p>\n<p>Presidentti Bill Clintonin kaudella (1993 &#8211; 2001) Yhdysvaltojen ja Euroopan politiikassa oli n\u00e4ht\u00e4viss\u00e4 yhteisty\u00f6t\u00e4 ja demokraattisia arvoja korostava painotus. Kansainv\u00e4lisi\u00e4 kysymyksi\u00e4 ratkottiin paljolti konferensseissa, muun muassa Ety-j\u00e4rjest\u00f6n huippukokouksissa. Kosovon sotaan osallistumista kev\u00e4\u00e4ll\u00e4 1999 pyrittiin oikeuttamaan \u201dClintonin opilla\u201d, jonka mukaan kansainv\u00e4lisen yhteis\u00f6n velvollisuutena oli tehd\u00e4 interventio, jopa ilman YK:n valtuutusta, jos siten voitaisiin est\u00e4\u00e4 ihmisoikeuksien laajamittainen loukkaus.<\/p>\n<p><em><strong>Realismi haastajaksi<\/strong><\/em><\/p>\n<p>Demokratiaa, ihmisoikeuksia ja yhteisty\u00f6t\u00e4 painottaneen \u201dliberaalin \u00a0internationalismin\u201d haastajaksi nousi vuosituhannen vaihtuessa j\u00e4lleen \u201cklassinen realismi\u201d, jota amerikkalaisessa politiikassa voidaan luonnehtia my\u00f6s republikaaniseksi ajatussuunnaksi.<\/p>\n<p>Mielialojen muutos Yhdysvalloissa kuvastui erityisesti republikaanien ehdokkaan George W. Bushin vaalivoitossa syksyll\u00e4 1999. H\u00e4nen kampanjassaan syytettiin demokraatteja kansallisen edun unohtamisesta teht\u00e4ess\u00e4 \u201dhumanitaarisin\u201d perustein interventio Kosovoon, kun t\u00e4rke\u00e4mm\u00e4t strategiset intressit olivat L\u00e4hi-id\u00e4n ja Aasian suunnilla.<\/p>\n<p><em><strong>Voimapolitiikan paluu<\/strong><\/em><\/p>\n<p>Kosovon sotaa voidaan pit\u00e4\u00e4 k\u00e4\u00e4nnekohtana my\u00f6s siin\u00e4 suhteessa, ett\u00e4 Ven\u00e4j\u00e4 ja Kiina protestoivat ankarasti Jugoslavian pommituksia ilman YK:lta saatua oikeutusta. Ven\u00e4j\u00e4 reagoi ilmapiirin muutoksen aloittamalla puolestaan uudelleen sodan Tshetsheniassa.<\/p>\n<\/div><\/section><\/p><\/div>\n<section  class='av_textblock_section av-llc5vswm-131844a05f8a360e160c5fa255b384ba '   itemscope=\"itemscope\" itemtype=\"https:\/\/schema.org\/CreativeWork\" ><div class='avia_textblock'  itemprop=\"text\" ><p>Kuva: <a href=\"http:\/\/memory.loc.gov\/master\/pnp\/ppmsc\/02800\/02865u.tif\" target=\"_blank\" rel=\"noopener\">http:\/\/memory.loc.gov\/master\/pnp\/ppmsc\/02800\/02865u.tif<\/a> \/ Wikimedia<\/p>\n<\/div><\/section>\n","protected":false},"excerpt":{"rendered":"","protected":false},"author":1,"featured_media":0,"parent":1070,"menu_order":2,"comment_status":"closed","ping_status":"closed","template":"","meta":{"footnotes":""},"class_list":["post-1104","page","type-page","status-publish","hentry"],"_links":{"self":[{"href":"https:\/\/maailmanmuutos.org\/index.php\/wp-json\/wp\/v2\/pages\/1104","targetHints":{"allow":["GET"]}}],"collection":[{"href":"https:\/\/maailmanmuutos.org\/index.php\/wp-json\/wp\/v2\/pages"}],"about":[{"href":"https:\/\/maailmanmuutos.org\/index.php\/wp-json\/wp\/v2\/types\/page"}],"author":[{"embeddable":true,"href":"https:\/\/maailmanmuutos.org\/index.php\/wp-json\/wp\/v2\/users\/1"}],"replies":[{"embeddable":true,"href":"https:\/\/maailmanmuutos.org\/index.php\/wp-json\/wp\/v2\/comments?post=1104"}],"version-history":[{"count":5,"href":"https:\/\/maailmanmuutos.org\/index.php\/wp-json\/wp\/v2\/pages\/1104\/revisions"}],"predecessor-version":[{"id":3338,"href":"https:\/\/maailmanmuutos.org\/index.php\/wp-json\/wp\/v2\/pages\/1104\/revisions\/3338"}],"up":[{"embeddable":true,"href":"https:\/\/maailmanmuutos.org\/index.php\/wp-json\/wp\/v2\/pages\/1070"}],"wp:attachment":[{"href":"https:\/\/maailmanmuutos.org\/index.php\/wp-json\/wp\/v2\/media?parent=1104"}],"curies":[{"name":"wp","href":"https:\/\/api.w.org\/{rel}","templated":true}]}}