{"id":1132,"date":"2023-03-08T17:54:59","date_gmt":"2023-03-08T17:54:59","guid":{"rendered":"http:\/\/us.ylirotu.fi\/?page_id=1132"},"modified":"2023-08-17T09:02:46","modified_gmt":"2023-08-17T09:02:46","slug":"reaktiot-terrori-iskuihin-yhdysvalloissa-ja-ulkomailla","status":"publish","type":"page","link":"https:\/\/maailmanmuutos.org\/index.php\/kylmasta-sodasta-2000-luvulle\/yhdysvallat-ja-sota-terrorismia-vastaan\/terrori-iskut-yhdysvaltoihin-ja-reaktiot-syksylla-2001\/reaktiot-terrori-iskuihin-yhdysvalloissa-ja-ulkomailla\/","title":{"rendered":"Reaktiot terrori-iskuihin Yhdysvalloissa ja ulkomailla\u00a0"},"content":{"rendered":"<div id='full_slider_1'  class='avia-fullwidth-slider main_color avia-shadow   avia-builder-el-0  el_before_av_one_full  avia-builder-el-first   container_wrap sidebar_right'  >\n<style type=\"text\/css\" data-created_by=\"avia_inline_auto\" id=\"style-css-av-kd4hz9nx-fb331aa0faaa9c578e2f07ccc45f5aa0\">\n#top #wrap_all .avia-slideshow .av-slideshow-caption.av-kd4hz9nx-fb331aa0faaa9c578e2f07ccc45f5aa0__0 .avia-caption-title{\nfont-size:22px;\n}\n#top .avia-slideshow .av-slideshow-caption.av-kd4hz9nx-fb331aa0faaa9c578e2f07ccc45f5aa0__0 .avia-caption-content{\nfont-size:14px;\n}\n#top .avia-slideshow .av-slideshow-caption.av-kd4hz9nx-fb331aa0faaa9c578e2f07ccc45f5aa0__0 .avia-caption-content p{\nfont-size:14px;\n}\n\n@media only screen and (min-width: 768px) and (max-width: 989px){ \n#top #wrap_all .avia-slideshow .av-slideshow-caption.av-kd4hz9nx-fb331aa0faaa9c578e2f07ccc45f5aa0__0 .avia-caption-title{\nfont-size:16px;\n}\n#top .avia-slideshow .av-slideshow-caption.av-kd4hz9nx-fb331aa0faaa9c578e2f07ccc45f5aa0__0 .avia-caption-content{\nfont-size:16px;\n}\n#top .avia-slideshow .av-slideshow-caption.av-kd4hz9nx-fb331aa0faaa9c578e2f07ccc45f5aa0__0 .avia-caption-content p{\nfont-size:16px;\n}\n}\n\n@media only screen and (min-width: 480px) and (max-width: 767px){ \n#top #wrap_all .avia-slideshow .av-slideshow-caption.av-kd4hz9nx-fb331aa0faaa9c578e2f07ccc45f5aa0__0 .avia-caption-title{\nfont-size:14px;\n}\n#top .avia-slideshow .av-slideshow-caption.av-kd4hz9nx-fb331aa0faaa9c578e2f07ccc45f5aa0__0 .avia-caption-content{\nfont-size:14px;\n}\n#top .avia-slideshow .av-slideshow-caption.av-kd4hz9nx-fb331aa0faaa9c578e2f07ccc45f5aa0__0 .avia-caption-content p{\nfont-size:14px;\n}\n}\n\n@media only screen and (max-width: 479px){ \n#top #wrap_all .avia-slideshow .av-slideshow-caption.av-kd4hz9nx-fb331aa0faaa9c578e2f07ccc45f5aa0__0 .avia-caption-title{\ndisplay:none;\n}\n#top .avia-slideshow .av-slideshow-caption.av-kd4hz9nx-fb331aa0faaa9c578e2f07ccc45f5aa0__0 .avia-caption-content{\ndisplay:none;\n}\n#top .avia-slideshow .av-slideshow-caption.av-kd4hz9nx-fb331aa0faaa9c578e2f07ccc45f5aa0__0 .avia-caption-content p{\ndisplay:none;\n}\n}\n<\/style>\n<div  class='avia-slideshow av-kd4hz9nx-fb331aa0faaa9c578e2f07ccc45f5aa0 avia-slideshow-featured av_slideshow_full avia-slide-slider av-slideshow-ui av-control-default av-slideshow-manual av-loop-once av-loop-manual-endless av-default-height-applied   avia-slideshow-1' data-slideshow-options=\"{&quot;animation&quot;:&quot;slide&quot;,&quot;autoplay&quot;:false,&quot;loop_autoplay&quot;:&quot;once&quot;,&quot;interval&quot;:5,&quot;loop_manual&quot;:&quot;manual-endless&quot;,&quot;autoplay_stopper&quot;:false,&quot;noNavigation&quot;:false,&quot;bg_slider&quot;:false,&quot;keep_padding&quot;:false,&quot;hoverpause&quot;:false,&quot;show_slide_delay&quot;:0}\"  itemprop=\"image\" itemscope=\"itemscope\" itemtype=\"https:\/\/schema.org\/ImageObject\" ><ul class='avia-slideshow-inner ' style='padding-bottom: 28.72411489646%;'><li  class='avia-slideshow-slide av-kd4hz9nx-fb331aa0faaa9c578e2f07ccc45f5aa0__0  av-single-slide slide-1 slide-odd'><div data-rel='slideshow-1' class='avia-slide-wrap '   ><img decoding=\"async\" fetchpriority=\"high\" class=\"wp-image-3099 avia-img-lazy-loading-not-3099\"  src=\"https:\/\/maailmanmuutos.org\/wp-content\/uploads\/2023\/08\/al-qaida.jpg\" width=\"1497\" height=\"430\" title='kuvituskuvat' alt=''  itemprop=\"thumbnailUrl\" srcset=\"https:\/\/maailmanmuutos.org\/wp-content\/uploads\/2023\/08\/al-qaida.jpg 1500w, https:\/\/maailmanmuutos.org\/wp-content\/uploads\/2023\/08\/al-qaida-800x230.jpg 800w, https:\/\/maailmanmuutos.org\/wp-content\/uploads\/2023\/08\/al-qaida-120x34.jpg 120w, https:\/\/maailmanmuutos.org\/wp-content\/uploads\/2023\/08\/al-qaida-768x221.jpg 768w, https:\/\/maailmanmuutos.org\/wp-content\/uploads\/2023\/08\/al-qaida-705x203.jpg 705w\" sizes=\"(max-width: 1497px) 100vw, 1497px\" \/><\/div><\/li><\/ul><\/div><\/div><div id='after_full_slider_1'  class='main_color av_default_container_wrap container_wrap sidebar_right'  ><div class='container av-section-cont-open' ><div class='template-page content  av-content-small alpha units'><div class='post-entry post-entry-type-page post-entry-1132'><div class='entry-content-wrapper clearfix'>\n\n<style type=\"text\/css\" data-created_by=\"avia_inline_auto\" id=\"style-css-av-5spn6-3d3e8ead61d02f87ad7c9f2fc625dc24\">\n.flex_column.av-5spn6-3d3e8ead61d02f87ad7c9f2fc625dc24{\nborder-radius:0px 0px 0px 0px;\npadding:0px 0px 0px 0px;\n}\n<\/style>\n<div  class='flex_column av-5spn6-3d3e8ead61d02f87ad7c9f2fc625dc24 av_one_full  avia-builder-el-1  el_after_av_slideshow_full  avia-builder-el-no-sibling  first flex_column_div av-zero-column-padding  '     ><p>\n<style type=\"text\/css\" data-created_by=\"avia_inline_auto\" id=\"style-css-av-22cf6k-c8ebba4cfeebbc29a534a419de6eb901\">\n#top .av-special-heading.av-22cf6k-c8ebba4cfeebbc29a534a419de6eb901{\npadding-bottom:10px;\n}\nbody .av-special-heading.av-22cf6k-c8ebba4cfeebbc29a534a419de6eb901 .av-special-heading-tag .heading-char{\nfont-size:25px;\n}\n.av-special-heading.av-22cf6k-c8ebba4cfeebbc29a534a419de6eb901 .av-subheading{\nfont-size:15px;\n}\n<\/style>\n<div  class='av-special-heading av-22cf6k-c8ebba4cfeebbc29a534a419de6eb901 av-special-heading-h1  avia-builder-el-2  el_before_av_hr  avia-builder-el-first '><h1 class='av-special-heading-tag'  itemprop=\"headline\"  >Reaktiot terrori-iskuihin Yhdysvalloissa ja ulkomailla <\/h1><div class=\"special-heading-border\"><div class=\"special-heading-inner-border\"><\/div><\/div><\/div><br \/>\n\n<style type=\"text\/css\" data-created_by=\"avia_inline_auto\" id=\"style-css-av-lezyltli-bd1c5f5e641227e2541fd37d1a3f1139\">\n#top .hr.hr-invisible.av-lezyltli-bd1c5f5e641227e2541fd37d1a3f1139{\nheight:50px;\n}\n<\/style>\n<div  class='hr av-lezyltli-bd1c5f5e641227e2541fd37d1a3f1139 hr-invisible  avia-builder-el-3  el_after_av_heading  el_before_av_textblock '><span class='hr-inner '><span class=\"hr-inner-style\"><\/span><\/span><\/div><br \/>\n<section  class='av_textblock_section av-lezr0od0-94e7bd8ef786eea3c9a8d27065495667 '   itemscope=\"itemscope\" itemtype=\"https:\/\/schema.org\/CreativeWork\" ><div class='avia_textblock'  itemprop=\"text\" ><p><em><strong>Sota terrorismia vastaan<\/strong><\/em><\/p>\n<p>Yhdysvaltojen presidentti julisti \u201dsodan terrorismia vastaan\u201d ja kokosi sen k\u00e4ymiseen suuren liittokunnan. Yhdysvaltojen johtamat toimet k\u00e4ynnistyiv\u00e4t heti globaalissa puitteissa, sill\u00e4 vastustajakin toimi maailmanlaajuisesti. Kuitenkin asevoimien toiminta alkuvaiheessa painottui lounaiseen ja etel\u00e4iseen Aasiaan, miss\u00e4 tiedettiin islamististen terrorij\u00e4rjest\u00f6jen pit\u00e4v\u00e4n tukikohtiaan.<\/p>\n<p><em><strong>Al-Qaida<\/strong><\/em><\/p>\n<p>Syylliseksi syyskuun 2001 terrori-iskuihin nimettiin pian Osama bin Laden ja h\u00e4nt\u00e4 avustaneiden arabien yll\u00e4pit\u00e4m\u00e4 organisaatio al-Qaida, joka tuolloin k\u00e4ytti p\u00e4\u00e4asiallisena tukialueenaan Afganistania. J\u00e4rjest\u00f6\u00e4 syytettiin my\u00f6s osallisuudesta moniin aikaisempiin terroritekoihin, ennen kaikkea Keniassa ja Tansaniassa vuonna 1998 Yhdysvaltojen l\u00e4hetyst\u00f6j\u00e4 vastaan tehtyihin iskuihin.<\/p>\n<p><em><strong>Kansainv\u00e4linen tuki<\/strong><\/em><\/p>\n<p>Yhdysvallat sai YK:ssa helposti hyv\u00e4ksytyksi p\u00e4\u00e4t\u00f6slauselman, jossa tuomittiin terroriteot, vahvistettiin oikeus itsepuolustukseen ja kehotettiin YK:n j\u00e4senmaita toimintaan terrorismia vastaan. YK:lle ei kuitenkaan suotu mit\u00e4\u00e4n k\u00e4yt\u00e4nn\u00f6n operatiivisia johtamisvaltuuksia. Monet muutkin kansainv\u00e4liset organisaatiot antoivat tukensa terrorisminvastaiselle toiminnalle.<\/p>\n<p><em><strong>Naton reaktiot<\/strong><\/em><\/p>\n<p>Sotilasliitto Nato julisti Yhdysvaltoihin tehdyn terrori-iskun hy\u00f6kk\u00e4ysteoksi, joka laukaisi keskin\u00e4isen avunantomekanismin ensi kertaa liiton historiassa. K\u00e4yt\u00e4nn\u00f6ss\u00e4 sotilaallinen toiminta j\u00e4i l\u00e4hes kokonaan amerikkalaisten vastuulle.<\/p>\n<p>Terrorismin vastainen sota pani alulle kehityksen, jonka puitteissa amerikkalaisia joukkoja l\u00e4hetettiin toimintaan eri puolille maailmaa, ennen kaikkea L\u00e4hi-it\u00e4\u00e4n ja Keski-Aasiaan mutta lis\u00e4\u00e4ntyv\u00e4sti my\u00f6s Kaakkois-Aasiaan.<\/p>\n<p><em><strong>Sis\u00e4isen turvallisuuden tehostaminen<\/strong><\/em><\/p>\n<p>Kotimaan turvallisuuden tehostaminen sai Yhdysvalloissa heti terrori-iskujen j\u00e4lkeen runsaasti varoja, ja my\u00f6s lains\u00e4\u00e4d\u00e4nn\u00f6ll\u00e4 tehostettiin toimintaa. V\u00e4est\u00f6n kriisitunnelmaa lietsoi my\u00f6s pernaruttobakteereita levitt\u00e4neiden kirjeiden ilmaantuminen useiden virastojen ja lehtitalojen postin joukkoon. Tekij\u00e4\u00e4 tai edes ep\u00e4iltyj\u00e4 ei pitk\u00e4\u00e4n aikaan saatu selville, vaikka liittovaltion poliisi organisoi eritt\u00e4in laajan \u00a0tutkinnan.<\/p>\n<\/div><\/section><\/p><\/div>\n","protected":false},"excerpt":{"rendered":"","protected":false},"author":1,"featured_media":0,"parent":1075,"menu_order":2,"comment_status":"closed","ping_status":"closed","template":"","meta":{"footnotes":""},"class_list":["post-1132","page","type-page","status-publish","hentry"],"_links":{"self":[{"href":"https:\/\/maailmanmuutos.org\/index.php\/wp-json\/wp\/v2\/pages\/1132","targetHints":{"allow":["GET"]}}],"collection":[{"href":"https:\/\/maailmanmuutos.org\/index.php\/wp-json\/wp\/v2\/pages"}],"about":[{"href":"https:\/\/maailmanmuutos.org\/index.php\/wp-json\/wp\/v2\/types\/page"}],"author":[{"embeddable":true,"href":"https:\/\/maailmanmuutos.org\/index.php\/wp-json\/wp\/v2\/users\/1"}],"replies":[{"embeddable":true,"href":"https:\/\/maailmanmuutos.org\/index.php\/wp-json\/wp\/v2\/comments?post=1132"}],"version-history":[{"count":6,"href":"https:\/\/maailmanmuutos.org\/index.php\/wp-json\/wp\/v2\/pages\/1132\/revisions"}],"predecessor-version":[{"id":4295,"href":"https:\/\/maailmanmuutos.org\/index.php\/wp-json\/wp\/v2\/pages\/1132\/revisions\/4295"}],"up":[{"embeddable":true,"href":"https:\/\/maailmanmuutos.org\/index.php\/wp-json\/wp\/v2\/pages\/1075"}],"wp:attachment":[{"href":"https:\/\/maailmanmuutos.org\/index.php\/wp-json\/wp\/v2\/media?parent=1132"}],"curies":[{"name":"wp","href":"https:\/\/api.w.org\/{rel}","templated":true}]}}