{"id":1133,"date":"2023-03-08T17:54:59","date_gmt":"2023-03-08T17:54:59","guid":{"rendered":"http:\/\/us.ylirotu.fi\/?page_id=1133"},"modified":"2023-08-17T09:03:21","modified_gmt":"2023-08-17T09:03:21","slug":"hyokkays-afganistaniin-ja-taliban-hallinnon-kukistuminen","status":"publish","type":"page","link":"https:\/\/maailmanmuutos.org\/index.php\/kylmasta-sodasta-2000-luvulle\/yhdysvallat-ja-sota-terrorismia-vastaan\/terrori-iskut-yhdysvaltoihin-ja-reaktiot-syksylla-2001\/hyokkays-afganistaniin-ja-taliban-hallinnon-kukistuminen\/","title":{"rendered":"Hy\u00f6kk\u00e4ys Afganistaniin ja taliban-hallinnon kukistuminen\u00a0"},"content":{"rendered":"<div id='full_slider_1'  class='avia-fullwidth-slider main_color avia-shadow   avia-builder-el-0  el_before_av_one_full  avia-builder-el-first   container_wrap sidebar_right'  >\n<style type=\"text\/css\" data-created_by=\"avia_inline_auto\" id=\"style-css-av-kd4hz9nx-fb331aa0faaa9c578e2f07ccc45f5aa0\">\n#top #wrap_all .avia-slideshow .av-slideshow-caption.av-kd4hz9nx-fb331aa0faaa9c578e2f07ccc45f5aa0__0 .avia-caption-title{\nfont-size:22px;\n}\n#top .avia-slideshow .av-slideshow-caption.av-kd4hz9nx-fb331aa0faaa9c578e2f07ccc45f5aa0__0 .avia-caption-content{\nfont-size:14px;\n}\n#top .avia-slideshow .av-slideshow-caption.av-kd4hz9nx-fb331aa0faaa9c578e2f07ccc45f5aa0__0 .avia-caption-content p{\nfont-size:14px;\n}\n\n@media only screen and (min-width: 768px) and (max-width: 989px){ \n#top #wrap_all .avia-slideshow .av-slideshow-caption.av-kd4hz9nx-fb331aa0faaa9c578e2f07ccc45f5aa0__0 .avia-caption-title{\nfont-size:16px;\n}\n#top .avia-slideshow .av-slideshow-caption.av-kd4hz9nx-fb331aa0faaa9c578e2f07ccc45f5aa0__0 .avia-caption-content{\nfont-size:16px;\n}\n#top .avia-slideshow .av-slideshow-caption.av-kd4hz9nx-fb331aa0faaa9c578e2f07ccc45f5aa0__0 .avia-caption-content p{\nfont-size:16px;\n}\n}\n\n@media only screen and (min-width: 480px) and (max-width: 767px){ \n#top #wrap_all .avia-slideshow .av-slideshow-caption.av-kd4hz9nx-fb331aa0faaa9c578e2f07ccc45f5aa0__0 .avia-caption-title{\nfont-size:14px;\n}\n#top .avia-slideshow .av-slideshow-caption.av-kd4hz9nx-fb331aa0faaa9c578e2f07ccc45f5aa0__0 .avia-caption-content{\nfont-size:14px;\n}\n#top .avia-slideshow .av-slideshow-caption.av-kd4hz9nx-fb331aa0faaa9c578e2f07ccc45f5aa0__0 .avia-caption-content p{\nfont-size:14px;\n}\n}\n\n@media only screen and (max-width: 479px){ \n#top #wrap_all .avia-slideshow .av-slideshow-caption.av-kd4hz9nx-fb331aa0faaa9c578e2f07ccc45f5aa0__0 .avia-caption-title{\ndisplay:none;\n}\n#top .avia-slideshow .av-slideshow-caption.av-kd4hz9nx-fb331aa0faaa9c578e2f07ccc45f5aa0__0 .avia-caption-content{\ndisplay:none;\n}\n#top .avia-slideshow .av-slideshow-caption.av-kd4hz9nx-fb331aa0faaa9c578e2f07ccc45f5aa0__0 .avia-caption-content p{\ndisplay:none;\n}\n}\n<\/style>\n<div  class='avia-slideshow av-kd4hz9nx-fb331aa0faaa9c578e2f07ccc45f5aa0 avia-slideshow-featured av_slideshow_full avia-slide-slider av-slideshow-ui av-control-default av-slideshow-manual av-loop-once av-loop-manual-endless av-default-height-applied   avia-slideshow-1' data-slideshow-options=\"{&quot;animation&quot;:&quot;slide&quot;,&quot;autoplay&quot;:false,&quot;loop_autoplay&quot;:&quot;once&quot;,&quot;interval&quot;:5,&quot;loop_manual&quot;:&quot;manual-endless&quot;,&quot;autoplay_stopper&quot;:false,&quot;noNavigation&quot;:false,&quot;bg_slider&quot;:false,&quot;keep_padding&quot;:false,&quot;hoverpause&quot;:false,&quot;show_slide_delay&quot;:0}\"  itemprop=\"image\" itemscope=\"itemscope\" itemtype=\"https:\/\/schema.org\/ImageObject\" ><ul class='avia-slideshow-inner ' style='padding-bottom: 28.72411489646%;'><li  class='avia-slideshow-slide av-kd4hz9nx-fb331aa0faaa9c578e2f07ccc45f5aa0__0  av-single-slide slide-1 slide-odd'><div data-rel='slideshow-1' class='avia-slide-wrap '   ><img decoding=\"async\" fetchpriority=\"high\" class=\"wp-image-3105 avia-img-lazy-loading-not-3105\"  src=\"https:\/\/maailmanmuutos.org\/wp-content\/uploads\/2023\/08\/afganistan-sota.jpg\" width=\"1497\" height=\"430\" title='kuvituskuvat' alt=''  itemprop=\"thumbnailUrl\" srcset=\"https:\/\/maailmanmuutos.org\/wp-content\/uploads\/2023\/08\/afganistan-sota.jpg 1500w, https:\/\/maailmanmuutos.org\/wp-content\/uploads\/2023\/08\/afganistan-sota-800x230.jpg 800w, https:\/\/maailmanmuutos.org\/wp-content\/uploads\/2023\/08\/afganistan-sota-120x34.jpg 120w, https:\/\/maailmanmuutos.org\/wp-content\/uploads\/2023\/08\/afganistan-sota-768x221.jpg 768w, https:\/\/maailmanmuutos.org\/wp-content\/uploads\/2023\/08\/afganistan-sota-705x203.jpg 705w\" sizes=\"(max-width: 1497px) 100vw, 1497px\" \/><\/div><\/li><\/ul><\/div><\/div><div id='after_full_slider_1'  class='main_color av_default_container_wrap container_wrap sidebar_right'  ><div class='container av-section-cont-open' ><div class='template-page content  av-content-small alpha units'><div class='post-entry post-entry-type-page post-entry-1133'><div class='entry-content-wrapper clearfix'>\n\n<style type=\"text\/css\" data-created_by=\"avia_inline_auto\" id=\"style-css-av-5spn6-3d3e8ead61d02f87ad7c9f2fc625dc24\">\n.flex_column.av-5spn6-3d3e8ead61d02f87ad7c9f2fc625dc24{\nborder-radius:0px 0px 0px 0px;\npadding:0px 0px 0px 0px;\n}\n<\/style>\n<div  class='flex_column av-5spn6-3d3e8ead61d02f87ad7c9f2fc625dc24 av_one_full  avia-builder-el-1  el_after_av_slideshow_full  avia-builder-el-no-sibling  first flex_column_div av-zero-column-padding  '     ><p>\n<style type=\"text\/css\" data-created_by=\"avia_inline_auto\" id=\"style-css-av-2e45t9-bfc381305fe8085322df7ab86064b12a\">\n#top .av-special-heading.av-2e45t9-bfc381305fe8085322df7ab86064b12a{\npadding-bottom:10px;\n}\nbody .av-special-heading.av-2e45t9-bfc381305fe8085322df7ab86064b12a .av-special-heading-tag .heading-char{\nfont-size:25px;\n}\n.av-special-heading.av-2e45t9-bfc381305fe8085322df7ab86064b12a .av-subheading{\nfont-size:15px;\n}\n<\/style>\n<div  class='av-special-heading av-2e45t9-bfc381305fe8085322df7ab86064b12a av-special-heading-h1  avia-builder-el-2  el_before_av_hr  avia-builder-el-first '><h1 class='av-special-heading-tag'  itemprop=\"headline\"  >Hy\u00f6kk\u00e4ys Afganistaniin ja taliban-hallinnon kukistuminen <\/h1><div class=\"special-heading-border\"><div class=\"special-heading-inner-border\"><\/div><\/div><\/div><br \/>\n\n<style type=\"text\/css\" data-created_by=\"avia_inline_auto\" id=\"style-css-av-lezyltli-bd1c5f5e641227e2541fd37d1a3f1139\">\n#top .hr.hr-invisible.av-lezyltli-bd1c5f5e641227e2541fd37d1a3f1139{\nheight:50px;\n}\n<\/style>\n<div  class='hr av-lezyltli-bd1c5f5e641227e2541fd37d1a3f1139 hr-invisible  avia-builder-el-3  el_after_av_heading  el_before_av_textblock '><span class='hr-inner '><span class=\"hr-inner-style\"><\/span><\/span><\/div><br \/>\n<section  class='av_textblock_section av-lezr0od0-94e7bd8ef786eea3c9a8d27065495667 '   itemscope=\"itemscope\" itemtype=\"https:\/\/schema.org\/CreativeWork\" ><div class='avia_textblock'  itemprop=\"text\" ><p><em><strong>Joukkoja L\u00e4hi-it\u00e4\u00e4n<\/strong><\/em><\/p>\n<p>Syyskuun 2001 puolenv\u00e4lin aikoihin Yhdysvallat aloitti joukkojen keskityksen L\u00e4hi-it\u00e4\u00e4n ja Intian valtamerelle ja ryhtyi entist\u00e4 voimakkaammin painostamaan Afganistanissa valtaa pit\u00e4neit\u00e4 talibaneja lopettamaan tukensa al-Qaidalle.<\/p>\n<p>Afganistanissa oli sodittu kev\u00e4\u00e4ll\u00e4 1978 tapahtuneesta marxilaisesta vallankaappauksesta ja joulukuussa 1979 alkaneesta Neuvostoliiton miehityksest\u00e4 l\u00e4htien. Neuvostoliiton vet\u00e4ydytty\u00e4 vuonna 1989 sis\u00e4llissota jatkui, kunnes etel\u00e4st\u00e4 Pakistanin puolelta tulleet talibanit 1990-luvun puoliv\u00e4lin j\u00e4lkeen saivat haltuunsa suurimman osan Afganistania ja vakiinnuttivat valtansa p\u00e4\u00e4kaupungissa Kabulissa.<\/p>\n<p><em><strong>Hy\u00f6kk\u00e4ys Afganistaniin<\/strong><\/em><\/p>\n<p>Taliban-hallinnon kielt\u00e4ydytty\u00e4 luovuttamasta Osama bin Ladenia ja muita al-Qaidan johtohenkil\u00f6it\u00e4 Yhdysvaltojen joukot aloittivat 7. lokakuuta 2001 hy\u00f6kk\u00e4yksen Afganistaniin. P\u00e4\u00e4m\u00e4\u00e4r\u00e4ksi asetettiin talibanien ja heid\u00e4n suojeluksessaan toimineen al-Qaida -j\u00e4rjest\u00f6n kukistaminen ja korvaaminen yhteisty\u00f6haluisella hallituksella.<\/p>\n<p>Sotatoimet alkoivat ilmapommituksilla ja erikoisjoukkojen toimilla. Amerikkalaisten tukena oli pienehk\u00f6j\u00e4 englantilaisia osastoja ja my\u00f6hemmin monia muitakin liittolaisia.<\/p>\n<p><em><strong>Talibanit v\u00e4istyiv\u00e4t<\/strong><\/em><\/p>\n<p>Maataisteluja k\u00e4ytiin l\u00e4hinn\u00e4 Afganistanin pohjoisosista tulleiden Pohjoisen liiton joukkojen ja talibanien v\u00e4lill\u00e4. Talibanien vet\u00e4ydytty\u00e4 Kabulista ja muista maan keski- ja pohjoisosien kaupungeista taistelut jatkuivat etel\u00e4isess\u00e4 Afganistanissa. Joulukuun puoliv\u00e4liss\u00e4 Taliban-hallinto oli kukistunut, mutta sen kannattajia v\u00e4istyi vuorille ja Pakistanin puolelle valmistautumaan sissisodan jatkamiseen.<\/p>\n<p><em><strong>Uusi hallitus Afganistaniin<\/strong><\/em><\/p>\n<p>Afganistanin tilap\u00e4isen hallituksen p\u00e4\u00e4ministeriksi nimitettiin Hamid Karzai, joka sai Yhdysvaltojen ja yleens\u00e4kin l\u00e4nnen tuen.\u00a0 Uutta hallitusta avustamaan j\u00e4rjestyksenpidossa ja j\u00e4lleenrakennuksessa perustettiin YK:n valtuutuksella\u00a0 kansainv\u00e4linen rauhanturvajoukko ISAF. Se keskittyi aluksi toimintaan Kabulin alueella eik\u00e4 osallistunut taisteluihin.<\/p>\n<p>Yhdysvaltojen sodan t\u00e4rke\u00e4ksi p\u00e4\u00e4m\u00e4\u00e4r\u00e4ksi ilmoittama Osama bin Ladenin ja h\u00e4nen l\u00e4himpien apulaistensa ja liittolaistensa eliminoiminen j\u00e4i saavuttamatta, eik\u00e4 ollut my\u00f6sk\u00e4\u00e4n varmuutta sodan pikaisesta p\u00e4\u00e4ttymisest\u00e4. Toisaalta vastarinta uutta hallitusta kohtaan pysyi parin vuoden ajan heikkona.<\/p>\n<\/div><\/section><\/p><\/div>\n","protected":false},"excerpt":{"rendered":"","protected":false},"author":1,"featured_media":0,"parent":1075,"menu_order":3,"comment_status":"closed","ping_status":"closed","template":"","meta":{"footnotes":""},"class_list":["post-1133","page","type-page","status-publish","hentry"],"_links":{"self":[{"href":"https:\/\/maailmanmuutos.org\/index.php\/wp-json\/wp\/v2\/pages\/1133","targetHints":{"allow":["GET"]}}],"collection":[{"href":"https:\/\/maailmanmuutos.org\/index.php\/wp-json\/wp\/v2\/pages"}],"about":[{"href":"https:\/\/maailmanmuutos.org\/index.php\/wp-json\/wp\/v2\/types\/page"}],"author":[{"embeddable":true,"href":"https:\/\/maailmanmuutos.org\/index.php\/wp-json\/wp\/v2\/users\/1"}],"replies":[{"embeddable":true,"href":"https:\/\/maailmanmuutos.org\/index.php\/wp-json\/wp\/v2\/comments?post=1133"}],"version-history":[{"count":6,"href":"https:\/\/maailmanmuutos.org\/index.php\/wp-json\/wp\/v2\/pages\/1133\/revisions"}],"predecessor-version":[{"id":4297,"href":"https:\/\/maailmanmuutos.org\/index.php\/wp-json\/wp\/v2\/pages\/1133\/revisions\/4297"}],"up":[{"embeddable":true,"href":"https:\/\/maailmanmuutos.org\/index.php\/wp-json\/wp\/v2\/pages\/1075"}],"wp:attachment":[{"href":"https:\/\/maailmanmuutos.org\/index.php\/wp-json\/wp\/v2\/media?parent=1133"}],"curies":[{"name":"wp","href":"https:\/\/api.w.org\/{rel}","templated":true}]}}