{"id":1134,"date":"2023-03-08T17:54:59","date_gmt":"2023-03-08T17:54:59","guid":{"rendered":"http:\/\/us.ylirotu.fi\/?page_id=1134"},"modified":"2023-08-17T09:05:38","modified_gmt":"2023-08-17T09:05:38","slug":"bushin-oppi-sota-terrorismia-vastaan","status":"publish","type":"page","link":"https:\/\/maailmanmuutos.org\/index.php\/kylmasta-sodasta-2000-luvulle\/yhdysvallat-ja-sota-terrorismia-vastaan\/terrori-iskut-yhdysvaltoihin-ja-reaktiot-syksylla-2001\/bushin-oppi-sota-terrorismia-vastaan\/","title":{"rendered":"Bushin oppi: Sota terrorismia vastaan\u00a0"},"content":{"rendered":"<div id='full_slider_1'  class='avia-fullwidth-slider main_color avia-shadow   avia-builder-el-0  el_before_av_one_full  avia-builder-el-first   container_wrap sidebar_right'  >\n<style type=\"text\/css\" data-created_by=\"avia_inline_auto\" id=\"style-css-av-kd4hz9nx-fb331aa0faaa9c578e2f07ccc45f5aa0\">\n#top #wrap_all .avia-slideshow .av-slideshow-caption.av-kd4hz9nx-fb331aa0faaa9c578e2f07ccc45f5aa0__0 .avia-caption-title{\nfont-size:22px;\n}\n#top .avia-slideshow .av-slideshow-caption.av-kd4hz9nx-fb331aa0faaa9c578e2f07ccc45f5aa0__0 .avia-caption-content{\nfont-size:14px;\n}\n#top .avia-slideshow .av-slideshow-caption.av-kd4hz9nx-fb331aa0faaa9c578e2f07ccc45f5aa0__0 .avia-caption-content p{\nfont-size:14px;\n}\n\n@media only screen and (min-width: 768px) and (max-width: 989px){ \n#top #wrap_all .avia-slideshow .av-slideshow-caption.av-kd4hz9nx-fb331aa0faaa9c578e2f07ccc45f5aa0__0 .avia-caption-title{\nfont-size:16px;\n}\n#top .avia-slideshow .av-slideshow-caption.av-kd4hz9nx-fb331aa0faaa9c578e2f07ccc45f5aa0__0 .avia-caption-content{\nfont-size:16px;\n}\n#top .avia-slideshow .av-slideshow-caption.av-kd4hz9nx-fb331aa0faaa9c578e2f07ccc45f5aa0__0 .avia-caption-content p{\nfont-size:16px;\n}\n}\n\n@media only screen and (min-width: 480px) and (max-width: 767px){ \n#top #wrap_all .avia-slideshow .av-slideshow-caption.av-kd4hz9nx-fb331aa0faaa9c578e2f07ccc45f5aa0__0 .avia-caption-title{\nfont-size:14px;\n}\n#top .avia-slideshow .av-slideshow-caption.av-kd4hz9nx-fb331aa0faaa9c578e2f07ccc45f5aa0__0 .avia-caption-content{\nfont-size:14px;\n}\n#top .avia-slideshow .av-slideshow-caption.av-kd4hz9nx-fb331aa0faaa9c578e2f07ccc45f5aa0__0 .avia-caption-content p{\nfont-size:14px;\n}\n}\n\n@media only screen and (max-width: 479px){ \n#top #wrap_all .avia-slideshow .av-slideshow-caption.av-kd4hz9nx-fb331aa0faaa9c578e2f07ccc45f5aa0__0 .avia-caption-title{\ndisplay:none;\n}\n#top .avia-slideshow .av-slideshow-caption.av-kd4hz9nx-fb331aa0faaa9c578e2f07ccc45f5aa0__0 .avia-caption-content{\ndisplay:none;\n}\n#top .avia-slideshow .av-slideshow-caption.av-kd4hz9nx-fb331aa0faaa9c578e2f07ccc45f5aa0__0 .avia-caption-content p{\ndisplay:none;\n}\n}\n<\/style>\n<div  class='avia-slideshow av-kd4hz9nx-fb331aa0faaa9c578e2f07ccc45f5aa0 avia-slideshow-featured av_slideshow_full avia-slide-slider av-slideshow-ui av-control-default av-slideshow-manual av-loop-once av-loop-manual-endless av-default-height-applied   avia-slideshow-1' data-slideshow-options=\"{&quot;animation&quot;:&quot;slide&quot;,&quot;autoplay&quot;:false,&quot;loop_autoplay&quot;:&quot;once&quot;,&quot;interval&quot;:5,&quot;loop_manual&quot;:&quot;manual-endless&quot;,&quot;autoplay_stopper&quot;:false,&quot;noNavigation&quot;:false,&quot;bg_slider&quot;:false,&quot;keep_padding&quot;:false,&quot;hoverpause&quot;:false,&quot;show_slide_delay&quot;:0}\"  itemprop=\"image\" itemscope=\"itemscope\" itemtype=\"https:\/\/schema.org\/ImageObject\" ><ul class='avia-slideshow-inner ' style='padding-bottom: 28.72411489646%;'><li  class='avia-slideshow-slide av-kd4hz9nx-fb331aa0faaa9c578e2f07ccc45f5aa0__0  av-single-slide slide-1 slide-odd'><div data-rel='slideshow-1' class='avia-slide-wrap '   ><img decoding=\"async\" fetchpriority=\"high\" class=\"wp-image-3108 avia-img-lazy-loading-not-3108\"  src=\"https:\/\/maailmanmuutos.org\/wp-content\/uploads\/2023\/08\/Bush-terrorismi.jpg\" width=\"1497\" height=\"430\" title='kuvituskuvat' alt=''  itemprop=\"thumbnailUrl\" srcset=\"https:\/\/maailmanmuutos.org\/wp-content\/uploads\/2023\/08\/Bush-terrorismi.jpg 1500w, https:\/\/maailmanmuutos.org\/wp-content\/uploads\/2023\/08\/Bush-terrorismi-800x230.jpg 800w, https:\/\/maailmanmuutos.org\/wp-content\/uploads\/2023\/08\/Bush-terrorismi-120x34.jpg 120w, https:\/\/maailmanmuutos.org\/wp-content\/uploads\/2023\/08\/Bush-terrorismi-768x221.jpg 768w, https:\/\/maailmanmuutos.org\/wp-content\/uploads\/2023\/08\/Bush-terrorismi-705x203.jpg 705w\" sizes=\"(max-width: 1497px) 100vw, 1497px\" \/><\/div><\/li><\/ul><\/div><\/div><div id='after_full_slider_1'  class='main_color av_default_container_wrap container_wrap sidebar_right'  ><div class='container av-section-cont-open' ><div class='template-page content  av-content-small alpha units'><div class='post-entry post-entry-type-page post-entry-1134'><div class='entry-content-wrapper clearfix'>\n\n<style type=\"text\/css\" data-created_by=\"avia_inline_auto\" id=\"style-css-av-5spn6-3d3e8ead61d02f87ad7c9f2fc625dc24\">\n.flex_column.av-5spn6-3d3e8ead61d02f87ad7c9f2fc625dc24{\nborder-radius:0px 0px 0px 0px;\npadding:0px 0px 0px 0px;\n}\n<\/style>\n<div  class='flex_column av-5spn6-3d3e8ead61d02f87ad7c9f2fc625dc24 av_one_full  avia-builder-el-1  el_after_av_slideshow_full  avia-builder-el-no-sibling  first flex_column_div av-zero-column-padding  '     ><p>\n<style type=\"text\/css\" data-created_by=\"avia_inline_auto\" id=\"style-css-av-av_heading-6a4e2096bf2f5d861a9b636549a2b761\">\n#top .av-special-heading.av-av_heading-6a4e2096bf2f5d861a9b636549a2b761{\npadding-bottom:10px;\n}\nbody .av-special-heading.av-av_heading-6a4e2096bf2f5d861a9b636549a2b761 .av-special-heading-tag .heading-char{\nfont-size:25px;\n}\n.av-special-heading.av-av_heading-6a4e2096bf2f5d861a9b636549a2b761 .av-subheading{\nfont-size:15px;\n}\n<\/style>\n<div  class='av-special-heading av-av_heading-6a4e2096bf2f5d861a9b636549a2b761 av-special-heading-h1  avia-builder-el-2  el_before_av_hr  avia-builder-el-first '><h1 class='av-special-heading-tag'  itemprop=\"headline\"  >Bushin oppi: Sota terrorismia vastaan <\/h1><div class=\"special-heading-border\"><div class=\"special-heading-inner-border\"><\/div><\/div><\/div><br \/>\n\n<style type=\"text\/css\" data-created_by=\"avia_inline_auto\" id=\"style-css-av-lezyltli-bd1c5f5e641227e2541fd37d1a3f1139\">\n#top .hr.hr-invisible.av-lezyltli-bd1c5f5e641227e2541fd37d1a3f1139{\nheight:50px;\n}\n<\/style>\n<div  class='hr av-lezyltli-bd1c5f5e641227e2541fd37d1a3f1139 hr-invisible  avia-builder-el-3  el_after_av_heading  el_before_av_textblock '><span class='hr-inner '><span class=\"hr-inner-style\"><\/span><\/span><\/div><br \/>\n<section  class='av_textblock_section av-lezr0od0-94e7bd8ef786eea3c9a8d27065495667 '   itemscope=\"itemscope\" itemtype=\"https:\/\/schema.org\/CreativeWork\" ><div class='avia_textblock'  itemprop=\"text\" ><p><strong><i>Bushin puhe<\/i><\/strong><\/p>\n<p>Presidentti George W. Bush piti kongressissa tammikuun 2002 lopulla puheen, jossa h\u00e4n selvitti terrorisminvastaisen sodan k\u00e4ymisen periaatteita. H\u00e4nen mukaansa Yhdysvalloilla oli p\u00e4\u00e4m\u00e4\u00e4r\u00e4n\u00e4 tuhota terroristien harjoitusleirit ja tuoda terroristit oikeuden eteen sek\u00e4 toisaalta est\u00e4\u00e4 terroristeja ja valtioita, jotka pyrkiv\u00e4t hankkimaan kemiallisia, biologisia tai ydinaseita, uhkaamasta Yhdysvaltoja ja maailmaa.<\/p>\n<p>Bush sanoi Irakin, Iranin ja Pohjois-Korean muodostavan maailmanrauhaa uhkaavan \u201cpahuuden akselin\u201d, eik\u00e4 Yhdysvallat sallisi noiden \u201droistovaltioiden\u201d uhkaavan muita joukkotuhoaseillaan. H\u00e4n lupasi jatkaa rohkeaa toimintaa vaaroja vastaan, sill\u00e4 \u201dmeid\u00e4n velvollisuutemme ja etuoikeutemme on taistella vapauden puolesta.\u201d<\/p>\n<p><strong><i>&#8221;Hyv\u00e4n puolesta pahaa vastaan\u201d<\/i><\/strong><\/p>\n<p>My\u00f6s budjetissa presidentin ilmoituksen mukaan tuli n\u00e4ky\u00e4 selv\u00e4sti kansakunnan turvallisuudesta huolehtiminen. Sille asetettiin kolme tavoitetta: \u201cMe voitamme t\u00e4m\u00e4n sodan, suojaamme kotimaamme ja elvyt\u00e4mme taloutemme.\u201d Koko puhetta leimasi vahva ideologinen julistus, doktriini, jonka puitteissa ei ollut sijaa kompromisseille. \u00a0Hallituksen toistaman k\u00e4sityksen mukaan taistelua k\u00e4ytiin \u201dhyv\u00e4n puolesta pahaa vastaan\u201d, ja siksi se tultaisiin voittamaan. Yleisesti arvioitiin, ett\u00e4 amerikkalainen patriotismi oli nyt muuttumassa nationalismiksi, ja se ei miellytt\u00e4nyt monia vanhoja Amerikan yst\u00e4vi\u00e4.<\/p>\n<p><strong><i>Terrorismin vastaisen sodan periaatteet<\/i><\/strong><\/p>\n<p>Syksyll\u00e4 2002 Yhdysvaltojen sotilasstrateginen oppi sai my\u00f6s virallisesti tunnustetun hy\u00f6kk\u00e4yksellisen leiman. Kylm\u00e4n sodan aikana toiminutta \u201dpatoamisen\u201d oppia ei en\u00e4\u00e4 pidetty p\u00e4tev\u00e4n\u00e4 est\u00e4m\u00e4\u00e4n uusia uhkia. Kongressin vahvistamassa doktriinissa sanottiin, ettei terroristeja voi pelottaa uhkaamalla massiivisella vastaiskulla, koska heid\u00e4n verkostoillaan ei ollut kiinte\u00e4\u00e4 tukialuetta eik\u00e4 puolustettavana kansakuntaa tai kansalaisia. Terrorismin vastaisen sodan keinovalikoimaan lis\u00e4ttiin \u201cennaltaehk\u00e4isy\u201d, mik\u00e4 tarkoitti ennakoivaa hy\u00f6kk\u00e4yst\u00e4 sinne, miss\u00e4 ehk\u00e4 vasta suunniteltiin pahoja tekoja Yhdysvaltojen vastaan. My\u00f6s keinot kovenivat, kun perusteluna k\u00e4ytettiin vastustajan rikollisuutta ja pahuutta.<\/p>\n<\/div><\/section><\/p><\/div>\n","protected":false},"excerpt":{"rendered":"","protected":false},"author":1,"featured_media":0,"parent":1075,"menu_order":4,"comment_status":"closed","ping_status":"closed","template":"","meta":{"footnotes":""},"class_list":["post-1134","page","type-page","status-publish","hentry"],"_links":{"self":[{"href":"https:\/\/maailmanmuutos.org\/index.php\/wp-json\/wp\/v2\/pages\/1134","targetHints":{"allow":["GET"]}}],"collection":[{"href":"https:\/\/maailmanmuutos.org\/index.php\/wp-json\/wp\/v2\/pages"}],"about":[{"href":"https:\/\/maailmanmuutos.org\/index.php\/wp-json\/wp\/v2\/types\/page"}],"author":[{"embeddable":true,"href":"https:\/\/maailmanmuutos.org\/index.php\/wp-json\/wp\/v2\/users\/1"}],"replies":[{"embeddable":true,"href":"https:\/\/maailmanmuutos.org\/index.php\/wp-json\/wp\/v2\/comments?post=1134"}],"version-history":[{"count":6,"href":"https:\/\/maailmanmuutos.org\/index.php\/wp-json\/wp\/v2\/pages\/1134\/revisions"}],"predecessor-version":[{"id":4299,"href":"https:\/\/maailmanmuutos.org\/index.php\/wp-json\/wp\/v2\/pages\/1134\/revisions\/4299"}],"up":[{"embeddable":true,"href":"https:\/\/maailmanmuutos.org\/index.php\/wp-json\/wp\/v2\/pages\/1075"}],"wp:attachment":[{"href":"https:\/\/maailmanmuutos.org\/index.php\/wp-json\/wp\/v2\/media?parent=1134"}],"curies":[{"name":"wp","href":"https:\/\/api.w.org\/{rel}","templated":true}]}}