{"id":1135,"date":"2023-03-08T17:54:59","date_gmt":"2023-03-08T17:54:59","guid":{"rendered":"http:\/\/us.ylirotu.fi\/?page_id=1135"},"modified":"2023-08-17T09:06:10","modified_gmt":"2023-08-17T09:06:10","slug":"talouden-nakymat-2000-luvun-alussa","status":"publish","type":"page","link":"https:\/\/maailmanmuutos.org\/index.php\/kylmasta-sodasta-2000-luvulle\/yhdysvallat-ja-sota-terrorismia-vastaan\/terrori-iskut-yhdysvaltoihin-ja-reaktiot-syksylla-2001\/talouden-nakymat-2000-luvun-alussa\/","title":{"rendered":"Talouden n\u00e4kym\u00e4t 2000-luvun alussa\u00a0"},"content":{"rendered":"<div id='full_slider_1'  class='avia-fullwidth-slider main_color avia-shadow   avia-builder-el-0  el_before_av_one_full  avia-builder-el-first   container_wrap sidebar_right'  >\n<style type=\"text\/css\" data-created_by=\"avia_inline_auto\" id=\"style-css-av-kd4hz9nx-fb331aa0faaa9c578e2f07ccc45f5aa0\">\n#top #wrap_all .avia-slideshow .av-slideshow-caption.av-kd4hz9nx-fb331aa0faaa9c578e2f07ccc45f5aa0__0 .avia-caption-title{\nfont-size:22px;\n}\n#top .avia-slideshow .av-slideshow-caption.av-kd4hz9nx-fb331aa0faaa9c578e2f07ccc45f5aa0__0 .avia-caption-content{\nfont-size:14px;\n}\n#top .avia-slideshow .av-slideshow-caption.av-kd4hz9nx-fb331aa0faaa9c578e2f07ccc45f5aa0__0 .avia-caption-content p{\nfont-size:14px;\n}\n\n@media only screen and (min-width: 768px) and (max-width: 989px){ \n#top #wrap_all .avia-slideshow .av-slideshow-caption.av-kd4hz9nx-fb331aa0faaa9c578e2f07ccc45f5aa0__0 .avia-caption-title{\nfont-size:16px;\n}\n#top .avia-slideshow .av-slideshow-caption.av-kd4hz9nx-fb331aa0faaa9c578e2f07ccc45f5aa0__0 .avia-caption-content{\nfont-size:16px;\n}\n#top .avia-slideshow .av-slideshow-caption.av-kd4hz9nx-fb331aa0faaa9c578e2f07ccc45f5aa0__0 .avia-caption-content p{\nfont-size:16px;\n}\n}\n\n@media only screen and (min-width: 480px) and (max-width: 767px){ \n#top #wrap_all .avia-slideshow .av-slideshow-caption.av-kd4hz9nx-fb331aa0faaa9c578e2f07ccc45f5aa0__0 .avia-caption-title{\nfont-size:14px;\n}\n#top .avia-slideshow .av-slideshow-caption.av-kd4hz9nx-fb331aa0faaa9c578e2f07ccc45f5aa0__0 .avia-caption-content{\nfont-size:14px;\n}\n#top .avia-slideshow .av-slideshow-caption.av-kd4hz9nx-fb331aa0faaa9c578e2f07ccc45f5aa0__0 .avia-caption-content p{\nfont-size:14px;\n}\n}\n\n@media only screen and (max-width: 479px){ \n#top #wrap_all .avia-slideshow .av-slideshow-caption.av-kd4hz9nx-fb331aa0faaa9c578e2f07ccc45f5aa0__0 .avia-caption-title{\ndisplay:none;\n}\n#top .avia-slideshow .av-slideshow-caption.av-kd4hz9nx-fb331aa0faaa9c578e2f07ccc45f5aa0__0 .avia-caption-content{\ndisplay:none;\n}\n#top .avia-slideshow .av-slideshow-caption.av-kd4hz9nx-fb331aa0faaa9c578e2f07ccc45f5aa0__0 .avia-caption-content p{\ndisplay:none;\n}\n}\n<\/style>\n<div  class='avia-slideshow av-kd4hz9nx-fb331aa0faaa9c578e2f07ccc45f5aa0 avia-slideshow-featured av_slideshow_full avia-slide-slider av-slideshow-ui av-control-default av-slideshow-manual av-loop-once av-loop-manual-endless av-default-height-applied   avia-slideshow-1' data-slideshow-options=\"{&quot;animation&quot;:&quot;slide&quot;,&quot;autoplay&quot;:false,&quot;loop_autoplay&quot;:&quot;once&quot;,&quot;interval&quot;:5,&quot;loop_manual&quot;:&quot;manual-endless&quot;,&quot;autoplay_stopper&quot;:false,&quot;noNavigation&quot;:false,&quot;bg_slider&quot;:false,&quot;keep_padding&quot;:false,&quot;hoverpause&quot;:false,&quot;show_slide_delay&quot;:0}\"  itemprop=\"image\" itemscope=\"itemscope\" itemtype=\"https:\/\/schema.org\/ImageObject\" ><ul class='avia-slideshow-inner ' style='padding-bottom: 28.666666666667%;'><li  class='avia-slideshow-slide av-kd4hz9nx-fb331aa0faaa9c578e2f07ccc45f5aa0__0  av-single-slide slide-1 slide-odd'><div data-rel='slideshow-1' class='avia-slide-wrap '   ><img decoding=\"async\" fetchpriority=\"high\" class=\"wp-image-3111 avia-img-lazy-loading-not-3111\"  src=\"https:\/\/maailmanmuutos.org\/wp-content\/uploads\/2023\/08\/jfk-airport-1500x430.jpg\" width=\"1500\" height=\"430\" title='kuvituskuvat' alt=''  itemprop=\"thumbnailUrl\" srcset=\"https:\/\/maailmanmuutos.org\/wp-content\/uploads\/2023\/08\/jfk-airport-1500x431.jpg 1500w, https:\/\/maailmanmuutos.org\/wp-content\/uploads\/2023\/08\/jfk-airport-800x230.jpg 800w, https:\/\/maailmanmuutos.org\/wp-content\/uploads\/2023\/08\/jfk-airport-120x34.jpg 120w, https:\/\/maailmanmuutos.org\/wp-content\/uploads\/2023\/08\/jfk-airport-768x220.jpg 768w, https:\/\/maailmanmuutos.org\/wp-content\/uploads\/2023\/08\/jfk-airport-1536x441.jpg 1536w, https:\/\/maailmanmuutos.org\/wp-content\/uploads\/2023\/08\/jfk-airport-705x202.jpg 705w, https:\/\/maailmanmuutos.org\/wp-content\/uploads\/2023\/08\/jfk-airport.jpg 2000w\" sizes=\"(max-width: 1500px) 100vw, 1500px\" \/><\/div><\/li><\/ul><\/div><\/div><div id='after_full_slider_1'  class='main_color av_default_container_wrap container_wrap sidebar_right'  ><div class='container av-section-cont-open' ><div class='template-page content  av-content-small alpha units'><div class='post-entry post-entry-type-page post-entry-1135'><div class='entry-content-wrapper clearfix'>\n\n<style type=\"text\/css\" data-created_by=\"avia_inline_auto\" id=\"style-css-av-5spn6-3d3e8ead61d02f87ad7c9f2fc625dc24\">\n.flex_column.av-5spn6-3d3e8ead61d02f87ad7c9f2fc625dc24{\nborder-radius:0px 0px 0px 0px;\npadding:0px 0px 0px 0px;\n}\n<\/style>\n<div  class='flex_column av-5spn6-3d3e8ead61d02f87ad7c9f2fc625dc24 av_one_full  avia-builder-el-1  el_after_av_slideshow_full  avia-builder-el-no-sibling  first flex_column_div av-zero-column-padding  '     ><p>\n<style type=\"text\/css\" data-created_by=\"avia_inline_auto\" id=\"style-css-av-28y4a7-0e7f21d0170ed8086e340213eda6eb8f\">\n#top .av-special-heading.av-28y4a7-0e7f21d0170ed8086e340213eda6eb8f{\npadding-bottom:10px;\n}\nbody .av-special-heading.av-28y4a7-0e7f21d0170ed8086e340213eda6eb8f .av-special-heading-tag .heading-char{\nfont-size:25px;\n}\n.av-special-heading.av-28y4a7-0e7f21d0170ed8086e340213eda6eb8f .av-subheading{\nfont-size:15px;\n}\n<\/style>\n<div  class='av-special-heading av-28y4a7-0e7f21d0170ed8086e340213eda6eb8f av-special-heading-h1  avia-builder-el-2  el_before_av_hr  avia-builder-el-first '><h1 class='av-special-heading-tag'  itemprop=\"headline\"  >Talouden n\u00e4kym\u00e4t 2000-luvun alussa <\/h1><div class=\"special-heading-border\"><div class=\"special-heading-inner-border\"><\/div><\/div><\/div><br \/>\n\n<style type=\"text\/css\" data-created_by=\"avia_inline_auto\" id=\"style-css-av-lezyltli-bd1c5f5e641227e2541fd37d1a3f1139\">\n#top .hr.hr-invisible.av-lezyltli-bd1c5f5e641227e2541fd37d1a3f1139{\nheight:50px;\n}\n<\/style>\n<div  class='hr av-lezyltli-bd1c5f5e641227e2541fd37d1a3f1139 hr-invisible  avia-builder-el-3  el_after_av_heading  el_before_av_textblock '><span class='hr-inner '><span class=\"hr-inner-style\"><\/span><\/span><\/div><br \/>\n<section  class='av_textblock_section av-lezr0od0-94e7bd8ef786eea3c9a8d27065495667 '   itemscope=\"itemscope\" itemtype=\"https:\/\/schema.org\/CreativeWork\" ><div class='avia_textblock'  itemprop=\"text\" ><p><em><strong>Takaiskuja taloudessa<\/strong><\/em><\/p>\n<p>Yhdysvaltojen talouden kehitys 2000-luvun alussa oli monien odotuksia hitaampaa. Siihen vaikuttivat syyskuun 2001 terrori-iskujen aiheuttamat tappiot lentoliikenteelle, \u00f6ljyn hinnan nousu sek\u00e4 er\u00e4iden suurten yritysten konkurssit ja kirjanpitoep\u00e4selvyydet. T\u00e4ll\u00e4 kaikella oli voimakkaita negatiivisia heijastusvaikutuksia koko maailman talousn\u00e4kymiin.<\/p>\n<p><em><strong>Poliittiset paineet<\/strong><\/em><\/p>\n<p>Poliittiset paineet presidentti Bushia vastaan kasvoivat, ja vaadittiin pontevia toimia taloustilanteen korjaamiseksi. Lehdist\u00f6ss\u00e4 esitettyyn kritiikkiin sis\u00e4ltyi my\u00f6s ehdotuksia tehd\u00e4 talouden pirist\u00e4miseksi jotain n\u00e4ytt\u00e4v\u00e4\u00e4 ulkopolitiikan alalla. Esimerkiksi nopea, voitollinen sota Irakia vastaan oli silt\u00e4 kannalta tervetullut.<\/p>\n<p><em><strong>Hy\u00f6k\u00e4t\u00e4\u00e4nk\u00f6 Irakiin?<\/strong><\/em><\/p>\n<p>Tuotiin esille my\u00f6s vaaroja, joita taloudelle koituisi kohoavien \u00f6ljynhintojen ja suurten sotakustannusten vuoksi. Mahdollisen hy\u00f6kk\u00e4yksen Irakia vastaan arvioitiin maksavan noin 80 miljardia dollaria, eik\u00e4 kustannusten jakajiksi ollut tiedossa paljonkaan liittolaisia. Persianlahden sodasta 1991 aiheutuneista 60 miljardin dollarin kustannuksista Saudi-Arabia, Japani ja Saksa maksoivat 80 prosentin osuuden, mutta nyt ne kielt\u00e4ytyiv\u00e4t vastaavanlaisesta rahoituksesta.<\/p>\n<\/div><\/section><\/p><\/div>\n","protected":false},"excerpt":{"rendered":"","protected":false},"author":1,"featured_media":0,"parent":1075,"menu_order":5,"comment_status":"closed","ping_status":"closed","template":"","meta":{"footnotes":""},"class_list":["post-1135","page","type-page","status-publish","hentry"],"_links":{"self":[{"href":"https:\/\/maailmanmuutos.org\/index.php\/wp-json\/wp\/v2\/pages\/1135","targetHints":{"allow":["GET"]}}],"collection":[{"href":"https:\/\/maailmanmuutos.org\/index.php\/wp-json\/wp\/v2\/pages"}],"about":[{"href":"https:\/\/maailmanmuutos.org\/index.php\/wp-json\/wp\/v2\/types\/page"}],"author":[{"embeddable":true,"href":"https:\/\/maailmanmuutos.org\/index.php\/wp-json\/wp\/v2\/users\/1"}],"replies":[{"embeddable":true,"href":"https:\/\/maailmanmuutos.org\/index.php\/wp-json\/wp\/v2\/comments?post=1135"}],"version-history":[{"count":6,"href":"https:\/\/maailmanmuutos.org\/index.php\/wp-json\/wp\/v2\/pages\/1135\/revisions"}],"predecessor-version":[{"id":4301,"href":"https:\/\/maailmanmuutos.org\/index.php\/wp-json\/wp\/v2\/pages\/1135\/revisions\/4301"}],"up":[{"embeddable":true,"href":"https:\/\/maailmanmuutos.org\/index.php\/wp-json\/wp\/v2\/pages\/1075"}],"wp:attachment":[{"href":"https:\/\/maailmanmuutos.org\/index.php\/wp-json\/wp\/v2\/media?parent=1135"}],"curies":[{"name":"wp","href":"https:\/\/api.w.org\/{rel}","templated":true}]}}