{"id":1136,"date":"2023-03-08T17:55:57","date_gmt":"2023-03-08T17:55:57","guid":{"rendered":"http:\/\/us.ylirotu.fi\/?page_id=1136"},"modified":"2023-08-17T08:26:10","modified_gmt":"2023-08-17T08:26:10","slug":"sota-bosnia-hertsegovinassa-2","status":"publish","type":"page","link":"https:\/\/maailmanmuutos.org\/index.php\/kylmasta-sodasta-2000-luvulle\/euroopan-turvallisuuspoliittinen-kehitys-1990-luvulla\/jugoslavian-hajoamissodat\/sota-bosnia-hertsegovinassa-2\/","title":{"rendered":"YK:n\u00a0rauhanturvaoperaatiot\u00a0Jugoslaviassa\u00a0\u00a0"},"content":{"rendered":"<div id='full_slider_1'  class='avia-fullwidth-slider main_color avia-shadow   avia-builder-el-0  el_before_av_one_full  avia-builder-el-first   container_wrap sidebar_right'  >\n<style type=\"text\/css\" data-created_by=\"avia_inline_auto\" id=\"style-css-av-kd4hz9nx-fb331aa0faaa9c578e2f07ccc45f5aa0\">\n#top #wrap_all .avia-slideshow .av-slideshow-caption.av-kd4hz9nx-fb331aa0faaa9c578e2f07ccc45f5aa0__0 .avia-caption-title{\nfont-size:22px;\n}\n#top .avia-slideshow .av-slideshow-caption.av-kd4hz9nx-fb331aa0faaa9c578e2f07ccc45f5aa0__0 .avia-caption-content{\nfont-size:14px;\n}\n#top .avia-slideshow .av-slideshow-caption.av-kd4hz9nx-fb331aa0faaa9c578e2f07ccc45f5aa0__0 .avia-caption-content p{\nfont-size:14px;\n}\n\n@media only screen and (min-width: 768px) and (max-width: 989px){ \n#top #wrap_all .avia-slideshow .av-slideshow-caption.av-kd4hz9nx-fb331aa0faaa9c578e2f07ccc45f5aa0__0 .avia-caption-title{\nfont-size:16px;\n}\n#top .avia-slideshow .av-slideshow-caption.av-kd4hz9nx-fb331aa0faaa9c578e2f07ccc45f5aa0__0 .avia-caption-content{\nfont-size:16px;\n}\n#top .avia-slideshow .av-slideshow-caption.av-kd4hz9nx-fb331aa0faaa9c578e2f07ccc45f5aa0__0 .avia-caption-content p{\nfont-size:16px;\n}\n}\n\n@media only screen and (min-width: 480px) and (max-width: 767px){ \n#top #wrap_all .avia-slideshow .av-slideshow-caption.av-kd4hz9nx-fb331aa0faaa9c578e2f07ccc45f5aa0__0 .avia-caption-title{\nfont-size:14px;\n}\n#top .avia-slideshow .av-slideshow-caption.av-kd4hz9nx-fb331aa0faaa9c578e2f07ccc45f5aa0__0 .avia-caption-content{\nfont-size:14px;\n}\n#top .avia-slideshow .av-slideshow-caption.av-kd4hz9nx-fb331aa0faaa9c578e2f07ccc45f5aa0__0 .avia-caption-content p{\nfont-size:14px;\n}\n}\n\n@media only screen and (max-width: 479px){ \n#top #wrap_all .avia-slideshow .av-slideshow-caption.av-kd4hz9nx-fb331aa0faaa9c578e2f07ccc45f5aa0__0 .avia-caption-title{\ndisplay:none;\n}\n#top .avia-slideshow .av-slideshow-caption.av-kd4hz9nx-fb331aa0faaa9c578e2f07ccc45f5aa0__0 .avia-caption-content{\ndisplay:none;\n}\n#top .avia-slideshow .av-slideshow-caption.av-kd4hz9nx-fb331aa0faaa9c578e2f07ccc45f5aa0__0 .avia-caption-content p{\ndisplay:none;\n}\n}\n<\/style>\n<div  class='avia-slideshow av-kd4hz9nx-fb331aa0faaa9c578e2f07ccc45f5aa0 avia-slideshow-featured av_slideshow_full avia-slide-slider av-slideshow-ui av-control-default av-slideshow-manual av-loop-once av-loop-manual-endless av-default-height-applied   avia-slideshow-1' data-slideshow-options=\"{&quot;animation&quot;:&quot;slide&quot;,&quot;autoplay&quot;:false,&quot;loop_autoplay&quot;:&quot;once&quot;,&quot;interval&quot;:5,&quot;loop_manual&quot;:&quot;manual-endless&quot;,&quot;autoplay_stopper&quot;:false,&quot;noNavigation&quot;:false,&quot;bg_slider&quot;:false,&quot;keep_padding&quot;:false,&quot;hoverpause&quot;:false,&quot;show_slide_delay&quot;:0}\"  itemprop=\"image\" itemscope=\"itemscope\" itemtype=\"https:\/\/schema.org\/ImageObject\" ><ul class='avia-slideshow-inner ' style='padding-bottom: 28.72411489646%;'><li  class='avia-slideshow-slide av-kd4hz9nx-fb331aa0faaa9c578e2f07ccc45f5aa0__0  av-single-slide slide-1 slide-odd'><div data-rel='slideshow-1' class='avia-slide-wrap '   ><img decoding=\"async\" fetchpriority=\"high\" class=\"wp-image-2975 avia-img-lazy-loading-not-2975\"  src=\"https:\/\/maailmanmuutos.org\/wp-content\/uploads\/2023\/08\/UN-sniper-alley.jpg\" width=\"1497\" height=\"430\" title='kuvituskuvat' alt=''  itemprop=\"thumbnailUrl\" srcset=\"https:\/\/maailmanmuutos.org\/wp-content\/uploads\/2023\/08\/UN-sniper-alley.jpg 1500w, https:\/\/maailmanmuutos.org\/wp-content\/uploads\/2023\/08\/UN-sniper-alley-800x230.jpg 800w, https:\/\/maailmanmuutos.org\/wp-content\/uploads\/2023\/08\/UN-sniper-alley-120x34.jpg 120w, https:\/\/maailmanmuutos.org\/wp-content\/uploads\/2023\/08\/UN-sniper-alley-768x221.jpg 768w, https:\/\/maailmanmuutos.org\/wp-content\/uploads\/2023\/08\/UN-sniper-alley-705x203.jpg 705w\" sizes=\"(max-width: 1497px) 100vw, 1497px\" \/><\/div><\/li><\/ul><\/div><\/div><div id='after_full_slider_1'  class='main_color av_default_container_wrap container_wrap sidebar_right'  ><div class='container av-section-cont-open' ><div class='template-page content  av-content-small alpha units'><div class='post-entry post-entry-type-page post-entry-1136'><div class='entry-content-wrapper clearfix'>\n\n<style type=\"text\/css\" data-created_by=\"avia_inline_auto\" id=\"style-css-av-5spn6-3d3e8ead61d02f87ad7c9f2fc625dc24\">\n.flex_column.av-5spn6-3d3e8ead61d02f87ad7c9f2fc625dc24{\nborder-radius:0px 0px 0px 0px;\npadding:0px 0px 0px 0px;\n}\n<\/style>\n<div  class='flex_column av-5spn6-3d3e8ead61d02f87ad7c9f2fc625dc24 av_one_full  avia-builder-el-1  el_after_av_slideshow_full  avia-builder-el-no-sibling  first flex_column_div av-zero-column-padding  '     ><p>\n<style type=\"text\/css\" data-created_by=\"avia_inline_auto\" id=\"style-css-av-av_heading-098b83b84fc04d7a05f81bb96ead0150\">\n#top .av-special-heading.av-av_heading-098b83b84fc04d7a05f81bb96ead0150{\npadding-bottom:10px;\n}\nbody .av-special-heading.av-av_heading-098b83b84fc04d7a05f81bb96ead0150 .av-special-heading-tag .heading-char{\nfont-size:25px;\n}\n.av-special-heading.av-av_heading-098b83b84fc04d7a05f81bb96ead0150 .av-subheading{\nfont-size:15px;\n}\n<\/style>\n<div  class='av-special-heading av-av_heading-098b83b84fc04d7a05f81bb96ead0150 av-special-heading-h1  avia-builder-el-2  el_before_av_hr  avia-builder-el-first '><h1 class='av-special-heading-tag'  itemprop=\"headline\"  >YK:n rauhanturvaoperaatiot Jugoslaviassa <\/h1><div class=\"special-heading-border\"><div class=\"special-heading-inner-border\"><\/div><\/div><\/div><br \/>\n\n<style type=\"text\/css\" data-created_by=\"avia_inline_auto\" id=\"style-css-av-2msntc-cdcb8aa5626beebad1914b56ed9617c7\">\n#top .hr.hr-invisible.av-2msntc-cdcb8aa5626beebad1914b56ed9617c7{\nheight:50px;\n}\n<\/style>\n<div  class='hr av-2msntc-cdcb8aa5626beebad1914b56ed9617c7 hr-invisible  avia-builder-el-3  el_after_av_heading  el_before_av_textblock '><span class='hr-inner '><span class=\"hr-inner-style\"><\/span><\/span><\/div><br \/>\n<section  class='av_textblock_section av-lezr0od0-94e7bd8ef786eea3c9a8d27065495667 '   itemscope=\"itemscope\" itemtype=\"https:\/\/schema.org\/CreativeWork\" ><div class='avia_textblock'  itemprop=\"text\" ><p><em><strong>Eritt\u00e4in vaikeat olot<\/strong><\/em><\/p>\n<p>YK kantoi Jugoslavian hajoamissodissa vastuuta rauhanturvatoiminnasta eritt\u00e4in vaikeissa oloissa. Vuodenvaihteessa 1990\/1991 Kroatiaan aikaansaadun aselevon valvontaan perustettu rauhanturvajoukko UNPROFOR (United Nations Protection Force) joutui heti ryhmittyess\u00e4\u00e4n toiminta-alueelle keskelle Bosnia-Hertsegovinassa alkanutta sotaa. YK ei toipunut Bosnian sodan alkuvaiheen sekasorrosta, kun Kroatian aselevon valvontaa varten perustetun rauhanturvajoukon piti naapurimaan sodan aikana \u201dturvata rauhaa, jota ei ollut\u201d.<\/p>\n<p><em><strong>YK tuki humanitaarista avustustoimintaa<\/strong><\/em><\/p>\n<p>YK keskittyi l\u00e4hinn\u00e4 humanitaariseen avustustoimintaan, ja siin\u00e4 onnistuttiin verraten hyvin. Odotukset taistelujen hillitsemisest\u00e4 tai siviiliv\u00e4est\u00f6n tehokkaasta suojaamisesta olivat ylimitoitettuja, eiv\u00e4tk\u00e4 sellaiseen rooliin viitanneet YK:n p\u00e4\u00e4t\u00f6slauselmat voineet toteutua kent\u00e4ll\u00e4. UNPROFOR sai kyll\u00e4kin lis\u00e4\u00e4ntyneiden teht\u00e4vien my\u00f6t\u00e4 laajat, peruskirjan VII lukuun pohjautuneet toimintavaltuudet, ja lis\u00e4ksi Naton ilmavoimat m\u00e4\u00e4r\u00e4ttiin antamaan tukea YK:lle.<\/p>\n<p><em><strong>YK koettiin osapuoleksi<\/strong><\/em><\/p>\n<p>K\u00e4yt\u00e4nn\u00f6ss\u00e4 osoittautui, ettei rauhanturvaajien tukena ollutta asevoimaa useinkaan voitu k\u00e4ytt\u00e4\u00e4 edes pelotukseen joko poliittisista syist\u00e4 tai joukkojen riitt\u00e4m\u00e4tt\u00f6myyden vuoksi. YK pyrki toimimaan puolueettomana, mutta kapinaan nousseet serbit kokivat sen viimeist\u00e4\u00e4n vuoden 1995 alussa konfliktin osapuoleksi, joka toimi heit\u00e4 vastaan. Silloin laajoille alueille levitt\u00e4ytyneist\u00e4 rauhanturvaajista tuli potentiaalisia ja lopulta todellisia serbien panttivankeja, mist\u00e4 syyst\u00e4 ulkopuolisen intervention aloittaminen vaikeutui entisest\u00e4\u00e4n.<\/p>\n<p><em><strong>Humanitaarinen avustustoiminta etusijalla<\/strong><\/em><\/p>\n<p>YK:n j\u00e4senmaat olivat jatkuvasti erimielisi\u00e4 rauhanturvajoukon teht\u00e4vist\u00e4, toimintaperiaatteista, kokoonpanosta ja varustuksesta. P\u00e4\u00e4sihteerin monista vetoomuksista huolimatta \u00a0joukot j\u00e4iv\u00e4t tavoitevahvuuksia pienemmiksi, ja tappiot pakottivat varovaisuuteen. YK:n avustusorganisaatio (UNHCR) ja muut humanitaariset j\u00e4rjest\u00f6t huolehtivat v\u00e4est\u00f6n perustavasta toimeentulosta ja onnistuivat siin\u00e4 olosuhteisiin n\u00e4hden ainakin tyydytt\u00e4v\u00e4sti.<\/p>\n<p><em><strong>Rauhanturvaamisesta ristiriitaisia kokemuksia<\/strong><\/em><\/p>\n<p>Rauhanturvaoperaatiot osaltaan my\u00f6t\u00e4vaikuttivat tilanteen rauhoittamiseen Balkanilla, mutta monet konfliktit yh\u00e4 j\u00e4iv\u00e4t odottamaan pysyv\u00e4mpi\u00e4 ratkaisuja. Kriisinhallinnasta Jugoslavian hajoamissodissa saatiin kaikkiaan hyvin ristiriitaisia kokemuksia, joiden analysointi on kest\u00e4nyt \u00a0kauan ja tuottanut vaikeasti tulkittavia tuloksia ajatellen tulevaisuuden tarpeita. Vahvistui my\u00f6s ep\u00e4ilys, etteiv\u00e4t kriisit<br \/>\nuseinkaan ole hallittavissa, kun sek\u00e4 konfliktin osapuolet ett\u00e4 ulkopuoliset tahot antavat mielell\u00e4\u00e4n aseille ratkaisuvallan tai tyytyv\u00e4t odottelemaan ajan kulumista ja suotuisempien olosuhteiden ilmaantumista.<\/p>\n<p>Jugoslavian hajoamisen v\u00e4kivaltaisuus ja siihen liittyneet rauhanturvaamisen ongelmat 1990-luvun alkuvuosina pakottivat kehitt\u00e4m\u00e4\u00e4n entist\u00e4 monipuolisempia menetelmi\u00e4 kriisien hallintaan, ja saadut kokemukset vaikuttivat my\u00f6s Suomessa p\u00e4\u00e4t\u00f6ksiin osallistumisesta \u00a0rauhanturvaoperaatioihin tai pysyttelyyn niist\u00e4 erossa.<\/p>\n<\/div><\/section><\/p><\/div>\n","protected":false},"excerpt":{"rendered":"","protected":false},"author":1,"featured_media":0,"parent":1092,"menu_order":5,"comment_status":"closed","ping_status":"closed","template":"","meta":{"footnotes":""},"class_list":["post-1136","page","type-page","status-publish","hentry"],"_links":{"self":[{"href":"https:\/\/maailmanmuutos.org\/index.php\/wp-json\/wp\/v2\/pages\/1136","targetHints":{"allow":["GET"]}}],"collection":[{"href":"https:\/\/maailmanmuutos.org\/index.php\/wp-json\/wp\/v2\/pages"}],"about":[{"href":"https:\/\/maailmanmuutos.org\/index.php\/wp-json\/wp\/v2\/types\/page"}],"author":[{"embeddable":true,"href":"https:\/\/maailmanmuutos.org\/index.php\/wp-json\/wp\/v2\/users\/1"}],"replies":[{"embeddable":true,"href":"https:\/\/maailmanmuutos.org\/index.php\/wp-json\/wp\/v2\/comments?post=1136"}],"version-history":[{"count":6,"href":"https:\/\/maailmanmuutos.org\/index.php\/wp-json\/wp\/v2\/pages\/1136\/revisions"}],"predecessor-version":[{"id":4211,"href":"https:\/\/maailmanmuutos.org\/index.php\/wp-json\/wp\/v2\/pages\/1136\/revisions\/4211"}],"up":[{"embeddable":true,"href":"https:\/\/maailmanmuutos.org\/index.php\/wp-json\/wp\/v2\/pages\/1092"}],"wp:attachment":[{"href":"https:\/\/maailmanmuutos.org\/index.php\/wp-json\/wp\/v2\/media?parent=1136"}],"curies":[{"name":"wp","href":"https:\/\/api.w.org\/{rel}","templated":true}]}}