{"id":1165,"date":"2023-03-08T18:02:10","date_gmt":"2023-03-08T18:02:10","guid":{"rendered":"http:\/\/us.ylirotu.fi\/?page_id=1165"},"modified":"2023-08-17T09:07:58","modified_gmt":"2023-08-17T09:07:58","slug":"yhdysvaltojen-yritykset-ykn-tuen-saamiseksi","status":"publish","type":"page","link":"https:\/\/maailmanmuutos.org\/index.php\/kylmasta-sodasta-2000-luvulle\/yhdysvallat-ja-sota-terrorismia-vastaan\/irakin-sota-vuodesta-2003\/yhdysvaltojen-yritykset-ykn-tuen-saamiseksi\/","title":{"rendered":"Yhdysvaltojen yritykset YK:n tuen saamiseksi\u00a0"},"content":{"rendered":"<div id='full_slider_1'  class='avia-fullwidth-slider main_color avia-shadow   avia-builder-el-0  el_before_av_one_full  avia-builder-el-first   container_wrap sidebar_right'  >\n<style type=\"text\/css\" data-created_by=\"avia_inline_auto\" id=\"style-css-av-kd4hz9nx-fb331aa0faaa9c578e2f07ccc45f5aa0\">\n#top #wrap_all .avia-slideshow .av-slideshow-caption.av-kd4hz9nx-fb331aa0faaa9c578e2f07ccc45f5aa0__0 .avia-caption-title{\nfont-size:22px;\n}\n#top .avia-slideshow .av-slideshow-caption.av-kd4hz9nx-fb331aa0faaa9c578e2f07ccc45f5aa0__0 .avia-caption-content{\nfont-size:14px;\n}\n#top .avia-slideshow .av-slideshow-caption.av-kd4hz9nx-fb331aa0faaa9c578e2f07ccc45f5aa0__0 .avia-caption-content p{\nfont-size:14px;\n}\n\n@media only screen and (min-width: 768px) and (max-width: 989px){ \n#top #wrap_all .avia-slideshow .av-slideshow-caption.av-kd4hz9nx-fb331aa0faaa9c578e2f07ccc45f5aa0__0 .avia-caption-title{\nfont-size:16px;\n}\n#top .avia-slideshow .av-slideshow-caption.av-kd4hz9nx-fb331aa0faaa9c578e2f07ccc45f5aa0__0 .avia-caption-content{\nfont-size:16px;\n}\n#top .avia-slideshow .av-slideshow-caption.av-kd4hz9nx-fb331aa0faaa9c578e2f07ccc45f5aa0__0 .avia-caption-content p{\nfont-size:16px;\n}\n}\n\n@media only screen and (min-width: 480px) and (max-width: 767px){ \n#top #wrap_all .avia-slideshow .av-slideshow-caption.av-kd4hz9nx-fb331aa0faaa9c578e2f07ccc45f5aa0__0 .avia-caption-title{\nfont-size:14px;\n}\n#top .avia-slideshow .av-slideshow-caption.av-kd4hz9nx-fb331aa0faaa9c578e2f07ccc45f5aa0__0 .avia-caption-content{\nfont-size:14px;\n}\n#top .avia-slideshow .av-slideshow-caption.av-kd4hz9nx-fb331aa0faaa9c578e2f07ccc45f5aa0__0 .avia-caption-content p{\nfont-size:14px;\n}\n}\n\n@media only screen and (max-width: 479px){ \n#top #wrap_all .avia-slideshow .av-slideshow-caption.av-kd4hz9nx-fb331aa0faaa9c578e2f07ccc45f5aa0__0 .avia-caption-title{\ndisplay:none;\n}\n#top .avia-slideshow .av-slideshow-caption.av-kd4hz9nx-fb331aa0faaa9c578e2f07ccc45f5aa0__0 .avia-caption-content{\ndisplay:none;\n}\n#top .avia-slideshow .av-slideshow-caption.av-kd4hz9nx-fb331aa0faaa9c578e2f07ccc45f5aa0__0 .avia-caption-content p{\ndisplay:none;\n}\n}\n<\/style>\n<div  class='avia-slideshow av-kd4hz9nx-fb331aa0faaa9c578e2f07ccc45f5aa0 avia-slideshow-featured av_slideshow_full avia-slide-slider av-slideshow-ui av-control-default av-slideshow-manual av-loop-once av-loop-manual-endless av-default-height-applied   avia-slideshow-1' data-slideshow-options=\"{&quot;animation&quot;:&quot;slide&quot;,&quot;autoplay&quot;:false,&quot;loop_autoplay&quot;:&quot;once&quot;,&quot;interval&quot;:5,&quot;loop_manual&quot;:&quot;manual-endless&quot;,&quot;autoplay_stopper&quot;:false,&quot;noNavigation&quot;:false,&quot;bg_slider&quot;:false,&quot;keep_padding&quot;:false,&quot;hoverpause&quot;:false,&quot;show_slide_delay&quot;:0}\"  itemprop=\"image\" itemscope=\"itemscope\" itemtype=\"https:\/\/schema.org\/ImageObject\" ><ul class='avia-slideshow-inner ' style='padding-bottom: 28.72411489646%;'><li  class='avia-slideshow-slide av-kd4hz9nx-fb331aa0faaa9c578e2f07ccc45f5aa0__0  av-single-slide slide-1 slide-odd'><div data-rel='slideshow-1' class='avia-slide-wrap '   ><img decoding=\"async\" fetchpriority=\"high\" class=\"wp-image-3124 avia-img-lazy-loading-not-3124\"  src=\"https:\/\/maailmanmuutos.org\/wp-content\/uploads\/2023\/08\/irak-joukkotuhoaseet.jpg\" width=\"1497\" height=\"430\" title='kuvituskuvat' alt=''  itemprop=\"thumbnailUrl\" srcset=\"https:\/\/maailmanmuutos.org\/wp-content\/uploads\/2023\/08\/irak-joukkotuhoaseet.jpg 1500w, https:\/\/maailmanmuutos.org\/wp-content\/uploads\/2023\/08\/irak-joukkotuhoaseet-800x230.jpg 800w, https:\/\/maailmanmuutos.org\/wp-content\/uploads\/2023\/08\/irak-joukkotuhoaseet-120x34.jpg 120w, https:\/\/maailmanmuutos.org\/wp-content\/uploads\/2023\/08\/irak-joukkotuhoaseet-768x221.jpg 768w, https:\/\/maailmanmuutos.org\/wp-content\/uploads\/2023\/08\/irak-joukkotuhoaseet-705x203.jpg 705w\" sizes=\"(max-width: 1497px) 100vw, 1497px\" \/><\/div><\/li><\/ul><\/div><\/div><div id='after_full_slider_1'  class='main_color av_default_container_wrap container_wrap sidebar_right'  ><div class='container av-section-cont-open' ><div class='template-page content  av-content-small alpha units'><div class='post-entry post-entry-type-page post-entry-1165'><div class='entry-content-wrapper clearfix'>\n\n<style type=\"text\/css\" data-created_by=\"avia_inline_auto\" id=\"style-css-av-5spn6-3d3e8ead61d02f87ad7c9f2fc625dc24\">\n.flex_column.av-5spn6-3d3e8ead61d02f87ad7c9f2fc625dc24{\nborder-radius:0px 0px 0px 0px;\npadding:0px 0px 0px 0px;\n}\n<\/style>\n<div  class='flex_column av-5spn6-3d3e8ead61d02f87ad7c9f2fc625dc24 av_one_full  avia-builder-el-1  el_after_av_slideshow_full  avia-builder-el-no-sibling  first flex_column_div av-zero-column-padding  '     ><p>\n<style type=\"text\/css\" data-created_by=\"avia_inline_auto\" id=\"style-css-av-39mf65-bda001cb14fb75985116c3e7ea100260\">\n#top .av-special-heading.av-39mf65-bda001cb14fb75985116c3e7ea100260{\npadding-bottom:10px;\n}\nbody .av-special-heading.av-39mf65-bda001cb14fb75985116c3e7ea100260 .av-special-heading-tag .heading-char{\nfont-size:25px;\n}\n.av-special-heading.av-39mf65-bda001cb14fb75985116c3e7ea100260 .av-subheading{\nfont-size:15px;\n}\n<\/style>\n<div  class='av-special-heading av-39mf65-bda001cb14fb75985116c3e7ea100260 av-special-heading-h1  avia-builder-el-2  el_before_av_hr  avia-builder-el-first '><h1 class='av-special-heading-tag'  itemprop=\"headline\"  >Yhdysvaltojen yritykset YK:n tuen saamiseksi <\/h1><div class=\"special-heading-border\"><div class=\"special-heading-inner-border\"><\/div><\/div><\/div><br \/>\n\n<style type=\"text\/css\" data-created_by=\"avia_inline_auto\" id=\"style-css-av-lezyltli-bd1c5f5e641227e2541fd37d1a3f1139\">\n#top .hr.hr-invisible.av-lezyltli-bd1c5f5e641227e2541fd37d1a3f1139{\nheight:50px;\n}\n<\/style>\n<div  class='hr av-lezyltli-bd1c5f5e641227e2541fd37d1a3f1139 hr-invisible  avia-builder-el-3  el_after_av_heading  el_before_av_textblock '><span class='hr-inner '><span class=\"hr-inner-style\"><\/span><\/span><\/div><br \/>\n<section  class='av_textblock_section av-lezr0od0-94e7bd8ef786eea3c9a8d27065495667 '   itemscope=\"itemscope\" itemtype=\"https:\/\/schema.org\/CreativeWork\" ><div class='avia_textblock'  itemprop=\"text\" ><p><em><strong>Kysymys joukkotuhoaseista<\/strong><\/em><\/p>\n<p>Syksyll\u00e4 2002 Yhdysvaltojen hallitus pyrki YK:ssa saamaan p\u00e4\u00e4t\u00f6kset Irakin pakotteiden ja joukkotuhoaseiden valvonnan kirist\u00e4miseksi. Turvallisuusneuvostossa ei kuitenkaan ollut halukkuutta uhkavaatimuksen esitt\u00e4miseen tai valtuuksien antamiseen Yhdysvaltojen johtamalle toiminnalle.<\/p>\n<p>Presidentti Bush esitti yleiskokoukselle selke\u00e4n vaatimuksen ryhty\u00e4 toimintaan Irakia vastaan tai muuten Yhdysvallat toimisi tarvittaessa yksin. H\u00e4n syytti Irakia joukkotuhoaseiden kehitt\u00e4misest\u00e4 ja hallussapidosta sek\u00e4 terroristien suojelemisesta,\u00a0 joskaan h\u00e4n ei pystynyt esitt\u00e4m\u00e4\u00e4n mit\u00e4\u00e4n vakuuttavia todisteita v\u00e4itteidens\u00e4 tueksi.<\/p>\n<p><em><strong>Turvallisuusneuvostossa erimielisyytt\u00e4<\/strong><\/em><\/p>\n<p>Yhdysvaltojen painostus YK:ta kohtaan jatkui tuottamatta kuitenkaan selv\u00e4\u00e4 tulosta. Vuoden 2003 alussa YK:n piiriss\u00e4 k\u00e4ytiin sitkeit\u00e4 v\u00e4ittelyj\u00e4 Yhdysvaltojen esitt\u00e4mien vaatimusten ja varovaisempaa toimintalinjaa suosittaneiden valtioiden v\u00e4lill\u00e4. Turvallisuusneuvoston pysyvist\u00e4 j\u00e4senmaista amerikkalaisia tuki vain Iso-Britannia, kun taas Ranska, Ven\u00e4j\u00e4 ja Kiina eiv\u00e4t pit\u00e4neet Irakin vastaisen sodan aloittamista \u00a0oikeutettuna. Euroopan unionin maista torjuvaan kantaan yhtyi my\u00f6s Saksa.<\/p>\n<p><em><strong>Asetarkastajia Irakiin<\/strong><\/em><\/p>\n<p>Turvallisuusneuvosto antoi kansainv\u00e4lisen ydinaseiden valvontaviraston IAEA:n selvitt\u00e4\u00e4, onko Irak luopunut joukkotuhoaseista. YK:n tarkastajat olivat jo vuodesta 1991 valvoneet tarkastuksillaan, ett\u00e4 Irakin joukkotuhoaseiden kehittely oli lopetettu ja kemiallisten aseiden varastot tuhottu.<\/p>\n<p>Yhdysvallat ei kuitenkaan uskonut Irakin selityksi\u00e4 eik\u00e4 asetarkastajien raportteja vaan pyrki osoittamaan, ett\u00e4 Irak on harhauttanut tarkastajia ja jatkanut joukkotuhoaseiden kehittely\u00e4. T\u00e4m\u00e4 ei kuitenkaan vakuuttanut kansainv\u00e4lisi\u00e4 tarkkailijoita, sill\u00e4 todisteet osoittautuivat hatariksi.<\/p>\n<\/div><\/section><\/p><\/div>\n","protected":false},"excerpt":{"rendered":"","protected":false},"author":1,"featured_media":0,"parent":1081,"menu_order":2,"comment_status":"closed","ping_status":"closed","template":"","meta":{"footnotes":""},"class_list":["post-1165","page","type-page","status-publish","hentry"],"_links":{"self":[{"href":"https:\/\/maailmanmuutos.org\/index.php\/wp-json\/wp\/v2\/pages\/1165","targetHints":{"allow":["GET"]}}],"collection":[{"href":"https:\/\/maailmanmuutos.org\/index.php\/wp-json\/wp\/v2\/pages"}],"about":[{"href":"https:\/\/maailmanmuutos.org\/index.php\/wp-json\/wp\/v2\/types\/page"}],"author":[{"embeddable":true,"href":"https:\/\/maailmanmuutos.org\/index.php\/wp-json\/wp\/v2\/users\/1"}],"replies":[{"embeddable":true,"href":"https:\/\/maailmanmuutos.org\/index.php\/wp-json\/wp\/v2\/comments?post=1165"}],"version-history":[{"count":6,"href":"https:\/\/maailmanmuutos.org\/index.php\/wp-json\/wp\/v2\/pages\/1165\/revisions"}],"predecessor-version":[{"id":4307,"href":"https:\/\/maailmanmuutos.org\/index.php\/wp-json\/wp\/v2\/pages\/1165\/revisions\/4307"}],"up":[{"embeddable":true,"href":"https:\/\/maailmanmuutos.org\/index.php\/wp-json\/wp\/v2\/pages\/1081"}],"wp:attachment":[{"href":"https:\/\/maailmanmuutos.org\/index.php\/wp-json\/wp\/v2\/media?parent=1165"}],"curies":[{"name":"wp","href":"https:\/\/api.w.org\/{rel}","templated":true}]}}