{"id":1168,"date":"2023-03-08T18:02:10","date_gmt":"2023-03-08T18:02:10","guid":{"rendered":"http:\/\/us.ylirotu.fi\/?page_id=1168"},"modified":"2023-08-17T09:09:13","modified_gmt":"2023-08-17T09:09:13","slug":"saddam-husseinin-kukistuminen-ja-miehityksen-alku","status":"publish","type":"page","link":"https:\/\/maailmanmuutos.org\/index.php\/kylmasta-sodasta-2000-luvulle\/yhdysvallat-ja-sota-terrorismia-vastaan\/irakin-sota-vuodesta-2003\/saddam-husseinin-kukistuminen-ja-miehityksen-alku\/","title":{"rendered":"Saddam Husseinin kukistuminen ja miehityksen alku\u00a0"},"content":{"rendered":"<div id='full_slider_1'  class='avia-fullwidth-slider main_color avia-shadow   avia-builder-el-0  el_before_av_one_full  avia-builder-el-first   container_wrap sidebar_right'  >\n<style type=\"text\/css\" data-created_by=\"avia_inline_auto\" id=\"style-css-av-kd4hz9nx-fb331aa0faaa9c578e2f07ccc45f5aa0\">\n#top #wrap_all .avia-slideshow .av-slideshow-caption.av-kd4hz9nx-fb331aa0faaa9c578e2f07ccc45f5aa0__0 .avia-caption-title{\nfont-size:22px;\n}\n#top .avia-slideshow .av-slideshow-caption.av-kd4hz9nx-fb331aa0faaa9c578e2f07ccc45f5aa0__0 .avia-caption-content{\nfont-size:14px;\n}\n#top .avia-slideshow .av-slideshow-caption.av-kd4hz9nx-fb331aa0faaa9c578e2f07ccc45f5aa0__0 .avia-caption-content p{\nfont-size:14px;\n}\n\n@media only screen and (min-width: 768px) and (max-width: 989px){ \n#top #wrap_all .avia-slideshow .av-slideshow-caption.av-kd4hz9nx-fb331aa0faaa9c578e2f07ccc45f5aa0__0 .avia-caption-title{\nfont-size:16px;\n}\n#top .avia-slideshow .av-slideshow-caption.av-kd4hz9nx-fb331aa0faaa9c578e2f07ccc45f5aa0__0 .avia-caption-content{\nfont-size:16px;\n}\n#top .avia-slideshow .av-slideshow-caption.av-kd4hz9nx-fb331aa0faaa9c578e2f07ccc45f5aa0__0 .avia-caption-content p{\nfont-size:16px;\n}\n}\n\n@media only screen and (min-width: 480px) and (max-width: 767px){ \n#top #wrap_all .avia-slideshow .av-slideshow-caption.av-kd4hz9nx-fb331aa0faaa9c578e2f07ccc45f5aa0__0 .avia-caption-title{\nfont-size:14px;\n}\n#top .avia-slideshow .av-slideshow-caption.av-kd4hz9nx-fb331aa0faaa9c578e2f07ccc45f5aa0__0 .avia-caption-content{\nfont-size:14px;\n}\n#top .avia-slideshow .av-slideshow-caption.av-kd4hz9nx-fb331aa0faaa9c578e2f07ccc45f5aa0__0 .avia-caption-content p{\nfont-size:14px;\n}\n}\n\n@media only screen and (max-width: 479px){ \n#top #wrap_all .avia-slideshow .av-slideshow-caption.av-kd4hz9nx-fb331aa0faaa9c578e2f07ccc45f5aa0__0 .avia-caption-title{\ndisplay:none;\n}\n#top .avia-slideshow .av-slideshow-caption.av-kd4hz9nx-fb331aa0faaa9c578e2f07ccc45f5aa0__0 .avia-caption-content{\ndisplay:none;\n}\n#top .avia-slideshow .av-slideshow-caption.av-kd4hz9nx-fb331aa0faaa9c578e2f07ccc45f5aa0__0 .avia-caption-content p{\ndisplay:none;\n}\n}\n<\/style>\n<div  class='avia-slideshow av-kd4hz9nx-fb331aa0faaa9c578e2f07ccc45f5aa0 avia-slideshow-featured av_slideshow_full avia-slide-slider av-slideshow-ui av-control-default av-slideshow-manual av-loop-once av-loop-manual-endless av-default-height-applied   avia-slideshow-1' data-slideshow-options=\"{&quot;animation&quot;:&quot;slide&quot;,&quot;autoplay&quot;:false,&quot;loop_autoplay&quot;:&quot;once&quot;,&quot;interval&quot;:5,&quot;loop_manual&quot;:&quot;manual-endless&quot;,&quot;autoplay_stopper&quot;:false,&quot;noNavigation&quot;:false,&quot;bg_slider&quot;:false,&quot;keep_padding&quot;:false,&quot;hoverpause&quot;:false,&quot;show_slide_delay&quot;:0}\"  itemprop=\"image\" itemscope=\"itemscope\" itemtype=\"https:\/\/schema.org\/ImageObject\" ><ul class='avia-slideshow-inner ' style='padding-bottom: 28.72411489646%;'><li  class='avia-slideshow-slide av-kd4hz9nx-fb331aa0faaa9c578e2f07ccc45f5aa0__0  av-single-slide slide-1 slide-odd'><div data-rel='slideshow-1' class='avia-slide-wrap '   ><img decoding=\"async\" fetchpriority=\"high\" class=\"wp-image-3135 avia-img-lazy-loading-not-3135\"  src=\"https:\/\/maailmanmuutos.org\/wp-content\/uploads\/2023\/08\/saddamin-kaatuminen.jpg\" width=\"1497\" height=\"430\" title='kuvituskuvat' alt=''  itemprop=\"thumbnailUrl\" srcset=\"https:\/\/maailmanmuutos.org\/wp-content\/uploads\/2023\/08\/saddamin-kaatuminen.jpg 1500w, https:\/\/maailmanmuutos.org\/wp-content\/uploads\/2023\/08\/saddamin-kaatuminen-800x230.jpg 800w, https:\/\/maailmanmuutos.org\/wp-content\/uploads\/2023\/08\/saddamin-kaatuminen-120x34.jpg 120w, https:\/\/maailmanmuutos.org\/wp-content\/uploads\/2023\/08\/saddamin-kaatuminen-768x221.jpg 768w, https:\/\/maailmanmuutos.org\/wp-content\/uploads\/2023\/08\/saddamin-kaatuminen-705x203.jpg 705w\" sizes=\"(max-width: 1497px) 100vw, 1497px\" \/><\/div><\/li><\/ul><\/div><\/div><div id='after_full_slider_1'  class='main_color av_default_container_wrap container_wrap sidebar_right'  ><div class='container av-section-cont-open' ><div class='template-page content  av-content-small alpha units'><div class='post-entry post-entry-type-page post-entry-1168'><div class='entry-content-wrapper clearfix'>\n\n<style type=\"text\/css\" data-created_by=\"avia_inline_auto\" id=\"style-css-av-5spn6-3d3e8ead61d02f87ad7c9f2fc625dc24\">\n.flex_column.av-5spn6-3d3e8ead61d02f87ad7c9f2fc625dc24{\nborder-radius:0px 0px 0px 0px;\npadding:0px 0px 0px 0px;\n}\n<\/style>\n<div  class='flex_column av-5spn6-3d3e8ead61d02f87ad7c9f2fc625dc24 av_one_full  avia-builder-el-1  el_after_av_slideshow_full  avia-builder-el-no-sibling  first flex_column_div av-zero-column-padding  '     ><p>\n<style type=\"text\/css\" data-created_by=\"avia_inline_auto\" id=\"style-css-av-2ecqhc-c6c726339d8720654f5998d1e1217343\">\n#top .av-special-heading.av-2ecqhc-c6c726339d8720654f5998d1e1217343{\npadding-bottom:10px;\n}\nbody .av-special-heading.av-2ecqhc-c6c726339d8720654f5998d1e1217343 .av-special-heading-tag .heading-char{\nfont-size:25px;\n}\n.av-special-heading.av-2ecqhc-c6c726339d8720654f5998d1e1217343 .av-subheading{\nfont-size:15px;\n}\n<\/style>\n<div  class='av-special-heading av-2ecqhc-c6c726339d8720654f5998d1e1217343 av-special-heading-h1  avia-builder-el-2  el_before_av_hr  avia-builder-el-first '><h1 class='av-special-heading-tag'  itemprop=\"headline\"  >Saddam Husseinin kukistuminen ja miehityksen alku <\/h1><div class=\"special-heading-border\"><div class=\"special-heading-inner-border\"><\/div><\/div><\/div><br \/>\n\n<style type=\"text\/css\" data-created_by=\"avia_inline_auto\" id=\"style-css-av-lezyltli-bd1c5f5e641227e2541fd37d1a3f1139\">\n#top .hr.hr-invisible.av-lezyltli-bd1c5f5e641227e2541fd37d1a3f1139{\nheight:50px;\n}\n<\/style>\n<div  class='hr av-lezyltli-bd1c5f5e641227e2541fd37d1a3f1139 hr-invisible  avia-builder-el-3  el_after_av_heading  el_before_av_textblock '><span class='hr-inner '><span class=\"hr-inner-style\"><\/span><\/span><\/div><br \/>\n<section  class='av_textblock_section av-lezr0od0-94e7bd8ef786eea3c9a8d27065495667 '   itemscope=\"itemscope\" itemtype=\"https:\/\/schema.org\/CreativeWork\" ><div class='avia_textblock'  itemprop=\"text\" ><p><em><strong>Bagdadin kukistuminen<\/strong><\/em><\/p>\n<p>Yhdysvaltojen joukot valtasivat Bagdadin kansainv\u00e4lisen lentokent\u00e4n huhtikuun alkup\u00e4ivin\u00e4 ja jatkoivat siit\u00e4 kohti suurkaupungin keskustaa. Symbolisesti merkitt\u00e4v\u00e4 tapahtuma oli Saddam Husseinia esitt\u00e4neen patsaan kaataminen Bagdadin keskustassa 9. huhtikuuta. Tapahtuman n\u00e4ytt\u00e4minen televisiossa oli merkki hallinnon kukistumisesta, vaikka hajanaiset taistelut Irakin pohjoisosissa viel\u00e4 jatkuivatkin l\u00e4hiviikkojen aikana.<\/p>\n<p><em><strong>P\u00e4\u00e4ttyik\u00f6 sota?<\/strong><\/em><\/p>\n<p>Presidentti Bush julisti varsinaiset sotatoimet p\u00e4\u00e4ttyneiksi 1. toukokuuta puheessaan lentotukialus Abraham Lincolnin kannella. Samalla h\u00e4n onnitteli kotiin palaavia ensimm\u00e4isi\u00e4 joukkoja hyvin suoritetusta teht\u00e4v\u00e4st\u00e4.<\/p>\n<p>Sotilaallisen voiton hohtoa himmensi se, ett\u00e4 Irakin johto oli l\u00e4hes kokonaisuudessaan paennut p\u00e4\u00e4kaupungista eik\u00e4 sen olinpaikkaa tiedetty. Viel\u00e4kin vakavampaa oli j\u00e4rjestyksenpidon romahtaminen, sill\u00e4 Bagdadissa ja monissa muissa kaupungeissa alkoi laajamittainen ry\u00f6stely ja julkisen omaisuuden tuhoaminen. Kansainv\u00e4lisesti huomiota her\u00e4tti etenkin korvaamattomien muinaisaarteiden katoaminen tai tuhoutuminen Bagdadin kirjastoissa ja museoissa.<\/p>\n<p><em><strong>Miehityshallinto vaikeuksissa<\/strong><\/em><\/p>\n<p>Yhdysvaltojen hallitus ja asevoimat olivat heikosti valmistautuneet sotatoimien p\u00e4\u00e4ttymisen j\u00e4lkeiseen aikaan. Sotilasjohto ei kiirehtinyt organisoimaan tehokasta miehityshallintoa, eiv\u00e4tk\u00e4 taistelujen v\u00e4sytt\u00e4m\u00e4t joukot olleet innokkaita ryhtym\u00e4\u00e4n poliiseiksi.<\/p>\n<p>Irakilaisten vastarinnan yh\u00e4 kasvaessa jouduttiin luvattua joukkojen kotiuttamista lykk\u00e4\u00e4m\u00e4\u00e4n, mik\u00e4 my\u00f6s heikensi sotilaiden halukkuutta asettaa henkens\u00e4 alttiiksi uusille vaaroille. Liittoutumalle j\u00e4i Irakin miehitysteht\u00e4viin noin 150 000 sotilasta.<\/p>\n<\/div><\/section><\/p><\/div>\n","protected":false},"excerpt":{"rendered":"","protected":false},"author":1,"featured_media":0,"parent":1081,"menu_order":5,"comment_status":"closed","ping_status":"closed","template":"","meta":{"footnotes":""},"class_list":["post-1168","page","type-page","status-publish","hentry"],"_links":{"self":[{"href":"https:\/\/maailmanmuutos.org\/index.php\/wp-json\/wp\/v2\/pages\/1168","targetHints":{"allow":["GET"]}}],"collection":[{"href":"https:\/\/maailmanmuutos.org\/index.php\/wp-json\/wp\/v2\/pages"}],"about":[{"href":"https:\/\/maailmanmuutos.org\/index.php\/wp-json\/wp\/v2\/types\/page"}],"author":[{"embeddable":true,"href":"https:\/\/maailmanmuutos.org\/index.php\/wp-json\/wp\/v2\/users\/1"}],"replies":[{"embeddable":true,"href":"https:\/\/maailmanmuutos.org\/index.php\/wp-json\/wp\/v2\/comments?post=1168"}],"version-history":[{"count":6,"href":"https:\/\/maailmanmuutos.org\/index.php\/wp-json\/wp\/v2\/pages\/1168\/revisions"}],"predecessor-version":[{"id":4311,"href":"https:\/\/maailmanmuutos.org\/index.php\/wp-json\/wp\/v2\/pages\/1168\/revisions\/4311"}],"up":[{"embeddable":true,"href":"https:\/\/maailmanmuutos.org\/index.php\/wp-json\/wp\/v2\/pages\/1081"}],"wp:attachment":[{"href":"https:\/\/maailmanmuutos.org\/index.php\/wp-json\/wp\/v2\/media?parent=1168"}],"curies":[{"name":"wp","href":"https:\/\/api.w.org\/{rel}","templated":true}]}}