{"id":1190,"date":"2023-03-08T18:07:15","date_gmt":"2023-03-08T18:07:15","guid":{"rendered":"http:\/\/us.ylirotu.fi\/index.php\/maailman-muutos\/euroopan-turvallisuuspoliittinen-kehitys-1990-luvulla\/euroopan-unionin-kehitys-1990-luvulla\/euroopan-parlamentin-aseman-vahvistuminen-2\/"},"modified":"2023-08-17T08:33:40","modified_gmt":"2023-08-17T08:33:40","slug":"unionin-perussopimuksen-kehittaminen-1990-luvulla","status":"publish","type":"page","link":"https:\/\/maailmanmuutos.org\/index.php\/kylmasta-sodasta-2000-luvulle\/euroopan-turvallisuuspoliittinen-kehitys-1990-luvulla\/euroopan-unionin-kehitys-1990-luvulla\/unionin-perussopimuksen-kehittaminen-1990-luvulla\/","title":{"rendered":"Unionin perussopimuksen kehitt\u00e4minen 1990-luvulla\u00a0"},"content":{"rendered":"<div id='full_slider_1'  class='avia-fullwidth-slider main_color avia-shadow   avia-builder-el-0  el_before_av_one_full  avia-builder-el-first   container_wrap sidebar_right'  >\n<style type=\"text\/css\" data-created_by=\"avia_inline_auto\" id=\"style-css-av-kd4hz9nx-fb331aa0faaa9c578e2f07ccc45f5aa0\">\n#top #wrap_all .avia-slideshow .av-slideshow-caption.av-kd4hz9nx-fb331aa0faaa9c578e2f07ccc45f5aa0__0 .avia-caption-title{\nfont-size:22px;\n}\n#top .avia-slideshow .av-slideshow-caption.av-kd4hz9nx-fb331aa0faaa9c578e2f07ccc45f5aa0__0 .avia-caption-content{\nfont-size:14px;\n}\n#top .avia-slideshow .av-slideshow-caption.av-kd4hz9nx-fb331aa0faaa9c578e2f07ccc45f5aa0__0 .avia-caption-content p{\nfont-size:14px;\n}\n\n@media only screen and (min-width: 768px) and (max-width: 989px){ \n#top #wrap_all .avia-slideshow .av-slideshow-caption.av-kd4hz9nx-fb331aa0faaa9c578e2f07ccc45f5aa0__0 .avia-caption-title{\nfont-size:16px;\n}\n#top .avia-slideshow .av-slideshow-caption.av-kd4hz9nx-fb331aa0faaa9c578e2f07ccc45f5aa0__0 .avia-caption-content{\nfont-size:16px;\n}\n#top .avia-slideshow .av-slideshow-caption.av-kd4hz9nx-fb331aa0faaa9c578e2f07ccc45f5aa0__0 .avia-caption-content p{\nfont-size:16px;\n}\n}\n\n@media only screen and (min-width: 480px) and (max-width: 767px){ \n#top #wrap_all .avia-slideshow .av-slideshow-caption.av-kd4hz9nx-fb331aa0faaa9c578e2f07ccc45f5aa0__0 .avia-caption-title{\nfont-size:14px;\n}\n#top .avia-slideshow .av-slideshow-caption.av-kd4hz9nx-fb331aa0faaa9c578e2f07ccc45f5aa0__0 .avia-caption-content{\nfont-size:14px;\n}\n#top .avia-slideshow .av-slideshow-caption.av-kd4hz9nx-fb331aa0faaa9c578e2f07ccc45f5aa0__0 .avia-caption-content p{\nfont-size:14px;\n}\n}\n\n@media only screen and (max-width: 479px){ \n#top #wrap_all .avia-slideshow .av-slideshow-caption.av-kd4hz9nx-fb331aa0faaa9c578e2f07ccc45f5aa0__0 .avia-caption-title{\ndisplay:none;\n}\n#top .avia-slideshow .av-slideshow-caption.av-kd4hz9nx-fb331aa0faaa9c578e2f07ccc45f5aa0__0 .avia-caption-content{\ndisplay:none;\n}\n#top .avia-slideshow .av-slideshow-caption.av-kd4hz9nx-fb331aa0faaa9c578e2f07ccc45f5aa0__0 .avia-caption-content p{\ndisplay:none;\n}\n}\n<\/style>\n<div  class='avia-slideshow av-kd4hz9nx-fb331aa0faaa9c578e2f07ccc45f5aa0 avia-slideshow-featured av_slideshow_full avia-slide-slider av-slideshow-ui av-control-default av-slideshow-manual av-loop-once av-loop-manual-endless av-default-height-applied   avia-slideshow-1' data-slideshow-options=\"{&quot;animation&quot;:&quot;slide&quot;,&quot;autoplay&quot;:false,&quot;loop_autoplay&quot;:&quot;once&quot;,&quot;interval&quot;:5,&quot;loop_manual&quot;:&quot;manual-endless&quot;,&quot;autoplay_stopper&quot;:false,&quot;noNavigation&quot;:false,&quot;bg_slider&quot;:false,&quot;keep_padding&quot;:false,&quot;hoverpause&quot;:false,&quot;show_slide_delay&quot;:0}\"  itemprop=\"image\" itemscope=\"itemscope\" itemtype=\"https:\/\/schema.org\/ImageObject\" ><ul class='avia-slideshow-inner ' style='padding-bottom: 28.72411489646%;'><li  class='avia-slideshow-slide av-kd4hz9nx-fb331aa0faaa9c578e2f07ccc45f5aa0__0  av-single-slide slide-1 slide-odd'><div data-rel='slideshow-1' class='avia-slide-wrap '   ><img decoding=\"async\" fetchpriority=\"high\" class=\"wp-image-2843 avia-img-lazy-loading-not-2843\"  src=\"https:\/\/maailmanmuutos.org\/wp-content\/uploads\/2023\/08\/maastrichtin-sopimus.jpg\" width=\"1497\" height=\"430\" title='kuvituskuvat' alt=''  itemprop=\"thumbnailUrl\" srcset=\"https:\/\/maailmanmuutos.org\/wp-content\/uploads\/2023\/08\/maastrichtin-sopimus.jpg 1500w, https:\/\/maailmanmuutos.org\/wp-content\/uploads\/2023\/08\/maastrichtin-sopimus-800x230.jpg 800w, https:\/\/maailmanmuutos.org\/wp-content\/uploads\/2023\/08\/maastrichtin-sopimus-120x34.jpg 120w, https:\/\/maailmanmuutos.org\/wp-content\/uploads\/2023\/08\/maastrichtin-sopimus-768x221.jpg 768w, https:\/\/maailmanmuutos.org\/wp-content\/uploads\/2023\/08\/maastrichtin-sopimus-705x203.jpg 705w\" sizes=\"(max-width: 1497px) 100vw, 1497px\" \/><\/div><\/li><\/ul><\/div><\/div><div id='after_full_slider_1'  class='main_color av_default_container_wrap container_wrap sidebar_right'  ><div class='container av-section-cont-open' ><div class='template-page content  av-content-small alpha units'><div class='post-entry post-entry-type-page post-entry-1190'><div class='entry-content-wrapper clearfix'>\n\n<style type=\"text\/css\" data-created_by=\"avia_inline_auto\" id=\"style-css-av-5spn6-3d3e8ead61d02f87ad7c9f2fc625dc24\">\n.flex_column.av-5spn6-3d3e8ead61d02f87ad7c9f2fc625dc24{\nborder-radius:0px 0px 0px 0px;\npadding:0px 0px 0px 0px;\n}\n<\/style>\n<div  class='flex_column av-5spn6-3d3e8ead61d02f87ad7c9f2fc625dc24 av_one_full  avia-builder-el-1  el_after_av_slideshow_full  avia-builder-el-no-sibling  first flex_column_div av-zero-column-padding  '     ><p>\n<style type=\"text\/css\" data-created_by=\"avia_inline_auto\" id=\"style-css-av-2qgwnq-a029e314360e5c57247e38f8da2fd1f8\">\n#top .av-special-heading.av-2qgwnq-a029e314360e5c57247e38f8da2fd1f8{\npadding-bottom:10px;\n}\nbody .av-special-heading.av-2qgwnq-a029e314360e5c57247e38f8da2fd1f8 .av-special-heading-tag .heading-char{\nfont-size:25px;\n}\n.av-special-heading.av-2qgwnq-a029e314360e5c57247e38f8da2fd1f8 .av-subheading{\nfont-size:15px;\n}\n<\/style>\n<div  class='av-special-heading av-2qgwnq-a029e314360e5c57247e38f8da2fd1f8 av-special-heading-h1  avia-builder-el-2  el_before_av_hr  avia-builder-el-first '><h1 class='av-special-heading-tag'  itemprop=\"headline\"  >Unionin perussopimuksen kehitt\u00e4minen 1990-luvulla <\/h1><div class=\"special-heading-border\"><div class=\"special-heading-inner-border\"><\/div><\/div><\/div><br \/>\n\n<style type=\"text\/css\" data-created_by=\"avia_inline_auto\" id=\"style-css-av-1thpgm-e665cb0069b657569b1bdfc9e2ceae60\">\n#top .hr.hr-invisible.av-1thpgm-e665cb0069b657569b1bdfc9e2ceae60{\nheight:50px;\n}\n<\/style>\n<div  class='hr av-1thpgm-e665cb0069b657569b1bdfc9e2ceae60 hr-invisible  avia-builder-el-3  el_after_av_heading  el_before_av_textblock '><span class='hr-inner '><span class=\"hr-inner-style\"><\/span><\/span><\/div><br \/>\n<section  class='av_textblock_section av-lezr0od0-94e7bd8ef786eea3c9a8d27065495667 '   itemscope=\"itemscope\" itemtype=\"https:\/\/schema.org\/CreativeWork\" ><div class='avia_textblock'  itemprop=\"text\" ><p><em><strong>Sopimus Euroopan unionista<\/strong><\/em><\/p>\n<p>Sopimus Euroopan unionista (Maastrichtin sopimus) vuodelta 1992 muodosti perustan EU:n toiminnalle 1990-luvulla. Sit\u00e4 pyrittiin selkeytt\u00e4m\u00e4\u00e4n ja tarkentamaan l\u00e4hivuosina, jolloin tarkoituksena oli p\u00e4\u00e4t\u00f6ksenteon tehostaminen. Siin\u00e4 ei juuri onnistuttu, joten EU k\u00e4rsi edelleen monimutkaisesta sopimuskokonaisuudesta ja hajanaisesta hallintorakenteesta.<\/p>\n<p><em><strong>Perussopimusten uusimisen tarve<\/strong><\/em><\/p>\n<p>EU:n laajentuminen kolmella j\u00e4senmaalla (Ruotsi, It\u00e4valta ja Suomi) vuonna 1995 voitiin toteuttaa unionisopimuksen puitteissa, mutta nyt edess\u00e4 oli yli kymmenen valtion laajennuskierros. Sit\u00e4 varten katsottiin tarvittavan j\u00e4lleen perussopimuksen muokkaamista. Toisaalta kokemukset Maastrichtin sopimuksen kohtaamista vaikeuksista ratifiointivaiheessa her\u00e4ttiv\u00e4t ep\u00e4ilyksi\u00e4, ett\u00e4 integraation syvent\u00e4miseen t\u00e4ht\u00e4\u00e4v\u00e4 sopimus ei tule hyv\u00e4ksytyksi.<\/p>\n<p><em><strong>Vastakkaisia n\u00e4kemyksi\u00e4<\/strong><\/em><\/p>\n<p>Sopimusj\u00e4rjestelm\u00e4n kehitt\u00e4misty\u00f6ss\u00e4 kilpaili kaksi vastakkaista n\u00e4kemyst\u00e4. Liittovaltion kannattajien (federalistien) mielest\u00e4 unionin p\u00e4\u00e4t\u00f6ksentekoa tuli keskitt\u00e4\u00e4 erityisesti komissioon ja parlamenttiin sek\u00e4 antaa EU:n elimille ylikansallista p\u00e4\u00e4t\u00f6svaltaa talouspolitiikan lis\u00e4ksi my\u00f6s ulko- ja\u00a0 turvallisuuspolitiikan alalle. Etenkin Ranska, Saksa ja Belgia kannattivat t\u00e4llaista integraation syvent\u00e4miseen pyrkiv\u00e4\u00e4 suuntausta.<\/p>\n<p>Kansallista p\u00e4\u00e4t\u00f6ksentekoa painottava n\u00e4kemys piti Euroopan unionia valtioiden v\u00e4lisen\u00e4 liittona, jossa valtiot ja niiden hallitukset toimivat yhteisty\u00f6ss\u00e4 mutta eiv\u00e4t luovuta merkitt\u00e4v\u00e4sti valtaa EU:n instituutioille. Iso-Britannia ja Tanska ovat edustaneet selkeimmin t\u00e4t\u00e4 ajattelua muun muassa jarruttamalla yhteisen puolustuspolitiikan kehitt\u00e4mist\u00e4. N\u00e4m\u00e4 maat ja Ruotsi j\u00e4tt\u00e4ytyiv\u00e4t my\u00f6s talous- ja rahaliiton ulkopuolelle.<\/p>\n<p><em><strong>Hallitusten v\u00e4liset konferenssit<\/strong><\/em><\/p>\n<p>EU:n perussopimuksen muutoksia valmisteltiin hallitusten v\u00e4lisiss\u00e4 konferensseissa. Uusi, vuoden verran neuvoteltu sopimus vahvistettiin vuonna 1997 Eurooppa-neuvoston kokouksessa Amsterdamissa. Sopimus, joka syntyi monien viime hetken kompromissien tuloksena, j\u00e4i m\u00e4\u00e4r\u00e4yksilt\u00e4\u00e4n ep\u00e4selv\u00e4ksi eik\u00e4 kyennyt tehostamaan ulko- ja turvallisuuspolitiikan toimeenpanoa. Amsterdamin sopimuksen ratifiointi j\u00e4senvaltioissa sujui kuitenkin paremmin kuin edellisell\u00e4 kerralla.<\/p>\n<\/div><\/section><\/p><\/div>\n","protected":false},"excerpt":{"rendered":"","protected":false},"author":1,"featured_media":0,"parent":1152,"menu_order":5,"comment_status":"closed","ping_status":"closed","template":"","meta":{"footnotes":""},"class_list":["post-1190","page","type-page","status-publish","hentry"],"_links":{"self":[{"href":"https:\/\/maailmanmuutos.org\/index.php\/wp-json\/wp\/v2\/pages\/1190","targetHints":{"allow":["GET"]}}],"collection":[{"href":"https:\/\/maailmanmuutos.org\/index.php\/wp-json\/wp\/v2\/pages"}],"about":[{"href":"https:\/\/maailmanmuutos.org\/index.php\/wp-json\/wp\/v2\/types\/page"}],"author":[{"embeddable":true,"href":"https:\/\/maailmanmuutos.org\/index.php\/wp-json\/wp\/v2\/users\/1"}],"replies":[{"embeddable":true,"href":"https:\/\/maailmanmuutos.org\/index.php\/wp-json\/wp\/v2\/comments?post=1190"}],"version-history":[{"count":7,"href":"https:\/\/maailmanmuutos.org\/index.php\/wp-json\/wp\/v2\/pages\/1190\/revisions"}],"predecessor-version":[{"id":4229,"href":"https:\/\/maailmanmuutos.org\/index.php\/wp-json\/wp\/v2\/pages\/1190\/revisions\/4229"}],"up":[{"embeddable":true,"href":"https:\/\/maailmanmuutos.org\/index.php\/wp-json\/wp\/v2\/pages\/1152"}],"wp:attachment":[{"href":"https:\/\/maailmanmuutos.org\/index.php\/wp-json\/wp\/v2\/media?parent=1190"}],"curies":[{"name":"wp","href":"https:\/\/api.w.org\/{rel}","templated":true}]}}