{"id":1215,"date":"2023-03-08T18:14:26","date_gmt":"2023-03-08T18:14:26","guid":{"rendered":"http:\/\/us.ylirotu.fi\/?page_id=1215"},"modified":"2023-08-14T13:16:51","modified_gmt":"2023-08-14T13:16:51","slug":"laaja-konfliktivyohyke-etelaisessa-aasiassa","status":"publish","type":"page","link":"https:\/\/maailmanmuutos.org\/index.php\/kylmasta-sodasta-2000-luvulle\/yhdysvallat-ja-sota-terrorismia-vastaan\/lahi-idan-ja-etelaisen-aasian-tilannekehitys\/laaja-konfliktivyohyke-etelaisessa-aasiassa\/","title":{"rendered":"Laaja\u00a0konfliktivy\u00f6hyke\u00a0etel\u00e4isess\u00e4\u00a0Aasiassa\u00a0"},"content":{"rendered":"<div id='full_slider_1'  class='avia-fullwidth-slider main_color avia-shadow   avia-builder-el-0  el_before_av_one_full  avia-builder-el-first   container_wrap sidebar_right'  >\n<style type=\"text\/css\" data-created_by=\"avia_inline_auto\" id=\"style-css-av-kd4hz9nx-fb331aa0faaa9c578e2f07ccc45f5aa0\">\n#top #wrap_all .avia-slideshow .av-slideshow-caption.av-kd4hz9nx-fb331aa0faaa9c578e2f07ccc45f5aa0__0 .avia-caption-title{\nfont-size:22px;\n}\n#top .avia-slideshow .av-slideshow-caption.av-kd4hz9nx-fb331aa0faaa9c578e2f07ccc45f5aa0__0 .avia-caption-content{\nfont-size:14px;\n}\n#top .avia-slideshow .av-slideshow-caption.av-kd4hz9nx-fb331aa0faaa9c578e2f07ccc45f5aa0__0 .avia-caption-content p{\nfont-size:14px;\n}\n\n@media only screen and (min-width: 768px) and (max-width: 989px){ \n#top #wrap_all .avia-slideshow .av-slideshow-caption.av-kd4hz9nx-fb331aa0faaa9c578e2f07ccc45f5aa0__0 .avia-caption-title{\nfont-size:16px;\n}\n#top .avia-slideshow .av-slideshow-caption.av-kd4hz9nx-fb331aa0faaa9c578e2f07ccc45f5aa0__0 .avia-caption-content{\nfont-size:16px;\n}\n#top .avia-slideshow .av-slideshow-caption.av-kd4hz9nx-fb331aa0faaa9c578e2f07ccc45f5aa0__0 .avia-caption-content p{\nfont-size:16px;\n}\n}\n\n@media only screen and (min-width: 480px) and (max-width: 767px){ \n#top #wrap_all .avia-slideshow .av-slideshow-caption.av-kd4hz9nx-fb331aa0faaa9c578e2f07ccc45f5aa0__0 .avia-caption-title{\nfont-size:14px;\n}\n#top .avia-slideshow .av-slideshow-caption.av-kd4hz9nx-fb331aa0faaa9c578e2f07ccc45f5aa0__0 .avia-caption-content{\nfont-size:14px;\n}\n#top .avia-slideshow .av-slideshow-caption.av-kd4hz9nx-fb331aa0faaa9c578e2f07ccc45f5aa0__0 .avia-caption-content p{\nfont-size:14px;\n}\n}\n\n@media only screen and (max-width: 479px){ \n#top #wrap_all .avia-slideshow .av-slideshow-caption.av-kd4hz9nx-fb331aa0faaa9c578e2f07ccc45f5aa0__0 .avia-caption-title{\ndisplay:none;\n}\n#top .avia-slideshow .av-slideshow-caption.av-kd4hz9nx-fb331aa0faaa9c578e2f07ccc45f5aa0__0 .avia-caption-content{\ndisplay:none;\n}\n#top .avia-slideshow .av-slideshow-caption.av-kd4hz9nx-fb331aa0faaa9c578e2f07ccc45f5aa0__0 .avia-caption-content p{\ndisplay:none;\n}\n}\n<\/style>\n<div  class='avia-slideshow av-kd4hz9nx-fb331aa0faaa9c578e2f07ccc45f5aa0 avia-slideshow-featured av_slideshow_full avia-slide-slider av-slideshow-ui av-control-default av-slideshow-manual av-loop-once av-loop-manual-endless av-default-height-applied   avia-slideshow-1' data-slideshow-options=\"{&quot;animation&quot;:&quot;slide&quot;,&quot;autoplay&quot;:false,&quot;loop_autoplay&quot;:&quot;once&quot;,&quot;interval&quot;:5,&quot;loop_manual&quot;:&quot;manual-endless&quot;,&quot;autoplay_stopper&quot;:false,&quot;noNavigation&quot;:false,&quot;bg_slider&quot;:false,&quot;keep_padding&quot;:false,&quot;hoverpause&quot;:false,&quot;show_slide_delay&quot;:0}\"  itemprop=\"image\" itemscope=\"itemscope\" itemtype=\"https:\/\/schema.org\/ImageObject\" ><ul class='avia-slideshow-inner ' style='padding-bottom: 28.72411489646%;'><li  class='avia-slideshow-slide av-kd4hz9nx-fb331aa0faaa9c578e2f07ccc45f5aa0__0  av-single-slide slide-1 slide-odd'><div data-rel='slideshow-1' class='avia-slide-wrap '   ><img decoding=\"async\" fetchpriority=\"high\" class=\"wp-image-3198 avia-img-lazy-loading-not-3198\"  src=\"https:\/\/maailmanmuutos.org\/wp-content\/uploads\/2023\/08\/kashmir-konflikti.jpg\" width=\"1497\" height=\"430\" title='kuvituskuvat' alt=''  itemprop=\"thumbnailUrl\" srcset=\"https:\/\/maailmanmuutos.org\/wp-content\/uploads\/2023\/08\/kashmir-konflikti.jpg 1500w, https:\/\/maailmanmuutos.org\/wp-content\/uploads\/2023\/08\/kashmir-konflikti-800x230.jpg 800w, https:\/\/maailmanmuutos.org\/wp-content\/uploads\/2023\/08\/kashmir-konflikti-120x34.jpg 120w, https:\/\/maailmanmuutos.org\/wp-content\/uploads\/2023\/08\/kashmir-konflikti-768x221.jpg 768w, https:\/\/maailmanmuutos.org\/wp-content\/uploads\/2023\/08\/kashmir-konflikti-705x203.jpg 705w\" sizes=\"(max-width: 1497px) 100vw, 1497px\" \/><\/div><\/li><\/ul><\/div><\/div><div id='after_full_slider_1'  class='main_color av_default_container_wrap container_wrap sidebar_right'  ><div class='container av-section-cont-open' ><div class='template-page content  av-content-small alpha units'><div class='post-entry post-entry-type-page post-entry-1215'><div class='entry-content-wrapper clearfix'>\n\n<style type=\"text\/css\" data-created_by=\"avia_inline_auto\" id=\"style-css-av-5spn6-3d3e8ead61d02f87ad7c9f2fc625dc24\">\n.flex_column.av-5spn6-3d3e8ead61d02f87ad7c9f2fc625dc24{\nborder-radius:0px 0px 0px 0px;\npadding:0px 0px 0px 0px;\n}\n<\/style>\n<div  class='flex_column av-5spn6-3d3e8ead61d02f87ad7c9f2fc625dc24 av_one_full  avia-builder-el-1  el_after_av_slideshow_full  avia-builder-el-no-sibling  first flex_column_div av-zero-column-padding  '     ><p>\n<style type=\"text\/css\" data-created_by=\"avia_inline_auto\" id=\"style-css-av-278e4f-a06984edc44940c0ffd362be9a0d2625\">\n#top .av-special-heading.av-278e4f-a06984edc44940c0ffd362be9a0d2625{\npadding-bottom:10px;\n}\nbody .av-special-heading.av-278e4f-a06984edc44940c0ffd362be9a0d2625 .av-special-heading-tag .heading-char{\nfont-size:25px;\n}\n.av-special-heading.av-278e4f-a06984edc44940c0ffd362be9a0d2625 .av-subheading{\nfont-size:15px;\n}\n<\/style>\n<div  class='av-special-heading av-278e4f-a06984edc44940c0ffd362be9a0d2625 av-special-heading-h1  avia-builder-el-2  el_before_av_hr  avia-builder-el-first '><h1 class='av-special-heading-tag'  itemprop=\"headline\"  >Laaja konfliktivy\u00f6hyke etel\u00e4isess\u00e4 Aasiassa <\/h1><div class=\"special-heading-border\"><div class=\"special-heading-inner-border\"><\/div><\/div><\/div><br \/>\n\n<style type=\"text\/css\" data-created_by=\"avia_inline_auto\" id=\"style-css-av-llaw1s8f-61e5be6a1b15ad7f96e97e3d7e682da6\">\n#top .hr.hr-invisible.av-llaw1s8f-61e5be6a1b15ad7f96e97e3d7e682da6{\nheight:50px;\n}\n<\/style>\n<div  class='hr av-llaw1s8f-61e5be6a1b15ad7f96e97e3d7e682da6 hr-invisible  avia-builder-el-3  el_after_av_heading  el_before_av_textblock '><span class='hr-inner '><span class=\"hr-inner-style\"><\/span><\/span><\/div><br \/>\n<section  class='av_textblock_section av-lezr0od0-94e7bd8ef786eea3c9a8d27065495667 '   itemscope=\"itemscope\" itemtype=\"https:\/\/schema.org\/CreativeWork\" ><div class='avia_textblock'  itemprop=\"text\" ><p><em><strong>Turvallisuuspoliittinen keskin\u00e4isriippuvuus<\/strong><\/em><\/p>\n<p>V\u00e4limerest\u00e4 Kaakkois-Aasiaan ulottuvaa laajaa vy\u00f6hykett\u00e4 oli aiheellista tarkastella yhten\u00e4isen\u00e4 konfliktialueena, sill\u00e4 energiakysymykset, muslimimaailman sis\u00e4iset ongelmat ja Yhdysvaltojen interventiot sitovat noita alueita turvallisuuspoliittisesti keskin\u00e4isriippuvuuteen joko liittolaisina tai<br \/>\nvastustajina.<\/p>\n<p><em><strong>Kiista Kashmirista<\/strong><\/em><\/p>\n<p>Kaikkein vaarallisin on ollut Intian ja Pakistanin v\u00e4linen kiista Kashmirista, mihin liittyv\u00e4t laajemminkin maiden v\u00e4liset kiistakysymykset. Suuret joukkojen keskitykset rajaseuduille ja uhkailut ydinaseilla ovat horjuttaneet koko etel\u00e4isen Aasian vakautta ja pakottaneet my\u00f6s ulkopuoliset maat toimiin sodan uhkan v\u00e4hent\u00e4miseksi.<\/p>\n<p><em><strong>Intian ja Pakistanin sodan uhka<\/strong><\/em><\/p>\n<p>Kev\u00e4\u00e4ll\u00e4 2002 j\u00e4lleen kiristyneen tilanteen johdosta ulkomaat ja kansainv\u00e4liset j\u00e4rjest\u00f6t aktivoituivat poikkeuksellisen vilkkaaseen v\u00e4litystoimintaan, kun avoimen sodan vaara Intian ja Pakistanin rajoilla oli ilmeinen. Sodan alkaminen olisi vaarantanut Yhdysvaltojen johtamat toimet al-Qaidaa vastaan, joten se ryhtyi painostamaan voimakkaasti kriisin osapuolia luopumaan sotatoimista.<\/p>\n<p>Kes\u00e4ll\u00e4 2002 j\u00e4nnitys Kashmirin ja Intian v\u00e4lill\u00e4 jatkui, miljoona sotilasta pysyi asemissaan taisteluvalmiina ja v\u00e4likohtauksia tapahtui p\u00e4ivitt\u00e4in. Kansallismieliset ja uskonnollisesti radikaalit ryhmittym\u00e4t ovat tulleet vaikutusvaltaisiksi noissa molemmissa ydinasemaissa, mutta v\u00e4lit\u00f6n sodan vaara on onnistuttu v\u00e4ltt\u00e4m\u00e4\u00e4n.<\/p>\n<\/div><\/section><\/p><\/div>\n","protected":false},"excerpt":{"rendered":"","protected":false},"author":1,"featured_media":0,"parent":1086,"menu_order":3,"comment_status":"closed","ping_status":"closed","template":"","meta":{"footnotes":""},"class_list":["post-1215","page","type-page","status-publish","hentry"],"_links":{"self":[{"href":"https:\/\/maailmanmuutos.org\/index.php\/wp-json\/wp\/v2\/pages\/1215","targetHints":{"allow":["GET"]}}],"collection":[{"href":"https:\/\/maailmanmuutos.org\/index.php\/wp-json\/wp\/v2\/pages"}],"about":[{"href":"https:\/\/maailmanmuutos.org\/index.php\/wp-json\/wp\/v2\/types\/page"}],"author":[{"embeddable":true,"href":"https:\/\/maailmanmuutos.org\/index.php\/wp-json\/wp\/v2\/users\/1"}],"replies":[{"embeddable":true,"href":"https:\/\/maailmanmuutos.org\/index.php\/wp-json\/wp\/v2\/comments?post=1215"}],"version-history":[{"count":6,"href":"https:\/\/maailmanmuutos.org\/index.php\/wp-json\/wp\/v2\/pages\/1215\/revisions"}],"predecessor-version":[{"id":3194,"href":"https:\/\/maailmanmuutos.org\/index.php\/wp-json\/wp\/v2\/pages\/1215\/revisions\/3194"}],"up":[{"embeddable":true,"href":"https:\/\/maailmanmuutos.org\/index.php\/wp-json\/wp\/v2\/pages\/1086"}],"wp:attachment":[{"href":"https:\/\/maailmanmuutos.org\/index.php\/wp-json\/wp\/v2\/media?parent=1215"}],"curies":[{"name":"wp","href":"https:\/\/api.w.org\/{rel}","templated":true}]}}