{"id":1216,"date":"2023-03-08T18:14:26","date_gmt":"2023-03-08T18:14:26","guid":{"rendered":"http:\/\/us.ylirotu.fi\/?page_id=1216"},"modified":"2023-08-14T12:35:05","modified_gmt":"2023-08-14T12:35:05","slug":"iran-persianlahden-tilanteen-osana","status":"publish","type":"page","link":"https:\/\/maailmanmuutos.org\/index.php\/kylmasta-sodasta-2000-luvulle\/yhdysvallat-ja-sota-terrorismia-vastaan\/lahi-idan-ja-etelaisen-aasian-tilannekehitys\/iran-persianlahden-tilanteen-osana\/","title":{"rendered":"Iran\u00a0Persianlahden\u00a0tilanteen\u00a0osana\u00a0"},"content":{"rendered":"<div id='full_slider_1'  class='avia-fullwidth-slider main_color avia-shadow   avia-builder-el-0  el_before_av_one_full  avia-builder-el-first   container_wrap sidebar_right'  >\n<style type=\"text\/css\" data-created_by=\"avia_inline_auto\" id=\"style-css-av-kd4hz9nx-fb331aa0faaa9c578e2f07ccc45f5aa0\">\n#top #wrap_all .avia-slideshow .av-slideshow-caption.av-kd4hz9nx-fb331aa0faaa9c578e2f07ccc45f5aa0__0 .avia-caption-title{\nfont-size:22px;\n}\n#top .avia-slideshow .av-slideshow-caption.av-kd4hz9nx-fb331aa0faaa9c578e2f07ccc45f5aa0__0 .avia-caption-content{\nfont-size:14px;\n}\n#top .avia-slideshow .av-slideshow-caption.av-kd4hz9nx-fb331aa0faaa9c578e2f07ccc45f5aa0__0 .avia-caption-content p{\nfont-size:14px;\n}\n\n@media only screen and (min-width: 768px) and (max-width: 989px){ \n#top #wrap_all .avia-slideshow .av-slideshow-caption.av-kd4hz9nx-fb331aa0faaa9c578e2f07ccc45f5aa0__0 .avia-caption-title{\nfont-size:16px;\n}\n#top .avia-slideshow .av-slideshow-caption.av-kd4hz9nx-fb331aa0faaa9c578e2f07ccc45f5aa0__0 .avia-caption-content{\nfont-size:16px;\n}\n#top .avia-slideshow .av-slideshow-caption.av-kd4hz9nx-fb331aa0faaa9c578e2f07ccc45f5aa0__0 .avia-caption-content p{\nfont-size:16px;\n}\n}\n\n@media only screen and (min-width: 480px) and (max-width: 767px){ \n#top #wrap_all .avia-slideshow .av-slideshow-caption.av-kd4hz9nx-fb331aa0faaa9c578e2f07ccc45f5aa0__0 .avia-caption-title{\nfont-size:14px;\n}\n#top .avia-slideshow .av-slideshow-caption.av-kd4hz9nx-fb331aa0faaa9c578e2f07ccc45f5aa0__0 .avia-caption-content{\nfont-size:14px;\n}\n#top .avia-slideshow .av-slideshow-caption.av-kd4hz9nx-fb331aa0faaa9c578e2f07ccc45f5aa0__0 .avia-caption-content p{\nfont-size:14px;\n}\n}\n\n@media only screen and (max-width: 479px){ \n#top #wrap_all .avia-slideshow .av-slideshow-caption.av-kd4hz9nx-fb331aa0faaa9c578e2f07ccc45f5aa0__0 .avia-caption-title{\ndisplay:none;\n}\n#top .avia-slideshow .av-slideshow-caption.av-kd4hz9nx-fb331aa0faaa9c578e2f07ccc45f5aa0__0 .avia-caption-content{\ndisplay:none;\n}\n#top .avia-slideshow .av-slideshow-caption.av-kd4hz9nx-fb331aa0faaa9c578e2f07ccc45f5aa0__0 .avia-caption-content p{\ndisplay:none;\n}\n}\n<\/style>\n<div  class='avia-slideshow av-kd4hz9nx-fb331aa0faaa9c578e2f07ccc45f5aa0 avia-slideshow-featured av_slideshow_full avia-slide-slider av-slideshow-ui av-control-default av-slideshow-manual av-loop-once av-loop-manual-endless av-default-height-applied   avia-slideshow-1' data-slideshow-options=\"{&quot;animation&quot;:&quot;slide&quot;,&quot;autoplay&quot;:false,&quot;loop_autoplay&quot;:&quot;once&quot;,&quot;interval&quot;:5,&quot;loop_manual&quot;:&quot;manual-endless&quot;,&quot;autoplay_stopper&quot;:false,&quot;noNavigation&quot;:false,&quot;bg_slider&quot;:false,&quot;keep_padding&quot;:false,&quot;hoverpause&quot;:false,&quot;show_slide_delay&quot;:0}\"  itemprop=\"image\" itemscope=\"itemscope\" itemtype=\"https:\/\/schema.org\/ImageObject\" ><ul class='avia-slideshow-inner ' style='padding-bottom: 28.72411489646%;'><li  class='avia-slideshow-slide av-kd4hz9nx-fb331aa0faaa9c578e2f07ccc45f5aa0__0  av-single-slide slide-1 slide-odd'><div data-rel='slideshow-1' class='avia-slide-wrap '   ><img decoding=\"async\" fetchpriority=\"high\" class=\"wp-image-3170 avia-img-lazy-loading-not-3170\"  src=\"https:\/\/maailmanmuutos.org\/wp-content\/uploads\/2023\/08\/persian-lahti.jpg\" width=\"1497\" height=\"430\" title='kuvituskuvat' alt=''  itemprop=\"thumbnailUrl\" srcset=\"https:\/\/maailmanmuutos.org\/wp-content\/uploads\/2023\/08\/persian-lahti.jpg 1500w, https:\/\/maailmanmuutos.org\/wp-content\/uploads\/2023\/08\/persian-lahti-800x230.jpg 800w, https:\/\/maailmanmuutos.org\/wp-content\/uploads\/2023\/08\/persian-lahti-120x34.jpg 120w, https:\/\/maailmanmuutos.org\/wp-content\/uploads\/2023\/08\/persian-lahti-768x221.jpg 768w, https:\/\/maailmanmuutos.org\/wp-content\/uploads\/2023\/08\/persian-lahti-705x203.jpg 705w\" sizes=\"(max-width: 1497px) 100vw, 1497px\" \/><\/div><\/li><\/ul><\/div><\/div><div id='after_full_slider_1'  class='main_color av_default_container_wrap container_wrap sidebar_right'  ><div class='container av-section-cont-open' ><div class='template-page content  av-content-small alpha units'><div class='post-entry post-entry-type-page post-entry-1216'><div class='entry-content-wrapper clearfix'>\n\n<style type=\"text\/css\" data-created_by=\"avia_inline_auto\" id=\"style-css-av-5spn6-3d3e8ead61d02f87ad7c9f2fc625dc24\">\n.flex_column.av-5spn6-3d3e8ead61d02f87ad7c9f2fc625dc24{\nborder-radius:0px 0px 0px 0px;\npadding:0px 0px 0px 0px;\n}\n<\/style>\n<div  class='flex_column av-5spn6-3d3e8ead61d02f87ad7c9f2fc625dc24 av_one_full  avia-builder-el-1  el_after_av_slideshow_full  avia-builder-el-no-sibling  first flex_column_div av-zero-column-padding  '     ><p>\n<style type=\"text\/css\" data-created_by=\"avia_inline_auto\" id=\"style-css-av-26lo80-b960bf279ee18335eb31a7dee65a6d39\">\n#top .av-special-heading.av-26lo80-b960bf279ee18335eb31a7dee65a6d39{\npadding-bottom:10px;\n}\nbody .av-special-heading.av-26lo80-b960bf279ee18335eb31a7dee65a6d39 .av-special-heading-tag .heading-char{\nfont-size:25px;\n}\n.av-special-heading.av-26lo80-b960bf279ee18335eb31a7dee65a6d39 .av-subheading{\nfont-size:15px;\n}\n<\/style>\n<div  class='av-special-heading av-26lo80-b960bf279ee18335eb31a7dee65a6d39 av-special-heading-h1  avia-builder-el-2  el_before_av_hr  avia-builder-el-first '><h1 class='av-special-heading-tag'  itemprop=\"headline\"  >Iran Persianlahden tilanteen osana <\/h1><div class=\"special-heading-border\"><div class=\"special-heading-inner-border\"><\/div><\/div><\/div><br \/>\n\n<style type=\"text\/css\" data-created_by=\"avia_inline_auto\" id=\"style-css-av-llausa7f-5421a087831508bdfcf04f08a69576c2\">\n#top .hr.hr-invisible.av-llausa7f-5421a087831508bdfcf04f08a69576c2{\nheight:50px;\n}\n<\/style>\n<div  class='hr av-llausa7f-5421a087831508bdfcf04f08a69576c2 hr-invisible  avia-builder-el-3  el_after_av_heading  el_before_av_textblock '><span class='hr-inner '><span class=\"hr-inner-style\"><\/span><\/span><\/div><br \/>\n<section  class='av_textblock_section av-lezr0od0-94e7bd8ef786eea3c9a8d27065495667 '   itemscope=\"itemscope\" itemtype=\"https:\/\/schema.org\/CreativeWork\" ><div class='avia_textblock'  itemprop=\"text\" ><p><em><strong>Iran ja Yhdysvallat<\/strong><\/em><\/p>\n<p>Iran on pysynyt t\u00f6rm\u00e4yskurssilla Yhdysvaltojen kanssa \u2013 viime vuosina syytettyn\u00e4 joukkotuhoaseiden kehittelyst\u00e4 sek\u00e4 Afganistanin oppositioryhmien ja Israelia vastaan toimivien sissien tukemisesta. Iran tuki 1990-luvulla usean vuoden ajan Taliban-hallintoa vastaan taistelleita ryhmittymi\u00e4, mutta on sittemmin yll\u00e4pit\u00e4nyt l\u00e4heisi\u00e4 suhteita erityisesti l\u00e4ntisess\u00e4 Afganistanissa el\u00e4viin kansanryhmiin. Iranin alueen kautta on tuettu my\u00f6s Afganistanin sissej\u00e4.<\/p>\n<p><em><strong>Iranin geopoliittinen asema<\/strong><\/em><\/p>\n<p>Iranin t\u00e4rke\u00e4 geostrateginen asema, mittavat energiavarat ja suhteellisen suuri v\u00e4est\u00f6 tekev\u00e4t maasta merkitt\u00e4v\u00e4n tekij\u00e4n L\u00e4hi-id\u00e4n ja Lounais-Aasian tilannekehitykseen. Vanhoilliset ja uudistusmieliset voimat ovat kamppailleet vallasta melko tasav\u00e4kisesti, mutta Yhdysvaltojen esitt\u00e4m\u00e4t uhkailut ovat vahvistaneet vanhoillisten asemaa ja lis\u00e4nneet uudistuksia ajaneiden ryhmittymien kansallismielisyytt\u00e4. Toisaalta Iran on saanut teknis-taloudellista tukea Ven\u00e4j\u00e4lt\u00e4 ja er\u00e4ist\u00e4 EU-maista sek\u00e4 Kiinasta.<\/p>\n<p><em><strong>Liittolaisten kesken erimielisyyksi\u00e4<\/strong><\/em><\/p>\n<p>Suhtautumisesta Iraniin on ajoittain tullut Yhdysvaltojen sek\u00e4 sen liittolaisten ja kumppanimaiden v\u00e4lisi\u00e4 suhteita rasittava ongelma. Erityisen tiukka linja amerikkalaisilla on ollut Iranin ydinvoimaloiden rakentamista vastaan, \u00a0jota muun muassa Ven\u00e4j\u00e4 ja Saksa puolestaan on tukenut. Toisaalta kaikki suurvallat ja Persianlahden maat haluaisivat est\u00e4\u00e4 Irania hankkimasta itselleen ydinaseita, mutta keinot \u00a0siihen vaihtelevat suuresti.<\/p>\n<\/div><\/section><\/p><\/div>\n","protected":false},"excerpt":{"rendered":"","protected":false},"author":1,"featured_media":0,"parent":1086,"menu_order":4,"comment_status":"closed","ping_status":"closed","template":"","meta":{"footnotes":""},"class_list":["post-1216","page","type-page","status-publish","hentry"],"_links":{"self":[{"href":"https:\/\/maailmanmuutos.org\/index.php\/wp-json\/wp\/v2\/pages\/1216","targetHints":{"allow":["GET"]}}],"collection":[{"href":"https:\/\/maailmanmuutos.org\/index.php\/wp-json\/wp\/v2\/pages"}],"about":[{"href":"https:\/\/maailmanmuutos.org\/index.php\/wp-json\/wp\/v2\/types\/page"}],"author":[{"embeddable":true,"href":"https:\/\/maailmanmuutos.org\/index.php\/wp-json\/wp\/v2\/users\/1"}],"replies":[{"embeddable":true,"href":"https:\/\/maailmanmuutos.org\/index.php\/wp-json\/wp\/v2\/comments?post=1216"}],"version-history":[{"count":6,"href":"https:\/\/maailmanmuutos.org\/index.php\/wp-json\/wp\/v2\/pages\/1216\/revisions"}],"predecessor-version":[{"id":3172,"href":"https:\/\/maailmanmuutos.org\/index.php\/wp-json\/wp\/v2\/pages\/1216\/revisions\/3172"}],"up":[{"embeddable":true,"href":"https:\/\/maailmanmuutos.org\/index.php\/wp-json\/wp\/v2\/pages\/1086"}],"wp:attachment":[{"href":"https:\/\/maailmanmuutos.org\/index.php\/wp-json\/wp\/v2\/media?parent=1216"}],"curies":[{"name":"wp","href":"https:\/\/api.w.org\/{rel}","templated":true}]}}