{"id":1219,"date":"2023-03-08T18:14:26","date_gmt":"2023-03-08T18:14:26","guid":{"rendered":"http:\/\/us.ylirotu.fi\/?page_id=1219"},"modified":"2023-08-14T13:05:21","modified_gmt":"2023-08-14T13:05:21","slug":"arviot-terrorismin-vastaisen-sodan-tuloksista-vaihtelevat","status":"publish","type":"page","link":"https:\/\/maailmanmuutos.org\/index.php\/kylmasta-sodasta-2000-luvulle\/yhdysvallat-ja-sota-terrorismia-vastaan\/lahi-idan-ja-etelaisen-aasian-tilannekehitys\/arviot-terrorismin-vastaisen-sodan-tuloksista-vaihtelevat\/","title":{"rendered":"Arviot\u00a0terrorismin\u00a0vastaisen\u00a0sodan\u00a0tuloksista\u00a0vaihtelevat\u00a0"},"content":{"rendered":"<div id='full_slider_1'  class='avia-fullwidth-slider main_color avia-shadow   avia-builder-el-0  el_before_av_one_full  avia-builder-el-first   container_wrap sidebar_right'  >\n<style type=\"text\/css\" data-created_by=\"avia_inline_auto\" id=\"style-css-av-kd4hz9nx-fb331aa0faaa9c578e2f07ccc45f5aa0\">\n#top #wrap_all .avia-slideshow .av-slideshow-caption.av-kd4hz9nx-fb331aa0faaa9c578e2f07ccc45f5aa0__0 .avia-caption-title{\nfont-size:22px;\n}\n#top .avia-slideshow .av-slideshow-caption.av-kd4hz9nx-fb331aa0faaa9c578e2f07ccc45f5aa0__0 .avia-caption-content{\nfont-size:14px;\n}\n#top .avia-slideshow .av-slideshow-caption.av-kd4hz9nx-fb331aa0faaa9c578e2f07ccc45f5aa0__0 .avia-caption-content p{\nfont-size:14px;\n}\n\n@media only screen and (min-width: 768px) and (max-width: 989px){ \n#top #wrap_all .avia-slideshow .av-slideshow-caption.av-kd4hz9nx-fb331aa0faaa9c578e2f07ccc45f5aa0__0 .avia-caption-title{\nfont-size:16px;\n}\n#top .avia-slideshow .av-slideshow-caption.av-kd4hz9nx-fb331aa0faaa9c578e2f07ccc45f5aa0__0 .avia-caption-content{\nfont-size:16px;\n}\n#top .avia-slideshow .av-slideshow-caption.av-kd4hz9nx-fb331aa0faaa9c578e2f07ccc45f5aa0__0 .avia-caption-content p{\nfont-size:16px;\n}\n}\n\n@media only screen and (min-width: 480px) and (max-width: 767px){ \n#top #wrap_all .avia-slideshow .av-slideshow-caption.av-kd4hz9nx-fb331aa0faaa9c578e2f07ccc45f5aa0__0 .avia-caption-title{\nfont-size:14px;\n}\n#top .avia-slideshow .av-slideshow-caption.av-kd4hz9nx-fb331aa0faaa9c578e2f07ccc45f5aa0__0 .avia-caption-content{\nfont-size:14px;\n}\n#top .avia-slideshow .av-slideshow-caption.av-kd4hz9nx-fb331aa0faaa9c578e2f07ccc45f5aa0__0 .avia-caption-content p{\nfont-size:14px;\n}\n}\n\n@media only screen and (max-width: 479px){ \n#top #wrap_all .avia-slideshow .av-slideshow-caption.av-kd4hz9nx-fb331aa0faaa9c578e2f07ccc45f5aa0__0 .avia-caption-title{\ndisplay:none;\n}\n#top .avia-slideshow .av-slideshow-caption.av-kd4hz9nx-fb331aa0faaa9c578e2f07ccc45f5aa0__0 .avia-caption-content{\ndisplay:none;\n}\n#top .avia-slideshow .av-slideshow-caption.av-kd4hz9nx-fb331aa0faaa9c578e2f07ccc45f5aa0__0 .avia-caption-content p{\ndisplay:none;\n}\n}\n<\/style>\n<div  class='avia-slideshow av-kd4hz9nx-fb331aa0faaa9c578e2f07ccc45f5aa0 avia-slideshow-featured av_slideshow_full avia-slide-slider av-slideshow-ui av-control-default av-slideshow-manual av-loop-once av-loop-manual-endless av-default-height-applied   avia-slideshow-1' data-slideshow-options=\"{&quot;animation&quot;:&quot;slide&quot;,&quot;autoplay&quot;:false,&quot;loop_autoplay&quot;:&quot;once&quot;,&quot;interval&quot;:5,&quot;loop_manual&quot;:&quot;manual-endless&quot;,&quot;autoplay_stopper&quot;:false,&quot;noNavigation&quot;:false,&quot;bg_slider&quot;:false,&quot;keep_padding&quot;:false,&quot;hoverpause&quot;:false,&quot;show_slide_delay&quot;:0}\"  itemprop=\"image\" itemscope=\"itemscope\" itemtype=\"https:\/\/schema.org\/ImageObject\" ><ul class='avia-slideshow-inner ' style='padding-bottom: 28.72411489646%;'><li  class='avia-slideshow-slide av-kd4hz9nx-fb331aa0faaa9c578e2f07ccc45f5aa0__0  av-single-slide slide-1 slide-odd'><div data-rel='slideshow-1' class='avia-slide-wrap '   ><img decoding=\"async\" fetchpriority=\"high\" class=\"wp-image-3192 avia-img-lazy-loading-not-3192\"  src=\"https:\/\/maailmanmuutos.org\/wp-content\/uploads\/2023\/08\/patriot-act.jpg\" width=\"1497\" height=\"430\" title='kuvituskuvat' alt=''  itemprop=\"thumbnailUrl\" srcset=\"https:\/\/maailmanmuutos.org\/wp-content\/uploads\/2023\/08\/patriot-act.jpg 1500w, https:\/\/maailmanmuutos.org\/wp-content\/uploads\/2023\/08\/patriot-act-800x230.jpg 800w, https:\/\/maailmanmuutos.org\/wp-content\/uploads\/2023\/08\/patriot-act-120x34.jpg 120w, https:\/\/maailmanmuutos.org\/wp-content\/uploads\/2023\/08\/patriot-act-768x221.jpg 768w, https:\/\/maailmanmuutos.org\/wp-content\/uploads\/2023\/08\/patriot-act-705x203.jpg 705w\" sizes=\"(max-width: 1497px) 100vw, 1497px\" \/><\/div><\/li><\/ul><\/div><\/div><div id='after_full_slider_1'  class='main_color av_default_container_wrap container_wrap sidebar_right'  ><div class='container av-section-cont-open' ><div class='template-page content  av-content-small alpha units'><div class='post-entry post-entry-type-page post-entry-1219'><div class='entry-content-wrapper clearfix'>\n\n<style type=\"text\/css\" data-created_by=\"avia_inline_auto\" id=\"style-css-av-5spn6-3d3e8ead61d02f87ad7c9f2fc625dc24\">\n.flex_column.av-5spn6-3d3e8ead61d02f87ad7c9f2fc625dc24{\nborder-radius:0px 0px 0px 0px;\npadding:0px 0px 0px 0px;\n}\n<\/style>\n<div  class='flex_column av-5spn6-3d3e8ead61d02f87ad7c9f2fc625dc24 av_one_full  avia-builder-el-1  el_after_av_slideshow_full  avia-builder-el-no-sibling  first flex_column_div av-zero-column-padding  '     ><p>\n<style type=\"text\/css\" data-created_by=\"avia_inline_auto\" id=\"style-css-av-31vcwz-315f5157119ef1de0b22003e0839a3d5\">\n#top .av-special-heading.av-31vcwz-315f5157119ef1de0b22003e0839a3d5{\npadding-bottom:10px;\n}\nbody .av-special-heading.av-31vcwz-315f5157119ef1de0b22003e0839a3d5 .av-special-heading-tag .heading-char{\nfont-size:25px;\n}\n.av-special-heading.av-31vcwz-315f5157119ef1de0b22003e0839a3d5 .av-subheading{\nfont-size:15px;\n}\n<\/style>\n<div  class='av-special-heading av-31vcwz-315f5157119ef1de0b22003e0839a3d5 av-special-heading-h1  avia-builder-el-2  el_before_av_hr  avia-builder-el-first '><h1 class='av-special-heading-tag'  itemprop=\"headline\"  >Arviot terrorismin vastaisen sodan tuloksista vaihtelevat<\/h1><div class=\"special-heading-border\"><div class=\"special-heading-inner-border\"><\/div><\/div><\/div><br \/>\n\n<style type=\"text\/css\" data-created_by=\"avia_inline_auto\" id=\"style-css-av-lf00dvub-e3c069912636ea304b31a7daa0579c82\">\n#top .hr.hr-invisible.av-lf00dvub-e3c069912636ea304b31a7daa0579c82{\nheight:50px;\n}\n<\/style>\n<div  class='hr av-lf00dvub-e3c069912636ea304b31a7daa0579c82 hr-invisible  avia-builder-el-3  el_after_av_heading  el_before_av_textblock '><span class='hr-inner '><span class=\"hr-inner-style\"><\/span><\/span><\/div><br \/>\n<section  class='av_textblock_section av-lezr0od0-94e7bd8ef786eea3c9a8d27065495667 '   itemscope=\"itemscope\" itemtype=\"https:\/\/schema.org\/CreativeWork\" ><div class='avia_textblock'  itemprop=\"text\" ><p><em><strong>Terroristit v\u00e4istyiv\u00e4t<\/strong><\/em><\/p>\n<p>Yhdysvallat hy\u00f6kk\u00e4si syksyll\u00e4 2001 Afganistaniin karkottaakseen sielt\u00e4 saudiarabialaisen terroristij\u00e4rjest\u00f6 al-Qaidan tukikohdat. T\u00e4m\u00e4 tavoite saavutettiin verraten helposti, ja samalla Afganistaniin tuotiin l\u00e4nsimielinen hallinto talibanien tilalle. Terroristeja ei kuitenkaan tuhottu, vaan heid\u00e4n toimintansa siirtyi Pakistanin puolelle rajaa sek\u00e4 moniin L\u00e4hi-id\u00e4n ja Afrikan maihin, muun muassa Jemeniin ja Somaliaan.<\/p>\n<p>Afganistanin ja Pakistanin rajaseuduilta alkanut talibanien \u00a0johtama vastarintaliike on vuosien kuluessa voimistunut ja levitt\u00e4ytynyt laajoille alueille, mink\u00e4 johdosta Afganistanin hallitusta tukevia l\u00e4nsimaiden joukkoja on koko ajan lis\u00e4tty. Mit\u00e4\u00e4n ratkaisua ei Afganistanissa ole kuitenkaan n\u00e4k\u00f6piiriss\u00e4, ja Pakistanin tilanne on k\u00e4ynyt entist\u00e4 ep\u00e4vakaammaksi.<\/p>\n<p><em><strong>Yhdysvallat suojautui<\/strong><\/em><\/p>\n<p>Toisaalta Yhdysvalloissa ei ole tapahtunut l\u00e4hes kymmeneen vuoteen vakavia terrori-iskuja. Siihen selitykset vaihtelevat suuresti. Joidenkin mielest\u00e4 presidentti Bushin julistama strategia terroristien tukikohtien tuhoamiseksi voimakkailla sotatoimilla on est\u00e4nyt uudet iskut, kun taas toiset korostavat kotimaan turvallisuuden parantamisen ja tiedustelun tehostamisen merkityst\u00e4. Useat terrorismin torjunnan asiantuntijat pit\u00e4v\u00e4t Afganistanin ja erityisesti Irakin sotia virheen\u00e4, koska ne ovat lis\u00e4nneet terroristien kannatusta ja sitoneet tarpeettomasti Yhdysvaltojen voimavaroja.<\/p>\n<p><em><strong>Yhdysvaltojen voimat sitoutui<\/strong><\/em><\/p>\n<p>Terrori-iskuista syksyll\u00e4 2001 alkaen Yhdysvallat on sitoutunut kaukaisissa maissa jatkuviin ja laajoihin sotatoimiin, jotka ovat suuresti kuluttaneet varoja ja arvovaltaa. Kun \u201dterrorismin vastaisen sodan\u201d sodan loppua ei ole n\u00e4kyviss\u00e4, ei voida viel\u00e4 arvioida sen lopullisia tuloksiakaan, mutta v\u00e4liarviot ensimm\u00e4isest\u00e4 vuosikymmenest\u00e4 ovat olleet enimm\u00e4kseen kielteisi\u00e4.<\/p>\n<p>Yhdysvalloissa on my\u00f6s vaadittu sidonnaisuuksien v\u00e4hent\u00e4mist\u00e4 erityisesti L\u00e4hi-id\u00e4ss\u00e4 ja etel\u00e4isess\u00e4 Aasiassa, jotta varoja voitaisiin suunnata muihin t\u00e4rkeisiin kohteisiin. Niist\u00e4 kotimaan tarpeet eiv\u00e4t ole suinkaan v\u00e4h\u00e4isimpi\u00e4.<\/p>\n<\/div><\/section><\/p><\/div>\n","protected":false},"excerpt":{"rendered":"","protected":false},"author":1,"featured_media":0,"parent":1086,"menu_order":7,"comment_status":"closed","ping_status":"closed","template":"","meta":{"footnotes":""},"class_list":["post-1219","page","type-page","status-publish","hentry"],"_links":{"self":[{"href":"https:\/\/maailmanmuutos.org\/index.php\/wp-json\/wp\/v2\/pages\/1219","targetHints":{"allow":["GET"]}}],"collection":[{"href":"https:\/\/maailmanmuutos.org\/index.php\/wp-json\/wp\/v2\/pages"}],"about":[{"href":"https:\/\/maailmanmuutos.org\/index.php\/wp-json\/wp\/v2\/types\/page"}],"author":[{"embeddable":true,"href":"https:\/\/maailmanmuutos.org\/index.php\/wp-json\/wp\/v2\/users\/1"}],"replies":[{"embeddable":true,"href":"https:\/\/maailmanmuutos.org\/index.php\/wp-json\/wp\/v2\/comments?post=1219"}],"version-history":[{"count":6,"href":"https:\/\/maailmanmuutos.org\/index.php\/wp-json\/wp\/v2\/pages\/1219\/revisions"}],"predecessor-version":[{"id":3191,"href":"https:\/\/maailmanmuutos.org\/index.php\/wp-json\/wp\/v2\/pages\/1219\/revisions\/3191"}],"up":[{"embeddable":true,"href":"https:\/\/maailmanmuutos.org\/index.php\/wp-json\/wp\/v2\/pages\/1086"}],"wp:attachment":[{"href":"https:\/\/maailmanmuutos.org\/index.php\/wp-json\/wp\/v2\/media?parent=1219"}],"curies":[{"name":"wp","href":"https:\/\/api.w.org\/{rel}","templated":true}]}}