{"id":1235,"date":"2023-03-08T18:19:24","date_gmt":"2023-03-08T18:19:24","guid":{"rendered":"http:\/\/us.ylirotu.fi\/index.php\/maailman-muutos\/euroopan-turvallisuuspoliittinen-kehitys-1990-luvulla\/etyk-prosessista-jarjestoksi\/uusia-etyk-rakenteita-2\/"},"modified":"2023-08-15T13:45:27","modified_gmt":"2023-08-15T13:45:27","slug":"euroopan-turvallisuus-ja-yhteistyojarjesto","status":"publish","type":"page","link":"https:\/\/maailmanmuutos.org\/index.php\/kylmasta-sodasta-2000-luvulle\/euroopan-turvallisuuspoliittinen-kehitys-1990-luvulla\/etyk-prosessista-jarjestoksi\/euroopan-turvallisuus-ja-yhteistyojarjesto\/","title":{"rendered":"Euroopan turvallisuus- ja yhteisty\u00f6j\u00e4rjest\u00f6\u00a0"},"content":{"rendered":"<div id='full_slider_1'  class='avia-fullwidth-slider main_color avia-shadow   avia-builder-el-0  el_before_av_one_full  avia-builder-el-first   container_wrap sidebar_right'  >\n<style type=\"text\/css\" data-created_by=\"avia_inline_auto\" id=\"style-css-av-kd4hz9nx-fb331aa0faaa9c578e2f07ccc45f5aa0\">\n#top #wrap_all .avia-slideshow .av-slideshow-caption.av-kd4hz9nx-fb331aa0faaa9c578e2f07ccc45f5aa0__0 .avia-caption-title{\nfont-size:22px;\n}\n#top .avia-slideshow .av-slideshow-caption.av-kd4hz9nx-fb331aa0faaa9c578e2f07ccc45f5aa0__0 .avia-caption-content{\nfont-size:14px;\n}\n#top .avia-slideshow .av-slideshow-caption.av-kd4hz9nx-fb331aa0faaa9c578e2f07ccc45f5aa0__0 .avia-caption-content p{\nfont-size:14px;\n}\n\n@media only screen and (min-width: 768px) and (max-width: 989px){ \n#top #wrap_all .avia-slideshow .av-slideshow-caption.av-kd4hz9nx-fb331aa0faaa9c578e2f07ccc45f5aa0__0 .avia-caption-title{\nfont-size:16px;\n}\n#top .avia-slideshow .av-slideshow-caption.av-kd4hz9nx-fb331aa0faaa9c578e2f07ccc45f5aa0__0 .avia-caption-content{\nfont-size:16px;\n}\n#top .avia-slideshow .av-slideshow-caption.av-kd4hz9nx-fb331aa0faaa9c578e2f07ccc45f5aa0__0 .avia-caption-content p{\nfont-size:16px;\n}\n}\n\n@media only screen and (min-width: 480px) and (max-width: 767px){ \n#top #wrap_all .avia-slideshow .av-slideshow-caption.av-kd4hz9nx-fb331aa0faaa9c578e2f07ccc45f5aa0__0 .avia-caption-title{\nfont-size:14px;\n}\n#top .avia-slideshow .av-slideshow-caption.av-kd4hz9nx-fb331aa0faaa9c578e2f07ccc45f5aa0__0 .avia-caption-content{\nfont-size:14px;\n}\n#top .avia-slideshow .av-slideshow-caption.av-kd4hz9nx-fb331aa0faaa9c578e2f07ccc45f5aa0__0 .avia-caption-content p{\nfont-size:14px;\n}\n}\n\n@media only screen and (max-width: 479px){ \n#top #wrap_all .avia-slideshow .av-slideshow-caption.av-kd4hz9nx-fb331aa0faaa9c578e2f07ccc45f5aa0__0 .avia-caption-title{\ndisplay:none;\n}\n#top .avia-slideshow .av-slideshow-caption.av-kd4hz9nx-fb331aa0faaa9c578e2f07ccc45f5aa0__0 .avia-caption-content{\ndisplay:none;\n}\n#top .avia-slideshow .av-slideshow-caption.av-kd4hz9nx-fb331aa0faaa9c578e2f07ccc45f5aa0__0 .avia-caption-content p{\ndisplay:none;\n}\n}\n<\/style>\n<div  class='avia-slideshow av-kd4hz9nx-fb331aa0faaa9c578e2f07ccc45f5aa0 avia-slideshow-featured av_slideshow_full avia-slide-slider av-slideshow-ui av-control-default av-slideshow-manual av-loop-once av-loop-manual-endless av-default-height-applied   avia-slideshow-1' data-slideshow-options=\"{&quot;animation&quot;:&quot;slide&quot;,&quot;autoplay&quot;:false,&quot;loop_autoplay&quot;:&quot;once&quot;,&quot;interval&quot;:5,&quot;loop_manual&quot;:&quot;manual-endless&quot;,&quot;autoplay_stopper&quot;:false,&quot;noNavigation&quot;:false,&quot;bg_slider&quot;:false,&quot;keep_padding&quot;:false,&quot;hoverpause&quot;:false,&quot;show_slide_delay&quot;:0}\"  itemprop=\"image\" itemscope=\"itemscope\" itemtype=\"https:\/\/schema.org\/ImageObject\" ><ul class='avia-slideshow-inner ' style='padding-bottom: 28.666666666667%;'><li  class='avia-slideshow-slide av-kd4hz9nx-fb331aa0faaa9c578e2f07ccc45f5aa0__0  av-single-slide slide-1 slide-odd'><div data-rel='slideshow-1' class='avia-slide-wrap '   ><img decoding=\"async\" fetchpriority=\"high\" class=\"wp-image-3006 avia-img-lazy-loading-not-3006\"  src=\"https:\/\/maailmanmuutos.org\/wp-content\/uploads\/2023\/08\/osce-1500x430.jpg\" width=\"1500\" height=\"430\" title='kuvituskuvat' alt=''  itemprop=\"thumbnailUrl\" srcset=\"https:\/\/maailmanmuutos.org\/wp-content\/uploads\/2023\/08\/osce-1500x431.jpg 1500w, https:\/\/maailmanmuutos.org\/wp-content\/uploads\/2023\/08\/osce-800x230.jpg 800w, https:\/\/maailmanmuutos.org\/wp-content\/uploads\/2023\/08\/osce-120x34.jpg 120w, https:\/\/maailmanmuutos.org\/wp-content\/uploads\/2023\/08\/osce-768x220.jpg 768w, https:\/\/maailmanmuutos.org\/wp-content\/uploads\/2023\/08\/osce-1536x441.jpg 1536w, https:\/\/maailmanmuutos.org\/wp-content\/uploads\/2023\/08\/osce-705x202.jpg 705w, https:\/\/maailmanmuutos.org\/wp-content\/uploads\/2023\/08\/osce.jpg 2000w\" sizes=\"(max-width: 1500px) 100vw, 1500px\" \/><\/div><\/li><\/ul><\/div><\/div><div id='after_full_slider_1'  class='main_color av_default_container_wrap container_wrap sidebar_right'  ><div class='container av-section-cont-open' ><div class='template-page content  av-content-small alpha units'><div class='post-entry post-entry-type-page post-entry-1235'><div class='entry-content-wrapper clearfix'>\n\n<style type=\"text\/css\" data-created_by=\"avia_inline_auto\" id=\"style-css-av-5spn6-3d3e8ead61d02f87ad7c9f2fc625dc24\">\n.flex_column.av-5spn6-3d3e8ead61d02f87ad7c9f2fc625dc24{\nborder-radius:0px 0px 0px 0px;\npadding:0px 0px 0px 0px;\n}\n<\/style>\n<div  class='flex_column av-5spn6-3d3e8ead61d02f87ad7c9f2fc625dc24 av_one_full  avia-builder-el-1  el_after_av_slideshow_full  avia-builder-el-no-sibling  first flex_column_div av-zero-column-padding  '     ><p>\n<style type=\"text\/css\" data-created_by=\"avia_inline_auto\" id=\"style-css-av-av_heading-72949bcbd947d835ffdbc57af099e7e3\">\n#top .av-special-heading.av-av_heading-72949bcbd947d835ffdbc57af099e7e3{\npadding-bottom:10px;\n}\nbody .av-special-heading.av-av_heading-72949bcbd947d835ffdbc57af099e7e3 .av-special-heading-tag .heading-char{\nfont-size:25px;\n}\n.av-special-heading.av-av_heading-72949bcbd947d835ffdbc57af099e7e3 .av-subheading{\nfont-size:15px;\n}\n<\/style>\n<div  class='av-special-heading av-av_heading-72949bcbd947d835ffdbc57af099e7e3 av-special-heading-h1  avia-builder-el-2  el_before_av_hr  avia-builder-el-first '><h1 class='av-special-heading-tag'  itemprop=\"headline\"  >Euroopan turvallisuus- ja yhteisty\u00f6j\u00e4rjest\u00f6 <\/h1><div class=\"special-heading-border\"><div class=\"special-heading-inner-border\"><\/div><\/div><\/div><br \/>\n\n<style type=\"text\/css\" data-created_by=\"avia_inline_auto\" id=\"style-css-av-llccaavx-a652467e4ca2f742aef80a75ce3d58ea\">\n#top .hr.hr-invisible.av-llccaavx-a652467e4ca2f742aef80a75ce3d58ea{\nheight:50px;\n}\n<\/style>\n<div  class='hr av-llccaavx-a652467e4ca2f742aef80a75ce3d58ea hr-invisible  avia-builder-el-3  el_after_av_heading  el_before_av_textblock '><span class='hr-inner '><span class=\"hr-inner-style\"><\/span><\/span><\/div><br \/>\n<section  class='av_textblock_section av-lezr0od0-94e7bd8ef786eea3c9a8d27065495667 '   itemscope=\"itemscope\" itemtype=\"https:\/\/schema.org\/CreativeWork\" ><div class='avia_textblock'  itemprop=\"text\" ><p><em><strong>\u00a0Helsingin konferenssi<\/strong><\/em><\/p>\n<p>Helsingin konferenssissa 1992 asetettiin p\u00e4\u00e4m\u00e4\u00e4r\u00e4ksi muodostaa organisaatio, jolla olisi kiinte\u00e4 rakenne ja selv\u00e4sti m\u00e4\u00e4ritetyt toimivaltuudet.\u00a0 Budapestissa vuonna 1994 tehtiinkin p\u00e4\u00e4t\u00f6s prosessin muuttamiseksi organisaatioksi nimelt\u00e4 Euroopan turvallisuus- ja yhteisty\u00f6j\u00e4rjest\u00f6 (Etyj, engl. Organization for Security and Cooperation in Europe, OSCE). Se aloitti toimintansa seuraavan vuoden alussa.<\/p>\n<p>Istanbulin kokouksessa 1999 Ety-j\u00e4rjest\u00f6n toimintas\u00e4\u00e4nt\u00f6j\u00e4 tarkennettiin ja sovittiin erityisesti rauhanturvaamisroolia parantavista toimista. Toiminnalliset periaatteet kirjattiin Euroopan turvallisuuden peruskirjaan.<\/p>\n<p><em><strong>Alueellinen turvallisuusj\u00e4rjest\u00f6<\/strong><\/em><\/p>\n<p>Kylm\u00e4n sodan j\u00e4lkeiset vuodet ravistelivat Euroopan yhten\u00e4isyytt\u00e4 erityisesti Balkanilla ja Kaukasiassa. Etykin muuttaminen organisaatioksi ei ratkaissut sen ongelmia noiden alueiden konfliktien hallinnassa, eik\u00e4 muillakaan organisaatioilla ollut siin\u00e4 suhteessa juuri parempaa menestyst\u00e4. Ety-j\u00e4rjest\u00f6n rooliksi vakiintui toiminta YK:n alueellisena turvallisuusj\u00e4rjest\u00f6n\u00e4 l\u00e4hinn\u00e4 m\u00e4\u00e4ritt\u00e4m\u00e4ll\u00e4 yleisesti normeja ja valvomalla vaaleja. Sen sijaan konfliktien est\u00e4misen ja hallinnan operatiivisena johtoelimen\u00e4 Ety-j\u00e4rjest\u00f6n merkitys j\u00e4i v\u00e4h\u00e4iseksi.<\/p>\n<p><em><strong>Merkitys turvallisuusfoorumina v\u00e4hentyi<\/strong><\/em><\/p>\n<p>Huolimatta p\u00e4\u00e4t\u00f6ksenteon s\u00e4ilytt\u00e4misest\u00e4 konsensus-periaatteella tapahtuvaksi Ven\u00e4j\u00e4 joutui my\u00f6ntym\u00e4\u00e4n sille ep\u00e4mieluisiin ratkaisuihin useissa kiistakysymyksiss\u00e4. Se alkoi suhtautua kriittisesti Etyjin toimintaan entisen Jugoslavian alueella ja Kaukasiassa syytt\u00e4en j\u00e4rjest\u00f6\u00e4 asettumisesta l\u00e4nsivaltojen intressien edist\u00e4j\u00e4ksi.<\/p>\n<p>L\u00e4nness\u00e4, erityisesti Yhdysvalloissa, alettiin toisaalta v\u00e4h\u00e4tell\u00e4 Ety-j\u00e4rjest\u00f6n arvoa muissa kuin vaalien valvontateht\u00e4viss\u00e4. T\u00e4h\u00e4n liittyi yleisemminkin aseidenriisunnan ja asevalvonnan merkityksen v\u00e4heneminen kylm\u00e4n sodan j\u00e4lkeisess\u00e4 tilanteessa. Pariisin huippukokouksen 1990 aikaisesta hyv\u00e4st\u00e4 tunnelmasta ei vuosikymmenen lopulla ollut en\u00e4\u00e4 paljon j\u00e4ljell\u00e4.<\/p>\n<p>Etykin muuttaminen prosessista organisaatioksi ei sin\u00e4ns\u00e4 voinut kohottaa sen arvostusta ja parantaa tehokkuutta kollektiivisen turvallisuuden tuottajana, kun tilannekehitys ei muuten sit\u00e4 suosinut.<\/p>\n<\/div><\/section><\/p><\/div>\n","protected":false},"excerpt":{"rendered":"","protected":false},"author":1,"featured_media":0,"parent":1196,"menu_order":3,"comment_status":"closed","ping_status":"closed","template":"","meta":{"footnotes":""},"class_list":["post-1235","page","type-page","status-publish","hentry"],"_links":{"self":[{"href":"https:\/\/maailmanmuutos.org\/index.php\/wp-json\/wp\/v2\/pages\/1235","targetHints":{"allow":["GET"]}}],"collection":[{"href":"https:\/\/maailmanmuutos.org\/index.php\/wp-json\/wp\/v2\/pages"}],"about":[{"href":"https:\/\/maailmanmuutos.org\/index.php\/wp-json\/wp\/v2\/types\/page"}],"author":[{"embeddable":true,"href":"https:\/\/maailmanmuutos.org\/index.php\/wp-json\/wp\/v2\/users\/1"}],"replies":[{"embeddable":true,"href":"https:\/\/maailmanmuutos.org\/index.php\/wp-json\/wp\/v2\/comments?post=1235"}],"version-history":[{"count":6,"href":"https:\/\/maailmanmuutos.org\/index.php\/wp-json\/wp\/v2\/pages\/1235\/revisions"}],"predecessor-version":[{"id":3486,"href":"https:\/\/maailmanmuutos.org\/index.php\/wp-json\/wp\/v2\/pages\/1235\/revisions\/3486"}],"up":[{"embeddable":true,"href":"https:\/\/maailmanmuutos.org\/index.php\/wp-json\/wp\/v2\/pages\/1196"}],"wp:attachment":[{"href":"https:\/\/maailmanmuutos.org\/index.php\/wp-json\/wp\/v2\/media?parent=1235"}],"curies":[{"name":"wp","href":"https:\/\/api.w.org\/{rel}","templated":true}]}}