{"id":1285,"date":"2023-03-08T18:42:36","date_gmt":"2023-03-08T18:42:36","guid":{"rendered":"http:\/\/us.ylirotu.fi\/?page_id=1285"},"modified":"2023-08-15T13:49:40","modified_gmt":"2023-08-15T13:49:40","slug":"maailmantalous-2000-luvun-alussa","status":"publish","type":"page","link":"https:\/\/maailmanmuutos.org\/index.php\/kylmasta-sodasta-2000-luvulle\/maailman-valtasuhteiden-muutos\/globalisaation-eteneminen\/maailmantalous-2000-luvun-alussa\/","title":{"rendered":"Maailmantalous 2000-luvun alussa\u00a0"},"content":{"rendered":"<div id='full_slider_1'  class='avia-fullwidth-slider main_color avia-shadow   avia-builder-el-0  el_before_av_one_full  avia-builder-el-first   container_wrap sidebar_right'  >\n<style type=\"text\/css\" data-created_by=\"avia_inline_auto\" id=\"style-css-av-kd4hz9nx-fb331aa0faaa9c578e2f07ccc45f5aa0\">\n#top #wrap_all .avia-slideshow .av-slideshow-caption.av-kd4hz9nx-fb331aa0faaa9c578e2f07ccc45f5aa0__0 .avia-caption-title{\nfont-size:22px;\n}\n#top .avia-slideshow .av-slideshow-caption.av-kd4hz9nx-fb331aa0faaa9c578e2f07ccc45f5aa0__0 .avia-caption-content{\nfont-size:14px;\n}\n#top .avia-slideshow .av-slideshow-caption.av-kd4hz9nx-fb331aa0faaa9c578e2f07ccc45f5aa0__0 .avia-caption-content p{\nfont-size:14px;\n}\n\n@media only screen and (min-width: 768px) and (max-width: 989px){ \n#top #wrap_all .avia-slideshow .av-slideshow-caption.av-kd4hz9nx-fb331aa0faaa9c578e2f07ccc45f5aa0__0 .avia-caption-title{\nfont-size:16px;\n}\n#top .avia-slideshow .av-slideshow-caption.av-kd4hz9nx-fb331aa0faaa9c578e2f07ccc45f5aa0__0 .avia-caption-content{\nfont-size:16px;\n}\n#top .avia-slideshow .av-slideshow-caption.av-kd4hz9nx-fb331aa0faaa9c578e2f07ccc45f5aa0__0 .avia-caption-content p{\nfont-size:16px;\n}\n}\n\n@media only screen and (min-width: 480px) and (max-width: 767px){ \n#top #wrap_all .avia-slideshow .av-slideshow-caption.av-kd4hz9nx-fb331aa0faaa9c578e2f07ccc45f5aa0__0 .avia-caption-title{\nfont-size:14px;\n}\n#top .avia-slideshow .av-slideshow-caption.av-kd4hz9nx-fb331aa0faaa9c578e2f07ccc45f5aa0__0 .avia-caption-content{\nfont-size:14px;\n}\n#top .avia-slideshow .av-slideshow-caption.av-kd4hz9nx-fb331aa0faaa9c578e2f07ccc45f5aa0__0 .avia-caption-content p{\nfont-size:14px;\n}\n}\n\n@media only screen and (max-width: 479px){ \n#top #wrap_all .avia-slideshow .av-slideshow-caption.av-kd4hz9nx-fb331aa0faaa9c578e2f07ccc45f5aa0__0 .avia-caption-title{\ndisplay:none;\n}\n#top .avia-slideshow .av-slideshow-caption.av-kd4hz9nx-fb331aa0faaa9c578e2f07ccc45f5aa0__0 .avia-caption-content{\ndisplay:none;\n}\n#top .avia-slideshow .av-slideshow-caption.av-kd4hz9nx-fb331aa0faaa9c578e2f07ccc45f5aa0__0 .avia-caption-content p{\ndisplay:none;\n}\n}\n<\/style>\n<div  class='avia-slideshow av-kd4hz9nx-fb331aa0faaa9c578e2f07ccc45f5aa0 avia-slideshow-featured av_slideshow_full avia-slide-slider av-slideshow-ui av-control-default av-slideshow-manual av-loop-once av-loop-manual-endless av-default-height-applied   avia-slideshow-1' data-slideshow-options=\"{&quot;animation&quot;:&quot;slide&quot;,&quot;autoplay&quot;:false,&quot;loop_autoplay&quot;:&quot;once&quot;,&quot;interval&quot;:5,&quot;loop_manual&quot;:&quot;manual-endless&quot;,&quot;autoplay_stopper&quot;:false,&quot;noNavigation&quot;:false,&quot;bg_slider&quot;:false,&quot;keep_padding&quot;:false,&quot;hoverpause&quot;:false,&quot;show_slide_delay&quot;:0}\"  itemprop=\"image\" itemscope=\"itemscope\" itemtype=\"https:\/\/schema.org\/ImageObject\" ><ul class='avia-slideshow-inner ' style='padding-bottom: 28.72411489646%;'><li  class='avia-slideshow-slide av-kd4hz9nx-fb331aa0faaa9c578e2f07ccc45f5aa0__0  av-single-slide slide-1 slide-odd'><div data-rel='slideshow-1' class='avia-slide-wrap '   ><img decoding=\"async\" fetchpriority=\"high\" class=\"wp-image-3489 avia-img-lazy-loading-not-3489\"  src=\"https:\/\/maailmanmuutos.org\/wp-content\/uploads\/2023\/08\/maailmantalous-2000-l.jpg\" width=\"1497\" height=\"430\" title='maailmantalous 2000-l' alt=''  itemprop=\"thumbnailUrl\" srcset=\"https:\/\/maailmanmuutos.org\/wp-content\/uploads\/2023\/08\/maailmantalous-2000-l.jpg 1500w, https:\/\/maailmanmuutos.org\/wp-content\/uploads\/2023\/08\/maailmantalous-2000-l-800x230.jpg 800w, https:\/\/maailmanmuutos.org\/wp-content\/uploads\/2023\/08\/maailmantalous-2000-l-120x34.jpg 120w, https:\/\/maailmanmuutos.org\/wp-content\/uploads\/2023\/08\/maailmantalous-2000-l-768x221.jpg 768w, https:\/\/maailmanmuutos.org\/wp-content\/uploads\/2023\/08\/maailmantalous-2000-l-705x203.jpg 705w\" sizes=\"(max-width: 1497px) 100vw, 1497px\" \/><\/div><\/li><\/ul><\/div><\/div><div id='after_full_slider_1'  class='main_color av_default_container_wrap container_wrap sidebar_right'  ><div class='container av-section-cont-open' ><div class='template-page content  av-content-small alpha units'><div class='post-entry post-entry-type-page post-entry-1285'><div class='entry-content-wrapper clearfix'>\n\n<style type=\"text\/css\" data-created_by=\"avia_inline_auto\" id=\"style-css-av-5spn6-3d3e8ead61d02f87ad7c9f2fc625dc24\">\n.flex_column.av-5spn6-3d3e8ead61d02f87ad7c9f2fc625dc24{\nborder-radius:0px 0px 0px 0px;\npadding:0px 0px 0px 0px;\n}\n<\/style>\n<div  class='flex_column av-5spn6-3d3e8ead61d02f87ad7c9f2fc625dc24 av_one_full  avia-builder-el-1  el_after_av_slideshow_full  avia-builder-el-no-sibling  first flex_column_div av-zero-column-padding  '     ><p>\n<style type=\"text\/css\" data-created_by=\"avia_inline_auto\" id=\"style-css-av-av_heading-449515200947f7c53793d7b5c1624d74\">\n#top .av-special-heading.av-av_heading-449515200947f7c53793d7b5c1624d74{\npadding-bottom:10px;\n}\nbody .av-special-heading.av-av_heading-449515200947f7c53793d7b5c1624d74 .av-special-heading-tag .heading-char{\nfont-size:25px;\n}\n.av-special-heading.av-av_heading-449515200947f7c53793d7b5c1624d74 .av-subheading{\nfont-size:15px;\n}\n<\/style>\n<div  class='av-special-heading av-av_heading-449515200947f7c53793d7b5c1624d74 av-special-heading-h1  avia-builder-el-2  el_before_av_hr  avia-builder-el-first '><h1 class='av-special-heading-tag'  itemprop=\"headline\"  >Maailmantalous 2000-luvun alussa <\/h1><div class=\"special-heading-border\"><div class=\"special-heading-inner-border\"><\/div><\/div><\/div><br \/>\n\n<style type=\"text\/css\" data-created_by=\"avia_inline_auto\" id=\"style-css-av-llccxjj5-45fa25b2ae571ba2423685c0154183c4\">\n#top .hr.hr-invisible.av-llccxjj5-45fa25b2ae571ba2423685c0154183c4{\nheight:50px;\n}\n<\/style>\n<div  class='hr av-llccxjj5-45fa25b2ae571ba2423685c0154183c4 hr-invisible  avia-builder-el-3  el_after_av_heading  el_before_av_textblock '><span class='hr-inner '><span class=\"hr-inner-style\"><\/span><\/span><\/div><br \/>\n<section  class='av_textblock_section av-lezr0od0-94e7bd8ef786eea3c9a8d27065495667 '   itemscope=\"itemscope\" itemtype=\"https:\/\/schema.org\/CreativeWork\" ><div class='avia_textblock'  itemprop=\"text\" ><p><em><strong>\u201dGlobalisaation kulta-aika\u201d<\/strong><\/em><\/p>\n<p>Kylm\u00e4n sodan p\u00e4\u00e4ttymist\u00e4 seurannutta vuosikymment\u00e4 on sanottu \u201dglobalisaation kulta-ajaksi\u201d siin\u00e4 mieless\u00e4, ett\u00e4 vapaiden markkinoiden alue laajeni maailmalla nopeasti ja parantuneet kulku- ja viestint\u00e4yhteydet mahdollistivat ihmisten, tavaroiden ja p\u00e4\u00e4oman liikkeet maasta ja maanosasta toiseen ilman suuria viiveit\u00e4. Vallitsi yleisesti luottamus t\u00e4m\u00e4n kehityksen jatkumiseen. Keskustelua k\u00e4ytiin globalisaation eduista ja haitoista kuten my\u00f6s hy\u00f6tyjist\u00e4 ja h\u00e4vi\u00e4jist\u00e4, mutta ilmi\u00f6n vaikuttavuutta ei sin\u00e4ns\u00e4 ep\u00e4ilty.<\/p>\n<p><em><strong>L\u00e4nsi hallitsi taloutta<\/strong><\/em><\/p>\n<p>Yhdysvaltojen, L\u00e4nsi-Euroopan maiden ja Japanin hallitseva asema maailmantaloutta ohjaavissa j\u00e4rjest\u00f6iss\u00e4 oli kiistaton viel\u00e4 2000-luvun alkaessa. Niiden toiveiden ja mallien mukaisesti toimineet kansainv\u00e4liset rahoituslaitokset asettivat ehtoja kauppasopimuksille, lainoille ja valuuttojen tukitoimille. Samoja periaatteita sovellettiin my\u00f6s kehitysavun puitteisiin. T\u00e4ll\u00e4 ryhmittym\u00e4ll\u00e4 oli taloudellisen voimansa vuoksi yh\u00e4 valtaa vaikuttaa merkitt\u00e4v\u00e4sti my\u00f6s muiden maiden yhteiskunnallisen ja taloudellisen j\u00e4rjestelm\u00e4n muokkaamiseen \u201dl\u00e4ntisen mallin\u201d mukaiseksi.<\/p>\n<p><em><strong>Taloudelliset voimasuhteet<\/strong><\/em><\/p>\n<p>Taloudellisten voimasuhteiden muutos oli kuitenkin jo k\u00e4ynnistynyt ja l\u00e4ntisen ryhmittym\u00e4n suhteellinen voima heikkenem\u00e4ss\u00e4. Silti maailman varallisuudesta Yhdysvaltojen kansalaisilla oli viel\u00e4 noin 35 prosentin ja eurooppalaisilla 30 prosentin osuus, jos laskuperusteena k\u00e4ytettiin virallisia valuuttakursseja. Ostovoiman perusteella arvioituna johtavien talousmahtien bruttokansantuoteosuudet olivat 2000-luvun alkuvuosina seuraavat: Yhdysvalloilla ja EU:lla molemmilla noin 22 prosentin osuus, Kiinalla 11 ja Japanilla 8 prosenttia. Muilla mailla yhteens\u00e4 oli vajaan 40 prosentin osuus kokonaistuotannosta.<\/p>\n<p>Yhdysvallat oli tuotantokyvylt\u00e4\u00e4n EU:n kanssa suunnilleen samalla tasolla huolimatta pienemm\u00e4st\u00e4 v\u00e4est\u00f6m\u00e4\u00e4r\u00e4st\u00e4\u00e4n. Kiinan, Ven\u00e4j\u00e4n ja muiden \u201dkehittyvien talouksien\u201d kasvu oli voimakasta, mutta l\u00e4ht\u00f6tason alhaisuuden vuoksi ne eiv\u00e4t viel\u00e4 uhanneet vakiintuneita talousmahteja.<\/p>\n<p><em><strong>Globalisaatio vaikeuksissa<\/strong><\/em><\/p>\n<p>Maailmantalouden kasvu hidastui lyhytaikaisesti syksyn 2001 terrori-iskujen ja Yhdysvaltojen suhdannetaantuman vuoksi. Erityisesti lentoliikenne k\u00e4rsi tappioita parin vuoden ajan, kunnes talouskasvu yhdess\u00e4 terroriiskujen pelon haihtumisen kanssa j\u00e4lleen mahdollisti matkustaja- ja rahtiliikenteen kasvun. Samalla kuitenkin kilpailu lentoliikenteess\u00e4 kiristyi voimakkaasti ja saattoi monia yhti\u00f6it\u00e4 suuriin vaikeuksiin.<\/p>\n<p>Syksyn 2001 j\u00e4lkeen erityisesti Yhdysvaltojen terrorismin vastaisen sodan ja Irakin konfliktin vuoksi kiristynyt kansainv\u00e4lisen politiikan ilmapiiri heikensi globalisaation edellytyksi\u00e4 niin, ett\u00e4 ennustettiin jo sen p\u00e4\u00e4ttymist\u00e4 ja korvautumista enemm\u00e4n kansallisia etuja suojaavilla j\u00e4rjestelyill\u00e4.<\/p>\n<p><em><strong>Maailman talouden instituutiot<\/strong><\/em><\/p>\n<p>Maailman kauppaj\u00e4rjest\u00f6 (WTO), joka perustettiin toisen maailmansodan j\u00e4lkeen vallinneen Gatt-j\u00e4rjestelm\u00e4n tilalle vuonna 1995, on toiminut neuvottelufoorumina s\u00e4\u00e4nt\u00f6jen luomiseksi maailmankaupalle. \u00a0WTO:ssa on j\u00e4senin\u00e4 yli 150 valtiota, jotka ovat sopineet yhteisist\u00e4 normeista tasapuolisuuden ja vastavuoroisuuden pohjalta. Ongelmaksi on muodostunut maataloustuotteiden saaminen n\u00e4iden j\u00e4rjestelyiden piiriin.<\/p>\n<p>Kansainv\u00e4linen valuuttarahasto (IMF), Maailmanpankki ja monet muut maailmantalouden kannalta t\u00e4rke\u00e4t j\u00e4rjest\u00f6t jatkoivat uuden vuosituhannen alussa toimintaansa yh\u00e4 toisen maailmansodan j\u00e4lkeen kehittyneill\u00e4 periaatteilla. Paineet niiden uudistamiseen kuitenkin kasvoivat, kun Aasian ja Etel\u00e4-Amerikan voimistuvien maiden taloudet kasvoivat nopeasti.<\/p>\n<p><em><strong>Talouden kasvu jatkui<\/strong><\/em><\/p>\n<p>Maailman kokonaistuotannon arvo on kuluneella vuosikymmenell\u00e4 l\u00e4hes kolminkertaistunut. Vuotuinen talouskasvu on ollut keskim\u00e4\u00e4rin 3-5 prosenttia. Kasvu hidastui l\u00e4ntisten rahamarkkinoiden kriisin vuoksi vuosina 2008-2009. Ostovoimalla mitattuna kokonaistuotannon arvo on nykyisin noin 70 000 miljardia dollaria vuodessa. Valuuttakurssien arvolla mitattuna saadaan hieman pienempi summa.<\/p>\n<\/div><\/section><\/p><\/div>\n","protected":false},"excerpt":{"rendered":"","protected":false},"author":1,"featured_media":0,"parent":1251,"menu_order":1,"comment_status":"closed","ping_status":"closed","template":"","meta":{"footnotes":""},"class_list":["post-1285","page","type-page","status-publish","hentry"],"_links":{"self":[{"href":"https:\/\/maailmanmuutos.org\/index.php\/wp-json\/wp\/v2\/pages\/1285","targetHints":{"allow":["GET"]}}],"collection":[{"href":"https:\/\/maailmanmuutos.org\/index.php\/wp-json\/wp\/v2\/pages"}],"about":[{"href":"https:\/\/maailmanmuutos.org\/index.php\/wp-json\/wp\/v2\/types\/page"}],"author":[{"embeddable":true,"href":"https:\/\/maailmanmuutos.org\/index.php\/wp-json\/wp\/v2\/users\/1"}],"replies":[{"embeddable":true,"href":"https:\/\/maailmanmuutos.org\/index.php\/wp-json\/wp\/v2\/comments?post=1285"}],"version-history":[{"count":5,"href":"https:\/\/maailmanmuutos.org\/index.php\/wp-json\/wp\/v2\/pages\/1285\/revisions"}],"predecessor-version":[{"id":3488,"href":"https:\/\/maailmanmuutos.org\/index.php\/wp-json\/wp\/v2\/pages\/1285\/revisions\/3488"}],"up":[{"embeddable":true,"href":"https:\/\/maailmanmuutos.org\/index.php\/wp-json\/wp\/v2\/pages\/1251"}],"wp:attachment":[{"href":"https:\/\/maailmanmuutos.org\/index.php\/wp-json\/wp\/v2\/media?parent=1285"}],"curies":[{"name":"wp","href":"https:\/\/api.w.org\/{rel}","templated":true}]}}