{"id":1288,"date":"2023-03-08T18:43:26","date_gmt":"2023-03-08T18:43:26","guid":{"rendered":"http:\/\/us.ylirotu.fi\/?page_id=1288"},"modified":"2023-08-15T13:53:14","modified_gmt":"2023-08-15T13:53:14","slug":"kansainvaliset-organisaatiot","status":"publish","type":"page","link":"https:\/\/maailmanmuutos.org\/index.php\/kylmasta-sodasta-2000-luvulle\/maailman-valtasuhteiden-muutos\/globalisaation-eteneminen\/kansainvaliset-organisaatiot\/","title":{"rendered":"Kansainv\u00e4liset organisaatiot\u00a0\u00a0"},"content":{"rendered":"<div id='full_slider_1'  class='avia-fullwidth-slider main_color avia-shadow   avia-builder-el-0  el_before_av_one_full  avia-builder-el-first   container_wrap sidebar_right'  >\n<style type=\"text\/css\" data-created_by=\"avia_inline_auto\" id=\"style-css-av-kd4hz9nx-fb331aa0faaa9c578e2f07ccc45f5aa0\">\n#top #wrap_all .avia-slideshow .av-slideshow-caption.av-kd4hz9nx-fb331aa0faaa9c578e2f07ccc45f5aa0__0 .avia-caption-title{\nfont-size:22px;\n}\n#top .avia-slideshow .av-slideshow-caption.av-kd4hz9nx-fb331aa0faaa9c578e2f07ccc45f5aa0__0 .avia-caption-content{\nfont-size:14px;\n}\n#top .avia-slideshow .av-slideshow-caption.av-kd4hz9nx-fb331aa0faaa9c578e2f07ccc45f5aa0__0 .avia-caption-content p{\nfont-size:14px;\n}\n\n@media only screen and (min-width: 768px) and (max-width: 989px){ \n#top #wrap_all .avia-slideshow .av-slideshow-caption.av-kd4hz9nx-fb331aa0faaa9c578e2f07ccc45f5aa0__0 .avia-caption-title{\nfont-size:16px;\n}\n#top .avia-slideshow .av-slideshow-caption.av-kd4hz9nx-fb331aa0faaa9c578e2f07ccc45f5aa0__0 .avia-caption-content{\nfont-size:16px;\n}\n#top .avia-slideshow .av-slideshow-caption.av-kd4hz9nx-fb331aa0faaa9c578e2f07ccc45f5aa0__0 .avia-caption-content p{\nfont-size:16px;\n}\n}\n\n@media only screen and (min-width: 480px) and (max-width: 767px){ \n#top #wrap_all .avia-slideshow .av-slideshow-caption.av-kd4hz9nx-fb331aa0faaa9c578e2f07ccc45f5aa0__0 .avia-caption-title{\nfont-size:14px;\n}\n#top .avia-slideshow .av-slideshow-caption.av-kd4hz9nx-fb331aa0faaa9c578e2f07ccc45f5aa0__0 .avia-caption-content{\nfont-size:14px;\n}\n#top .avia-slideshow .av-slideshow-caption.av-kd4hz9nx-fb331aa0faaa9c578e2f07ccc45f5aa0__0 .avia-caption-content p{\nfont-size:14px;\n}\n}\n\n@media only screen and (max-width: 479px){ \n#top #wrap_all .avia-slideshow .av-slideshow-caption.av-kd4hz9nx-fb331aa0faaa9c578e2f07ccc45f5aa0__0 .avia-caption-title{\ndisplay:none;\n}\n#top .avia-slideshow .av-slideshow-caption.av-kd4hz9nx-fb331aa0faaa9c578e2f07ccc45f5aa0__0 .avia-caption-content{\ndisplay:none;\n}\n#top .avia-slideshow .av-slideshow-caption.av-kd4hz9nx-fb331aa0faaa9c578e2f07ccc45f5aa0__0 .avia-caption-content p{\ndisplay:none;\n}\n}\n<\/style>\n<div  class='avia-slideshow av-kd4hz9nx-fb331aa0faaa9c578e2f07ccc45f5aa0 avia-slideshow-featured av_slideshow_full avia-slide-slider av-slideshow-ui av-control-default av-slideshow-manual av-loop-once av-loop-manual-endless av-default-height-applied   avia-slideshow-1' data-slideshow-options=\"{&quot;animation&quot;:&quot;slide&quot;,&quot;autoplay&quot;:false,&quot;loop_autoplay&quot;:&quot;once&quot;,&quot;interval&quot;:5,&quot;loop_manual&quot;:&quot;manual-endless&quot;,&quot;autoplay_stopper&quot;:false,&quot;noNavigation&quot;:false,&quot;bg_slider&quot;:false,&quot;keep_padding&quot;:false,&quot;hoverpause&quot;:false,&quot;show_slide_delay&quot;:0}\"  itemprop=\"image\" itemscope=\"itemscope\" itemtype=\"https:\/\/schema.org\/ImageObject\" ><ul class='avia-slideshow-inner ' style='padding-bottom: 28.72411489646%;'><li  class='avia-slideshow-slide av-kd4hz9nx-fb331aa0faaa9c578e2f07ccc45f5aa0__0  av-single-slide slide-1 slide-odd'><div data-rel='slideshow-1' class='avia-slide-wrap '   ><img decoding=\"async\" fetchpriority=\"high\" class=\"wp-image-3492 avia-img-lazy-loading-not-3492\"  src=\"https:\/\/maailmanmuutos.org\/wp-content\/uploads\/2023\/08\/kv-organisaatiot.jpg\" width=\"1497\" height=\"430\" title='kv organisaatiot' alt=''  itemprop=\"thumbnailUrl\" srcset=\"https:\/\/maailmanmuutos.org\/wp-content\/uploads\/2023\/08\/kv-organisaatiot.jpg 1500w, https:\/\/maailmanmuutos.org\/wp-content\/uploads\/2023\/08\/kv-organisaatiot-800x230.jpg 800w, https:\/\/maailmanmuutos.org\/wp-content\/uploads\/2023\/08\/kv-organisaatiot-120x34.jpg 120w, https:\/\/maailmanmuutos.org\/wp-content\/uploads\/2023\/08\/kv-organisaatiot-768x221.jpg 768w, https:\/\/maailmanmuutos.org\/wp-content\/uploads\/2023\/08\/kv-organisaatiot-705x203.jpg 705w\" sizes=\"(max-width: 1497px) 100vw, 1497px\" \/><\/div><\/li><\/ul><\/div><\/div><div id='after_full_slider_1'  class='main_color av_default_container_wrap container_wrap sidebar_right'  ><div class='container av-section-cont-open' ><div class='template-page content  av-content-small alpha units'><div class='post-entry post-entry-type-page post-entry-1288'><div class='entry-content-wrapper clearfix'>\n\n<style type=\"text\/css\" data-created_by=\"avia_inline_auto\" id=\"style-css-av-5spn6-3d3e8ead61d02f87ad7c9f2fc625dc24\">\n.flex_column.av-5spn6-3d3e8ead61d02f87ad7c9f2fc625dc24{\nborder-radius:0px 0px 0px 0px;\npadding:0px 0px 0px 0px;\n}\n<\/style>\n<div  class='flex_column av-5spn6-3d3e8ead61d02f87ad7c9f2fc625dc24 av_one_full  avia-builder-el-1  el_after_av_slideshow_full  avia-builder-el-no-sibling  first flex_column_div av-zero-column-padding  '     ><p>\n<style type=\"text\/css\" data-created_by=\"avia_inline_auto\" id=\"style-css-av-av_heading-74db4850aa9044b9830c7172d9b78628\">\n#top .av-special-heading.av-av_heading-74db4850aa9044b9830c7172d9b78628{\npadding-bottom:10px;\n}\nbody .av-special-heading.av-av_heading-74db4850aa9044b9830c7172d9b78628 .av-special-heading-tag .heading-char{\nfont-size:25px;\n}\n.av-special-heading.av-av_heading-74db4850aa9044b9830c7172d9b78628 .av-subheading{\nfont-size:15px;\n}\n<\/style>\n<div  class='av-special-heading av-av_heading-74db4850aa9044b9830c7172d9b78628 av-special-heading-h1  avia-builder-el-2  el_before_av_textblock  avia-builder-el-first '><h1 class='av-special-heading-tag'  itemprop=\"headline\"  >Kansainv\u00e4liset organisaatiot <\/h1><div class=\"special-heading-border\"><div class=\"special-heading-inner-border\"><\/div><\/div><\/div><br \/>\n<section  class='av_textblock_section av-lezr0od0-94e7bd8ef786eea3c9a8d27065495667 '   itemscope=\"itemscope\" itemtype=\"https:\/\/schema.org\/CreativeWork\" ><div class='avia_textblock'  itemprop=\"text\" ><p><em><strong>Yhdistyneet kansakunnat<\/strong><\/em><\/p>\n<p>YK toimii vuonna 1945 laaditun peruskirjansa mukaisesti l\u00e4ht\u00f6kohdiltaan toisen maailmansodan voittajien hallitsemana maailmanj\u00e4rjest\u00f6n\u00e4. T\u00e4m\u00e4 on n\u00e4kynyt erityisesti turvallisuusneuvoston ty\u00f6ss\u00e4. Sen kokoonpanon ja toimintatapojen uudistamiseksi maailmantilanteen muutosta vastaavaksi on tehty monia ehdotuksia, mutta ne eiv\u00e4t ole toistaiseksi menestyneet.<\/p>\n<p>Irakin konfliktin k\u00e4rjistyess\u00e4 syksyst\u00e4 2002 alkaen Yhdysvallat uhkasi YK:ta syrj\u00e4ytymisell\u00e4, jos amerikkalaisten kantoja ei paremmin oteta huomioon. Kun useat liittolaismaatkin asettuivat vastustamaan valtuuksien antamisesta hy\u00f6kk\u00e4ykselle Irakiin, Yhdysvallat toteutti sen lopulta ilman YK:n my\u00f6t\u00e4vaikutusta. Vasta kun Yhdysvaltojen vaikeudet Irakin miehityksen jatkuessa kasvoivat, YK sai j\u00e4lleen lis\u00e4\u00e4 arvostusta my\u00f6s amerikkalaisten silmiss\u00e4.<\/p>\n<p><em><strong>YK:n erityisj\u00e4rjest\u00f6t<\/strong><\/em><\/p>\n<p>YK:n erityisj\u00e4rjest\u00f6t ja niihin verrattavat organisaatiot jatkoivat verraten hyv\u00e4ll\u00e4 menestyksell\u00e4 toimintaansa turvallisuusneuvoston tilap\u00e4isist\u00e4 Irak-ongelmista huolimatta. YK:n toimesta j\u00e4rjestettiin my\u00f6s t\u00e4rkeit\u00e4 konferensseja muun muassa ilmastonmuutoksen hillitsemiseksi.<\/p>\n<p>Ihmisoikeuksien edist\u00e4misen kannalta t\u00e4rke\u00e4 saavutus oli kansainv\u00e4lisen rikostuomioistuimen (ICC) perustaminen. Se aloitti toimintansa Haagissa vuonna 2002. Toimivaltaan kuuluvat sotarikokset, rikokset ihmisyytt\u00e4 vastaan ja joukkotuhonta silloin, kun kansalliset oikeustoimet eiv\u00e4t riit\u00e4. Euroopan unioni on tukenut ICC:n toimintaa voimakkaasti, mutta Yhdysvallat j\u00e4tt\u00e4ytyi sen ulkopuolelle yhdess\u00e4 monien suurten maiden kuten Kiinan, Intian, Pakistanin ja Indonesian kanssa.<\/p>\n<p><em><strong>Rauhanturvaamistoiminta<\/strong><\/em><\/p>\n<p>YK:n rauhanturvaamistoiminta elpyi 1990-luvun puoliv\u00e4liss\u00e4 kohtaamistaan vaikeuksista Jugoslavian hajoamissodissa ja Ruandassa. Toimintojen painopiste asetettiin Afrikkaan, miss\u00e4 my\u00f6s saatiin my\u00f6nteisi\u00e4 tuloksia, etenkin L\u00e4nsi-Afrikan sis\u00e4llissotien rauhoittamisessa. My\u00f6s Libanonin sodan 2006 p\u00e4\u00e4tt\u00e4neen aselevon valvonta annettiin j\u00e4lleen YK:n vastuulle. YK:n rauhanturvateht\u00e4viss\u00e4 on nykyisin noin 100 000 sotilasta ja poliisia. Heikent\u00e4v\u00e4n\u00e4 tekij\u00e4n\u00e4 vaikuttaa kuitenkin l\u00e4nsimaiden j\u00e4tt\u00e4ytyminen l\u00e4hes kokonaan pois YK:n johtamista rauhanturvaoperaatioista.<\/p>\n<\/div><\/section><\/p><\/div>\n","protected":false},"excerpt":{"rendered":"","protected":false},"author":1,"featured_media":0,"parent":1251,"menu_order":2,"comment_status":"closed","ping_status":"closed","template":"","meta":{"footnotes":""},"class_list":["post-1288","page","type-page","status-publish","hentry"],"_links":{"self":[{"href":"https:\/\/maailmanmuutos.org\/index.php\/wp-json\/wp\/v2\/pages\/1288","targetHints":{"allow":["GET"]}}],"collection":[{"href":"https:\/\/maailmanmuutos.org\/index.php\/wp-json\/wp\/v2\/pages"}],"about":[{"href":"https:\/\/maailmanmuutos.org\/index.php\/wp-json\/wp\/v2\/types\/page"}],"author":[{"embeddable":true,"href":"https:\/\/maailmanmuutos.org\/index.php\/wp-json\/wp\/v2\/users\/1"}],"replies":[{"embeddable":true,"href":"https:\/\/maailmanmuutos.org\/index.php\/wp-json\/wp\/v2\/comments?post=1288"}],"version-history":[{"count":5,"href":"https:\/\/maailmanmuutos.org\/index.php\/wp-json\/wp\/v2\/pages\/1288\/revisions"}],"predecessor-version":[{"id":3491,"href":"https:\/\/maailmanmuutos.org\/index.php\/wp-json\/wp\/v2\/pages\/1288\/revisions\/3491"}],"up":[{"embeddable":true,"href":"https:\/\/maailmanmuutos.org\/index.php\/wp-json\/wp\/v2\/pages\/1251"}],"wp:attachment":[{"href":"https:\/\/maailmanmuutos.org\/index.php\/wp-json\/wp\/v2\/media?parent=1288"}],"curies":[{"name":"wp","href":"https:\/\/api.w.org\/{rel}","templated":true}]}}