{"id":1315,"date":"2023-03-08T18:53:44","date_gmt":"2023-03-08T18:53:44","guid":{"rendered":"http:\/\/us.ylirotu.fi\/?page_id=1315"},"modified":"2023-08-15T14:30:19","modified_gmt":"2023-08-15T14:30:19","slug":"kiinan-nopea-vahvistuminen","status":"publish","type":"page","link":"https:\/\/maailmanmuutos.org\/index.php\/kylmasta-sodasta-2000-luvulle\/maailman-valtasuhteiden-muutos\/aasian-jattilaiset\/kiinan-nopea-vahvistuminen\/","title":{"rendered":"Kiinan nopea vahvistuminen\u00a0"},"content":{"rendered":"<div id='full_slider_1'  class='avia-fullwidth-slider main_color avia-shadow   avia-builder-el-0  el_before_av_one_full  avia-builder-el-first   container_wrap sidebar_right'  >\n<style type=\"text\/css\" data-created_by=\"avia_inline_auto\" id=\"style-css-av-kd4hz9nx-fb331aa0faaa9c578e2f07ccc45f5aa0\">\n#top #wrap_all .avia-slideshow .av-slideshow-caption.av-kd4hz9nx-fb331aa0faaa9c578e2f07ccc45f5aa0__0 .avia-caption-title{\nfont-size:22px;\n}\n#top .avia-slideshow .av-slideshow-caption.av-kd4hz9nx-fb331aa0faaa9c578e2f07ccc45f5aa0__0 .avia-caption-content{\nfont-size:14px;\n}\n#top .avia-slideshow .av-slideshow-caption.av-kd4hz9nx-fb331aa0faaa9c578e2f07ccc45f5aa0__0 .avia-caption-content p{\nfont-size:14px;\n}\n\n@media only screen and (min-width: 768px) and (max-width: 989px){ \n#top #wrap_all .avia-slideshow .av-slideshow-caption.av-kd4hz9nx-fb331aa0faaa9c578e2f07ccc45f5aa0__0 .avia-caption-title{\nfont-size:16px;\n}\n#top .avia-slideshow .av-slideshow-caption.av-kd4hz9nx-fb331aa0faaa9c578e2f07ccc45f5aa0__0 .avia-caption-content{\nfont-size:16px;\n}\n#top .avia-slideshow .av-slideshow-caption.av-kd4hz9nx-fb331aa0faaa9c578e2f07ccc45f5aa0__0 .avia-caption-content p{\nfont-size:16px;\n}\n}\n\n@media only screen and (min-width: 480px) and (max-width: 767px){ \n#top #wrap_all .avia-slideshow .av-slideshow-caption.av-kd4hz9nx-fb331aa0faaa9c578e2f07ccc45f5aa0__0 .avia-caption-title{\nfont-size:14px;\n}\n#top .avia-slideshow .av-slideshow-caption.av-kd4hz9nx-fb331aa0faaa9c578e2f07ccc45f5aa0__0 .avia-caption-content{\nfont-size:14px;\n}\n#top .avia-slideshow .av-slideshow-caption.av-kd4hz9nx-fb331aa0faaa9c578e2f07ccc45f5aa0__0 .avia-caption-content p{\nfont-size:14px;\n}\n}\n\n@media only screen and (max-width: 479px){ \n#top #wrap_all .avia-slideshow .av-slideshow-caption.av-kd4hz9nx-fb331aa0faaa9c578e2f07ccc45f5aa0__0 .avia-caption-title{\ndisplay:none;\n}\n#top .avia-slideshow .av-slideshow-caption.av-kd4hz9nx-fb331aa0faaa9c578e2f07ccc45f5aa0__0 .avia-caption-content{\ndisplay:none;\n}\n#top .avia-slideshow .av-slideshow-caption.av-kd4hz9nx-fb331aa0faaa9c578e2f07ccc45f5aa0__0 .avia-caption-content p{\ndisplay:none;\n}\n}\n<\/style>\n<div  class='avia-slideshow av-kd4hz9nx-fb331aa0faaa9c578e2f07ccc45f5aa0 avia-slideshow-featured av_slideshow_full avia-slide-slider av-slideshow-ui av-control-default av-slideshow-manual av-loop-once av-loop-manual-endless av-default-height-applied   avia-slideshow-1' data-slideshow-options=\"{&quot;animation&quot;:&quot;slide&quot;,&quot;autoplay&quot;:false,&quot;loop_autoplay&quot;:&quot;once&quot;,&quot;interval&quot;:5,&quot;loop_manual&quot;:&quot;manual-endless&quot;,&quot;autoplay_stopper&quot;:false,&quot;noNavigation&quot;:false,&quot;bg_slider&quot;:false,&quot;keep_padding&quot;:false,&quot;hoverpause&quot;:false,&quot;show_slide_delay&quot;:0}\"  itemprop=\"image\" itemscope=\"itemscope\" itemtype=\"https:\/\/schema.org\/ImageObject\" ><ul class='avia-slideshow-inner ' style='padding-bottom: 28.72411489646%;'><li  class='avia-slideshow-slide av-kd4hz9nx-fb331aa0faaa9c578e2f07ccc45f5aa0__0  av-single-slide slide-1 slide-odd'><div data-rel='slideshow-1' class='avia-slide-wrap '   ><img decoding=\"async\" fetchpriority=\"high\" class=\"wp-image-3523 avia-img-lazy-loading-not-3523\"  src=\"https:\/\/maailmanmuutos.org\/wp-content\/uploads\/2023\/08\/kiinan-nopean-vahvistuminen.jpg\" width=\"1497\" height=\"430\" title='kiinan nopean vahvistuminen' alt=''  itemprop=\"thumbnailUrl\" srcset=\"https:\/\/maailmanmuutos.org\/wp-content\/uploads\/2023\/08\/kiinan-nopean-vahvistuminen.jpg 1500w, https:\/\/maailmanmuutos.org\/wp-content\/uploads\/2023\/08\/kiinan-nopean-vahvistuminen-800x230.jpg 800w, https:\/\/maailmanmuutos.org\/wp-content\/uploads\/2023\/08\/kiinan-nopean-vahvistuminen-120x34.jpg 120w, https:\/\/maailmanmuutos.org\/wp-content\/uploads\/2023\/08\/kiinan-nopean-vahvistuminen-768x221.jpg 768w, https:\/\/maailmanmuutos.org\/wp-content\/uploads\/2023\/08\/kiinan-nopean-vahvistuminen-705x203.jpg 705w\" sizes=\"(max-width: 1497px) 100vw, 1497px\" \/><\/div><\/li><\/ul><\/div><\/div><div id='after_full_slider_1'  class='main_color av_default_container_wrap container_wrap sidebar_right'  ><div class='container av-section-cont-open' ><div class='template-page content  av-content-small alpha units'><div class='post-entry post-entry-type-page post-entry-1315'><div class='entry-content-wrapper clearfix'>\n\n<style type=\"text\/css\" data-created_by=\"avia_inline_auto\" id=\"style-css-av-5spn6-3d3e8ead61d02f87ad7c9f2fc625dc24\">\n.flex_column.av-5spn6-3d3e8ead61d02f87ad7c9f2fc625dc24{\nborder-radius:0px 0px 0px 0px;\npadding:0px 0px 0px 0px;\n}\n<\/style>\n<div  class='flex_column av-5spn6-3d3e8ead61d02f87ad7c9f2fc625dc24 av_one_full  avia-builder-el-1  el_after_av_slideshow_full  el_before_av_textblock  avia-builder-el-first  first flex_column_div av-zero-column-padding  '     ><p>\n<style type=\"text\/css\" data-created_by=\"avia_inline_auto\" id=\"style-css-av-av_heading-d42c4773286a12def78bac75f0e1beeb\">\n#top .av-special-heading.av-av_heading-d42c4773286a12def78bac75f0e1beeb{\npadding-bottom:10px;\n}\nbody .av-special-heading.av-av_heading-d42c4773286a12def78bac75f0e1beeb .av-special-heading-tag .heading-char{\nfont-size:25px;\n}\n.av-special-heading.av-av_heading-d42c4773286a12def78bac75f0e1beeb .av-subheading{\nfont-size:15px;\n}\n<\/style>\n<div  class='av-special-heading av-av_heading-d42c4773286a12def78bac75f0e1beeb av-special-heading-h1  avia-builder-el-2  el_before_av_hr  avia-builder-el-first '><h1 class='av-special-heading-tag'  itemprop=\"headline\"  >Kiinan nopea vahvistuminen <\/h1><div class=\"special-heading-border\"><div class=\"special-heading-inner-border\"><\/div><\/div><\/div><br \/>\n\n<style type=\"text\/css\" data-created_by=\"avia_inline_auto\" id=\"style-css-av-6pspv-4c6fc41455e3d1c08e5cd378136e7c71\">\n#top .hr.hr-invisible.av-6pspv-4c6fc41455e3d1c08e5cd378136e7c71{\nheight:50px;\n}\n<\/style>\n<div  class='hr av-6pspv-4c6fc41455e3d1c08e5cd378136e7c71 hr-invisible  avia-builder-el-3  el_after_av_heading  el_before_av_textblock '><span class='hr-inner '><span class=\"hr-inner-style\"><\/span><\/span><\/div><br \/>\n<section  class='av_textblock_section av-lezr0od0-94e7bd8ef786eea3c9a8d27065495667 '   itemscope=\"itemscope\" itemtype=\"https:\/\/schema.org\/CreativeWork\" ><div class='avia_textblock'  itemprop=\"text\" ><p><em><strong>Talous ja politiikka<\/strong><\/em><\/p>\n<p>Kiinan taloudellinen ja poliittinen voima on suuresti kasvanut \u00a0huolimatta maata vaivaavista monista sis\u00e4isist\u00e4 ongelmista. Strateginen yhteisty\u00f6 Kiinan, Ven\u00e4j\u00e4n ja Keski-Aasian maiden muodostaman Shanghain yhteisty\u00f6j\u00e4rjest\u00f6n puitteissa on tehostunut, mutta se on keskittynyt l\u00e4hinn\u00e4 alueellisen j\u00e4rjestyksenpidon kysymyksiin eik\u00e4 ole pyritty kiinte\u00e4n liiton muodostamiseen.<\/p>\n<p>Ulkopolitiikassaan Kiina on toiminut varovaisesti, joskin l\u00e4hialueilla on sattunut my\u00f6s yhteent\u00f6rm\u00e4yksi\u00e4 naapurimaiden kanssa. Vanha ongelma suhteista Taiwaniin on ratkaisematta, mutta kanssak\u00e4yminen on kuitenkin laajentunut.<\/p>\n<p><em><strong>Kiinan sijoitukset ulkomaille<\/strong><\/em><\/p>\n<p>Kiina on voimakkaasti laajentanut taloudellisia sijoituksiaan ulkomaille, erityisesti energia- ja raaka-ainesektorilla. Se on jo merkitt\u00e4v\u00e4 vaikuttaja Afrikassa, L\u00e4hi-id\u00e4ss\u00e4 ja Etel\u00e4-Amerikassa. Kiinan talouden ylij\u00e4\u00e4m\u00e4 ja per\u00e4ti 2000 miljardin dollarin arvoiseksi kasvanut valuuttavaranto ovat mahdollistaneet muun muassa laajamittaisen Yhdysvaltojen liittovaltion velkapapereitten oston.<\/p>\n<p><em><strong>Nousu talousveturiksi<\/strong><\/em><\/p>\n<p>Kiinan vuotuinen talouskasvu on ollut noin 10 prosentin luokkaa, mik\u00e4 ylitt\u00e4\u00e4 muiden talousmahtien kasvuluvut selv\u00e4sti. Erityisesti l\u00e4nsimaiden talouskriisin vuosina 2008-2009 Kiinan talouskehitys n\u00e4ytti ylivoimaiselta, ja Kiinaa alettiin pit\u00e4\u00e4 koko maailman t\u00e4rkeimp\u00e4n\u00e4 talousveturina, vaikka sen kokonaistuotanto on yh\u00e4 Yhdysvaltojen kansantuotetta pienempi. Kiinaa on toisaalta moitittu valuuttansa tahallisesta aliarvotuksesta vientiteollisuuden kilpailukyvyn parantamiseksi. Onpa kuultu opa ennustuksia uuden valuuttasotien ajan koittamisesta, kun vastaavasti \u201dvanhojen teollisuusmaiden\u201d valuutat ovat paljolti yliarvostettuja heikkoon talouskehitykseen n\u00e4hden.<\/p>\n<p><em><strong>Kiina ja Yhdysvallat<\/strong><\/em><\/p>\n<p>Yleisesti kuitenkin arvioidaan, ett\u00e4 Kiina pyrkii pit\u00e4m\u00e4\u00e4n valuuttakurssit vakaina my\u00f6s suurten ulkomaisten sijoitustensa takia. Suuresti ylij\u00e4\u00e4m\u00e4isest\u00e4 ulkomaankaupasta kertyneet varat on paljolti sijoitettu Yhdysvaltojen lainamarkkinoille, joten kiinalaiset haluavat varmistaa rahojensa turvallisen tuoton ja tavaroidensa jatkuvan menekin amerikkalaisille ostajille. Se takaa sadoille miljoonille kiinalaisille ty\u00f6paikan ja laajaan maahan yhteiskuntarauhan. Viime vuosikymmenen kehitys on johtanut Kiinan ja Yhdysvaltojen taloudet yh\u00e4 suurempaan riippuvuussuhteeseen toisistaan. Kiina on viime aikoina lainannut runsaasti rahaa my\u00f6s eurooppalaisille vaikeuksiin joutuneille valtioille pit\u00e4\u00e4kseen valuuttojen suhteet vakaalla pohjalla. Samalla eurooppalaisia yrityksi\u00e4 siirtyy kiinalaiseen omistukseen.<\/p>\n<p><em><strong>Sotilaalliseksi suurvallaksi?<\/strong><\/em><\/p>\n<p>Huolimatta Kiinan osoittamasta ulkopoliittisesta pid\u00e4ttyvyydest\u00e4 on Yhdysvalloissa esitetty syyt\u00f6ksi\u00e4 sen sotilasvoiman kasvusta, joskaan Kiina ei ainakaan toistaiseksi kykene uhkaamaan amerikkalaisten ylivoimaa. Vuosittaisen puolustusbudjettinsa suuruudeksi Kiina ilmoittaa noin 60 miljardia dollaria, mik\u00e4 ostovoimalla arvioituna vastaa yli 100 miljardia. T\u00e4m\u00e4 on vain 15 prosenttia Yhdysvaltojen sotilasmenoista, mutta kiinalaisten tekninen taito ja asevoimien laatu paranee kovaa vauhtia. Amerikkalaiset ovat erityisen huolissaan heid\u00e4n kyvyst\u00e4\u00e4n lamauttaa sotilaallisia satelliitteja, joiden varassa on koko paikantamis- ja viestij\u00e4rjestelm\u00e4.<\/p>\n<p><em><strong>Sis\u00e4iset turvallisuusongelmat<\/strong><\/em><\/p>\n<p>Kiinan pahimmat turvallisuusongelmat ovat sis\u00e4isi\u00e4. T\u00e4ss\u00e4 ei sin\u00e4ns\u00e4 ole uutta, sill\u00e4 j\u00e4ttil\u00e4isvaltakunnan koossapit\u00e4minen on monesti historian kuluessa ollut ylivoimainen teht\u00e4v\u00e4. Nyt kehityserot ovat kasvaneet suuriksi vientiteollisuudella vaurastuneiden rannikkoseutujen ja perinteisen maatalouden varassa el\u00e4vien k\u00f6yhien sis\u00e4maan alueiden v\u00e4lill\u00e4. Maan l\u00e4ntisill\u00e4 rajaseuduilla on Kiinasta irtautumaan pyrkivi\u00e4 v\u00e4hemmist\u00f6j\u00e4, joiden keskuuteen on syntynyt my\u00f6s v\u00e4kivaltaan turvautuvia separatistiliikkeit\u00e4.<\/p>\n<p><em><strong>Eriarvoisuus kasvanut<\/strong><\/em><\/p>\n<p>Ymp\u00e4rist\u00f6n saastuminen ja suurten rakennusprojektien haittavaikutukset aiheuttavat laajalti tyytym\u00e4tt\u00f6myytt\u00e4 ja tuottavat yhteiskunnallista levottomuutta, jonka hillitseminen vaatii tiukkoja poliittisia toimia ja suuria menoeri\u00e4 budjetista. Eriarvoisuus on kasvanut my\u00f6s vaurastuneilla alueilla, sill\u00e4 sosiaalinen ja ty\u00f6el\u00e4m\u00e4n lains\u00e4\u00e4d\u00e4nt\u00f6 on laahannut kehityksest\u00e4 j\u00e4ljess\u00e4. Kommunistipuolueen johtama hallinto on yll\u00e4pit\u00e4nyt sis\u00e4ist\u00e4 kuria ja huolehtinut talouden toimintaedellytyksist\u00e4 siten, ett\u00e4 sananvapaus ja muut ihmisoikeudet ovat j\u00e4\u00e4neet taka-alalle. T\u00e4st\u00e4 on seurannut j\u00e4nnityst\u00e4 my\u00f6s Kiinan ja l\u00e4nsimaiden suhteisiin, kun kansalaisj\u00e4rjest\u00f6t vaativat hallituksiltaan rohkeampaa ihmisoikeusoikeuspolitiikkaa Kiinaa kohtaan.<\/p>\n<p><em><strong>Ymp\u00e4rist\u00f6ongelmat<\/strong><\/em><\/p>\n<p>Kiinan ymp\u00e4rist\u00f6ongelmat ovat mittavat ja pakottavat k\u00e4ytt\u00e4m\u00e4\u00e4n yh\u00e4 enemm\u00e4n varoja niiden saamiseksi hallintaan. Kaupunkien saasteet, paheneva vesipula ja siihen liittyv\u00e4 aavikoituminen uhkaavat vakavasti laajan v\u00e4est\u00f6nosan terveytt\u00e4. Ymp\u00e4rist\u00f6ongelmien ratkaiseminen tulee olemaan Kiinan sis\u00e4- ja ulkopolitiikan t\u00e4rkeimpi\u00e4 kysymyksi\u00e4 l\u00e4hivuosikymmenin\u00e4.<\/p>\n<\/div><\/section><\/p><\/div><section  class='av_textblock_section av-llcdvio2-ed9f7d7eb6e2861f18c1edff33a4a340 '   itemscope=\"itemscope\" itemtype=\"https:\/\/schema.org\/CreativeWork\" ><div class='avia_textblock'  itemprop=\"text\" ><p>Kuva: Wikimedia<\/p>\n<\/div><\/section><\/p>\n","protected":false},"excerpt":{"rendered":"","protected":false},"author":1,"featured_media":0,"parent":1258,"menu_order":2,"comment_status":"closed","ping_status":"closed","template":"","meta":{"footnotes":""},"class_list":["post-1315","page","type-page","status-publish","hentry"],"_links":{"self":[{"href":"https:\/\/maailmanmuutos.org\/index.php\/wp-json\/wp\/v2\/pages\/1315","targetHints":{"allow":["GET"]}}],"collection":[{"href":"https:\/\/maailmanmuutos.org\/index.php\/wp-json\/wp\/v2\/pages"}],"about":[{"href":"https:\/\/maailmanmuutos.org\/index.php\/wp-json\/wp\/v2\/types\/page"}],"author":[{"embeddable":true,"href":"https:\/\/maailmanmuutos.org\/index.php\/wp-json\/wp\/v2\/users\/1"}],"replies":[{"embeddable":true,"href":"https:\/\/maailmanmuutos.org\/index.php\/wp-json\/wp\/v2\/comments?post=1315"}],"version-history":[{"count":8,"href":"https:\/\/maailmanmuutos.org\/index.php\/wp-json\/wp\/v2\/pages\/1315\/revisions"}],"predecessor-version":[{"id":3530,"href":"https:\/\/maailmanmuutos.org\/index.php\/wp-json\/wp\/v2\/pages\/1315\/revisions\/3530"}],"up":[{"embeddable":true,"href":"https:\/\/maailmanmuutos.org\/index.php\/wp-json\/wp\/v2\/pages\/1258"}],"wp:attachment":[{"href":"https:\/\/maailmanmuutos.org\/index.php\/wp-json\/wp\/v2\/media?parent=1315"}],"curies":[{"name":"wp","href":"https:\/\/api.w.org\/{rel}","templated":true}]}}