{"id":1316,"date":"2023-03-08T18:53:44","date_gmt":"2023-03-08T18:53:44","guid":{"rendered":"http:\/\/us.ylirotu.fi\/?page_id=1316"},"modified":"2023-08-15T14:29:59","modified_gmt":"2023-08-15T14:29:59","slug":"intian-kohoaminen-haastajaksi","status":"publish","type":"page","link":"https:\/\/maailmanmuutos.org\/index.php\/kylmasta-sodasta-2000-luvulle\/maailman-valtasuhteiden-muutos\/aasian-jattilaiset\/intian-kohoaminen-haastajaksi\/","title":{"rendered":"Intian kohoaminen haastajaksi\u00a0"},"content":{"rendered":"<div id='full_slider_1'  class='avia-fullwidth-slider main_color avia-shadow   avia-builder-el-0  el_before_av_one_full  avia-builder-el-first   container_wrap sidebar_right'  >\n<style type=\"text\/css\" data-created_by=\"avia_inline_auto\" id=\"style-css-av-kd4hz9nx-fb331aa0faaa9c578e2f07ccc45f5aa0\">\n#top #wrap_all .avia-slideshow .av-slideshow-caption.av-kd4hz9nx-fb331aa0faaa9c578e2f07ccc45f5aa0__0 .avia-caption-title{\nfont-size:22px;\n}\n#top .avia-slideshow .av-slideshow-caption.av-kd4hz9nx-fb331aa0faaa9c578e2f07ccc45f5aa0__0 .avia-caption-content{\nfont-size:14px;\n}\n#top .avia-slideshow .av-slideshow-caption.av-kd4hz9nx-fb331aa0faaa9c578e2f07ccc45f5aa0__0 .avia-caption-content p{\nfont-size:14px;\n}\n\n@media only screen and (min-width: 768px) and (max-width: 989px){ \n#top #wrap_all .avia-slideshow .av-slideshow-caption.av-kd4hz9nx-fb331aa0faaa9c578e2f07ccc45f5aa0__0 .avia-caption-title{\nfont-size:16px;\n}\n#top .avia-slideshow .av-slideshow-caption.av-kd4hz9nx-fb331aa0faaa9c578e2f07ccc45f5aa0__0 .avia-caption-content{\nfont-size:16px;\n}\n#top .avia-slideshow .av-slideshow-caption.av-kd4hz9nx-fb331aa0faaa9c578e2f07ccc45f5aa0__0 .avia-caption-content p{\nfont-size:16px;\n}\n}\n\n@media only screen and (min-width: 480px) and (max-width: 767px){ \n#top #wrap_all .avia-slideshow .av-slideshow-caption.av-kd4hz9nx-fb331aa0faaa9c578e2f07ccc45f5aa0__0 .avia-caption-title{\nfont-size:14px;\n}\n#top .avia-slideshow .av-slideshow-caption.av-kd4hz9nx-fb331aa0faaa9c578e2f07ccc45f5aa0__0 .avia-caption-content{\nfont-size:14px;\n}\n#top .avia-slideshow .av-slideshow-caption.av-kd4hz9nx-fb331aa0faaa9c578e2f07ccc45f5aa0__0 .avia-caption-content p{\nfont-size:14px;\n}\n}\n\n@media only screen and (max-width: 479px){ \n#top #wrap_all .avia-slideshow .av-slideshow-caption.av-kd4hz9nx-fb331aa0faaa9c578e2f07ccc45f5aa0__0 .avia-caption-title{\ndisplay:none;\n}\n#top .avia-slideshow .av-slideshow-caption.av-kd4hz9nx-fb331aa0faaa9c578e2f07ccc45f5aa0__0 .avia-caption-content{\ndisplay:none;\n}\n#top .avia-slideshow .av-slideshow-caption.av-kd4hz9nx-fb331aa0faaa9c578e2f07ccc45f5aa0__0 .avia-caption-content p{\ndisplay:none;\n}\n}\n<\/style>\n<div  class='avia-slideshow av-kd4hz9nx-fb331aa0faaa9c578e2f07ccc45f5aa0 avia-slideshow-featured av_slideshow_full avia-slide-slider av-slideshow-ui av-control-default av-slideshow-manual av-loop-once av-loop-manual-endless av-default-height-applied   avia-slideshow-1' data-slideshow-options=\"{&quot;animation&quot;:&quot;slide&quot;,&quot;autoplay&quot;:false,&quot;loop_autoplay&quot;:&quot;once&quot;,&quot;interval&quot;:5,&quot;loop_manual&quot;:&quot;manual-endless&quot;,&quot;autoplay_stopper&quot;:false,&quot;noNavigation&quot;:false,&quot;bg_slider&quot;:false,&quot;keep_padding&quot;:false,&quot;hoverpause&quot;:false,&quot;show_slide_delay&quot;:0}\"  itemprop=\"image\" itemscope=\"itemscope\" itemtype=\"https:\/\/schema.org\/ImageObject\" ><ul class='avia-slideshow-inner ' style='padding-bottom: 28.666666666667%;'><li  class='avia-slideshow-slide av-kd4hz9nx-fb331aa0faaa9c578e2f07ccc45f5aa0__0  av-single-slide slide-1 slide-odd'><div data-rel='slideshow-1' class='avia-slide-wrap '   ><img decoding=\"async\" fetchpriority=\"high\" class=\"wp-image-3528 avia-img-lazy-loading-not-3528\"  src=\"https:\/\/maailmanmuutos.org\/wp-content\/uploads\/2023\/08\/intian-nousu-1500x430.jpg\" width=\"1500\" height=\"430\" title='intian nousu' alt=''  itemprop=\"thumbnailUrl\" srcset=\"https:\/\/maailmanmuutos.org\/wp-content\/uploads\/2023\/08\/intian-nousu-1500x431.jpg 1500w, https:\/\/maailmanmuutos.org\/wp-content\/uploads\/2023\/08\/intian-nousu-800x230.jpg 800w, https:\/\/maailmanmuutos.org\/wp-content\/uploads\/2023\/08\/intian-nousu-120x34.jpg 120w, https:\/\/maailmanmuutos.org\/wp-content\/uploads\/2023\/08\/intian-nousu-768x220.jpg 768w, https:\/\/maailmanmuutos.org\/wp-content\/uploads\/2023\/08\/intian-nousu-1536x441.jpg 1536w, https:\/\/maailmanmuutos.org\/wp-content\/uploads\/2023\/08\/intian-nousu-705x202.jpg 705w, https:\/\/maailmanmuutos.org\/wp-content\/uploads\/2023\/08\/intian-nousu.jpg 2000w\" sizes=\"(max-width: 1500px) 100vw, 1500px\" \/><\/div><\/li><\/ul><\/div><\/div><div id='after_full_slider_1'  class='main_color av_default_container_wrap container_wrap sidebar_right'  ><div class='container av-section-cont-open' ><div class='template-page content  av-content-small alpha units'><div class='post-entry post-entry-type-page post-entry-1316'><div class='entry-content-wrapper clearfix'>\n\n<style type=\"text\/css\" data-created_by=\"avia_inline_auto\" id=\"style-css-av-5spn6-3d3e8ead61d02f87ad7c9f2fc625dc24\">\n.flex_column.av-5spn6-3d3e8ead61d02f87ad7c9f2fc625dc24{\nborder-radius:0px 0px 0px 0px;\npadding:0px 0px 0px 0px;\n}\n<\/style>\n<div  class='flex_column av-5spn6-3d3e8ead61d02f87ad7c9f2fc625dc24 av_one_full  avia-builder-el-1  el_after_av_slideshow_full  avia-builder-el-no-sibling  first flex_column_div av-zero-column-padding  '     ><p>\n<style type=\"text\/css\" data-created_by=\"avia_inline_auto\" id=\"style-css-av-av_heading-f90c016bb2a0208194da32e1d22dbdc1\">\n#top .av-special-heading.av-av_heading-f90c016bb2a0208194da32e1d22dbdc1{\npadding-bottom:10px;\n}\nbody .av-special-heading.av-av_heading-f90c016bb2a0208194da32e1d22dbdc1 .av-special-heading-tag .heading-char{\nfont-size:25px;\n}\n.av-special-heading.av-av_heading-f90c016bb2a0208194da32e1d22dbdc1 .av-subheading{\nfont-size:15px;\n}\n<\/style>\n<div  class='av-special-heading av-av_heading-f90c016bb2a0208194da32e1d22dbdc1 av-special-heading-h1  avia-builder-el-2  el_before_av_hr  avia-builder-el-first '><h1 class='av-special-heading-tag'  itemprop=\"headline\"  >Intian kohoaminen haastajaksi <\/h1><div class=\"special-heading-border\"><div class=\"special-heading-inner-border\"><\/div><\/div><\/div><br \/>\n\n<style type=\"text\/css\" data-created_by=\"avia_inline_auto\" id=\"style-css-av-llceh7k0-48468cbc4325a1e33315e79242b9ca6a\">\n#top .hr.hr-invisible.av-llceh7k0-48468cbc4325a1e33315e79242b9ca6a{\nheight:50px;\n}\n<\/style>\n<div  class='hr av-llceh7k0-48468cbc4325a1e33315e79242b9ca6a hr-invisible  avia-builder-el-3  el_after_av_heading  el_before_av_textblock '><span class='hr-inner '><span class=\"hr-inner-style\"><\/span><\/span><\/div><br \/>\n<section  class='av_textblock_section av-lezr0od0-94e7bd8ef786eea3c9a8d27065495667 '   itemscope=\"itemscope\" itemtype=\"https:\/\/schema.org\/CreativeWork\" ><div class='avia_textblock'  itemprop=\"text\" ><p><em><strong>V\u00e4est\u00f6nkehitys<\/strong><\/em><\/p>\n<p>V\u00e4kiluvultaan yli miljardin asukkaan Intia on k\u00e4rsinyt laajan maaseudun kehittym\u00e4tt\u00f6myydest\u00e4, v\u00e4est\u00f6n heikosta koulutustasosta ja \u00e4\u00e4rimm\u00e4isen suurista elintasoeroista rikkaan, koulutetun v\u00e4est\u00f6nosan ja tavallisen kansan v\u00e4lill\u00e4. Talouden ja yhteiskunnan alkeelliset perusrakenteet ovat hidastaneet talouden kasvua.<\/p>\n<p><em><strong>Globalisaation hy\u00f6dynt\u00e4minen<\/strong><\/em><\/p>\n<p>ietotekniikan kehityksest\u00e4 sek\u00e4 suurista investoinneista alan koulutukseen ja tuotantoon. Siin\u00e4 apuna on suuri englanninkielen hallitseva ja hyv\u00e4n koulutuksen saanut insin\u00f6\u00f6ri- ja kauppiaskunta, joiden ansiosta Intia on kyennyt hy\u00f6tym\u00e4\u00e4n globalisaation eduista. Ulkomaiset sijoittajat ovat todenneet Intian halvan mutta silti riitt\u00e4v\u00e4sti koulutetun ty\u00f6voiman edut ja perustaneet suuria tietotekniikan tuotanto- ja palvelulaitoksia.<\/p>\n<p>Kaupank\u00e4ynniss\u00e4 Intia on painottanut l\u00e4hialueiden pienten maiden sek\u00e4 Kiinan ja Ven\u00e4j\u00e4n ohella Latinalaisen Amerikan maita. Niist\u00e4 t\u00e4rkein on Brasilia, jonka kanssa on muutenkin laajaa yhteisty\u00f6t\u00e4. Maailmankaupan j\u00e4rjest\u00f6iss\u00e4 Intia on aktiivinen \u201dvoimistuvien talouksien\u201d ryhm\u00e4n j\u00e4sen. Toisaalta intialaiset ovat tehneet suuria sijoituksia my\u00f6s Euroopassa, esimerkiksi ter\u00e4steollisuuteen.<\/p>\n<p><em><strong>Edellytykset haastajaksi?<\/strong><\/em><\/p>\n<p>Monissa kehitysennusteissa Intia arvioidaan erityisesti Kiinan ja muiden suurvaltojen taloudelliseksi ja poliittiseksi haastajaksi. Intialla on kuitenkin Kiinaan verrattuna useita heikkouksia, muun muassa v\u00e4h\u00e4iset raaka-ainevarat, talouden perusrakenteiden kehittym\u00e4tt\u00f6myys sek\u00e4 yhteiskunnallinen ja v\u00e4est\u00f6n kulttuurinen hajanaisuus yhdistyneen\u00e4 laajamittaiseen k\u00f6yhyyteen.<\/p>\n<p><em><strong>Asevoimien modernisointi<\/strong><\/em><\/p>\n<p>Intia on pyrkinyt parin vuosikymmenen ajan m\u00e4\u00e4r\u00e4tietoisesti kehitt\u00e4m\u00e4\u00e4n asevoimiaan, jotka k\u00e4rsiv\u00e4t 1950-luvulla karvaan tappion rajasodassa Kiinaa vastaan. Toisaalta pahimpana sotilaallisena vastustajaan Intia pit\u00e4\u00e4 yh\u00e4 Pakistania, jonka kanssa on jatkunut kiista Kashmirin hallinnasta. Asevoimien modernisointi on kohdistunut erityisesti meri- ja ilmavoimiin niin, ett\u00e4 Intia hallitsee hyvin pitkien rannikoidensa ja laajojen merialueidensa turvallisuustilanteen. Intia on my\u00f6s ydinasevalta,<br \/>\nvaikkakin ydinaseista on aiheutunut kitkaa ulkomaansuhteisiin. Intian ydinaseet ovat tarkoitetut tasapainottamaan Kiinan ja Pakistanin ydinasevoimia sek\u00e4 lis\u00e4\u00e4m\u00e4\u00e4n painoarvoa kansainv\u00e4lisess\u00e4 politiikassa.<\/p>\n<\/div><\/section><\/p><\/div>\n","protected":false},"excerpt":{"rendered":"","protected":false},"author":1,"featured_media":0,"parent":1258,"menu_order":3,"comment_status":"closed","ping_status":"closed","template":"","meta":{"footnotes":""},"class_list":["post-1316","page","type-page","status-publish","hentry"],"_links":{"self":[{"href":"https:\/\/maailmanmuutos.org\/index.php\/wp-json\/wp\/v2\/pages\/1316","targetHints":{"allow":["GET"]}}],"collection":[{"href":"https:\/\/maailmanmuutos.org\/index.php\/wp-json\/wp\/v2\/pages"}],"about":[{"href":"https:\/\/maailmanmuutos.org\/index.php\/wp-json\/wp\/v2\/types\/page"}],"author":[{"embeddable":true,"href":"https:\/\/maailmanmuutos.org\/index.php\/wp-json\/wp\/v2\/users\/1"}],"replies":[{"embeddable":true,"href":"https:\/\/maailmanmuutos.org\/index.php\/wp-json\/wp\/v2\/comments?post=1316"}],"version-history":[{"count":5,"href":"https:\/\/maailmanmuutos.org\/index.php\/wp-json\/wp\/v2\/pages\/1316\/revisions"}],"predecessor-version":[{"id":3527,"href":"https:\/\/maailmanmuutos.org\/index.php\/wp-json\/wp\/v2\/pages\/1316\/revisions\/3527"}],"up":[{"embeddable":true,"href":"https:\/\/maailmanmuutos.org\/index.php\/wp-json\/wp\/v2\/pages\/1258"}],"wp:attachment":[{"href":"https:\/\/maailmanmuutos.org\/index.php\/wp-json\/wp\/v2\/media?parent=1316"}],"curies":[{"name":"wp","href":"https:\/\/api.w.org\/{rel}","templated":true}]}}