{"id":1317,"date":"2023-03-08T18:53:44","date_gmt":"2023-03-08T18:53:44","guid":{"rendered":"http:\/\/us.ylirotu.fi\/?page_id=1317"},"modified":"2023-08-15T14:34:55","modified_gmt":"2023-08-15T14:34:55","slug":"japani-vanhentuva-talousmahti","status":"publish","type":"page","link":"https:\/\/maailmanmuutos.org\/index.php\/kylmasta-sodasta-2000-luvulle\/maailman-valtasuhteiden-muutos\/aasian-jattilaiset\/japani-vanhentuva-talousmahti\/","title":{"rendered":"Japani &#8211; vanhentuva talousmahti\u00a0"},"content":{"rendered":"<div id='full_slider_1'  class='avia-fullwidth-slider main_color avia-shadow   avia-builder-el-0  el_before_av_one_full  avia-builder-el-first   container_wrap sidebar_right'  >\n<style type=\"text\/css\" data-created_by=\"avia_inline_auto\" id=\"style-css-av-kd4hz9nx-fb331aa0faaa9c578e2f07ccc45f5aa0\">\n#top #wrap_all .avia-slideshow .av-slideshow-caption.av-kd4hz9nx-fb331aa0faaa9c578e2f07ccc45f5aa0__0 .avia-caption-title{\nfont-size:22px;\n}\n#top .avia-slideshow .av-slideshow-caption.av-kd4hz9nx-fb331aa0faaa9c578e2f07ccc45f5aa0__0 .avia-caption-content{\nfont-size:14px;\n}\n#top .avia-slideshow .av-slideshow-caption.av-kd4hz9nx-fb331aa0faaa9c578e2f07ccc45f5aa0__0 .avia-caption-content p{\nfont-size:14px;\n}\n\n@media only screen and (min-width: 768px) and (max-width: 989px){ \n#top #wrap_all .avia-slideshow .av-slideshow-caption.av-kd4hz9nx-fb331aa0faaa9c578e2f07ccc45f5aa0__0 .avia-caption-title{\nfont-size:16px;\n}\n#top .avia-slideshow .av-slideshow-caption.av-kd4hz9nx-fb331aa0faaa9c578e2f07ccc45f5aa0__0 .avia-caption-content{\nfont-size:16px;\n}\n#top .avia-slideshow .av-slideshow-caption.av-kd4hz9nx-fb331aa0faaa9c578e2f07ccc45f5aa0__0 .avia-caption-content p{\nfont-size:16px;\n}\n}\n\n@media only screen and (min-width: 480px) and (max-width: 767px){ \n#top #wrap_all .avia-slideshow .av-slideshow-caption.av-kd4hz9nx-fb331aa0faaa9c578e2f07ccc45f5aa0__0 .avia-caption-title{\nfont-size:14px;\n}\n#top .avia-slideshow .av-slideshow-caption.av-kd4hz9nx-fb331aa0faaa9c578e2f07ccc45f5aa0__0 .avia-caption-content{\nfont-size:14px;\n}\n#top .avia-slideshow .av-slideshow-caption.av-kd4hz9nx-fb331aa0faaa9c578e2f07ccc45f5aa0__0 .avia-caption-content p{\nfont-size:14px;\n}\n}\n\n@media only screen and (max-width: 479px){ \n#top #wrap_all .avia-slideshow .av-slideshow-caption.av-kd4hz9nx-fb331aa0faaa9c578e2f07ccc45f5aa0__0 .avia-caption-title{\ndisplay:none;\n}\n#top .avia-slideshow .av-slideshow-caption.av-kd4hz9nx-fb331aa0faaa9c578e2f07ccc45f5aa0__0 .avia-caption-content{\ndisplay:none;\n}\n#top .avia-slideshow .av-slideshow-caption.av-kd4hz9nx-fb331aa0faaa9c578e2f07ccc45f5aa0__0 .avia-caption-content p{\ndisplay:none;\n}\n}\n<\/style>\n<div  class='avia-slideshow av-kd4hz9nx-fb331aa0faaa9c578e2f07ccc45f5aa0 avia-slideshow-featured av_slideshow_full avia-slide-slider av-slideshow-ui av-control-default av-slideshow-manual av-loop-once av-loop-manual-endless av-default-height-applied   avia-slideshow-1' data-slideshow-options=\"{&quot;animation&quot;:&quot;slide&quot;,&quot;autoplay&quot;:false,&quot;loop_autoplay&quot;:&quot;once&quot;,&quot;interval&quot;:5,&quot;loop_manual&quot;:&quot;manual-endless&quot;,&quot;autoplay_stopper&quot;:false,&quot;noNavigation&quot;:false,&quot;bg_slider&quot;:false,&quot;keep_padding&quot;:false,&quot;hoverpause&quot;:false,&quot;show_slide_delay&quot;:0}\"  itemprop=\"image\" itemscope=\"itemscope\" itemtype=\"https:\/\/schema.org\/ImageObject\" ><ul class='avia-slideshow-inner ' style='padding-bottom: 28.72411489646%;'><li  class='avia-slideshow-slide av-kd4hz9nx-fb331aa0faaa9c578e2f07ccc45f5aa0__0  av-single-slide slide-1 slide-odd'><div data-rel='slideshow-1' class='avia-slide-wrap '   ><img decoding=\"async\" fetchpriority=\"high\" class=\"wp-image-3533 avia-img-lazy-loading-not-3533\"  src=\"https:\/\/maailmanmuutos.org\/wp-content\/uploads\/2023\/08\/japani-vanhentuva-talousmahti.jpg\" width=\"1497\" height=\"430\" title='japani vanhentuva talousmahti' alt=''  itemprop=\"thumbnailUrl\" srcset=\"https:\/\/maailmanmuutos.org\/wp-content\/uploads\/2023\/08\/japani-vanhentuva-talousmahti.jpg 1500w, https:\/\/maailmanmuutos.org\/wp-content\/uploads\/2023\/08\/japani-vanhentuva-talousmahti-800x230.jpg 800w, https:\/\/maailmanmuutos.org\/wp-content\/uploads\/2023\/08\/japani-vanhentuva-talousmahti-120x34.jpg 120w, https:\/\/maailmanmuutos.org\/wp-content\/uploads\/2023\/08\/japani-vanhentuva-talousmahti-768x221.jpg 768w, https:\/\/maailmanmuutos.org\/wp-content\/uploads\/2023\/08\/japani-vanhentuva-talousmahti-705x203.jpg 705w\" sizes=\"(max-width: 1497px) 100vw, 1497px\" \/><\/div><\/li><\/ul><\/div><\/div><div id='after_full_slider_1'  class='main_color av_default_container_wrap container_wrap sidebar_right'  ><div class='container av-section-cont-open' ><div class='template-page content  av-content-small alpha units'><div class='post-entry post-entry-type-page post-entry-1317'><div class='entry-content-wrapper clearfix'>\n\n<style type=\"text\/css\" data-created_by=\"avia_inline_auto\" id=\"style-css-av-5spn6-3d3e8ead61d02f87ad7c9f2fc625dc24\">\n.flex_column.av-5spn6-3d3e8ead61d02f87ad7c9f2fc625dc24{\nborder-radius:0px 0px 0px 0px;\npadding:0px 0px 0px 0px;\n}\n<\/style>\n<div  class='flex_column av-5spn6-3d3e8ead61d02f87ad7c9f2fc625dc24 av_one_full  avia-builder-el-1  el_after_av_slideshow_full  avia-builder-el-no-sibling  first flex_column_div av-zero-column-padding  '     ><p>\n<style type=\"text\/css\" data-created_by=\"avia_inline_auto\" id=\"style-css-av-llceiv39-6ea713ced6cc5c31d85e9bd40cef3cfd\">\n#top .av-special-heading.av-llceiv39-6ea713ced6cc5c31d85e9bd40cef3cfd{\npadding-bottom:10px;\n}\nbody .av-special-heading.av-llceiv39-6ea713ced6cc5c31d85e9bd40cef3cfd .av-special-heading-tag .heading-char{\nfont-size:25px;\n}\n.av-special-heading.av-llceiv39-6ea713ced6cc5c31d85e9bd40cef3cfd .av-subheading{\nfont-size:15px;\n}\n<\/style>\n<div  class='av-special-heading av-llceiv39-6ea713ced6cc5c31d85e9bd40cef3cfd av-special-heading-h1  avia-builder-el-2  el_before_av_hr  avia-builder-el-first '><h1 class='av-special-heading-tag'  itemprop=\"headline\"  >Japani &#8211; vanhentuva talousmahti <\/h1><div class=\"special-heading-border\"><div class=\"special-heading-inner-border\"><\/div><\/div><\/div><br \/>\n\n<style type=\"text\/css\" data-created_by=\"avia_inline_auto\" id=\"style-css-av-llcejb4g-e3524742936f97cdc03a48a4df0c3f39\">\n#top .hr.hr-invisible.av-llcejb4g-e3524742936f97cdc03a48a4df0c3f39{\nheight:50px;\n}\n<\/style>\n<div  class='hr av-llcejb4g-e3524742936f97cdc03a48a4df0c3f39 hr-invisible  avia-builder-el-3  el_after_av_heading  el_before_av_textblock '><span class='hr-inner '><span class=\"hr-inner-style\"><\/span><\/span><\/div><br \/>\n<section  class='av_textblock_section av-lezr0od0-94e7bd8ef786eea3c9a8d27065495667 '   itemscope=\"itemscope\" itemtype=\"https:\/\/schema.org\/CreativeWork\" ><div class='avia_textblock'  itemprop=\"text\" ><p><em><strong>Nousuun Yhdysvaltojen tuella<\/strong><\/em><\/p>\n<p>Toisessa maailmansodassa h\u00e4vi\u00f6lle j\u00e4\u00e4nyt Japani luopui t\u00e4ysin sotaisesta politiikasta ja vahvan armeijan yll\u00e4pidosta. Korean sodan aikana 1950-1953 se sai runsaasti tukea Yhdysvalloilta ja itsen\u00e4istyi poliittisesti. Yhdysvaltojen vahvoja sotilastukikohtia j\u00e4i Japaniin kahdenkeskisen sopimuksen perusteella, mik\u00e4 mahdollisti my\u00f6s sotilasmenojen pit\u00e4misen alhaisina kylm\u00e4n sodan aikana, jolloin niiden osuus oli noin yksi prosentti BKT:sta.<\/p>\n<p>Japanin suhteet Kiinaan olivat sotien j\u00e4ljilt\u00e4 edelleen viile\u00e4t, eiv\u00e4tk\u00e4 ne ole palautuneet t\u00e4ysin normaaleiksi viel\u00e4k\u00e4\u00e4n, sill\u00e4 Japanin miehityskausi Kiinassa oli eritt\u00e4in v\u00e4kivaltaista aikaa. Maiden v\u00e4lisess\u00e4 kaupank\u00e4ynniss\u00e4 ja taloudellisissa sijoituksissa ei kuitenkaan en\u00e4\u00e4 ollut pahoja ongelmia.<\/p>\n<p><em><strong>Autoja ja elektroniikkaa<\/strong><\/em><\/p>\n<p>Taloudellisesti Japani nousi maailmanmahtien joukkoon jo 1970-luvulla. Erityisesti elektroniikkateollisuus mutta my\u00f6s autojen valmistus ja laivanrakennus ovat olleet kansainv\u00e4list\u00e4 huipputasoa. Ylij\u00e4\u00e4m\u00e4inen ulkomaankauppa tuotti runsaat valuuttatulot ja antoi mahdollisuuden tehd\u00e4 sijoituksia maailman kulloisillekin kasvualoille. Japania alkoivat kuitenkin 1990-luvulla vaivata hidastuvan talouskasvun ja vanhenevan v\u00e4est\u00f6n tuottamat ongelmat. Deflatorinen, hinta- ja\u00a0 palkkatasoa alentanut talouskehitys toi mukanaan ty\u00f6tt\u00f6myytt\u00e4 aikaisemmin ennenkokemattomalla tavalla ja my\u00f6s heikensi Japanin asemaa maailmantaloudessa.<\/p>\n<p><em><strong>Varakkaita vanhuksia<\/strong><\/em><\/p>\n<p>Varallisuutta Japanilla on edelleen toiseksi eniten maailmassa, jos mittarina k\u00e4ytet\u00e4\u00e4n valuuttakursseja, eik\u00e4 Japanin talouden tuotantokyky ole mihink\u00e4\u00e4n h\u00e4vinnyt. My\u00f6sk\u00e4\u00e4n korkealle kiivennyt elintaso ei ole laskenut, joten ihmisten terveyden yll\u00e4pidollekin on yh\u00e4 hyv\u00e4t perusteet. Silti yhteiskunnallinen j\u00e4ykkyys ja v\u00e4est\u00f6n vanheneminen ovat tulleet sis\u00e4politiikan vaivoiksi ja heikent\u00e4neet mahdollisuuksia aktiiviseen ulkopolitiikkaan.<\/p>\n<p>Uutena vientituotteena on viime aikoina kukoistanut kulttuuri, erityisesti populaarikulttuuri, mik\u00e4 sopii hyvin my\u00f6s Japanin rauhanomaisen ulkopolitiikan puitteisiin. Japani on lis\u00e4ksi kehitys- ja katastrofiavun jakamisessa johtavia maita.<\/p>\n<p><em><strong>Puolustuspolitiikan aktivointi<\/strong><\/em><\/p>\n<p>ansalaisten keskuudessa ovat ajoittain lis\u00e4\u00e4ntyneet vaatimukset puolustuspolitiikan aktivoimisesta, mutta toistaiseksi sotilasmenot on pidetty alle yhden prosentin osuutena BKT:sta. My\u00f6sk\u00e4\u00e4n ydinaseettomuuden jatkamista ei ole asetettu kyseenalaiseksi, mutta toisaalta protestointia on kohdistunut amerikkalaisten tukikohtien yll\u00e4pitoon muun muassa Okinawalla. Niit\u00e4 pidet\u00e4\u00e4n yleisesti miehitysajan j\u00e4\u00e4ntein\u00e4, mutta It\u00e4-Aasiassa viimeaikoina kiristyneen sotilaspoliittisen tilanteen vuoksi Japani on yh\u00e4 halukas jatkamaan liittoa Yhdysvaltojen kanssa.<\/p>\n<\/div><\/section><\/p><\/div>\n","protected":false},"excerpt":{"rendered":"","protected":false},"author":1,"featured_media":0,"parent":1258,"menu_order":4,"comment_status":"closed","ping_status":"closed","template":"","meta":{"footnotes":""},"class_list":["post-1317","page","type-page","status-publish","hentry"],"_links":{"self":[{"href":"https:\/\/maailmanmuutos.org\/index.php\/wp-json\/wp\/v2\/pages\/1317","targetHints":{"allow":["GET"]}}],"collection":[{"href":"https:\/\/maailmanmuutos.org\/index.php\/wp-json\/wp\/v2\/pages"}],"about":[{"href":"https:\/\/maailmanmuutos.org\/index.php\/wp-json\/wp\/v2\/types\/page"}],"author":[{"embeddable":true,"href":"https:\/\/maailmanmuutos.org\/index.php\/wp-json\/wp\/v2\/users\/1"}],"replies":[{"embeddable":true,"href":"https:\/\/maailmanmuutos.org\/index.php\/wp-json\/wp\/v2\/comments?post=1317"}],"version-history":[{"count":5,"href":"https:\/\/maailmanmuutos.org\/index.php\/wp-json\/wp\/v2\/pages\/1317\/revisions"}],"predecessor-version":[{"id":3532,"href":"https:\/\/maailmanmuutos.org\/index.php\/wp-json\/wp\/v2\/pages\/1317\/revisions\/3532"}],"up":[{"embeddable":true,"href":"https:\/\/maailmanmuutos.org\/index.php\/wp-json\/wp\/v2\/pages\/1258"}],"wp:attachment":[{"href":"https:\/\/maailmanmuutos.org\/index.php\/wp-json\/wp\/v2\/media?parent=1317"}],"curies":[{"name":"wp","href":"https:\/\/api.w.org\/{rel}","templated":true}]}}