{"id":1336,"date":"2023-03-08T19:05:09","date_gmt":"2023-03-08T19:05:09","guid":{"rendered":"http:\/\/us.ylirotu.fi\/?page_id=1336"},"modified":"2023-08-15T15:02:00","modified_gmt":"2023-08-15T15:02:00","slug":"afrikan-historialliset-taustat-ja-maantieteelliset-piirteet","status":"publish","type":"page","link":"https:\/\/maailmanmuutos.org\/index.php\/kylmasta-sodasta-2000-luvulle\/maailman-valtasuhteiden-muutos\/afrikka\/afrikan-historialliset-taustat-ja-maantieteelliset-piirteet\/","title":{"rendered":"Afrikan historialliset taustat ja maantieteelliset piirteet"},"content":{"rendered":"<div id='full_slider_1'  class='avia-fullwidth-slider main_color avia-shadow   avia-builder-el-0  el_before_av_one_full  avia-builder-el-first   container_wrap sidebar_right'  >\n<style type=\"text\/css\" data-created_by=\"avia_inline_auto\" id=\"style-css-av-kd4hz9nx-fb331aa0faaa9c578e2f07ccc45f5aa0\">\n#top #wrap_all .avia-slideshow .av-slideshow-caption.av-kd4hz9nx-fb331aa0faaa9c578e2f07ccc45f5aa0__0 .avia-caption-title{\nfont-size:22px;\n}\n#top .avia-slideshow .av-slideshow-caption.av-kd4hz9nx-fb331aa0faaa9c578e2f07ccc45f5aa0__0 .avia-caption-content{\nfont-size:14px;\n}\n#top .avia-slideshow .av-slideshow-caption.av-kd4hz9nx-fb331aa0faaa9c578e2f07ccc45f5aa0__0 .avia-caption-content p{\nfont-size:14px;\n}\n\n@media only screen and (min-width: 768px) and (max-width: 989px){ \n#top #wrap_all .avia-slideshow .av-slideshow-caption.av-kd4hz9nx-fb331aa0faaa9c578e2f07ccc45f5aa0__0 .avia-caption-title{\nfont-size:16px;\n}\n#top .avia-slideshow .av-slideshow-caption.av-kd4hz9nx-fb331aa0faaa9c578e2f07ccc45f5aa0__0 .avia-caption-content{\nfont-size:16px;\n}\n#top .avia-slideshow .av-slideshow-caption.av-kd4hz9nx-fb331aa0faaa9c578e2f07ccc45f5aa0__0 .avia-caption-content p{\nfont-size:16px;\n}\n}\n\n@media only screen and (min-width: 480px) and (max-width: 767px){ \n#top #wrap_all .avia-slideshow .av-slideshow-caption.av-kd4hz9nx-fb331aa0faaa9c578e2f07ccc45f5aa0__0 .avia-caption-title{\nfont-size:14px;\n}\n#top .avia-slideshow .av-slideshow-caption.av-kd4hz9nx-fb331aa0faaa9c578e2f07ccc45f5aa0__0 .avia-caption-content{\nfont-size:14px;\n}\n#top .avia-slideshow .av-slideshow-caption.av-kd4hz9nx-fb331aa0faaa9c578e2f07ccc45f5aa0__0 .avia-caption-content p{\nfont-size:14px;\n}\n}\n\n@media only screen and (max-width: 479px){ \n#top #wrap_all .avia-slideshow .av-slideshow-caption.av-kd4hz9nx-fb331aa0faaa9c578e2f07ccc45f5aa0__0 .avia-caption-title{\ndisplay:none;\n}\n#top .avia-slideshow .av-slideshow-caption.av-kd4hz9nx-fb331aa0faaa9c578e2f07ccc45f5aa0__0 .avia-caption-content{\ndisplay:none;\n}\n#top .avia-slideshow .av-slideshow-caption.av-kd4hz9nx-fb331aa0faaa9c578e2f07ccc45f5aa0__0 .avia-caption-content p{\ndisplay:none;\n}\n}\n<\/style>\n<div  class='avia-slideshow av-kd4hz9nx-fb331aa0faaa9c578e2f07ccc45f5aa0 avia-slideshow-featured av_slideshow_full avia-slide-slider av-slideshow-ui av-control-default av-slideshow-manual av-loop-once av-loop-manual-endless av-default-height-applied   avia-slideshow-1' data-slideshow-options=\"{&quot;animation&quot;:&quot;slide&quot;,&quot;autoplay&quot;:false,&quot;loop_autoplay&quot;:&quot;once&quot;,&quot;interval&quot;:5,&quot;loop_manual&quot;:&quot;manual-endless&quot;,&quot;autoplay_stopper&quot;:false,&quot;noNavigation&quot;:false,&quot;bg_slider&quot;:false,&quot;keep_padding&quot;:false,&quot;hoverpause&quot;:false,&quot;show_slide_delay&quot;:0}\"  itemprop=\"image\" itemscope=\"itemscope\" itemtype=\"https:\/\/schema.org\/ImageObject\" ><ul class='avia-slideshow-inner ' style='padding-bottom: 28.72411489646%;'><li  class='avia-slideshow-slide av-kd4hz9nx-fb331aa0faaa9c578e2f07ccc45f5aa0__0  av-single-slide slide-1 slide-odd'><div data-rel='slideshow-1' class='avia-slide-wrap '   ><img decoding=\"async\" fetchpriority=\"high\" class=\"wp-image-3551 avia-img-lazy-loading-not-3551\"  src=\"https:\/\/maailmanmuutos.org\/wp-content\/uploads\/2023\/08\/afrikka.jpg\" width=\"1497\" height=\"430\" title='kuvituskuvat' alt=''  itemprop=\"thumbnailUrl\" srcset=\"https:\/\/maailmanmuutos.org\/wp-content\/uploads\/2023\/08\/afrikka.jpg 1500w, https:\/\/maailmanmuutos.org\/wp-content\/uploads\/2023\/08\/afrikka-800x230.jpg 800w, https:\/\/maailmanmuutos.org\/wp-content\/uploads\/2023\/08\/afrikka-120x34.jpg 120w, https:\/\/maailmanmuutos.org\/wp-content\/uploads\/2023\/08\/afrikka-768x221.jpg 768w, https:\/\/maailmanmuutos.org\/wp-content\/uploads\/2023\/08\/afrikka-705x203.jpg 705w\" sizes=\"(max-width: 1497px) 100vw, 1497px\" \/><\/div><\/li><\/ul><\/div><\/div><div id='after_full_slider_1'  class='main_color av_default_container_wrap container_wrap sidebar_right'  ><div class='container av-section-cont-open' ><div class='template-page content  av-content-small alpha units'><div class='post-entry post-entry-type-page post-entry-1336'><div class='entry-content-wrapper clearfix'>\n\n<style type=\"text\/css\" data-created_by=\"avia_inline_auto\" id=\"style-css-av-5spn6-3d3e8ead61d02f87ad7c9f2fc625dc24\">\n.flex_column.av-5spn6-3d3e8ead61d02f87ad7c9f2fc625dc24{\nborder-radius:0px 0px 0px 0px;\npadding:0px 0px 0px 0px;\n}\n<\/style>\n<div  class='flex_column av-5spn6-3d3e8ead61d02f87ad7c9f2fc625dc24 av_one_full  avia-builder-el-1  el_after_av_slideshow_full  avia-builder-el-no-sibling  first flex_column_div av-zero-column-padding  '     ><p>\n<style type=\"text\/css\" data-created_by=\"avia_inline_auto\" id=\"style-css-av-29o22w-524ba155f17ca158105e733b3d623107\">\n#top .av-special-heading.av-29o22w-524ba155f17ca158105e733b3d623107{\npadding-bottom:10px;\n}\nbody .av-special-heading.av-29o22w-524ba155f17ca158105e733b3d623107 .av-special-heading-tag .heading-char{\nfont-size:25px;\n}\n.av-special-heading.av-29o22w-524ba155f17ca158105e733b3d623107 .av-subheading{\nfont-size:15px;\n}\n<\/style>\n<div  class='av-special-heading av-29o22w-524ba155f17ca158105e733b3d623107 av-special-heading-h1  avia-builder-el-2  el_before_av_hr  avia-builder-el-first '><h1 class='av-special-heading-tag'  itemprop=\"headline\"  >Afrikan historialliset taustat ja maantieteelliset piirteet<\/h1><div class=\"special-heading-border\"><div class=\"special-heading-inner-border\"><\/div><\/div><\/div><br \/>\n\n<style type=\"text\/css\" data-created_by=\"avia_inline_auto\" id=\"style-css-av-ljpu23mm-b5b069cc791b7d0bcb8055a390b2f5ff\">\n#top .hr.hr-invisible.av-ljpu23mm-b5b069cc791b7d0bcb8055a390b2f5ff{\nheight:50px;\n}\n<\/style>\n<div  class='hr av-ljpu23mm-b5b069cc791b7d0bcb8055a390b2f5ff hr-invisible  avia-builder-el-3  el_after_av_heading  el_before_av_textblock '><span class='hr-inner '><span class=\"hr-inner-style\"><\/span><\/span><\/div><br \/>\n<section  class='av_textblock_section av-lezr0od0-94e7bd8ef786eea3c9a8d27065495667 '   itemscope=\"itemscope\" itemtype=\"https:\/\/schema.org\/CreativeWork\" ><div class='avia_textblock'  itemprop=\"text\" ><p><em><strong>\u201dMusta maanosa\u201d<\/strong><\/em><\/p>\n<p>Eurooppalaisille Afrikka oli pitk\u00e4\u00e4n \u201dmusta maanosa\u201d, josta ei paljon tiedetty, mutta josta ry\u00f6stettiin s\u00e4\u00e4lim\u00e4tt\u00e4 orjia ja raaka-aineita. Eurooppalaiset siirtomaavallat taistelivat my\u00f6s kesken\u00e4\u00e4n Afrikan alueiden omistuksesta viel\u00e4 1900-alkupuolella. Siirtomaavallan purkautuminen 1900-luvun toisella puoliskolla j\u00e4tti monet Afrikan maat alttiiksi sis\u00e4llissodille, jotka aluksi liittyiv\u00e4t kylm\u00e4n sodan kilpailuasetelmaan it\u00e4isen ja l\u00e4ntisen blokin v\u00e4lill\u00e4. Omana erikoisuuteen olivat entisen brittil\u00e4isen imperiumin maat Etel\u00e4-Afrikka ja Etel\u00e4-Rhodesia (nykyinen Zimbabwe), jotka harjoittivat tiukkaa rotuerottupolitiikkaa aina 1990-luvulle saakka.<\/p>\n<p>Kylm\u00e4n sodan p\u00e4\u00e4ttyminen rauhoitti tilannetta Portugalin entisiss\u00e4 siirtomaissa Angolassa ja Mosambikissa mutta toisaalta synnytti my\u00f6s uusia sis\u00e4isi\u00e4 taisteluja Sudaniin, Kongoon ja L\u00e4nsi-Afrikkaan. N\u00e4m\u00e4 sodat ovat olleet luonteeltaan eritt\u00e4in raakoja ja aiheuttaneet suuria tuhoja.<\/p>\n<p><em><strong>Pohjois-Afrikka<\/strong><\/em><\/p>\n<p>Historiansa puolesta Saharan pohjoispuolinen Afrikka liittyy enemm\u00e4n V\u00e4limeren piiriin ja Euroopan kehitykseen kuin mustan Afrikan yhteyteen. Pohjois-Afrikka oli kaksi vuosituhatta sitten ollut pitk\u00e4\u00e4n Rooman \u00a0imperiumin osa, mink\u00e4 j\u00e4lkeen se kuului arabikulttuurin ja Ottomaanien valtakunnan piiriin, kunnes joutui 1800-luvulla eurooppalaisten siirtomaaherruuden alaiseksi. Vapautuminen siirtomaavallasta toisen maailmansodan j\u00e4lkeen oli useille Pohjois-Afrikan maille, ennen kaikkea Algerialle, vaivalloista ja v\u00e4kivallan s\u00e4vytt\u00e4m\u00e4\u00e4.<\/p>\n<\/div><\/section><\/p><\/div>\n","protected":false},"excerpt":{"rendered":"","protected":false},"author":1,"featured_media":0,"parent":1259,"menu_order":1,"comment_status":"closed","ping_status":"closed","template":"","meta":{"footnotes":""},"class_list":["post-1336","page","type-page","status-publish","hentry"],"_links":{"self":[{"href":"https:\/\/maailmanmuutos.org\/index.php\/wp-json\/wp\/v2\/pages\/1336","targetHints":{"allow":["GET"]}}],"collection":[{"href":"https:\/\/maailmanmuutos.org\/index.php\/wp-json\/wp\/v2\/pages"}],"about":[{"href":"https:\/\/maailmanmuutos.org\/index.php\/wp-json\/wp\/v2\/types\/page"}],"author":[{"embeddable":true,"href":"https:\/\/maailmanmuutos.org\/index.php\/wp-json\/wp\/v2\/users\/1"}],"replies":[{"embeddable":true,"href":"https:\/\/maailmanmuutos.org\/index.php\/wp-json\/wp\/v2\/comments?post=1336"}],"version-history":[{"count":6,"href":"https:\/\/maailmanmuutos.org\/index.php\/wp-json\/wp\/v2\/pages\/1336\/revisions"}],"predecessor-version":[{"id":3550,"href":"https:\/\/maailmanmuutos.org\/index.php\/wp-json\/wp\/v2\/pages\/1336\/revisions\/3550"}],"up":[{"embeddable":true,"href":"https:\/\/maailmanmuutos.org\/index.php\/wp-json\/wp\/v2\/pages\/1259"}],"wp:attachment":[{"href":"https:\/\/maailmanmuutos.org\/index.php\/wp-json\/wp\/v2\/media?parent=1336"}],"curies":[{"name":"wp","href":"https:\/\/api.w.org\/{rel}","templated":true}]}}