{"id":1341,"date":"2023-03-08T19:07:16","date_gmt":"2023-03-08T19:07:16","guid":{"rendered":"http:\/\/us.ylirotu.fi\/?page_id=1341"},"modified":"2023-08-15T15:13:07","modified_gmt":"2023-08-15T15:13:07","slug":"lansi-afrikan-sisallissodat-rauhoittuivat","status":"publish","type":"page","link":"https:\/\/maailmanmuutos.org\/index.php\/kylmasta-sodasta-2000-luvulle\/maailman-valtasuhteiden-muutos\/afrikka\/lansi-afrikan-sisallissodat-rauhoittuivat\/","title":{"rendered":"L\u00e4nsi-Afrikan sis\u00e4llissodat rauhoittuivat\u00a0"},"content":{"rendered":"<div id='full_slider_1'  class='avia-fullwidth-slider main_color avia-shadow   avia-builder-el-0  el_before_av_one_full  avia-builder-el-first   container_wrap sidebar_right'  >\n<style type=\"text\/css\" data-created_by=\"avia_inline_auto\" id=\"style-css-av-kd4hz9nx-fb331aa0faaa9c578e2f07ccc45f5aa0\">\n#top #wrap_all .avia-slideshow .av-slideshow-caption.av-kd4hz9nx-fb331aa0faaa9c578e2f07ccc45f5aa0__0 .avia-caption-title{\nfont-size:22px;\n}\n#top .avia-slideshow .av-slideshow-caption.av-kd4hz9nx-fb331aa0faaa9c578e2f07ccc45f5aa0__0 .avia-caption-content{\nfont-size:14px;\n}\n#top .avia-slideshow .av-slideshow-caption.av-kd4hz9nx-fb331aa0faaa9c578e2f07ccc45f5aa0__0 .avia-caption-content p{\nfont-size:14px;\n}\n\n@media only screen and (min-width: 768px) and (max-width: 989px){ \n#top #wrap_all .avia-slideshow .av-slideshow-caption.av-kd4hz9nx-fb331aa0faaa9c578e2f07ccc45f5aa0__0 .avia-caption-title{\nfont-size:16px;\n}\n#top .avia-slideshow .av-slideshow-caption.av-kd4hz9nx-fb331aa0faaa9c578e2f07ccc45f5aa0__0 .avia-caption-content{\nfont-size:16px;\n}\n#top .avia-slideshow .av-slideshow-caption.av-kd4hz9nx-fb331aa0faaa9c578e2f07ccc45f5aa0__0 .avia-caption-content p{\nfont-size:16px;\n}\n}\n\n@media only screen and (min-width: 480px) and (max-width: 767px){ \n#top #wrap_all .avia-slideshow .av-slideshow-caption.av-kd4hz9nx-fb331aa0faaa9c578e2f07ccc45f5aa0__0 .avia-caption-title{\nfont-size:14px;\n}\n#top .avia-slideshow .av-slideshow-caption.av-kd4hz9nx-fb331aa0faaa9c578e2f07ccc45f5aa0__0 .avia-caption-content{\nfont-size:14px;\n}\n#top .avia-slideshow .av-slideshow-caption.av-kd4hz9nx-fb331aa0faaa9c578e2f07ccc45f5aa0__0 .avia-caption-content p{\nfont-size:14px;\n}\n}\n\n@media only screen and (max-width: 479px){ \n#top #wrap_all .avia-slideshow .av-slideshow-caption.av-kd4hz9nx-fb331aa0faaa9c578e2f07ccc45f5aa0__0 .avia-caption-title{\ndisplay:none;\n}\n#top .avia-slideshow .av-slideshow-caption.av-kd4hz9nx-fb331aa0faaa9c578e2f07ccc45f5aa0__0 .avia-caption-content{\ndisplay:none;\n}\n#top .avia-slideshow .av-slideshow-caption.av-kd4hz9nx-fb331aa0faaa9c578e2f07ccc45f5aa0__0 .avia-caption-content p{\ndisplay:none;\n}\n}\n<\/style>\n<div  class='avia-slideshow av-kd4hz9nx-fb331aa0faaa9c578e2f07ccc45f5aa0 avia-slideshow-featured av_slideshow_full avia-slide-slider av-slideshow-ui av-control-default av-slideshow-manual av-loop-once av-loop-manual-endless av-default-height-applied   avia-slideshow-1' data-slideshow-options=\"{&quot;animation&quot;:&quot;slide&quot;,&quot;autoplay&quot;:false,&quot;loop_autoplay&quot;:&quot;once&quot;,&quot;interval&quot;:5,&quot;loop_manual&quot;:&quot;manual-endless&quot;,&quot;autoplay_stopper&quot;:false,&quot;noNavigation&quot;:false,&quot;bg_slider&quot;:false,&quot;keep_padding&quot;:false,&quot;hoverpause&quot;:false,&quot;show_slide_delay&quot;:0}\"  itemprop=\"image\" itemscope=\"itemscope\" itemtype=\"https:\/\/schema.org\/ImageObject\" ><ul class='avia-slideshow-inner ' style='padding-bottom: 28.72411489646%;'><li  class='avia-slideshow-slide av-kd4hz9nx-fb331aa0faaa9c578e2f07ccc45f5aa0__0  av-single-slide slide-1 slide-odd'><div data-rel='slideshow-1' class='avia-slide-wrap '   ><img decoding=\"async\" fetchpriority=\"high\" class=\"wp-image-3561 avia-img-lazy-loading-not-3561\"  src=\"https:\/\/maailmanmuutos.org\/wp-content\/uploads\/2023\/08\/nigerian-presidentti.jpg\" width=\"1497\" height=\"430\" title='kuvituskuvat' alt=''  itemprop=\"thumbnailUrl\" srcset=\"https:\/\/maailmanmuutos.org\/wp-content\/uploads\/2023\/08\/nigerian-presidentti.jpg 1500w, https:\/\/maailmanmuutos.org\/wp-content\/uploads\/2023\/08\/nigerian-presidentti-800x230.jpg 800w, https:\/\/maailmanmuutos.org\/wp-content\/uploads\/2023\/08\/nigerian-presidentti-120x34.jpg 120w, https:\/\/maailmanmuutos.org\/wp-content\/uploads\/2023\/08\/nigerian-presidentti-768x221.jpg 768w, https:\/\/maailmanmuutos.org\/wp-content\/uploads\/2023\/08\/nigerian-presidentti-705x203.jpg 705w\" sizes=\"(max-width: 1497px) 100vw, 1497px\" \/><\/div><\/li><\/ul><\/div><\/div><div id='after_full_slider_1'  class='main_color av_default_container_wrap container_wrap sidebar_right'  ><div class='container av-section-cont-open' ><div class='template-page content  av-content-small alpha units'><div class='post-entry post-entry-type-page post-entry-1341'><div class='entry-content-wrapper clearfix'>\n\n<style type=\"text\/css\" data-created_by=\"avia_inline_auto\" id=\"style-css-av-5spn6-3d3e8ead61d02f87ad7c9f2fc625dc24\">\n.flex_column.av-5spn6-3d3e8ead61d02f87ad7c9f2fc625dc24{\nborder-radius:0px 0px 0px 0px;\npadding:0px 0px 0px 0px;\n}\n<\/style>\n<div  class='flex_column av-5spn6-3d3e8ead61d02f87ad7c9f2fc625dc24 av_one_full  avia-builder-el-1  el_after_av_slideshow_full  avia-builder-el-no-sibling  first flex_column_div av-zero-column-padding  '     ><p>\n<style type=\"text\/css\" data-created_by=\"avia_inline_auto\" id=\"style-css-av-2xdytp-3bd1e2acdffc8ecee3161686a4eed7a6\">\n#top .av-special-heading.av-2xdytp-3bd1e2acdffc8ecee3161686a4eed7a6{\npadding-bottom:10px;\n}\nbody .av-special-heading.av-2xdytp-3bd1e2acdffc8ecee3161686a4eed7a6 .av-special-heading-tag .heading-char{\nfont-size:25px;\n}\n.av-special-heading.av-2xdytp-3bd1e2acdffc8ecee3161686a4eed7a6 .av-subheading{\nfont-size:15px;\n}\n<\/style>\n<div  class='av-special-heading av-2xdytp-3bd1e2acdffc8ecee3161686a4eed7a6 av-special-heading-h1  avia-builder-el-2  el_before_av_hr  avia-builder-el-first '><h1 class='av-special-heading-tag'  itemprop=\"headline\"  >L\u00e4nsi-Afrikan sis\u00e4llissodat rauhoittuivat <\/h1><div class=\"special-heading-border\"><div class=\"special-heading-inner-border\"><\/div><\/div><\/div><br \/>\n\n<style type=\"text\/css\" data-created_by=\"avia_inline_auto\" id=\"style-css-av-llcfssic-303a059f0c3701241337b3fbbdbfec58\">\n#top .hr.hr-invisible.av-llcfssic-303a059f0c3701241337b3fbbdbfec58{\nheight:50px;\n}\n<\/style>\n<div  class='hr av-llcfssic-303a059f0c3701241337b3fbbdbfec58 hr-invisible  avia-builder-el-3  el_after_av_heading  el_before_av_textblock '><span class='hr-inner '><span class=\"hr-inner-style\"><\/span><\/span><\/div><br \/>\n<section  class='av_textblock_section av-lezr0od0-94e7bd8ef786eea3c9a8d27065495667 '   itemscope=\"itemscope\" itemtype=\"https:\/\/schema.org\/CreativeWork\" ><div class='avia_textblock'  itemprop=\"text\" ><p><em><strong>Sis\u00e4isi\u00e4 levottomuuksia<\/strong><\/em><\/p>\n<p>L\u00e4nsi-Afrikan maita ry\u00f6stettiin siirtomaakaudella h\u00e4ik\u00e4ilem\u00e4tt\u00e4, yhteiskunnan kehitt\u00e4minen laiminly\u00f6tiin eik\u00e4 itsen\u00e4istyminen suinkaan vakiinnuttanut niiden tilannetta. Seurauksena on ollut sis\u00e4isi\u00e4 levottomuuksia l\u00e4hes kaikissa alueen maissa. Erityisen paha vaihe oli 1990-luku, jolloin muun muassa Sierra Leonessa ja Liberiassa k\u00e4ytiin jopa Afrikan oloihin n\u00e4hden hyvin raakaa sis\u00e4llissotaa. Sen vaikutukset levisiv\u00e4t my\u00f6s naapurimaihin.<\/p>\n<p><em><strong>Rauhanturvaoperaatiot onnistuivat<\/strong><\/em><\/p>\n<p>YK:n johtamat ja alueellisen yhteisty\u00f6organisaation tukemat rauhanturvaoperaatiot saivat nuo sodat rauhoittumaan 2000-luvun alussa, mutta ep\u00e4vakaisuus silti jatkui L\u00e4nsi-Afrikan maissa. Yhten\u00e4 syyn\u00e4 ovat siirtomaakaudelta periytyneet mielivaltaiset valtioiden rajat sek\u00e4 valtioiden etnis-kulttuurinen hajanaisuus ja yhteiskuntarakenteen heikkoudet. N\u00e4ihin ongelmiin liittyv\u00e4t l\u00e4heisesti talouden huonot edellytykset.<\/p>\n<p>Avainasemassa on alueen suurimman ja luonnonvarojensa puolesta t\u00e4rkeimm\u00e4n maan Nigerian kehitys. Siell\u00e4 on k\u00e4yty ajoittain sis\u00e4isi\u00e4 taisteluja sek\u00e4 etel\u00e4n rannikon \u00f6ljyalueilla ett\u00e4 pohjoisempana sis\u00e4maan heimojen asuinalueilla. Suurelta yhteenotolta on viime aikoina v\u00e4ltytty.<\/p>\n<p><em><strong>Norsunluurannikon kriisi<\/strong><\/em><\/p>\n<p>Tuoreista ongelmista esimerkkin\u00e4 ovat vuoden 2010 lopulla Norsunluurannikon presidentinvaalin tulokseen liittyneet kiistat, joita on yritetty ratkaista muun muassa YK:n, L\u00e4nsi-Afrikan talousyhteis\u00f6n (ECOWAS) ja entisen siirtomaais\u00e4nn\u00e4n Ranskan avustuksella. Luonnonvaroiltaan verraten rikkaan ja liikenneyhteyksiens\u00e4 puolesta verraten hyv\u00e4t edellytykset omaavan 20 miljoonan asukkaan maan sis\u00e4poliittiset kiistat ovat jatkuneet muutaman vuoden takaisen sis\u00e4llissodan j\u00e4lkeen. Lis\u00e4ksi ymp\u00e4rist\u00f6n saastumisongelmat sek\u00e4 maan sietokykyyn n\u00e4hden liiallinen v\u00e4est\u00f6 antavat aiheen olettaa, ett\u00e4 vakauden saavuttaminen on vaikeaa, vaikka sit\u00e4 on yritetty tukea my\u00f6s YK:n rauhanturvaoperaatiolla.<\/p>\n<\/div><\/section><\/p><\/div>\n","protected":false},"excerpt":{"rendered":"","protected":false},"author":1,"featured_media":0,"parent":1259,"menu_order":3,"comment_status":"closed","ping_status":"closed","template":"","meta":{"footnotes":""},"class_list":["post-1341","page","type-page","status-publish","hentry"],"_links":{"self":[{"href":"https:\/\/maailmanmuutos.org\/index.php\/wp-json\/wp\/v2\/pages\/1341","targetHints":{"allow":["GET"]}}],"collection":[{"href":"https:\/\/maailmanmuutos.org\/index.php\/wp-json\/wp\/v2\/pages"}],"about":[{"href":"https:\/\/maailmanmuutos.org\/index.php\/wp-json\/wp\/v2\/types\/page"}],"author":[{"embeddable":true,"href":"https:\/\/maailmanmuutos.org\/index.php\/wp-json\/wp\/v2\/users\/1"}],"replies":[{"embeddable":true,"href":"https:\/\/maailmanmuutos.org\/index.php\/wp-json\/wp\/v2\/comments?post=1341"}],"version-history":[{"count":6,"href":"https:\/\/maailmanmuutos.org\/index.php\/wp-json\/wp\/v2\/pages\/1341\/revisions"}],"predecessor-version":[{"id":3557,"href":"https:\/\/maailmanmuutos.org\/index.php\/wp-json\/wp\/v2\/pages\/1341\/revisions\/3557"}],"up":[{"embeddable":true,"href":"https:\/\/maailmanmuutos.org\/index.php\/wp-json\/wp\/v2\/pages\/1259"}],"wp:attachment":[{"href":"https:\/\/maailmanmuutos.org\/index.php\/wp-json\/wp\/v2\/media?parent=1341"}],"curies":[{"name":"wp","href":"https:\/\/api.w.org\/{rel}","templated":true}]}}