{"id":1343,"date":"2023-03-08T19:07:16","date_gmt":"2023-03-08T19:07:16","guid":{"rendered":"http:\/\/us.ylirotu.fi\/?page_id=1343"},"modified":"2023-08-15T15:25:40","modified_gmt":"2023-08-15T15:25:40","slug":"sudanin-ja-afrikan-sarven-konfliktit","status":"publish","type":"page","link":"https:\/\/maailmanmuutos.org\/index.php\/kylmasta-sodasta-2000-luvulle\/maailman-valtasuhteiden-muutos\/afrikka\/sudanin-ja-afrikan-sarven-konfliktit\/","title":{"rendered":"Sudanin ja Afrikan sarven konfliktit\u00a0"},"content":{"rendered":"<div id='full_slider_1'  class='avia-fullwidth-slider main_color avia-shadow   avia-builder-el-0  el_before_av_one_full  avia-builder-el-first   container_wrap sidebar_right'  >\n<style type=\"text\/css\" data-created_by=\"avia_inline_auto\" id=\"style-css-av-kd4hz9nx-fb331aa0faaa9c578e2f07ccc45f5aa0\">\n#top #wrap_all .avia-slideshow .av-slideshow-caption.av-kd4hz9nx-fb331aa0faaa9c578e2f07ccc45f5aa0__0 .avia-caption-title{\nfont-size:22px;\n}\n#top .avia-slideshow .av-slideshow-caption.av-kd4hz9nx-fb331aa0faaa9c578e2f07ccc45f5aa0__0 .avia-caption-content{\nfont-size:14px;\n}\n#top .avia-slideshow .av-slideshow-caption.av-kd4hz9nx-fb331aa0faaa9c578e2f07ccc45f5aa0__0 .avia-caption-content p{\nfont-size:14px;\n}\n\n@media only screen and (min-width: 768px) and (max-width: 989px){ \n#top #wrap_all .avia-slideshow .av-slideshow-caption.av-kd4hz9nx-fb331aa0faaa9c578e2f07ccc45f5aa0__0 .avia-caption-title{\nfont-size:16px;\n}\n#top .avia-slideshow .av-slideshow-caption.av-kd4hz9nx-fb331aa0faaa9c578e2f07ccc45f5aa0__0 .avia-caption-content{\nfont-size:16px;\n}\n#top .avia-slideshow .av-slideshow-caption.av-kd4hz9nx-fb331aa0faaa9c578e2f07ccc45f5aa0__0 .avia-caption-content p{\nfont-size:16px;\n}\n}\n\n@media only screen and (min-width: 480px) and (max-width: 767px){ \n#top #wrap_all .avia-slideshow .av-slideshow-caption.av-kd4hz9nx-fb331aa0faaa9c578e2f07ccc45f5aa0__0 .avia-caption-title{\nfont-size:14px;\n}\n#top .avia-slideshow .av-slideshow-caption.av-kd4hz9nx-fb331aa0faaa9c578e2f07ccc45f5aa0__0 .avia-caption-content{\nfont-size:14px;\n}\n#top .avia-slideshow .av-slideshow-caption.av-kd4hz9nx-fb331aa0faaa9c578e2f07ccc45f5aa0__0 .avia-caption-content p{\nfont-size:14px;\n}\n}\n\n@media only screen and (max-width: 479px){ \n#top #wrap_all .avia-slideshow .av-slideshow-caption.av-kd4hz9nx-fb331aa0faaa9c578e2f07ccc45f5aa0__0 .avia-caption-title{\ndisplay:none;\n}\n#top .avia-slideshow .av-slideshow-caption.av-kd4hz9nx-fb331aa0faaa9c578e2f07ccc45f5aa0__0 .avia-caption-content{\ndisplay:none;\n}\n#top .avia-slideshow .av-slideshow-caption.av-kd4hz9nx-fb331aa0faaa9c578e2f07ccc45f5aa0__0 .avia-caption-content p{\ndisplay:none;\n}\n}\n<\/style>\n<div  class='avia-slideshow av-kd4hz9nx-fb331aa0faaa9c578e2f07ccc45f5aa0 avia-slideshow-featured av_slideshow_full avia-slide-slider av-slideshow-ui av-control-default av-slideshow-manual av-loop-once av-loop-manual-endless av-default-height-applied   avia-slideshow-1' data-slideshow-options=\"{&quot;animation&quot;:&quot;slide&quot;,&quot;autoplay&quot;:false,&quot;loop_autoplay&quot;:&quot;once&quot;,&quot;interval&quot;:5,&quot;loop_manual&quot;:&quot;manual-endless&quot;,&quot;autoplay_stopper&quot;:false,&quot;noNavigation&quot;:false,&quot;bg_slider&quot;:false,&quot;keep_padding&quot;:false,&quot;hoverpause&quot;:false,&quot;show_slide_delay&quot;:0}\"  itemprop=\"image\" itemscope=\"itemscope\" itemtype=\"https:\/\/schema.org\/ImageObject\" ><ul class='avia-slideshow-inner ' style='padding-bottom: 28.72411489646%;'><li  class='avia-slideshow-slide av-kd4hz9nx-fb331aa0faaa9c578e2f07ccc45f5aa0__0  av-single-slide slide-1 slide-odd'><div data-rel='slideshow-1' class='avia-slide-wrap '   ><img decoding=\"async\" fetchpriority=\"high\" class=\"wp-image-3569 avia-img-lazy-loading-not-3569\"  src=\"https:\/\/maailmanmuutos.org\/wp-content\/uploads\/2023\/08\/sudan-UN.jpg\" width=\"1497\" height=\"430\" title='kuvituskuvat' alt=''  itemprop=\"thumbnailUrl\" srcset=\"https:\/\/maailmanmuutos.org\/wp-content\/uploads\/2023\/08\/sudan-UN.jpg 1500w, https:\/\/maailmanmuutos.org\/wp-content\/uploads\/2023\/08\/sudan-UN-800x230.jpg 800w, https:\/\/maailmanmuutos.org\/wp-content\/uploads\/2023\/08\/sudan-UN-120x34.jpg 120w, https:\/\/maailmanmuutos.org\/wp-content\/uploads\/2023\/08\/sudan-UN-768x221.jpg 768w, https:\/\/maailmanmuutos.org\/wp-content\/uploads\/2023\/08\/sudan-UN-705x203.jpg 705w\" sizes=\"(max-width: 1497px) 100vw, 1497px\" \/><\/div><\/li><\/ul><\/div><\/div><div id='after_full_slider_1'  class='main_color av_default_container_wrap container_wrap sidebar_right'  ><div class='container av-section-cont-open' ><div class='template-page content  av-content-small alpha units'><div class='post-entry post-entry-type-page post-entry-1343'><div class='entry-content-wrapper clearfix'>\n\n<style type=\"text\/css\" data-created_by=\"avia_inline_auto\" id=\"style-css-av-5spn6-3d3e8ead61d02f87ad7c9f2fc625dc24\">\n.flex_column.av-5spn6-3d3e8ead61d02f87ad7c9f2fc625dc24{\nborder-radius:0px 0px 0px 0px;\npadding:0px 0px 0px 0px;\n}\n<\/style>\n<div  class='flex_column av-5spn6-3d3e8ead61d02f87ad7c9f2fc625dc24 av_one_full  avia-builder-el-1  el_after_av_slideshow_full  avia-builder-el-no-sibling  first flex_column_div av-zero-column-padding  '     ><p>\n<style type=\"text\/css\" data-created_by=\"avia_inline_auto\" id=\"style-css-av-26lw1b-f2c55b150ce605a68e61c58d28ae7655\">\n#top .av-special-heading.av-26lw1b-f2c55b150ce605a68e61c58d28ae7655{\npadding-bottom:10px;\n}\nbody .av-special-heading.av-26lw1b-f2c55b150ce605a68e61c58d28ae7655 .av-special-heading-tag .heading-char{\nfont-size:25px;\n}\n.av-special-heading.av-26lw1b-f2c55b150ce605a68e61c58d28ae7655 .av-subheading{\nfont-size:15px;\n}\n<\/style>\n<div  class='av-special-heading av-26lw1b-f2c55b150ce605a68e61c58d28ae7655 av-special-heading-h1  avia-builder-el-2  el_before_av_hr  avia-builder-el-first '><h1 class='av-special-heading-tag'  itemprop=\"headline\"  >Sudanin ja Afrikan sarven konfliktit <\/h1><div class=\"special-heading-border\"><div class=\"special-heading-inner-border\"><\/div><\/div><\/div><br \/>\n\n<style type=\"text\/css\" data-created_by=\"avia_inline_auto\" id=\"style-css-av-llcgac6g-9ad312361d46770fff70e300afc02ca8\">\n#top .hr.hr-invisible.av-llcgac6g-9ad312361d46770fff70e300afc02ca8{\nheight:50px;\n}\n<\/style>\n<div  class='hr av-llcgac6g-9ad312361d46770fff70e300afc02ca8 hr-invisible  avia-builder-el-3  el_after_av_heading  el_before_av_textblock '><span class='hr-inner '><span class=\"hr-inner-style\"><\/span><\/span><\/div><br \/>\n<section  class='av_textblock_section av-lezr0od0-94e7bd8ef786eea3c9a8d27065495667 '   itemscope=\"itemscope\" itemtype=\"https:\/\/schema.org\/CreativeWork\" ><div class='avia_textblock'  itemprop=\"text\" ><p><em><strong>Pitk\u00e4 sis\u00e4llissota p\u00e4\u00e4ttyi<\/strong><\/em><\/p>\n<p>Sudanin pitk\u00e4\u00e4n jatkuneilla ja tuhoisilla sis\u00e4llissodilla on taustansa maan jakautumisessa pohjoisosan arabien ja etel\u00e4n mustien afrikkalaisten asuinalueisiin. Toisena taustatekij\u00e4n\u00e4 on viime vuosina ollut kamppailu \u00f6ljyvaroista, joiden merkitys on yh\u00e4 lis\u00e4\u00e4ntynyt. Sudan oli brittil\u00e4inen siirtomaa 1800-luvun lopulta alkaen, ja se itsen\u00e4istyi vuonna 1959.<\/p>\n<p>Sudanin erityisin\u00e4 ongelmina ovat maan suuri koko ja v\u00e4est\u00f6n jakautuminen lukuisiin kansanryhmiin, jotka puhuvat eri kieli\u00e4 ja ovat kulttuurisesti muutenkin hyvin erilaisia. Itsen\u00e4istymisen j\u00e4lkeen on k\u00e4yty l\u00e4hes jatkuvasti sis\u00e4isi\u00e4 taisteluja, joissa on kuollut arviolta kaksi miljoonaa ihmist\u00e4. Sudanin hallituksen ja etel\u00e4osien kapinallisten v\u00e4lille saatiin 2000-luvun alkuvuosien sitkeiden neuvottelujen j\u00e4lkeen tehdyksi rauhansopimus, mutta samaan aikaan tilanne k\u00e4rjistyi l\u00e4nness\u00e4 Darfurin alueella. N\u00e4ille alueille vaivoin aikaansaadun aselevon valvontaan YK perusti suuren rauhanturvaoperaation yhdess\u00e4 Afrikan unionin kanssa.<\/p>\n<p><em><strong>Etel\u00e4 Sudan irtautumassa<\/strong><\/em><\/p>\n<p>Uutena tekij\u00e4n\u00e4 Sudanin politiikkaan ovat vahvasti vaikuttamassa Kiinan tekem\u00e4t sijoitukset \u00f6ljyteollisuuteen, jonka t\u00e4rkeimm\u00e4t osat sijaitsevat kiistellyill\u00e4 alueilla etel\u00e4ss\u00e4. Etel\u00e4osat ovat pyrkineet itsen\u00e4istym\u00e4\u00e4n, mist\u00e4 on aiheutunut vakavia riitoja Sudanin hallituksen kanssa. Rauhansopimus on kuitenkin pit\u00e4nyt, ja vuoden 2011 alussa sovittiin pidett\u00e4v\u00e4ksi itsen\u00e4istymisest\u00e4 kansan\u00e4\u00e4nestys.<\/p>\n<p><em><strong>Afrikan sarvi<\/strong><\/em><\/p>\n<p>Afrikan sarveksi kutsutulla alueella Etiopiassa, Somaliassa ja Eritreassa on sodittu sek\u00e4 sis\u00e4isesti ett\u00e4 valtioiden v\u00e4lill\u00e4 usean kymmenen vuoden ajan. N\u00e4iss\u00e4 sodissa on kuollut arviolta yli kolme miljoonaa ihmist\u00e4, joista suuri osa on saanut surmansa sotien oheisvaikutuksien vuoksi. My\u00f6s toistuvat n\u00e4l\u00e4nh\u00e4d\u00e4t ovat paljolti seurausta poliittisten olojen ep\u00e4vakaudesta.<\/p>\n<p><em><strong>Somalia<\/strong><\/em><\/p>\n<p>Somaliassa on k\u00e4yty sis\u00e4llissotaa l\u00e4hes katkeamatta 1990-luvun alusta l\u00e4htien.\u00a0 Yhdysvallat teki sinne YK:n valtuuttaman intervention vuonna 1992 mutta joutui runsaan vuoden kuluttua per\u00e4ytym\u00e4\u00e4n. My\u00f6s YK:n rauhanturvaoperaatio ep\u00e4onnistui, mink\u00e4 j\u00e4lkeen ulkomaalaiset joukot poistuivat ja Somalian eri heimot ja klaanit jatkoivat keskin\u00e4isi\u00e4 taistelujaan. Radikaali islamistinen liike sai v\u00e4lill\u00e4 p\u00e4\u00e4kaupungin Mogadishun ja suuren osan maata valtansa alle ja kohtalaisen hyvin rauhoitetuksi, kunnes Yhdysvaltojen tukemat Etiopian joukot valtasivat Mogadishun takaisin vuonna 2006. Siell\u00e4 taistelut ovat jatkuneet, kun taas maan pohjoisosissa on ollut selv\u00e4sti rauhallisempaa.<\/p>\n<p><em><strong>Islamilaiset \u00e4\u00e4riliikkeet<\/strong><\/em><\/p>\n<p>L\u00e4nsimaita on huolestuttanut radikaalien islamististen liikkeiden pesiytyminen Somaliaan ja Jemeniin. T\u00e4m\u00e4n kehityksen torjumiseksi Yhdysvallat on turvautunut my\u00f6s ep\u00e4varmoihin liittolaisiin saadakseen Afrikan sarven ja l\u00e4hialueiden tilanteen hallintaan, mutta menestys on ollut huono. My\u00f6sk\u00e4\u00e4n merirosvous-ongelmaa ei ole kyetty poistamaan laajasta kansainv\u00e4lisest\u00e4 yhteisty\u00f6st\u00e4 huolimatta.<\/p>\n<p>N\u00e4iss\u00e4 asioissa suurvallat, Kiina ja Ven\u00e4j\u00e4 mukaan luettuina, ovat olleet yksimielisi\u00e4 p\u00e4\u00e4m\u00e4\u00e4r\u00e4st\u00e4 saada estetyksi islamistiterroristien pesiytyminen Afrikan sarven alueelle, mutta kovin tehokas yhteisty\u00f6t\u00e4 ei silti ole saatu aikaan. Alueet ovat laajoja ja vaikeasti hallittavia, joten tarvittavia voimavaroja tehokkaan rauhanturvaamisen aikaansaamiseen ei tahdo l\u00f6yty\u00e4. Se edellytt\u00e4isi my\u00f6s puuttumista perustaviin poliittisiin ongelmiin.<\/p>\n<\/div><\/section><\/p><\/div>\n","protected":false},"excerpt":{"rendered":"","protected":false},"author":1,"featured_media":0,"parent":1259,"menu_order":5,"comment_status":"closed","ping_status":"closed","template":"","meta":{"footnotes":""},"class_list":["post-1343","page","type-page","status-publish","hentry"],"_links":{"self":[{"href":"https:\/\/maailmanmuutos.org\/index.php\/wp-json\/wp\/v2\/pages\/1343","targetHints":{"allow":["GET"]}}],"collection":[{"href":"https:\/\/maailmanmuutos.org\/index.php\/wp-json\/wp\/v2\/pages"}],"about":[{"href":"https:\/\/maailmanmuutos.org\/index.php\/wp-json\/wp\/v2\/types\/page"}],"author":[{"embeddable":true,"href":"https:\/\/maailmanmuutos.org\/index.php\/wp-json\/wp\/v2\/users\/1"}],"replies":[{"embeddable":true,"href":"https:\/\/maailmanmuutos.org\/index.php\/wp-json\/wp\/v2\/comments?post=1343"}],"version-history":[{"count":6,"href":"https:\/\/maailmanmuutos.org\/index.php\/wp-json\/wp\/v2\/pages\/1343\/revisions"}],"predecessor-version":[{"id":3567,"href":"https:\/\/maailmanmuutos.org\/index.php\/wp-json\/wp\/v2\/pages\/1343\/revisions\/3567"}],"up":[{"embeddable":true,"href":"https:\/\/maailmanmuutos.org\/index.php\/wp-json\/wp\/v2\/pages\/1259"}],"wp:attachment":[{"href":"https:\/\/maailmanmuutos.org\/index.php\/wp-json\/wp\/v2\/media?parent=1343"}],"curies":[{"name":"wp","href":"https:\/\/api.w.org\/{rel}","templated":true}]}}