{"id":1366,"date":"2023-03-08T19:13:19","date_gmt":"2023-03-08T19:13:19","guid":{"rendered":"http:\/\/us.ylirotu.fi\/index.php\/maailman-muutos\/euroopan-turvallisuuspoliittinen-kehitys-1990-luvulla\/itaisen-keski-euroopan-kehitys-2\/"},"modified":"2023-08-17T08:51:02","modified_gmt":"2023-08-17T08:51:02","slug":"demokratian-vakiinnuttaminen","status":"publish","type":"page","link":"https:\/\/maailmanmuutos.org\/index.php\/kylmasta-sodasta-2000-luvulle\/euroopan-turvallisuuspoliittinen-kehitys-1990-luvulla\/itaisen-keski-euroopan-kehitys\/demokratian-vakiinnuttaminen\/","title":{"rendered":"Demokratian vakiinnuttaminen\u00a0"},"content":{"rendered":"<div id='full_slider_1'  class='avia-fullwidth-slider main_color avia-shadow   avia-builder-el-0  el_before_av_one_full  avia-builder-el-first   container_wrap sidebar_right'  >\n<style type=\"text\/css\" data-created_by=\"avia_inline_auto\" id=\"style-css-av-kd4hz9nx-fb331aa0faaa9c578e2f07ccc45f5aa0\">\n#top #wrap_all .avia-slideshow .av-slideshow-caption.av-kd4hz9nx-fb331aa0faaa9c578e2f07ccc45f5aa0__0 .avia-caption-title{\nfont-size:22px;\n}\n#top .avia-slideshow .av-slideshow-caption.av-kd4hz9nx-fb331aa0faaa9c578e2f07ccc45f5aa0__0 .avia-caption-content{\nfont-size:14px;\n}\n#top .avia-slideshow .av-slideshow-caption.av-kd4hz9nx-fb331aa0faaa9c578e2f07ccc45f5aa0__0 .avia-caption-content p{\nfont-size:14px;\n}\n\n@media only screen and (min-width: 768px) and (max-width: 989px){ \n#top #wrap_all .avia-slideshow .av-slideshow-caption.av-kd4hz9nx-fb331aa0faaa9c578e2f07ccc45f5aa0__0 .avia-caption-title{\nfont-size:16px;\n}\n#top .avia-slideshow .av-slideshow-caption.av-kd4hz9nx-fb331aa0faaa9c578e2f07ccc45f5aa0__0 .avia-caption-content{\nfont-size:16px;\n}\n#top .avia-slideshow .av-slideshow-caption.av-kd4hz9nx-fb331aa0faaa9c578e2f07ccc45f5aa0__0 .avia-caption-content p{\nfont-size:16px;\n}\n}\n\n@media only screen and (min-width: 480px) and (max-width: 767px){ \n#top #wrap_all .avia-slideshow .av-slideshow-caption.av-kd4hz9nx-fb331aa0faaa9c578e2f07ccc45f5aa0__0 .avia-caption-title{\nfont-size:14px;\n}\n#top .avia-slideshow .av-slideshow-caption.av-kd4hz9nx-fb331aa0faaa9c578e2f07ccc45f5aa0__0 .avia-caption-content{\nfont-size:14px;\n}\n#top .avia-slideshow .av-slideshow-caption.av-kd4hz9nx-fb331aa0faaa9c578e2f07ccc45f5aa0__0 .avia-caption-content p{\nfont-size:14px;\n}\n}\n\n@media only screen and (max-width: 479px){ \n#top #wrap_all .avia-slideshow .av-slideshow-caption.av-kd4hz9nx-fb331aa0faaa9c578e2f07ccc45f5aa0__0 .avia-caption-title{\ndisplay:none;\n}\n#top .avia-slideshow .av-slideshow-caption.av-kd4hz9nx-fb331aa0faaa9c578e2f07ccc45f5aa0__0 .avia-caption-content{\ndisplay:none;\n}\n#top .avia-slideshow .av-slideshow-caption.av-kd4hz9nx-fb331aa0faaa9c578e2f07ccc45f5aa0__0 .avia-caption-content p{\ndisplay:none;\n}\n}\n<\/style>\n<div  class='avia-slideshow av-kd4hz9nx-fb331aa0faaa9c578e2f07ccc45f5aa0 avia-slideshow-featured av_slideshow_full avia-slide-slider av-slideshow-ui av-control-default av-slideshow-manual av-loop-once av-loop-manual-endless av-default-height-applied   avia-slideshow-1' data-slideshow-options=\"{&quot;animation&quot;:&quot;slide&quot;,&quot;autoplay&quot;:false,&quot;loop_autoplay&quot;:&quot;once&quot;,&quot;interval&quot;:5,&quot;loop_manual&quot;:&quot;manual-endless&quot;,&quot;autoplay_stopper&quot;:false,&quot;noNavigation&quot;:false,&quot;bg_slider&quot;:false,&quot;keep_padding&quot;:false,&quot;hoverpause&quot;:false,&quot;show_slide_delay&quot;:0}\"  itemprop=\"image\" itemscope=\"itemscope\" itemtype=\"https:\/\/schema.org\/ImageObject\" ><ul class='avia-slideshow-inner ' style='padding-bottom: 28.72411489646%;'><li  class='avia-slideshow-slide av-kd4hz9nx-fb331aa0faaa9c578e2f07ccc45f5aa0__0  av-single-slide slide-1 slide-odd'><div data-rel='slideshow-1' class='avia-slide-wrap '   ><img decoding=\"async\" fetchpriority=\"high\" class=\"wp-image-3025 avia-img-lazy-loading-not-3025\"  src=\"https:\/\/maailmanmuutos.org\/wp-content\/uploads\/2023\/08\/demokratia.jpg\" width=\"1497\" height=\"430\" title='kuvituskuvat' alt=''  itemprop=\"thumbnailUrl\" srcset=\"https:\/\/maailmanmuutos.org\/wp-content\/uploads\/2023\/08\/demokratia.jpg 1500w, https:\/\/maailmanmuutos.org\/wp-content\/uploads\/2023\/08\/demokratia-800x230.jpg 800w, https:\/\/maailmanmuutos.org\/wp-content\/uploads\/2023\/08\/demokratia-120x34.jpg 120w, https:\/\/maailmanmuutos.org\/wp-content\/uploads\/2023\/08\/demokratia-768x221.jpg 768w, https:\/\/maailmanmuutos.org\/wp-content\/uploads\/2023\/08\/demokratia-705x203.jpg 705w\" sizes=\"(max-width: 1497px) 100vw, 1497px\" \/><\/div><\/li><\/ul><\/div><\/div><div id='after_full_slider_1'  class='main_color av_default_container_wrap container_wrap sidebar_right'  ><div class='container av-section-cont-open' ><div class='template-page content  av-content-small alpha units'><div class='post-entry post-entry-type-page post-entry-1366'><div class='entry-content-wrapper clearfix'>\n\n<style type=\"text\/css\" data-created_by=\"avia_inline_auto\" id=\"style-css-av-5spn6-3d3e8ead61d02f87ad7c9f2fc625dc24\">\n.flex_column.av-5spn6-3d3e8ead61d02f87ad7c9f2fc625dc24{\nborder-radius:0px 0px 0px 0px;\npadding:0px 0px 0px 0px;\n}\n<\/style>\n<div  class='flex_column av-5spn6-3d3e8ead61d02f87ad7c9f2fc625dc24 av_one_full  avia-builder-el-1  el_after_av_slideshow_full  avia-builder-el-no-sibling  first flex_column_div av-zero-column-padding  '     ><p>\n<style type=\"text\/css\" data-created_by=\"avia_inline_auto\" id=\"style-css-av-av_heading-80a7979c63b523b1deb3875b0d70090e\">\n#top .av-special-heading.av-av_heading-80a7979c63b523b1deb3875b0d70090e{\npadding-bottom:10px;\n}\nbody .av-special-heading.av-av_heading-80a7979c63b523b1deb3875b0d70090e .av-special-heading-tag .heading-char{\nfont-size:25px;\n}\n.av-special-heading.av-av_heading-80a7979c63b523b1deb3875b0d70090e .av-subheading{\nfont-size:15px;\n}\n<\/style>\n<div  class='av-special-heading av-av_heading-80a7979c63b523b1deb3875b0d70090e av-special-heading-h1  avia-builder-el-2  el_before_av_textblock  avia-builder-el-first '><h1 class='av-special-heading-tag'  itemprop=\"headline\"  >Demokratian vakiinnuttaminen <\/h1><div class=\"special-heading-border\"><div class=\"special-heading-inner-border\"><\/div><\/div><\/div><br \/>\n<section  class='av_textblock_section av-lezr0od0-94e7bd8ef786eea3c9a8d27065495667 '   itemscope=\"itemscope\" itemtype=\"https:\/\/schema.org\/CreativeWork\" ><div class='avia_textblock'  itemprop=\"text\" ><p><em><strong>Kehitys nopeinta Baltian maissa<\/strong><\/em><\/p>\n<p>Kommunistipuolueiden kukistumisen ja sosialistisen suunnitelmatalouden romahduksen j\u00e4lkeen kesti useita vuosia, ennen kuin demokraattinen yhteiskuntaj\u00e4rjestys ja markkinatalous vakiintuivat entisiin Varsovan liiton maihin ja hajonneen Neuvostoliiton osavaltioihin.<\/p>\n<p>Kehitys oli nopeinta pohjoisessa Baltian maissa, Puolassa, Tshekin tasavallassa ja Unkarissa, samalla kun etel\u00e4mp\u00e4n\u00e4 koettiin useita takaiskuja demokratian ja markkinatalouden vakiinnuttamisessa. T\u00e4h\u00e4n vaikuttivat merkitt\u00e4v\u00e4sti Balkanin yleistilanteen ep\u00e4vakaus ja maiden aikaisemmat kehityserot. It\u00e4isen Keski-Euroopan maissa oli monipuoluej\u00e4rjestelm\u00e4 1990-luvulla viel\u00e4 vakiintumaton, mist\u00e4 syyst\u00e4 vaaleissa koettiin suuria vallansiirtymi\u00e4 ja hallitukset olivat lyhytik\u00e4isi\u00e4. Populistiset, useimmiten hyvin kansallismieliset johtajat saattoivat vaaleissa saada suuren kannatuksen, joka my\u00f6s nopeasti katosi uudistusten viipyess\u00e4 ja kansan pettyess\u00e4 odotuksissaan.<\/p>\n<p><em><strong>Paluu \u201dEurooppaan\u201d<\/strong><\/em><\/p>\n<p>Yhteinen tavoite useimpien suurten puolueiden ohjelmissa n\u00e4kyi iskulauseissa: \u201dDemokratia, markkinatalous ja paluu Eurooppaan\u201d. Paluulla Eurooppaan tarkoitettiin l\u00e4hinn\u00e4 ennen toista maailmansotaa vallinnutta tilannetta, jolloin ei ollut matkustus- ja liikkumisrajoituksia valtioiden v\u00e4lill\u00e4.<\/p>\n<p>Kylm\u00e4n sodan j\u00e4lkeisess\u00e4 Euroopassa liikkuminen helpottui, vaikka EU-maat vaativat edelleen It\u00e4-Euroopasta tulijoilta viisumin.\u00a0 Huolimatta yleistyneest\u00e4 lehdist\u00f6nvapaudesta pyrkiv\u00e4t vallassa olleet puolueet kontrolloimaan mediaa monin keinoin. N\u00e4in vaikeutettiin opposition normaalia poliittista toimintaa, mik\u00e4 \u00a0puolestaan johti usein v\u00e4kivaltaisiin mielenosoituksiin.<\/p>\n<p><em><strong>Demokratian vahvistaminen<\/strong><\/em><\/p>\n<p>Demokratian vakiintumista edistettiin Euroopan unionin ja Euroopan turvallisuus- ja yhteisty\u00f6j\u00e4rjest\u00f6n toimin. Niihin kuului l\u00e4hinn\u00e4 vaalien tarkkailua ja demokraattisten instituutioiden tukemista. My\u00f6s lupaus Euroopan unionin j\u00e4seneksip\u00e4\u00e4syst\u00e4 demokratian, oikeusvaltioperiaatteen ja markkinatalouden toteuduttua antoi it\u00e4isen Keski-Euroopan maille aiheen edist\u00e4\u00e4 n\u00e4iden edellytt\u00e4mi\u00e4 poliittisen j\u00e4rjestelm\u00e4n muutoksia.<\/p>\n<\/div><\/section><\/p><\/div>\n","protected":false},"excerpt":{"rendered":"","protected":false},"author":1,"featured_media":0,"parent":1354,"menu_order":1,"comment_status":"closed","ping_status":"closed","template":"","meta":{"footnotes":""},"class_list":["post-1366","page","type-page","status-publish","hentry"],"_links":{"self":[{"href":"https:\/\/maailmanmuutos.org\/index.php\/wp-json\/wp\/v2\/pages\/1366","targetHints":{"allow":["GET"]}}],"collection":[{"href":"https:\/\/maailmanmuutos.org\/index.php\/wp-json\/wp\/v2\/pages"}],"about":[{"href":"https:\/\/maailmanmuutos.org\/index.php\/wp-json\/wp\/v2\/types\/page"}],"author":[{"embeddable":true,"href":"https:\/\/maailmanmuutos.org\/index.php\/wp-json\/wp\/v2\/users\/1"}],"replies":[{"embeddable":true,"href":"https:\/\/maailmanmuutos.org\/index.php\/wp-json\/wp\/v2\/comments?post=1366"}],"version-history":[{"count":6,"href":"https:\/\/maailmanmuutos.org\/index.php\/wp-json\/wp\/v2\/pages\/1366\/revisions"}],"predecessor-version":[{"id":4268,"href":"https:\/\/maailmanmuutos.org\/index.php\/wp-json\/wp\/v2\/pages\/1366\/revisions\/4268"}],"up":[{"embeddable":true,"href":"https:\/\/maailmanmuutos.org\/index.php\/wp-json\/wp\/v2\/pages\/1354"}],"wp:attachment":[{"href":"https:\/\/maailmanmuutos.org\/index.php\/wp-json\/wp\/v2\/media?parent=1366"}],"curies":[{"name":"wp","href":"https:\/\/api.w.org\/{rel}","templated":true}]}}