{"id":1376,"date":"2023-03-08T19:16:03","date_gmt":"2023-03-08T19:16:03","guid":{"rendered":"http:\/\/us.ylirotu.fi\/index.php\/maailman-muutos\/euroopan-turvallisuuspoliittinen-kehitys-1990-luvulla\/itaisen-keski-euroopan-kehitys\/demokratian-vakiinnuttaminen-2\/"},"modified":"2023-08-14T08:03:31","modified_gmt":"2023-08-14T08:03:31","slug":"siirtymataloudet","status":"publish","type":"page","link":"https:\/\/maailmanmuutos.org\/index.php\/kylmasta-sodasta-2000-luvulle\/euroopan-turvallisuuspoliittinen-kehitys-1990-luvulla\/itaisen-keski-euroopan-kehitys\/siirtymataloudet\/","title":{"rendered":"Siirtym\u00e4taloudet\u00a0"},"content":{"rendered":"<div id='full_slider_1'  class='avia-fullwidth-slider main_color avia-shadow   avia-builder-el-0  el_before_av_one_full  avia-builder-el-first   container_wrap sidebar_right'  >\n<style type=\"text\/css\" data-created_by=\"avia_inline_auto\" id=\"style-css-av-kd4hz9nx-fb331aa0faaa9c578e2f07ccc45f5aa0\">\n#top #wrap_all .avia-slideshow .av-slideshow-caption.av-kd4hz9nx-fb331aa0faaa9c578e2f07ccc45f5aa0__0 .avia-caption-title{\nfont-size:22px;\n}\n#top .avia-slideshow .av-slideshow-caption.av-kd4hz9nx-fb331aa0faaa9c578e2f07ccc45f5aa0__0 .avia-caption-content{\nfont-size:14px;\n}\n#top .avia-slideshow .av-slideshow-caption.av-kd4hz9nx-fb331aa0faaa9c578e2f07ccc45f5aa0__0 .avia-caption-content p{\nfont-size:14px;\n}\n\n@media only screen and (min-width: 768px) and (max-width: 989px){ \n#top #wrap_all .avia-slideshow .av-slideshow-caption.av-kd4hz9nx-fb331aa0faaa9c578e2f07ccc45f5aa0__0 .avia-caption-title{\nfont-size:16px;\n}\n#top .avia-slideshow .av-slideshow-caption.av-kd4hz9nx-fb331aa0faaa9c578e2f07ccc45f5aa0__0 .avia-caption-content{\nfont-size:16px;\n}\n#top .avia-slideshow .av-slideshow-caption.av-kd4hz9nx-fb331aa0faaa9c578e2f07ccc45f5aa0__0 .avia-caption-content p{\nfont-size:16px;\n}\n}\n\n@media only screen and (min-width: 480px) and (max-width: 767px){ \n#top #wrap_all .avia-slideshow .av-slideshow-caption.av-kd4hz9nx-fb331aa0faaa9c578e2f07ccc45f5aa0__0 .avia-caption-title{\nfont-size:14px;\n}\n#top .avia-slideshow .av-slideshow-caption.av-kd4hz9nx-fb331aa0faaa9c578e2f07ccc45f5aa0__0 .avia-caption-content{\nfont-size:14px;\n}\n#top .avia-slideshow .av-slideshow-caption.av-kd4hz9nx-fb331aa0faaa9c578e2f07ccc45f5aa0__0 .avia-caption-content p{\nfont-size:14px;\n}\n}\n\n@media only screen and (max-width: 479px){ \n#top #wrap_all .avia-slideshow .av-slideshow-caption.av-kd4hz9nx-fb331aa0faaa9c578e2f07ccc45f5aa0__0 .avia-caption-title{\ndisplay:none;\n}\n#top .avia-slideshow .av-slideshow-caption.av-kd4hz9nx-fb331aa0faaa9c578e2f07ccc45f5aa0__0 .avia-caption-content{\ndisplay:none;\n}\n#top .avia-slideshow .av-slideshow-caption.av-kd4hz9nx-fb331aa0faaa9c578e2f07ccc45f5aa0__0 .avia-caption-content p{\ndisplay:none;\n}\n}\n<\/style>\n<div  class='avia-slideshow av-kd4hz9nx-fb331aa0faaa9c578e2f07ccc45f5aa0 avia-slideshow-featured av_slideshow_full avia-slide-slider av-slideshow-ui av-control-default av-slideshow-manual av-loop-once av-loop-manual-endless av-default-height-applied   avia-slideshow-1' data-slideshow-options=\"{&quot;animation&quot;:&quot;slide&quot;,&quot;autoplay&quot;:false,&quot;loop_autoplay&quot;:&quot;once&quot;,&quot;interval&quot;:5,&quot;loop_manual&quot;:&quot;manual-endless&quot;,&quot;autoplay_stopper&quot;:false,&quot;noNavigation&quot;:false,&quot;bg_slider&quot;:false,&quot;keep_padding&quot;:false,&quot;hoverpause&quot;:false,&quot;show_slide_delay&quot;:0}\"  itemprop=\"image\" itemscope=\"itemscope\" itemtype=\"https:\/\/schema.org\/ImageObject\" ><ul class='avia-slideshow-inner ' style='padding-bottom: 28.72411489646%;'><li  class='avia-slideshow-slide av-kd4hz9nx-fb331aa0faaa9c578e2f07ccc45f5aa0__0  av-single-slide slide-1 slide-odd'><div data-rel='slideshow-1' class='avia-slide-wrap '   ><img decoding=\"async\" fetchpriority=\"high\" class=\"wp-image-3031 avia-img-lazy-loading-not-3031\"  src=\"https:\/\/maailmanmuutos.org\/wp-content\/uploads\/2023\/08\/siirtymatalous.jpg\" width=\"1497\" height=\"430\" title='kuvituskuvat' alt=''  itemprop=\"thumbnailUrl\" srcset=\"https:\/\/maailmanmuutos.org\/wp-content\/uploads\/2023\/08\/siirtymatalous.jpg 1500w, https:\/\/maailmanmuutos.org\/wp-content\/uploads\/2023\/08\/siirtymatalous-800x230.jpg 800w, https:\/\/maailmanmuutos.org\/wp-content\/uploads\/2023\/08\/siirtymatalous-120x34.jpg 120w, https:\/\/maailmanmuutos.org\/wp-content\/uploads\/2023\/08\/siirtymatalous-768x221.jpg 768w, https:\/\/maailmanmuutos.org\/wp-content\/uploads\/2023\/08\/siirtymatalous-705x203.jpg 705w\" sizes=\"(max-width: 1497px) 100vw, 1497px\" \/><\/div><\/li><\/ul><\/div><\/div><div id='after_full_slider_1'  class='main_color av_default_container_wrap container_wrap sidebar_right'  ><div class='container av-section-cont-open' ><div class='template-page content  av-content-small alpha units'><div class='post-entry post-entry-type-page post-entry-1376'><div class='entry-content-wrapper clearfix'>\n\n<style type=\"text\/css\" data-created_by=\"avia_inline_auto\" id=\"style-css-av-5spn6-3d3e8ead61d02f87ad7c9f2fc625dc24\">\n.flex_column.av-5spn6-3d3e8ead61d02f87ad7c9f2fc625dc24{\nborder-radius:0px 0px 0px 0px;\npadding:0px 0px 0px 0px;\n}\n<\/style>\n<div  class='flex_column av-5spn6-3d3e8ead61d02f87ad7c9f2fc625dc24 av_one_full  avia-builder-el-1  el_after_av_slideshow_full  avia-builder-el-no-sibling  first flex_column_div av-zero-column-padding  '     ><p>\n<style type=\"text\/css\" data-created_by=\"avia_inline_auto\" id=\"style-css-av-2aw7m8-da9583e446146f961fd4e0807a9ae538\">\n#top .av-special-heading.av-2aw7m8-da9583e446146f961fd4e0807a9ae538{\npadding-bottom:10px;\n}\nbody .av-special-heading.av-2aw7m8-da9583e446146f961fd4e0807a9ae538 .av-special-heading-tag .heading-char{\nfont-size:25px;\n}\n.av-special-heading.av-2aw7m8-da9583e446146f961fd4e0807a9ae538 .av-subheading{\nfont-size:15px;\n}\n<\/style>\n<div  class='av-special-heading av-2aw7m8-da9583e446146f961fd4e0807a9ae538 av-special-heading-h1  avia-builder-el-2  el_before_av_textblock  avia-builder-el-first '><h1 class='av-special-heading-tag'  itemprop=\"headline\"  >Siirtym\u00e4taloudet <\/h1><div class=\"special-heading-border\"><div class=\"special-heading-inner-border\"><\/div><\/div><\/div><br \/>\n<section  class='av_textblock_section av-lezr0od0-94e7bd8ef786eea3c9a8d27065495667 '   itemscope=\"itemscope\" itemtype=\"https:\/\/schema.org\/CreativeWork\" ><div class='avia_textblock'  itemprop=\"text\" ><p><em><strong>Muutos hankalaa<\/strong><\/em><\/p>\n<p>Talousj\u00e4rjestelm\u00e4n muutos sosialistisesta markkinataloudeksi seurasi p\u00e4\u00e4piirtein samaa kaavaa, mutta kehityksen l\u00e4ht\u00f6kohdissa ja nopeudessa oli\u00a0 \u201dsiirtym\u00e4talouksissa\u201d suuria eroja. Puolassa maatalous oli pysynyt paljolti pienviljelij\u00e4valtaisena ja Unkarissa yritystoimintaa edistetty jo\u00a0 kommunistihallituksen aikana, joten markkinatalouden edellytykset olivat l\u00e4ht\u00f6kohtaisesti paremmat kuin esimerkiksi Neuvostoliitosta itsen\u00e4istyneiss\u00e4 maissa.<\/p>\n<p>Muutos ei miss\u00e4\u00e4n tapahtunut kivuttomasti, vaan sen my\u00f6t\u00e4 monet ihmiset joutuivat taloudellisiin vaikeuksiin, kun taas toiset saattoivat rikastua hyvinkin\u00a0 nopeasti. Talouden vapauttaminen toi mukanaan my\u00f6s monimuotoista rikollisuutta, sill\u00e4 valvonta- ja s\u00e4\u00e4telyj\u00e4rjestelm\u00e4t eiv\u00e4t kehittyneet samassa tahdissa.<\/p>\n<p><em><strong>Yksityist\u00e4minen<\/strong><\/em><\/p>\n<p>Valtion tai yhteiskunnan omistamaa teollisuutta yksityistettiin kaikissa siirtym\u00e4talouksissa, joskin menettelytavat ja nopeus vaihtelivat. Raskaan\u00a0 teollisuuden yksityist\u00e4minen oli kaikkein vaikeinta, sill\u00e4 kilpailukyky oli huono ja ymp\u00e4rist\u00f6ongelmat haittasivat modernisointia. Siksi monia raskaan metalliteollisuuden ja kemianteollisuuden laitoksia lopetettiin tai muunnettiin uuteen k\u00e4ytt\u00f6tarkoitukseen. Ulkomaiset sijoitukset toivat uuttaa tuotantoa etenkin Puolaan, Tshekin tasavaltaan, Slovakiaan ja Unkariin.<\/p>\n<p><em><strong>Kansainv\u00e4linen tuki<\/strong><\/em><\/p>\n<p>Kansainv\u00e4liset organisaatiot tukivat siirtym\u00e4talouksia lainoilla, avustuksilla ja koulutusohjelmilla. Toisaalta ne asettivat my\u00f6s tiukkoja ehtoja, jotka tuottivat osalle v\u00e4est\u00f6\u00e4 suuria vaikeuksia. Talouden s\u00e4\u00e4nn\u00f6stelyn ja valtio-omistuksen purku lis\u00e4si nopeasti ty\u00f6tt\u00f6myytt\u00e4 ja kohotti hintatasoa, jolloin esimerkiksi el\u00e4kel\u00e4isten elintaso vastaavasti laski. Verotulojen ehtyminen heikensi yhteiskunnan mahdollisuuksia jatkaa v\u00e4est\u00f6n tukitoimia, ja kannattamattomien teollisuuslaitosten lopettaminen poisti niihin aikaisemmin liittyneen ty\u00f6ntekij\u00f6iden sosiaaliturvan.<\/p>\n<p><em><strong>Poliittinen ep\u00e4vakaus jatkuu<\/strong><\/em><\/p>\n<p>Talousj\u00e4rjestelm\u00e4n muutoksen vaatimat uudistukset eiv\u00e4t yleens\u00e4 ehtineet kohottaa kansan elintasoa viel\u00e4 1990-luvulla, mink\u00e4 vuoksi poliittinen ep\u00e4vakaus jatkui. Nuoret ja hyvin koulutetut ihmiset muuttivat suurin joukoin ty\u00f6n per\u00e4ss\u00e4 l\u00e4ntiseen Eurooppaan ja Amerikkaan. Siirtym\u00e4taloudet k\u00e4rsiv\u00e4t tuosta \u201daivoviennist\u00e4\u201d, vaikka ulkomailla ty\u00f6skentelev\u00e4t l\u00e4hettiv\u00e4t rahaa kotimaihinsa. Yhteiskunnallisten levottomuuksien est\u00e4miseksi ja muuttoliikkeen hillitsemiseksi tarvittiin Euroopan unionin ja muiden kansainv\u00e4listen organisaatioiden apua.<\/p>\n<\/div><\/section><\/p><\/div>\n","protected":false},"excerpt":{"rendered":"","protected":false},"author":1,"featured_media":0,"parent":1354,"menu_order":2,"comment_status":"closed","ping_status":"closed","template":"","meta":{"footnotes":""},"class_list":["post-1376","page","type-page","status-publish","hentry"],"_links":{"self":[{"href":"https:\/\/maailmanmuutos.org\/index.php\/wp-json\/wp\/v2\/pages\/1376","targetHints":{"allow":["GET"]}}],"collection":[{"href":"https:\/\/maailmanmuutos.org\/index.php\/wp-json\/wp\/v2\/pages"}],"about":[{"href":"https:\/\/maailmanmuutos.org\/index.php\/wp-json\/wp\/v2\/types\/page"}],"author":[{"embeddable":true,"href":"https:\/\/maailmanmuutos.org\/index.php\/wp-json\/wp\/v2\/users\/1"}],"replies":[{"embeddable":true,"href":"https:\/\/maailmanmuutos.org\/index.php\/wp-json\/wp\/v2\/comments?post=1376"}],"version-history":[{"count":5,"href":"https:\/\/maailmanmuutos.org\/index.php\/wp-json\/wp\/v2\/pages\/1376\/revisions"}],"predecessor-version":[{"id":3027,"href":"https:\/\/maailmanmuutos.org\/index.php\/wp-json\/wp\/v2\/pages\/1376\/revisions\/3027"}],"up":[{"embeddable":true,"href":"https:\/\/maailmanmuutos.org\/index.php\/wp-json\/wp\/v2\/pages\/1354"}],"wp:attachment":[{"href":"https:\/\/maailmanmuutos.org\/index.php\/wp-json\/wp\/v2\/media?parent=1376"}],"curies":[{"name":"wp","href":"https:\/\/api.w.org\/{rel}","templated":true}]}}