{"id":1388,"date":"2023-03-08T19:20:45","date_gmt":"2023-03-08T19:20:45","guid":{"rendered":"http:\/\/us.ylirotu.fi\/?page_id=1388"},"modified":"2023-08-15T16:51:50","modified_gmt":"2023-08-15T16:51:50","slug":"meksiko-talouskasvua-ja-huumesotia","status":"publish","type":"page","link":"https:\/\/maailmanmuutos.org\/index.php\/kylmasta-sodasta-2000-luvulle\/maailman-valtasuhteiden-muutos\/latinalainen-amerikka\/meksiko-talouskasvua-ja-huumesotia\/","title":{"rendered":"Meksiko: talouskasvua ja huumesotia\u00a0"},"content":{"rendered":"<div id='full_slider_1'  class='avia-fullwidth-slider main_color avia-shadow   avia-builder-el-0  el_before_av_one_full  avia-builder-el-first   container_wrap sidebar_right'  >\n<style type=\"text\/css\" data-created_by=\"avia_inline_auto\" id=\"style-css-av-kd4hz9nx-fb331aa0faaa9c578e2f07ccc45f5aa0\">\n#top #wrap_all .avia-slideshow .av-slideshow-caption.av-kd4hz9nx-fb331aa0faaa9c578e2f07ccc45f5aa0__0 .avia-caption-title{\nfont-size:22px;\n}\n#top .avia-slideshow .av-slideshow-caption.av-kd4hz9nx-fb331aa0faaa9c578e2f07ccc45f5aa0__0 .avia-caption-content{\nfont-size:14px;\n}\n#top .avia-slideshow .av-slideshow-caption.av-kd4hz9nx-fb331aa0faaa9c578e2f07ccc45f5aa0__0 .avia-caption-content p{\nfont-size:14px;\n}\n\n@media only screen and (min-width: 768px) and (max-width: 989px){ \n#top #wrap_all .avia-slideshow .av-slideshow-caption.av-kd4hz9nx-fb331aa0faaa9c578e2f07ccc45f5aa0__0 .avia-caption-title{\nfont-size:16px;\n}\n#top .avia-slideshow .av-slideshow-caption.av-kd4hz9nx-fb331aa0faaa9c578e2f07ccc45f5aa0__0 .avia-caption-content{\nfont-size:16px;\n}\n#top .avia-slideshow .av-slideshow-caption.av-kd4hz9nx-fb331aa0faaa9c578e2f07ccc45f5aa0__0 .avia-caption-content p{\nfont-size:16px;\n}\n}\n\n@media only screen and (min-width: 480px) and (max-width: 767px){ \n#top #wrap_all .avia-slideshow .av-slideshow-caption.av-kd4hz9nx-fb331aa0faaa9c578e2f07ccc45f5aa0__0 .avia-caption-title{\nfont-size:14px;\n}\n#top .avia-slideshow .av-slideshow-caption.av-kd4hz9nx-fb331aa0faaa9c578e2f07ccc45f5aa0__0 .avia-caption-content{\nfont-size:14px;\n}\n#top .avia-slideshow .av-slideshow-caption.av-kd4hz9nx-fb331aa0faaa9c578e2f07ccc45f5aa0__0 .avia-caption-content p{\nfont-size:14px;\n}\n}\n\n@media only screen and (max-width: 479px){ \n#top #wrap_all .avia-slideshow .av-slideshow-caption.av-kd4hz9nx-fb331aa0faaa9c578e2f07ccc45f5aa0__0 .avia-caption-title{\ndisplay:none;\n}\n#top .avia-slideshow .av-slideshow-caption.av-kd4hz9nx-fb331aa0faaa9c578e2f07ccc45f5aa0__0 .avia-caption-content{\ndisplay:none;\n}\n#top .avia-slideshow .av-slideshow-caption.av-kd4hz9nx-fb331aa0faaa9c578e2f07ccc45f5aa0__0 .avia-caption-content p{\ndisplay:none;\n}\n}\n<\/style>\n<div  class='avia-slideshow av-kd4hz9nx-fb331aa0faaa9c578e2f07ccc45f5aa0 avia-slideshow-featured av_slideshow_full avia-slide-slider av-slideshow-ui av-control-default av-slideshow-manual av-loop-once av-loop-manual-endless av-default-height-applied   avia-slideshow-1' data-slideshow-options=\"{&quot;animation&quot;:&quot;slide&quot;,&quot;autoplay&quot;:false,&quot;loop_autoplay&quot;:&quot;once&quot;,&quot;interval&quot;:5,&quot;loop_manual&quot;:&quot;manual-endless&quot;,&quot;autoplay_stopper&quot;:false,&quot;noNavigation&quot;:false,&quot;bg_slider&quot;:false,&quot;keep_padding&quot;:false,&quot;hoverpause&quot;:false,&quot;show_slide_delay&quot;:0}\"  itemprop=\"image\" itemscope=\"itemscope\" itemtype=\"https:\/\/schema.org\/ImageObject\" ><ul class='avia-slideshow-inner ' style='padding-bottom: 28.72411489646%;'><li  class='avia-slideshow-slide av-kd4hz9nx-fb331aa0faaa9c578e2f07ccc45f5aa0__0  av-single-slide slide-1 slide-odd'><div data-rel='slideshow-1' class='avia-slide-wrap '   ><img decoding=\"async\" fetchpriority=\"high\" class=\"wp-image-3603 avia-img-lazy-loading-not-3603\"  src=\"https:\/\/maailmanmuutos.org\/wp-content\/uploads\/2023\/08\/mexiko-huumekartelli.jpg\" width=\"1497\" height=\"430\" title='kuvituskuvat' alt=''  itemprop=\"thumbnailUrl\" srcset=\"https:\/\/maailmanmuutos.org\/wp-content\/uploads\/2023\/08\/mexiko-huumekartelli.jpg 1500w, https:\/\/maailmanmuutos.org\/wp-content\/uploads\/2023\/08\/mexiko-huumekartelli-800x230.jpg 800w, https:\/\/maailmanmuutos.org\/wp-content\/uploads\/2023\/08\/mexiko-huumekartelli-120x34.jpg 120w, https:\/\/maailmanmuutos.org\/wp-content\/uploads\/2023\/08\/mexiko-huumekartelli-768x221.jpg 768w, https:\/\/maailmanmuutos.org\/wp-content\/uploads\/2023\/08\/mexiko-huumekartelli-705x203.jpg 705w\" sizes=\"(max-width: 1497px) 100vw, 1497px\" \/><\/div><\/li><\/ul><\/div><\/div><div id='after_full_slider_1'  class='main_color av_default_container_wrap container_wrap sidebar_right'  ><div class='container av-section-cont-open' ><div class='template-page content  av-content-small alpha units'><div class='post-entry post-entry-type-page post-entry-1388'><div class='entry-content-wrapper clearfix'>\n\n<style type=\"text\/css\" data-created_by=\"avia_inline_auto\" id=\"style-css-av-5spn6-3d3e8ead61d02f87ad7c9f2fc625dc24\">\n.flex_column.av-5spn6-3d3e8ead61d02f87ad7c9f2fc625dc24{\nborder-radius:0px 0px 0px 0px;\npadding:0px 0px 0px 0px;\n}\n<\/style>\n<div  class='flex_column av-5spn6-3d3e8ead61d02f87ad7c9f2fc625dc24 av_one_full  avia-builder-el-1  el_after_av_slideshow_full  avia-builder-el-no-sibling  first flex_column_div av-zero-column-padding  '     ><p>\n<style type=\"text\/css\" data-created_by=\"avia_inline_auto\" id=\"style-css-av-av_heading-7951a694fdf384503ed88e9360e8ee81\">\n#top .av-special-heading.av-av_heading-7951a694fdf384503ed88e9360e8ee81{\npadding-bottom:10px;\n}\nbody .av-special-heading.av-av_heading-7951a694fdf384503ed88e9360e8ee81 .av-special-heading-tag .heading-char{\nfont-size:25px;\n}\n.av-special-heading.av-av_heading-7951a694fdf384503ed88e9360e8ee81 .av-subheading{\nfont-size:15px;\n}\n<\/style>\n<div  class='av-special-heading av-av_heading-7951a694fdf384503ed88e9360e8ee81 av-special-heading-h1  avia-builder-el-2  el_before_av_hr  avia-builder-el-first '><h1 class='av-special-heading-tag'  itemprop=\"headline\"  >Meksiko: talouskasvua ja huumesotia <\/h1><div class=\"special-heading-border\"><div class=\"special-heading-inner-border\"><\/div><\/div><\/div><br \/>\n\n<style type=\"text\/css\" data-created_by=\"avia_inline_auto\" id=\"style-css-av-llcjbzxp-e845f2f0c558ddcaddce2bc58cbc67ee\">\n#top .hr.hr-invisible.av-llcjbzxp-e845f2f0c558ddcaddce2bc58cbc67ee{\nheight:50px;\n}\n<\/style>\n<div  class='hr av-llcjbzxp-e845f2f0c558ddcaddce2bc58cbc67ee hr-invisible  avia-builder-el-3  el_after_av_heading  el_before_av_textblock '><span class='hr-inner '><span class=\"hr-inner-style\"><\/span><\/span><\/div><br \/>\n<section  class='av_textblock_section av-lezr0od0-94e7bd8ef786eea3c9a8d27065495667 '   itemscope=\"itemscope\" itemtype=\"https:\/\/schema.org\/CreativeWork\" ><div class='avia_textblock'  itemprop=\"text\" ><p><em><strong>\u00d6ljy talouden perustana<\/strong><\/em><\/p>\n<p>Meksikon alueen \u00f6ljykent\u00e4t ovat antaneet taloudelle pohjaa, mutta samalla johtaneet talouden\u00a0 yksipuolistumiseen ja yhteiskunnallisen eriarvoisuuden jatkumiseen. Maaseudun\u00a0 k\u00f6yhtyminen on suosinut rikollisuutta, erityisesti\u00a0 v\u00e4kivaltaisten huumekartellien muodostumista.<\/p>\n<p>V\u00e4est\u00f6n suuri m\u00e4\u00e4r\u00e4, yli 110 miljoonaa, yhdistyneen\u00e4 matalaan palkkatasoon on houkutellut vuonna 1994 solmitun NAFTA-vapaakauppasopimuksen perusteella paljon tuotantoa Yhdysvalloista Meksikon puolelle, mutta se ei ole riitt\u00e4nyt yleiseen elintason kohoamiseen. Suuret alueelliset erot yll\u00e4pit\u00e4v\u00e4t yhteiskunnallista ep\u00e4vakautta ja johtavat ajoittain kapinointiin.<\/p>\n<p><em><strong>Huumesota<\/strong><\/em><\/p>\n<p>Talouskriisi 1990-luvun puoliv\u00e4liss\u00e4 vei Meksikon vararikon partaalle, mist\u00e4 sen vaivoin pelasti ulkomailta saatu poikkeuksellisen suuri 50 miljardin dollarin laina. Kapinointia ja sis\u00e4poliittista valtataistelua kesti edelleen usean vuoden ajan.<\/p>\n<p>Presidentti Felipe Calder\u00f3nin kaudella vuodesta 2006 alkaen hallitus on k\u00e4ynyt sotaa huumekartelleja vastaan. Siin\u00e4 on kuollut arviolta 35 000 ihmist\u00e4, joista suuri osa on ollut huumejengien keskin\u00e4isten taistelujen uhreja.<\/p>\n<p><em><strong>Talousmahti, jossa laajamittaista k\u00f6yhyytt\u00e4<\/strong><\/em><\/p>\n<p>Sis\u00e4politiikan rikkin\u00e4isyydest\u00e4 huolimatta talous on kasvanut paljolti vapaakauppasopimuksen ansiosta. Viennist\u00e4 l\u00e4hes 90 prosenttia menee Yhdysvaltoihin. Bruttokansantuotteen perusteella arvioituna Meksiko kuuluu maailman suuriin talousmahteihin, mutta tulojen ja varallisuuden jakautuminen on eritt\u00e4in ep\u00e4tasaista. Vapaakauppasopimuksen tuomat edut eiv\u00e4t hy\u00f6dyt\u00e4 suurta osa kansasta, joten laajamittainen k\u00f6yhyys jatkuu.<\/p>\n<\/div><\/section><\/p><\/div>\n","protected":false},"excerpt":{"rendered":"","protected":false},"author":1,"featured_media":0,"parent":1260,"menu_order":4,"comment_status":"closed","ping_status":"closed","template":"","meta":{"footnotes":""},"class_list":["post-1388","page","type-page","status-publish","hentry"],"_links":{"self":[{"href":"https:\/\/maailmanmuutos.org\/index.php\/wp-json\/wp\/v2\/pages\/1388","targetHints":{"allow":["GET"]}}],"collection":[{"href":"https:\/\/maailmanmuutos.org\/index.php\/wp-json\/wp\/v2\/pages"}],"about":[{"href":"https:\/\/maailmanmuutos.org\/index.php\/wp-json\/wp\/v2\/types\/page"}],"author":[{"embeddable":true,"href":"https:\/\/maailmanmuutos.org\/index.php\/wp-json\/wp\/v2\/users\/1"}],"replies":[{"embeddable":true,"href":"https:\/\/maailmanmuutos.org\/index.php\/wp-json\/wp\/v2\/comments?post=1388"}],"version-history":[{"count":6,"href":"https:\/\/maailmanmuutos.org\/index.php\/wp-json\/wp\/v2\/pages\/1388\/revisions"}],"predecessor-version":[{"id":3602,"href":"https:\/\/maailmanmuutos.org\/index.php\/wp-json\/wp\/v2\/pages\/1388\/revisions\/3602"}],"up":[{"embeddable":true,"href":"https:\/\/maailmanmuutos.org\/index.php\/wp-json\/wp\/v2\/pages\/1260"}],"wp:attachment":[{"href":"https:\/\/maailmanmuutos.org\/index.php\/wp-json\/wp\/v2\/media?parent=1388"}],"curies":[{"name":"wp","href":"https:\/\/api.w.org\/{rel}","templated":true}]}}