{"id":1389,"date":"2023-03-08T19:20:45","date_gmt":"2023-03-08T19:20:45","guid":{"rendered":"http:\/\/us.ylirotu.fi\/?page_id=1389"},"modified":"2023-08-15T16:58:45","modified_gmt":"2023-08-15T16:58:45","slug":"latinalaisen-amerikan-tulevaisuuden-nakymat","status":"publish","type":"page","link":"https:\/\/maailmanmuutos.org\/index.php\/kylmasta-sodasta-2000-luvulle\/maailman-valtasuhteiden-muutos\/latinalainen-amerikka\/latinalaisen-amerikan-tulevaisuuden-nakymat\/","title":{"rendered":"Latinalaisen\u00a0Amerikan\u00a0tulevaisuuden\u00a0n\u00e4kym\u00e4t\u00a0"},"content":{"rendered":"<div id='full_slider_1'  class='avia-fullwidth-slider main_color avia-shadow   avia-builder-el-0  el_before_av_one_full  avia-builder-el-first   container_wrap sidebar_right'  >\n<style type=\"text\/css\" data-created_by=\"avia_inline_auto\" id=\"style-css-av-kd4hz9nx-fb331aa0faaa9c578e2f07ccc45f5aa0\">\n#top #wrap_all .avia-slideshow .av-slideshow-caption.av-kd4hz9nx-fb331aa0faaa9c578e2f07ccc45f5aa0__0 .avia-caption-title{\nfont-size:22px;\n}\n#top .avia-slideshow .av-slideshow-caption.av-kd4hz9nx-fb331aa0faaa9c578e2f07ccc45f5aa0__0 .avia-caption-content{\nfont-size:14px;\n}\n#top .avia-slideshow .av-slideshow-caption.av-kd4hz9nx-fb331aa0faaa9c578e2f07ccc45f5aa0__0 .avia-caption-content p{\nfont-size:14px;\n}\n\n@media only screen and (min-width: 768px) and (max-width: 989px){ \n#top #wrap_all .avia-slideshow .av-slideshow-caption.av-kd4hz9nx-fb331aa0faaa9c578e2f07ccc45f5aa0__0 .avia-caption-title{\nfont-size:16px;\n}\n#top .avia-slideshow .av-slideshow-caption.av-kd4hz9nx-fb331aa0faaa9c578e2f07ccc45f5aa0__0 .avia-caption-content{\nfont-size:16px;\n}\n#top .avia-slideshow .av-slideshow-caption.av-kd4hz9nx-fb331aa0faaa9c578e2f07ccc45f5aa0__0 .avia-caption-content p{\nfont-size:16px;\n}\n}\n\n@media only screen and (min-width: 480px) and (max-width: 767px){ \n#top #wrap_all .avia-slideshow .av-slideshow-caption.av-kd4hz9nx-fb331aa0faaa9c578e2f07ccc45f5aa0__0 .avia-caption-title{\nfont-size:14px;\n}\n#top .avia-slideshow .av-slideshow-caption.av-kd4hz9nx-fb331aa0faaa9c578e2f07ccc45f5aa0__0 .avia-caption-content{\nfont-size:14px;\n}\n#top .avia-slideshow .av-slideshow-caption.av-kd4hz9nx-fb331aa0faaa9c578e2f07ccc45f5aa0__0 .avia-caption-content p{\nfont-size:14px;\n}\n}\n\n@media only screen and (max-width: 479px){ \n#top #wrap_all .avia-slideshow .av-slideshow-caption.av-kd4hz9nx-fb331aa0faaa9c578e2f07ccc45f5aa0__0 .avia-caption-title{\ndisplay:none;\n}\n#top .avia-slideshow .av-slideshow-caption.av-kd4hz9nx-fb331aa0faaa9c578e2f07ccc45f5aa0__0 .avia-caption-content{\ndisplay:none;\n}\n#top .avia-slideshow .av-slideshow-caption.av-kd4hz9nx-fb331aa0faaa9c578e2f07ccc45f5aa0__0 .avia-caption-content p{\ndisplay:none;\n}\n}\n<\/style>\n<div  class='avia-slideshow av-kd4hz9nx-fb331aa0faaa9c578e2f07ccc45f5aa0 avia-slideshow-featured av_slideshow_full avia-slide-slider av-slideshow-ui av-control-default av-slideshow-manual av-loop-once av-loop-manual-endless av-default-height-applied   avia-slideshow-1' data-slideshow-options=\"{&quot;animation&quot;:&quot;slide&quot;,&quot;autoplay&quot;:false,&quot;loop_autoplay&quot;:&quot;once&quot;,&quot;interval&quot;:5,&quot;loop_manual&quot;:&quot;manual-endless&quot;,&quot;autoplay_stopper&quot;:false,&quot;noNavigation&quot;:false,&quot;bg_slider&quot;:false,&quot;keep_padding&quot;:false,&quot;hoverpause&quot;:false,&quot;show_slide_delay&quot;:0}\"  itemprop=\"image\" itemscope=\"itemscope\" itemtype=\"https:\/\/schema.org\/ImageObject\" ><ul class='avia-slideshow-inner ' style='padding-bottom: 28.72411489646%;'><li  class='avia-slideshow-slide av-kd4hz9nx-fb331aa0faaa9c578e2f07ccc45f5aa0__0  av-single-slide slide-1 slide-odd'><div data-rel='slideshow-1' class='avia-slide-wrap '   ><img decoding=\"async\" fetchpriority=\"high\" class=\"wp-image-3606 avia-img-lazy-loading-not-3606\"  src=\"https:\/\/maailmanmuutos.org\/wp-content\/uploads\/2023\/08\/cuba-man.jpg\" width=\"1497\" height=\"430\" title='kuvituskuvat' alt=''  itemprop=\"thumbnailUrl\" srcset=\"https:\/\/maailmanmuutos.org\/wp-content\/uploads\/2023\/08\/cuba-man.jpg 1500w, https:\/\/maailmanmuutos.org\/wp-content\/uploads\/2023\/08\/cuba-man-800x230.jpg 800w, https:\/\/maailmanmuutos.org\/wp-content\/uploads\/2023\/08\/cuba-man-120x34.jpg 120w, https:\/\/maailmanmuutos.org\/wp-content\/uploads\/2023\/08\/cuba-man-768x221.jpg 768w, https:\/\/maailmanmuutos.org\/wp-content\/uploads\/2023\/08\/cuba-man-705x203.jpg 705w\" sizes=\"(max-width: 1497px) 100vw, 1497px\" \/><\/div><\/li><\/ul><\/div><\/div><div id='after_full_slider_1'  class='main_color av_default_container_wrap container_wrap sidebar_right'  ><div class='container av-section-cont-open' ><div class='template-page content  av-content-small alpha units'><div class='post-entry post-entry-type-page post-entry-1389'><div class='entry-content-wrapper clearfix'>\n\n<style type=\"text\/css\" data-created_by=\"avia_inline_auto\" id=\"style-css-av-5spn6-3d3e8ead61d02f87ad7c9f2fc625dc24\">\n.flex_column.av-5spn6-3d3e8ead61d02f87ad7c9f2fc625dc24{\nborder-radius:0px 0px 0px 0px;\npadding:0px 0px 0px 0px;\n}\n<\/style>\n<div  class='flex_column av-5spn6-3d3e8ead61d02f87ad7c9f2fc625dc24 av_one_full  avia-builder-el-1  el_after_av_slideshow_full  avia-builder-el-no-sibling  first flex_column_div av-zero-column-padding  '     ><p>\n<style type=\"text\/css\" data-created_by=\"avia_inline_auto\" id=\"style-css-av-2ai2d9-2a7c7e9757e066bde0f6f2d06dbfbed5\">\n#top .av-special-heading.av-2ai2d9-2a7c7e9757e066bde0f6f2d06dbfbed5{\npadding-bottom:10px;\n}\nbody .av-special-heading.av-2ai2d9-2a7c7e9757e066bde0f6f2d06dbfbed5 .av-special-heading-tag .heading-char{\nfont-size:25px;\n}\n.av-special-heading.av-2ai2d9-2a7c7e9757e066bde0f6f2d06dbfbed5 .av-subheading{\nfont-size:15px;\n}\n<\/style>\n<div  class='av-special-heading av-2ai2d9-2a7c7e9757e066bde0f6f2d06dbfbed5 av-special-heading-h1  avia-builder-el-2  el_before_av_hr  avia-builder-el-first '><h1 class='av-special-heading-tag'  itemprop=\"headline\"  >Latinalaisen Amerikan tulevaisuuden n\u00e4kym\u00e4t <\/h1><div class=\"special-heading-border\"><div class=\"special-heading-inner-border\"><\/div><\/div><\/div><br \/>\n\n<style type=\"text\/css\" data-created_by=\"avia_inline_auto\" id=\"style-css-av-lf02mudz-66daa6e19198c4e50d5ea0291a6d85e4\">\n#top .hr.hr-invisible.av-lf02mudz-66daa6e19198c4e50d5ea0291a6d85e4{\nheight:50px;\n}\n<\/style>\n<div  class='hr av-lf02mudz-66daa6e19198c4e50d5ea0291a6d85e4 hr-invisible  avia-builder-el-3  el_after_av_heading  el_before_av_textblock '><span class='hr-inner '><span class=\"hr-inner-style\"><\/span><\/span><\/div><br \/>\n<section  class='av_textblock_section av-lezr0od0-94e7bd8ef786eea3c9a8d27065495667 '   itemscope=\"itemscope\" itemtype=\"https:\/\/schema.org\/CreativeWork\" ><div class='avia_textblock'  itemprop=\"text\" ><p><em><strong>Yhteiskunnan kehitys hidasta<\/strong><\/em><\/p>\n<p>Monessa latinalaisen Amerikan maassa 2000-luvun alku on ollut talouskasvun ja sosiaalisen nousun aikaa. Luvattujen uudistuksien hitauteen kyll\u00e4styminen on kuitenkin yleist\u00e4, sill\u00e4 talouskasvun hy\u00f6ty ei tavoita k\u00f6yhimpi\u00e4 slummeissa tai syrj\u00e4isell\u00e4 maaseudulla asuvia ihmisi\u00e4.<\/p>\n<p>Uusina ongelmina on luonnonvarojen riisto ja ymp\u00e4rist\u00f6n saastuminen. Hallinnossa korruptio on tavallista, ja v\u00e4kivaltainen rikollisuus rehottaa, joten yhteiskunnallisen tilanteen nopeaa parannusta ei ole yleisesti n\u00e4kyvill\u00e4.<\/p>\n<p><strong><em>Odotukset tulevaisuudesta hyv\u00e4t<\/em><\/strong><\/p>\n<p>Noista ongelmista huolimatta tulevaisuuden odotukset ovat hyv\u00e4t, varsinkin jos niit\u00e4 verrataan viime vuosisadan loppupuoliskoon, jolloin elintaso selv\u00e4sti laski monissa maissa. Silloin seurauksena oli sis\u00e4isi\u00e4 taisteluita, joiden yhteydess\u00e4 valtaan nousseet diktatuurit kohtelivat v\u00e4est\u00f6\u00e4 eritt\u00e4in kovakouraisesti. Nyt ei olla samanlaisessa tilanteessa, vaikka muutamissa maissa edelleen toimii kapinaliikkeit\u00e4 eiv\u00e4tk\u00e4 yhteiskunnat suinkaan ole vapaita korruptiosta.<\/p>\n<p><em><strong>Yhdysvaltojen vaikutusvalta heikkenee<\/strong><\/em><\/p>\n<p>Viime vuosien poliittisessa kehityksess\u00e4 merkillepantavaa on monien Etel\u00e4-Amerikan maiden irtautuminen Yhdysvaltojen m\u00e4\u00e4r\u00e4ysvallasta. Tilalle on kehitetty suhteita erityisesti Euroopan unioniin ja Kiinaan. Yhdysvallat tukee edelleen muun muassa Kolumbiaa my\u00f6s asevoimin. Sen sijaan Kuuban, Venezuelan, Ecuadorin ja Bolivian \u201dsosialistinen ryhm\u00e4\u201d on selv\u00e4sti Yhdysvaltoja vastaan. T\u00e4st\u00e4 asetelmasta seuraa j\u00e4nnityst\u00e4 mutta ei v\u00e4ltt\u00e4m\u00e4tt\u00e4 avoimia vihollisuuksia.<\/p>\n<p>Latinalaisen Amerikan suuret maat pyrkiv\u00e4t noudattamaan puolueettomuutta suhteissaan Yhdysvaltoihin ja muihin suurvaltoihin. T\u00e4ll\u00e4 arvioidaan olevan rauhoittava vaikutus koko maanosan tilanteelle.<\/p>\n<\/div><\/section><\/p><\/div>\n","protected":false},"excerpt":{"rendered":"","protected":false},"author":1,"featured_media":0,"parent":1260,"menu_order":5,"comment_status":"closed","ping_status":"closed","template":"","meta":{"footnotes":""},"class_list":["post-1389","page","type-page","status-publish","hentry"],"_links":{"self":[{"href":"https:\/\/maailmanmuutos.org\/index.php\/wp-json\/wp\/v2\/pages\/1389","targetHints":{"allow":["GET"]}}],"collection":[{"href":"https:\/\/maailmanmuutos.org\/index.php\/wp-json\/wp\/v2\/pages"}],"about":[{"href":"https:\/\/maailmanmuutos.org\/index.php\/wp-json\/wp\/v2\/types\/page"}],"author":[{"embeddable":true,"href":"https:\/\/maailmanmuutos.org\/index.php\/wp-json\/wp\/v2\/users\/1"}],"replies":[{"embeddable":true,"href":"https:\/\/maailmanmuutos.org\/index.php\/wp-json\/wp\/v2\/comments?post=1389"}],"version-history":[{"count":6,"href":"https:\/\/maailmanmuutos.org\/index.php\/wp-json\/wp\/v2\/pages\/1389\/revisions"}],"predecessor-version":[{"id":3605,"href":"https:\/\/maailmanmuutos.org\/index.php\/wp-json\/wp\/v2\/pages\/1389\/revisions\/3605"}],"up":[{"embeddable":true,"href":"https:\/\/maailmanmuutos.org\/index.php\/wp-json\/wp\/v2\/pages\/1260"}],"wp:attachment":[{"href":"https:\/\/maailmanmuutos.org\/index.php\/wp-json\/wp\/v2\/media?parent=1389"}],"curies":[{"name":"wp","href":"https:\/\/api.w.org\/{rel}","templated":true}]}}