{"id":1406,"date":"2023-03-08T18:32:50","date_gmt":"2023-03-08T18:32:50","guid":{"rendered":"http:\/\/us.ylirotu.fi\/index.php\/maailman-muutos\/maailman-valtasuhteiden-muutos\/kamppailu-raaka-aineista-ja-vesivaroista-2\/"},"modified":"2023-08-15T18:40:42","modified_gmt":"2023-08-15T18:40:42","slug":"strategiset-raaka-aineet","status":"publish","type":"page","link":"https:\/\/maailmanmuutos.org\/index.php\/kylmasta-sodasta-2000-luvulle\/maailman-valtasuhteiden-muutos\/kamppailu-raaka-aineista-ja-vesivaroista\/strategiset-raaka-aineet\/","title":{"rendered":"Strategiset raaka-aineet\u00a0"},"content":{"rendered":"<div id='full_slider_1'  class='avia-fullwidth-slider main_color avia-shadow   avia-builder-el-0  el_before_av_one_full  avia-builder-el-first   container_wrap sidebar_right'  >\n<style type=\"text\/css\" data-created_by=\"avia_inline_auto\" id=\"style-css-av-kd4hz9nx-fb331aa0faaa9c578e2f07ccc45f5aa0\">\n#top #wrap_all .avia-slideshow .av-slideshow-caption.av-kd4hz9nx-fb331aa0faaa9c578e2f07ccc45f5aa0__0 .avia-caption-title{\nfont-size:22px;\n}\n#top .avia-slideshow .av-slideshow-caption.av-kd4hz9nx-fb331aa0faaa9c578e2f07ccc45f5aa0__0 .avia-caption-content{\nfont-size:14px;\n}\n#top .avia-slideshow .av-slideshow-caption.av-kd4hz9nx-fb331aa0faaa9c578e2f07ccc45f5aa0__0 .avia-caption-content p{\nfont-size:14px;\n}\n\n@media only screen and (min-width: 768px) and (max-width: 989px){ \n#top #wrap_all .avia-slideshow .av-slideshow-caption.av-kd4hz9nx-fb331aa0faaa9c578e2f07ccc45f5aa0__0 .avia-caption-title{\nfont-size:16px;\n}\n#top .avia-slideshow .av-slideshow-caption.av-kd4hz9nx-fb331aa0faaa9c578e2f07ccc45f5aa0__0 .avia-caption-content{\nfont-size:16px;\n}\n#top .avia-slideshow .av-slideshow-caption.av-kd4hz9nx-fb331aa0faaa9c578e2f07ccc45f5aa0__0 .avia-caption-content p{\nfont-size:16px;\n}\n}\n\n@media only screen and (min-width: 480px) and (max-width: 767px){ \n#top #wrap_all .avia-slideshow .av-slideshow-caption.av-kd4hz9nx-fb331aa0faaa9c578e2f07ccc45f5aa0__0 .avia-caption-title{\nfont-size:14px;\n}\n#top .avia-slideshow .av-slideshow-caption.av-kd4hz9nx-fb331aa0faaa9c578e2f07ccc45f5aa0__0 .avia-caption-content{\nfont-size:14px;\n}\n#top .avia-slideshow .av-slideshow-caption.av-kd4hz9nx-fb331aa0faaa9c578e2f07ccc45f5aa0__0 .avia-caption-content p{\nfont-size:14px;\n}\n}\n\n@media only screen and (max-width: 479px){ \n#top #wrap_all .avia-slideshow .av-slideshow-caption.av-kd4hz9nx-fb331aa0faaa9c578e2f07ccc45f5aa0__0 .avia-caption-title{\ndisplay:none;\n}\n#top .avia-slideshow .av-slideshow-caption.av-kd4hz9nx-fb331aa0faaa9c578e2f07ccc45f5aa0__0 .avia-caption-content{\ndisplay:none;\n}\n#top .avia-slideshow .av-slideshow-caption.av-kd4hz9nx-fb331aa0faaa9c578e2f07ccc45f5aa0__0 .avia-caption-content p{\ndisplay:none;\n}\n}\n<\/style>\n<div  class='avia-slideshow av-kd4hz9nx-fb331aa0faaa9c578e2f07ccc45f5aa0 avia-slideshow-featured av_slideshow_full avia-slide-slider av-slideshow-ui av-control-default av-slideshow-manual av-loop-once av-loop-manual-endless av-default-height-applied   avia-slideshow-1' data-slideshow-options=\"{&quot;animation&quot;:&quot;slide&quot;,&quot;autoplay&quot;:false,&quot;loop_autoplay&quot;:&quot;once&quot;,&quot;interval&quot;:5,&quot;loop_manual&quot;:&quot;manual-endless&quot;,&quot;autoplay_stopper&quot;:false,&quot;noNavigation&quot;:false,&quot;bg_slider&quot;:false,&quot;keep_padding&quot;:false,&quot;hoverpause&quot;:false,&quot;show_slide_delay&quot;:0}\"  itemprop=\"image\" itemscope=\"itemscope\" itemtype=\"https:\/\/schema.org\/ImageObject\" ><ul class='avia-slideshow-inner ' style='padding-bottom: 28.72411489646%;'><li  class='avia-slideshow-slide av-kd4hz9nx-fb331aa0faaa9c578e2f07ccc45f5aa0__0  av-single-slide slide-1 slide-odd'><div data-rel='slideshow-1' class='avia-slide-wrap '   ><img decoding=\"async\" fetchpriority=\"high\" class=\"wp-image-3614 avia-img-lazy-loading-not-3614\"  src=\"https:\/\/maailmanmuutos.org\/wp-content\/uploads\/2023\/08\/oil-rig.jpg\" width=\"1497\" height=\"430\" title='kuvituskuvat' alt=''  itemprop=\"thumbnailUrl\" srcset=\"https:\/\/maailmanmuutos.org\/wp-content\/uploads\/2023\/08\/oil-rig.jpg 1500w, https:\/\/maailmanmuutos.org\/wp-content\/uploads\/2023\/08\/oil-rig-800x230.jpg 800w, https:\/\/maailmanmuutos.org\/wp-content\/uploads\/2023\/08\/oil-rig-120x34.jpg 120w, https:\/\/maailmanmuutos.org\/wp-content\/uploads\/2023\/08\/oil-rig-768x221.jpg 768w, https:\/\/maailmanmuutos.org\/wp-content\/uploads\/2023\/08\/oil-rig-705x203.jpg 705w\" sizes=\"(max-width: 1497px) 100vw, 1497px\" \/><\/div><\/li><\/ul><\/div><\/div><div id='after_full_slider_1'  class='main_color av_default_container_wrap container_wrap sidebar_right'  ><div class='container av-section-cont-open' ><div class='template-page content  av-content-small alpha units'><div class='post-entry post-entry-type-page post-entry-1406'><div class='entry-content-wrapper clearfix'>\n\n<style type=\"text\/css\" data-created_by=\"avia_inline_auto\" id=\"style-css-av-5spn6-3d3e8ead61d02f87ad7c9f2fc625dc24\">\n.flex_column.av-5spn6-3d3e8ead61d02f87ad7c9f2fc625dc24{\nborder-radius:0px 0px 0px 0px;\npadding:0px 0px 0px 0px;\n}\n<\/style>\n<div  class='flex_column av-5spn6-3d3e8ead61d02f87ad7c9f2fc625dc24 av_one_full  avia-builder-el-1  el_after_av_slideshow_full  avia-builder-el-no-sibling  first flex_column_div av-zero-column-padding  '     ><p>\n<style type=\"text\/css\" data-created_by=\"avia_inline_auto\" id=\"style-css-av-av_heading-3cb761053558336338db4ea0c3eac907\">\n#top .av-special-heading.av-av_heading-3cb761053558336338db4ea0c3eac907{\npadding-bottom:10px;\n}\nbody .av-special-heading.av-av_heading-3cb761053558336338db4ea0c3eac907 .av-special-heading-tag .heading-char{\nfont-size:25px;\n}\n.av-special-heading.av-av_heading-3cb761053558336338db4ea0c3eac907 .av-subheading{\nfont-size:15px;\n}\n<\/style>\n<div  class='av-special-heading av-av_heading-3cb761053558336338db4ea0c3eac907 av-special-heading-h1  avia-builder-el-2  el_before_av_hr  avia-builder-el-first '><h1 class='av-special-heading-tag'  itemprop=\"headline\"  >Strategiset raaka-aineet <\/h1><div class=\"special-heading-border\"><div class=\"special-heading-inner-border\"><\/div><\/div><\/div><br \/>\n\n<style type=\"text\/css\" data-created_by=\"avia_inline_auto\" id=\"style-css-av-llcnesft-2719cf7c602d6ed2cf2707550727d19f\">\n#top .hr.hr-invisible.av-llcnesft-2719cf7c602d6ed2cf2707550727d19f{\nheight:50px;\n}\n<\/style>\n<div  class='hr av-llcnesft-2719cf7c602d6ed2cf2707550727d19f hr-invisible  avia-builder-el-3  el_after_av_heading  el_before_av_textblock '><span class='hr-inner '><span class=\"hr-inner-style\"><\/span><\/span><\/div><br \/>\n<section  class='av_textblock_section av-lezr0od0-94e7bd8ef786eea3c9a8d27065495667 '   itemscope=\"itemscope\" itemtype=\"https:\/\/schema.org\/CreativeWork\" ><div class='avia_textblock'  itemprop=\"text\" ><p><em><strong>Kansainv\u00e4lisen kilpailun kohteena<\/strong><\/em><\/p>\n<p>Strategisiksi nimitet\u00e4\u00e4n sellaisia raaka-aineita, jotka ovat t\u00e4rkeit\u00e4 tuotannolle ja sodank\u00e4ynnille ja joista on siin\u00e4 m\u00e4\u00e4rin niukkuutta, ett\u00e4 ne ovat kansainv\u00e4lisen kilpailun kohteina. Raaka-aineiden t\u00e4rkeys on vaihdellut suuresti riippuen ajankohtaisesta tuotantotekniikasta ja raaka-aineiden k\u00e4ytett\u00e4vyydest\u00e4. Runsaat hiilivarat yhdistynein\u00e4 rautamalmin hyv\u00e4\u00e4n saatavuuteen mahdollistivat ter\u00e4ksentuotannon \u00a0ja nostivat aikanaan Englannin, Ranskan, Saksan ja Yhdysvallat maailman teollisen tuotannon k\u00e4rkimaiksi.<\/p>\n<p><em><strong>\u00d6ljyn merkitys s\u00e4ilyy<\/strong><\/em><\/p>\n<p>Historian kuluessa ovat merkitt\u00e4viksi raaka-aineiksi vuorollaan nousseet kupari, rauta, hiili, \u00f6ljy, uraani ja uusimpina erikoismetallit, joita k\u00e4ytet\u00e4\u00e4n kehittyneen elektroniikan valmistukseen. My\u00f6s jalometallit ja timantit kuuluvat strategisten raaka-aineiden ryhm\u00e4\u00e4n. Viel\u00e4 toisen maailmansodan aikana rauta ja hiili olivat t\u00e4rkeit\u00e4 ja tavoiteltuja raaka-aineita, mutta nykyisin niist\u00e4 ei vallitse niukkuutta. Sen sijaan \u00f6ljy on yh\u00e4 s\u00e4ilytt\u00e4nyt suuren merkityksens\u00e4.<\/p>\n<p><em><strong>Raaka-aineet ja suurvaltapolitiikka<\/strong><\/em><\/p>\n<p>Ven\u00e4j\u00e4ll\u00e4, Kiinalla ja Yhdysvalloilla on alueillaan runsaasti strategisia raaka-aineita, mutta mill\u00e4\u00e4n niist\u00e4 ei ole kaikkia laatuja riitt\u00e4v\u00e4sti oman taloutensa k\u00e4ytt\u00f6\u00f6n. Siksi raaka-aineiden saatavuus on yh\u00e4 suurvaltapolitiikan t\u00e4rkeimpi\u00e4 kysymyksi\u00e4.<\/p>\n<p>Kiina on jo t\u00e4ll\u00e4 hetkell\u00e4 maailman suurin raaka-aineiden tuoja. Kiina k\u00e4ytt\u00e4\u00e4 eritt\u00e4in paljon raaka\u00f6ljy\u00e4 sek\u00e4 metalleista muun muassa kuparia, sinkki\u00e4, tinaa ja rautamalmia, ja kulutuksen kasvun arvioidaan jatkuvan. My\u00f6s Intia on lis\u00e4nnyt voimakkaasti kysynt\u00e4\u00e4 maailman raaka-ainemarkkinoilla kehitt\u00e4ess\u00e4\u00e4n talouttaan.<\/p>\n<p><em><strong>Kiinan maametallit<\/strong><\/em><\/p>\n<p>Metallien kysynt\u00e4 my\u00f6t\u00e4ilee vahvasti maailman talouskehityst\u00e4, ja vakiintuneet tuottajat kykenev\u00e4t tyydytt\u00e4m\u00e4\u00e4n kysynn\u00e4n tavanomaisten metallien osalta. Sen sijaan vallitsee niukkuutta monista erikoislaaduista, erityisesti elektroniikkateollisuuden tarvitsemista \u201dmaametalleista\u201d. Niiden tuotannossa Kiinan asema on niin keskeinen, ett\u00e4 se voi my\u00f6s tarvittaessa s\u00e4\u00e4nn\u00f6stell\u00e4 vientikauppojaan.<\/p>\n<p><em><strong>Huoltovarmuus ongelmana<\/strong><\/em><\/p>\n<p>Yleisesti arvioidaan, ett\u00e4 kamppailu raaka-aineista kiristyy \u00a0l\u00e4hivuosina, jolloin raaka-aineiden hinnat asettuvat entist\u00e4 korkeammalle tasolle ja saatavuus ajoittain vaikeutuu. Etenkin vahvasti vientiin perustuvassa kansantaloudessa, kuten Suomessa, raaka-aineiden toimitusvarmuus on keskeinen kysymys, jonka hoitamiseen tarvitaan tehokkaita huoltovarmuuden turvaamisen alaan kuuluvia toimia.<\/p>\n<p><em><strong>EU:n toimenpiteet<\/strong><\/em><\/p>\n<p>Maailman raaka-ainemarkkinoiden ep\u00e4varmuuteen vaikuttaa suuresti se, ett\u00e4 monet tuottajat ovat poliittisesti ep\u00e4vakaita valtioita, eik\u00e4 t\u00e4h\u00e4n tilanteeseen ole odotettavissa pikaista parannusta. Toisaalta on merkille pantavaa, ett\u00e4 raaka-aineiden saatavuus on maailmanmarkkinoilla p\u00e4\u00e4piirtein turvattu, mutta niiden hinta saattaa kohota korkeaksi. Vakavien kansainv\u00e4listen kriisien sattuessa tulee kokemuksien mukaan nopeasti puutetta erityisesti uusimman sotilasteknologian tarvitsemista raaka-aineista.<\/p>\n<p>Raaka-aineiden saatavuutta voidaan kansallisin toimin varmistaa ennen kaikkea kierr\u00e4tyst\u00e4 tehostamalla ja strategisten raaka-aineiden varmuusvarastoinnilla. Toisaalta Euroopan unionin puitteissa yhteisell\u00e4 ulko- ja turvallisuuspolitiikalla sek\u00e4 kauppapolitiikalla pyrit\u00e4\u00e4n varmistamaan, ettei EU-alue joudu boikottien tai hintakartellien kohteeksi.<\/p>\n<\/div><\/section><\/p><\/div>\n","protected":false},"excerpt":{"rendered":"","protected":false},"author":1,"featured_media":0,"parent":1261,"menu_order":1,"comment_status":"closed","ping_status":"closed","template":"","meta":{"footnotes":""},"class_list":["post-1406","page","type-page","status-publish","hentry"],"_links":{"self":[{"href":"https:\/\/maailmanmuutos.org\/index.php\/wp-json\/wp\/v2\/pages\/1406","targetHints":{"allow":["GET"]}}],"collection":[{"href":"https:\/\/maailmanmuutos.org\/index.php\/wp-json\/wp\/v2\/pages"}],"about":[{"href":"https:\/\/maailmanmuutos.org\/index.php\/wp-json\/wp\/v2\/types\/page"}],"author":[{"embeddable":true,"href":"https:\/\/maailmanmuutos.org\/index.php\/wp-json\/wp\/v2\/users\/1"}],"replies":[{"embeddable":true,"href":"https:\/\/maailmanmuutos.org\/index.php\/wp-json\/wp\/v2\/comments?post=1406"}],"version-history":[{"count":6,"href":"https:\/\/maailmanmuutos.org\/index.php\/wp-json\/wp\/v2\/pages\/1406\/revisions"}],"predecessor-version":[{"id":3613,"href":"https:\/\/maailmanmuutos.org\/index.php\/wp-json\/wp\/v2\/pages\/1406\/revisions\/3613"}],"up":[{"embeddable":true,"href":"https:\/\/maailmanmuutos.org\/index.php\/wp-json\/wp\/v2\/pages\/1261"}],"wp:attachment":[{"href":"https:\/\/maailmanmuutos.org\/index.php\/wp-json\/wp\/v2\/media?parent=1406"}],"curies":[{"name":"wp","href":"https:\/\/api.w.org\/{rel}","templated":true}]}}