{"id":1407,"date":"2023-03-08T19:27:53","date_gmt":"2023-03-08T19:27:53","guid":{"rendered":"http:\/\/us.ylirotu.fi\/index.php\/maailman-muutos\/euroopan-turvallisuuspoliittinen-kehitys-1990-luvulla\/itaisen-keski-euroopan-kehitys\/siirtymataloudet-2\/"},"modified":"2023-08-14T08:12:24","modified_gmt":"2023-08-14T08:12:24","slug":"puola-1990-luvulla","status":"publish","type":"page","link":"https:\/\/maailmanmuutos.org\/index.php\/kylmasta-sodasta-2000-luvulle\/euroopan-turvallisuuspoliittinen-kehitys-1990-luvulla\/itaisen-keski-euroopan-kehitys\/puola-1990-luvulla\/","title":{"rendered":"Puola\u00a01990-luvulla\u00a0"},"content":{"rendered":"<div id='full_slider_1'  class='avia-fullwidth-slider main_color avia-shadow   avia-builder-el-0  el_before_av_one_full  avia-builder-el-first   container_wrap sidebar_right'  >\n<style type=\"text\/css\" data-created_by=\"avia_inline_auto\" id=\"style-css-av-kd4hz9nx-fb331aa0faaa9c578e2f07ccc45f5aa0\">\n#top #wrap_all .avia-slideshow .av-slideshow-caption.av-kd4hz9nx-fb331aa0faaa9c578e2f07ccc45f5aa0__0 .avia-caption-title{\nfont-size:22px;\n}\n#top .avia-slideshow .av-slideshow-caption.av-kd4hz9nx-fb331aa0faaa9c578e2f07ccc45f5aa0__0 .avia-caption-content{\nfont-size:14px;\n}\n#top .avia-slideshow .av-slideshow-caption.av-kd4hz9nx-fb331aa0faaa9c578e2f07ccc45f5aa0__0 .avia-caption-content p{\nfont-size:14px;\n}\n\n@media only screen and (min-width: 768px) and (max-width: 989px){ \n#top #wrap_all .avia-slideshow .av-slideshow-caption.av-kd4hz9nx-fb331aa0faaa9c578e2f07ccc45f5aa0__0 .avia-caption-title{\nfont-size:16px;\n}\n#top .avia-slideshow .av-slideshow-caption.av-kd4hz9nx-fb331aa0faaa9c578e2f07ccc45f5aa0__0 .avia-caption-content{\nfont-size:16px;\n}\n#top .avia-slideshow .av-slideshow-caption.av-kd4hz9nx-fb331aa0faaa9c578e2f07ccc45f5aa0__0 .avia-caption-content p{\nfont-size:16px;\n}\n}\n\n@media only screen and (min-width: 480px) and (max-width: 767px){ \n#top #wrap_all .avia-slideshow .av-slideshow-caption.av-kd4hz9nx-fb331aa0faaa9c578e2f07ccc45f5aa0__0 .avia-caption-title{\nfont-size:14px;\n}\n#top .avia-slideshow .av-slideshow-caption.av-kd4hz9nx-fb331aa0faaa9c578e2f07ccc45f5aa0__0 .avia-caption-content{\nfont-size:14px;\n}\n#top .avia-slideshow .av-slideshow-caption.av-kd4hz9nx-fb331aa0faaa9c578e2f07ccc45f5aa0__0 .avia-caption-content p{\nfont-size:14px;\n}\n}\n\n@media only screen and (max-width: 479px){ \n#top #wrap_all .avia-slideshow .av-slideshow-caption.av-kd4hz9nx-fb331aa0faaa9c578e2f07ccc45f5aa0__0 .avia-caption-title{\ndisplay:none;\n}\n#top .avia-slideshow .av-slideshow-caption.av-kd4hz9nx-fb331aa0faaa9c578e2f07ccc45f5aa0__0 .avia-caption-content{\ndisplay:none;\n}\n#top .avia-slideshow .av-slideshow-caption.av-kd4hz9nx-fb331aa0faaa9c578e2f07ccc45f5aa0__0 .avia-caption-content p{\ndisplay:none;\n}\n}\n<\/style>\n<div  class='avia-slideshow av-kd4hz9nx-fb331aa0faaa9c578e2f07ccc45f5aa0 avia-slideshow-featured av_slideshow_full avia-slide-slider av-slideshow-ui av-control-default av-slideshow-manual av-loop-once av-loop-manual-endless av-default-height-applied   avia-slideshow-1' data-slideshow-options=\"{&quot;animation&quot;:&quot;slide&quot;,&quot;autoplay&quot;:false,&quot;loop_autoplay&quot;:&quot;once&quot;,&quot;interval&quot;:5,&quot;loop_manual&quot;:&quot;manual-endless&quot;,&quot;autoplay_stopper&quot;:false,&quot;noNavigation&quot;:false,&quot;bg_slider&quot;:false,&quot;keep_padding&quot;:false,&quot;hoverpause&quot;:false,&quot;show_slide_delay&quot;:0}\"  itemprop=\"image\" itemscope=\"itemscope\" itemtype=\"https:\/\/schema.org\/ImageObject\" ><ul class='avia-slideshow-inner ' style='padding-bottom: 28.72411489646%;'><li  class='avia-slideshow-slide av-kd4hz9nx-fb331aa0faaa9c578e2f07ccc45f5aa0__0  av-single-slide slide-1 slide-odd'><div data-rel='slideshow-1' class='avia-slide-wrap '   ><img decoding=\"async\" fetchpriority=\"high\" class=\"wp-image-3037 avia-img-lazy-loading-not-3037\"  src=\"https:\/\/maailmanmuutos.org\/wp-content\/uploads\/2023\/08\/puolan-siirtymatalous-2.jpg\" width=\"1497\" height=\"430\" title='kuvituskuvat' alt=''  itemprop=\"thumbnailUrl\" srcset=\"https:\/\/maailmanmuutos.org\/wp-content\/uploads\/2023\/08\/puolan-siirtymatalous-2.jpg 1500w, https:\/\/maailmanmuutos.org\/wp-content\/uploads\/2023\/08\/puolan-siirtymatalous-2-800x230.jpg 800w, https:\/\/maailmanmuutos.org\/wp-content\/uploads\/2023\/08\/puolan-siirtymatalous-2-120x34.jpg 120w, https:\/\/maailmanmuutos.org\/wp-content\/uploads\/2023\/08\/puolan-siirtymatalous-2-768x221.jpg 768w, https:\/\/maailmanmuutos.org\/wp-content\/uploads\/2023\/08\/puolan-siirtymatalous-2-705x203.jpg 705w\" sizes=\"(max-width: 1497px) 100vw, 1497px\" \/><\/div><\/li><\/ul><\/div><\/div><div id='after_full_slider_1'  class='main_color av_default_container_wrap container_wrap sidebar_right'  ><div class='container av-section-cont-open' ><div class='template-page content  av-content-small alpha units'><div class='post-entry post-entry-type-page post-entry-1407'><div class='entry-content-wrapper clearfix'>\n\n<style type=\"text\/css\" data-created_by=\"avia_inline_auto\" id=\"style-css-av-5spn6-3d3e8ead61d02f87ad7c9f2fc625dc24\">\n.flex_column.av-5spn6-3d3e8ead61d02f87ad7c9f2fc625dc24{\nborder-radius:0px 0px 0px 0px;\npadding:0px 0px 0px 0px;\n}\n<\/style>\n<div  class='flex_column av-5spn6-3d3e8ead61d02f87ad7c9f2fc625dc24 av_one_full  avia-builder-el-1  el_after_av_slideshow_full  avia-builder-el-no-sibling  first flex_column_div av-zero-column-padding  '     ><p>\n<style type=\"text\/css\" data-created_by=\"avia_inline_auto\" id=\"style-css-av-2fe19b-948ddd7071c73c5191b0bfc89bb0056b\">\n#top .av-special-heading.av-2fe19b-948ddd7071c73c5191b0bfc89bb0056b{\npadding-bottom:10px;\n}\nbody .av-special-heading.av-2fe19b-948ddd7071c73c5191b0bfc89bb0056b .av-special-heading-tag .heading-char{\nfont-size:25px;\n}\n.av-special-heading.av-2fe19b-948ddd7071c73c5191b0bfc89bb0056b .av-subheading{\nfont-size:15px;\n}\n<\/style>\n<div  class='av-special-heading av-2fe19b-948ddd7071c73c5191b0bfc89bb0056b av-special-heading-h1  avia-builder-el-2  el_before_av_textblock  avia-builder-el-first '><h1 class='av-special-heading-tag'  itemprop=\"headline\"  >Puola 1990-luvulla <\/h1><div class=\"special-heading-border\"><div class=\"special-heading-inner-border\"><\/div><\/div><\/div><br \/>\n<section  class='av_textblock_section av-lezr0od0-94e7bd8ef786eea3c9a8d27065495667 '   itemscope=\"itemscope\" itemtype=\"https:\/\/schema.org\/CreativeWork\" ><div class='avia_textblock'  itemprop=\"text\" ><p><em><strong>Uudistuksia jo 1980-luvulla<\/strong><\/em><\/p>\n<p>Puolassa oli toteutettu v\u00e4hitt\u00e4isi\u00e4 yhteiskunnallisia ja poliittisen j\u00e4rjestelm\u00e4n uudistuksia jo 1980-luvulla, ja my\u00f6s hallinnon vaihdos kommunistisesta monipuoluej\u00e4rjestelm\u00e4ksi alkaen vuodesta 1989 tapahtui asteittain. Entiset kommunistit, jotka nimittiv\u00e4t itsens\u00e4 l\u00e4hinn\u00e4 sosialidemokraateiksi, pysyiv\u00e4t johtavissa asemissa useita vuosia. \u201dMenneisyydenhallinnassa\u201d oltiin pitk\u00e4\u00e4n hyvin varovaisia, jotta ei synnytett\u00e4isi vakavia sis\u00e4isi\u00e4 ristiriitoja arkistojen avautuessa.<\/p>\n<p><em><strong>Raju talousuudistus<\/strong><\/em><\/p>\n<p>Puolan erityisongelmana oli suuri velkam\u00e4\u00e4r\u00e4 l\u00e4ntisille rahoittajille. Se oli vuonna 1989 noin 40 miljardia US-dollaria. Toisaalta Puolan talous oli ollut\u00a0 lujasti sidoksissa Neuvostoliiton talouteen, mik\u00e4 vaikutti 1990-luvulla edelleen haitallisesti talouden rakenteeseen. Talousj\u00e4rjestelm\u00e4n uudistus aloitettiin vuonna 1990 vapauttamalla hinnat, mist\u00e4 seurasi raju inflaatio. Se k\u00f6yhdytti kansaa ja synnytti laajalti tyytym\u00e4tt\u00f6myytt\u00e4 uutta hallintoa kohtaan. Vuosikymmenen lopulla suuri osa Puolan taloudesta oli ulkomaalaisten omistuksessa, muun muassa pankkitoiminnasta noin 75 prosenttia l\u00e4ntisen p\u00e4\u00e4oman hallinnassa.<\/p>\n<p><em><strong>Puoluekent\u00e4n hajaannus<\/strong><\/em><\/p>\n<p>Talouden rakenteiden uudistaminen oli hidasta, joten poliittinen ep\u00e4vakaus jatkui ja kohdistui my\u00f6s Solidaarisuus-liittoon, joka menetti nopeasti suosiotaan. Liikkeen pitk\u00e4aikainen johtaja Lech Walesa valittiin presidentiksi vuonna 1990. Seuraavan vuoden parlamenttivaaleissa puoluekent\u00e4n hajaannus jatkui, mink\u00e4 vuoksi hallitusten toimintakyky oli heikko.<\/p>\n<p>Vuonna 1993 pidetyiss\u00e4 parlamenttivaaleissa sosialidemokraatit kohosivat suurimmaksi puolueeksi yli 20 prosentin \u00e4\u00e4niosuudella. Yhdess\u00e4 talonpoikaispuolueen kanssa sai l\u00e4hinn\u00e4 entisten kommunistien hallitsema ryhmittym\u00e4 parlamentin paikoista noin 60 prosenttia. Oikeistopuolueet j\u00e4iv\u00e4t silloin selv\u00e4sti v\u00e4hemmist\u00f6\u00f6n, mutta j\u00e4lleen vuosikymmenen lopulla ne kykeniv\u00e4t vaalivoittoon. Monipuoluej\u00e4rjestelm\u00e4n 15 ensimm\u00e4isen vuoden aikana entiset kommunistit ja yleens\u00e4kin vasemmisto olivat yleens\u00e4 hallitsevassa asemassa.<\/p>\n<p>Katolisen kirkon merkitys yhteiskunnallisena voimana pysyi suurena, ja sill\u00e4 oli my\u00f6s rauhoittava vaikutus puoluekentt\u00e4\u00e4n, joka muuten oli yh\u00e4 eritt\u00e4in ep\u00e4vakaa. Oikeistopuolueet olivat l\u00e4heisess\u00e4 liittosuhteessa kirkollisten piirien kanssa.<\/p>\n<p><em><strong>L\u00e4nsisuuntaus voimistui<\/strong><\/em><\/p>\n<p>Lech Walesan j\u00e4lkeen entinen kommunisti Aleksander Kwasniewski valittiin presidentiksi vuosien 1995-2005 ajaksi. H\u00e4nen taustansa ei est\u00e4nyt jatkamasta ulkopolitiikassa l\u00e4nsisuuntausta, jonka tavoitteena oli EU:n ja Naton j\u00e4senyys. Ep\u00e4luulot saksalaisia ja ven\u00e4l\u00e4isi\u00e4 kohtaan vaikuttivat siihen, ett\u00e4 Puolan hallitus pyrki voimistamaan suhteitaan nimenomaan Yhdysvaltoihin, ja Euroopan unioniin suhtauduttiin varauksin. Puola liittyi Natoon vuonna 1999 ja Euroopan unioniin vuonna 2004.<\/p>\n<\/div><\/section><\/p><\/div>\n","protected":false},"excerpt":{"rendered":"","protected":false},"author":1,"featured_media":0,"parent":1354,"menu_order":3,"comment_status":"closed","ping_status":"closed","template":"","meta":{"footnotes":""},"class_list":["post-1407","page","type-page","status-publish","hentry"],"_links":{"self":[{"href":"https:\/\/maailmanmuutos.org\/index.php\/wp-json\/wp\/v2\/pages\/1407","targetHints":{"allow":["GET"]}}],"collection":[{"href":"https:\/\/maailmanmuutos.org\/index.php\/wp-json\/wp\/v2\/pages"}],"about":[{"href":"https:\/\/maailmanmuutos.org\/index.php\/wp-json\/wp\/v2\/types\/page"}],"author":[{"embeddable":true,"href":"https:\/\/maailmanmuutos.org\/index.php\/wp-json\/wp\/v2\/users\/1"}],"replies":[{"embeddable":true,"href":"https:\/\/maailmanmuutos.org\/index.php\/wp-json\/wp\/v2\/comments?post=1407"}],"version-history":[{"count":5,"href":"https:\/\/maailmanmuutos.org\/index.php\/wp-json\/wp\/v2\/pages\/1407\/revisions"}],"predecessor-version":[{"id":3036,"href":"https:\/\/maailmanmuutos.org\/index.php\/wp-json\/wp\/v2\/pages\/1407\/revisions\/3036"}],"up":[{"embeddable":true,"href":"https:\/\/maailmanmuutos.org\/index.php\/wp-json\/wp\/v2\/pages\/1354"}],"wp:attachment":[{"href":"https:\/\/maailmanmuutos.org\/index.php\/wp-json\/wp\/v2\/media?parent=1407"}],"curies":[{"name":"wp","href":"https:\/\/api.w.org\/{rel}","templated":true}]}}