{"id":1415,"date":"2023-03-08T19:30:04","date_gmt":"2023-03-08T19:30:04","guid":{"rendered":"http:\/\/us.ylirotu.fi\/?page_id=1415"},"modified":"2023-08-15T18:58:38","modified_gmt":"2023-08-15T18:58:38","slug":"vesiongelmat","status":"publish","type":"page","link":"https:\/\/maailmanmuutos.org\/index.php\/kylmasta-sodasta-2000-luvulle\/maailman-valtasuhteiden-muutos\/kamppailu-raaka-aineista-ja-vesivaroista\/vesiongelmat\/","title":{"rendered":"Vesiongelmat\u00a0"},"content":{"rendered":"<div id='full_slider_1'  class='avia-fullwidth-slider main_color avia-shadow   avia-builder-el-0  el_before_av_one_full  avia-builder-el-first   container_wrap sidebar_right'  >\n<style type=\"text\/css\" data-created_by=\"avia_inline_auto\" id=\"style-css-av-kd4hz9nx-fb331aa0faaa9c578e2f07ccc45f5aa0\">\n#top #wrap_all .avia-slideshow .av-slideshow-caption.av-kd4hz9nx-fb331aa0faaa9c578e2f07ccc45f5aa0__0 .avia-caption-title{\nfont-size:22px;\n}\n#top .avia-slideshow .av-slideshow-caption.av-kd4hz9nx-fb331aa0faaa9c578e2f07ccc45f5aa0__0 .avia-caption-content{\nfont-size:14px;\n}\n#top .avia-slideshow .av-slideshow-caption.av-kd4hz9nx-fb331aa0faaa9c578e2f07ccc45f5aa0__0 .avia-caption-content p{\nfont-size:14px;\n}\n\n@media only screen and (min-width: 768px) and (max-width: 989px){ \n#top #wrap_all .avia-slideshow .av-slideshow-caption.av-kd4hz9nx-fb331aa0faaa9c578e2f07ccc45f5aa0__0 .avia-caption-title{\nfont-size:16px;\n}\n#top .avia-slideshow .av-slideshow-caption.av-kd4hz9nx-fb331aa0faaa9c578e2f07ccc45f5aa0__0 .avia-caption-content{\nfont-size:16px;\n}\n#top .avia-slideshow .av-slideshow-caption.av-kd4hz9nx-fb331aa0faaa9c578e2f07ccc45f5aa0__0 .avia-caption-content p{\nfont-size:16px;\n}\n}\n\n@media only screen and (min-width: 480px) and (max-width: 767px){ \n#top #wrap_all .avia-slideshow .av-slideshow-caption.av-kd4hz9nx-fb331aa0faaa9c578e2f07ccc45f5aa0__0 .avia-caption-title{\nfont-size:14px;\n}\n#top .avia-slideshow .av-slideshow-caption.av-kd4hz9nx-fb331aa0faaa9c578e2f07ccc45f5aa0__0 .avia-caption-content{\nfont-size:14px;\n}\n#top .avia-slideshow .av-slideshow-caption.av-kd4hz9nx-fb331aa0faaa9c578e2f07ccc45f5aa0__0 .avia-caption-content p{\nfont-size:14px;\n}\n}\n\n@media only screen and (max-width: 479px){ \n#top #wrap_all .avia-slideshow .av-slideshow-caption.av-kd4hz9nx-fb331aa0faaa9c578e2f07ccc45f5aa0__0 .avia-caption-title{\ndisplay:none;\n}\n#top .avia-slideshow .av-slideshow-caption.av-kd4hz9nx-fb331aa0faaa9c578e2f07ccc45f5aa0__0 .avia-caption-content{\ndisplay:none;\n}\n#top .avia-slideshow .av-slideshow-caption.av-kd4hz9nx-fb331aa0faaa9c578e2f07ccc45f5aa0__0 .avia-caption-content p{\ndisplay:none;\n}\n}\n<\/style>\n<div  class='avia-slideshow av-kd4hz9nx-fb331aa0faaa9c578e2f07ccc45f5aa0 avia-slideshow-featured av_slideshow_full avia-slide-slider av-slideshow-ui av-control-default av-slideshow-manual av-loop-once av-loop-manual-endless av-default-height-applied   avia-slideshow-1' data-slideshow-options=\"{&quot;animation&quot;:&quot;slide&quot;,&quot;autoplay&quot;:false,&quot;loop_autoplay&quot;:&quot;once&quot;,&quot;interval&quot;:5,&quot;loop_manual&quot;:&quot;manual-endless&quot;,&quot;autoplay_stopper&quot;:false,&quot;noNavigation&quot;:false,&quot;bg_slider&quot;:false,&quot;keep_padding&quot;:false,&quot;hoverpause&quot;:false,&quot;show_slide_delay&quot;:0}\"  itemprop=\"image\" itemscope=\"itemscope\" itemtype=\"https:\/\/schema.org\/ImageObject\" ><ul class='avia-slideshow-inner ' style='padding-bottom: 28.72411489646%;'><li  class='avia-slideshow-slide av-kd4hz9nx-fb331aa0faaa9c578e2f07ccc45f5aa0__0  av-single-slide slide-1 slide-odd'><div data-rel='slideshow-1' class='avia-slide-wrap '   ><img decoding=\"async\" fetchpriority=\"high\" class=\"wp-image-3631 avia-img-lazy-loading-not-3631\"  src=\"https:\/\/maailmanmuutos.org\/wp-content\/uploads\/2023\/08\/kuivuus.jpg\" width=\"1497\" height=\"430\" title='kuvituskuvat' alt=''  itemprop=\"thumbnailUrl\" srcset=\"https:\/\/maailmanmuutos.org\/wp-content\/uploads\/2023\/08\/kuivuus.jpg 1500w, https:\/\/maailmanmuutos.org\/wp-content\/uploads\/2023\/08\/kuivuus-800x230.jpg 800w, https:\/\/maailmanmuutos.org\/wp-content\/uploads\/2023\/08\/kuivuus-120x34.jpg 120w, https:\/\/maailmanmuutos.org\/wp-content\/uploads\/2023\/08\/kuivuus-768x221.jpg 768w, https:\/\/maailmanmuutos.org\/wp-content\/uploads\/2023\/08\/kuivuus-705x203.jpg 705w\" sizes=\"(max-width: 1497px) 100vw, 1497px\" \/><\/div><\/li><\/ul><\/div><\/div><div id='after_full_slider_1'  class='main_color av_default_container_wrap container_wrap sidebar_right'  ><div class='container av-section-cont-open' ><div class='template-page content  av-content-small alpha units'><div class='post-entry post-entry-type-page post-entry-1415'><div class='entry-content-wrapper clearfix'>\n\n<style type=\"text\/css\" data-created_by=\"avia_inline_auto\" id=\"style-css-av-5spn6-3d3e8ead61d02f87ad7c9f2fc625dc24\">\n.flex_column.av-5spn6-3d3e8ead61d02f87ad7c9f2fc625dc24{\nborder-radius:0px 0px 0px 0px;\npadding:0px 0px 0px 0px;\n}\n<\/style>\n<div  class='flex_column av-5spn6-3d3e8ead61d02f87ad7c9f2fc625dc24 av_one_full  avia-builder-el-1  el_after_av_slideshow_full  avia-builder-el-no-sibling  first flex_column_div av-zero-column-padding  '     ><p>\n<style type=\"text\/css\" data-created_by=\"avia_inline_auto\" id=\"style-css-av-av_heading-470243c7dc9c7b000066114eba7f93a9\">\n#top .av-special-heading.av-av_heading-470243c7dc9c7b000066114eba7f93a9{\npadding-bottom:10px;\n}\nbody .av-special-heading.av-av_heading-470243c7dc9c7b000066114eba7f93a9 .av-special-heading-tag .heading-char{\nfont-size:25px;\n}\n.av-special-heading.av-av_heading-470243c7dc9c7b000066114eba7f93a9 .av-subheading{\nfont-size:15px;\n}\n<\/style>\n<div  class='av-special-heading av-av_heading-470243c7dc9c7b000066114eba7f93a9 av-special-heading-h1  avia-builder-el-2  el_before_av_hr  avia-builder-el-first '><h1 class='av-special-heading-tag'  itemprop=\"headline\"  >Vesiongelmat <\/h1><div class=\"special-heading-border\"><div class=\"special-heading-inner-border\"><\/div><\/div><\/div><br \/>\n\n<style type=\"text\/css\" data-created_by=\"avia_inline_auto\" id=\"style-css-av-llcnxhb5-c26967e96ad82d2a775aabb5c3970e64\">\n#top .hr.hr-invisible.av-llcnxhb5-c26967e96ad82d2a775aabb5c3970e64{\nheight:50px;\n}\n<\/style>\n<div  class='hr av-llcnxhb5-c26967e96ad82d2a775aabb5c3970e64 hr-invisible  avia-builder-el-3  el_after_av_heading  el_before_av_textblock '><span class='hr-inner '><span class=\"hr-inner-style\"><\/span><\/span><\/div><br \/>\n<section  class='av_textblock_section av-lezr0od0-94e7bd8ef786eea3c9a8d27065495667 '   itemscope=\"itemscope\" itemtype=\"https:\/\/schema.org\/CreativeWork\" ><div class='avia_textblock'  itemprop=\"text\" ><p><em><strong>Vesipula uhkaa<\/strong><\/em><\/p>\n<p>Viime vuosikymmenien kuluessa on kasvanut huoli veden m\u00e4\u00e4r\u00e4llisest\u00e4 riitt\u00e4vyydest\u00e4 talousk\u00e4ytt\u00f6\u00f6n ja vesist\u00f6jen laadullisesta pilaantumisesta. T\u00e4h\u00e4n liittyv\u00e4t ilmastonmuutoksen aiheuttamat sadem\u00e4\u00e4rien vaihtelut, jolloin aavikoituminen lis\u00e4\u00e4ntyy kuivuuden johdosta useilla alueilla, kun taas toisilla alueilla tulvien vaara kasvaa.<\/p>\n<p>Luonnon saastuminen ja vesivarojen ehtyminen voimakkaan teollistamisen ja maatalouden tehokastelun vuoksi my\u00f6t\u00e4vaikuttivat tuntuvasti Neuvostoliiton hajoamiseen. Kiistoja \u00a0syntyi erityisesti Keski-Aasian vesivarojen k\u00e4yt\u00f6st\u00e4. Kiinassa aavikoituminen ja vesist\u00f6jen saastuminen on l\u00e4hinn\u00e4 seurausta kasvaneesta teollisuuden energiatarpeesta. Vesivarojen k\u00e4yt\u00f6st\u00e4 on siell\u00e4 tulossa merkitt\u00e4v\u00e4 sis\u00e4isten konfliktien aihe.<\/p>\n<p><em><strong>Kansainv\u00e4lisi\u00e4 sopimuksia<\/strong><\/em><\/p>\n<p>Vesist\u00f6jen k\u00e4yt\u00f6st\u00e4 on tehty kansainv\u00e4lisi\u00e4 sopimuksia, jotka ovat toimineet verraten hyvin. N\u00e4ihin kuuluvat kulku- ja k\u00e4ytt\u00f6oikeudet johonkin yhteiseen vesist\u00f6\u00f6n, yleens\u00e4 suureen jokeen. YK on t\u00e4rkein normien s\u00e4\u00e4t\u00e4j\u00e4 ja sovittelija, mutta my\u00f6s Maailman kauppaj\u00e4rjest\u00f6 (WTO) tuottaa vesien talousk\u00e4ytt\u00f6\u00e4 koskevia sopimuksia, erityisesti maatalouden alalla.<\/p>\n<p><em><strong>Valtioiden v\u00e4lisi\u00e4 kiistoja<\/strong><\/em><\/p>\n<p>Pahimmat vesiongelmat ovat L\u00e4hi-id\u00e4ss\u00e4, Afrikassa ja etel\u00e4isess\u00e4 Aasiassa. L\u00e4hi-id\u00e4ss\u00e4 on vain yksi prosentti maapallon vesivaroista ja viisi prosenttia v\u00e4est\u00f6st\u00e4. Israelin ja arabimaiden v\u00e4lisess\u00e4 konfliktissa vesikysymykset ovat olleet t\u00e4rke\u00e4ll\u00e4 sijalla. My\u00f6s Eufrat- ja Tigris-jokien latvavesien hallinta on yh\u00e4 pahenevien ristiriitojen syy. Kiistan osapuolia ovat Turkki, Syyria ja Irak.<\/p>\n<p>Niilin latvavesist\u00e4 kiistell\u00e4\u00e4n Egyptin, Etiopian ja Sudanin kesken. My\u00f6s Intian ja Pakistanin v\u00e4liset monet riidat sis\u00e4lt\u00e4v\u00e4t keskeisesti vesiongelmia. Kashmirin alueella on syntynyt erimielisyytt\u00e4 Indus-joen patoamisesta.<\/p>\n<p><em><strong>Vesipakolaisia<\/strong><\/em><\/p>\n<p>Keski-Aasiassa riidell\u00e4\u00e4n vuoristojen vesivarojen k\u00e4yt\u00f6st\u00e4. P\u00e4\u00e4osapuolina ovat yht\u00e4\u00e4ll\u00e4 Kiina ja toisella puolella Tadzhikistan, Kirgisia ja Kazakstan. My\u00f6s Aral-j\u00e4rven ymp\u00e4rist\u00f6n vesivarojen k\u00e4ytt\u00f6 on edelleen kiistanalaista.<\/p>\n<p>Maailman taloudellisesti hy\u00f6dynnett\u00e4v\u00e4t vesivarat ovat k\u00e4ym\u00e4ss\u00e4 v\u00e4hiin, ja paheneva vesipula on vaikeasti hallittava ilmi\u00f6, jonka seurauksena miljoonat ihmiset joutuvat pakenemaan kotiseuduiltaan.<\/p>\n<\/div><\/section><\/p><\/div>\n","protected":false},"excerpt":{"rendered":"","protected":false},"author":1,"featured_media":0,"parent":1261,"menu_order":4,"comment_status":"closed","ping_status":"closed","template":"","meta":{"footnotes":""},"class_list":["post-1415","page","type-page","status-publish","hentry"],"_links":{"self":[{"href":"https:\/\/maailmanmuutos.org\/index.php\/wp-json\/wp\/v2\/pages\/1415","targetHints":{"allow":["GET"]}}],"collection":[{"href":"https:\/\/maailmanmuutos.org\/index.php\/wp-json\/wp\/v2\/pages"}],"about":[{"href":"https:\/\/maailmanmuutos.org\/index.php\/wp-json\/wp\/v2\/types\/page"}],"author":[{"embeddable":true,"href":"https:\/\/maailmanmuutos.org\/index.php\/wp-json\/wp\/v2\/users\/1"}],"replies":[{"embeddable":true,"href":"https:\/\/maailmanmuutos.org\/index.php\/wp-json\/wp\/v2\/comments?post=1415"}],"version-history":[{"count":5,"href":"https:\/\/maailmanmuutos.org\/index.php\/wp-json\/wp\/v2\/pages\/1415\/revisions"}],"predecessor-version":[{"id":3629,"href":"https:\/\/maailmanmuutos.org\/index.php\/wp-json\/wp\/v2\/pages\/1415\/revisions\/3629"}],"up":[{"embeddable":true,"href":"https:\/\/maailmanmuutos.org\/index.php\/wp-json\/wp\/v2\/pages\/1261"}],"wp:attachment":[{"href":"https:\/\/maailmanmuutos.org\/index.php\/wp-json\/wp\/v2\/media?parent=1415"}],"curies":[{"name":"wp","href":"https:\/\/api.w.org\/{rel}","templated":true}]}}