{"id":1424,"date":"2023-03-08T19:33:33","date_gmt":"2023-03-08T19:33:33","guid":{"rendered":"http:\/\/us.ylirotu.fi\/index.php\/maailman-muutos\/euroopan-turvallisuuspoliittinen-kehitys-1990-luvulla\/itaisen-keski-euroopan-kehitys\/puola-1990-luvulla-2\/"},"modified":"2023-08-14T08:58:11","modified_gmt":"2023-08-14T08:58:11","slug":"baltian-maat","status":"publish","type":"page","link":"https:\/\/maailmanmuutos.org\/index.php\/kylmasta-sodasta-2000-luvulle\/euroopan-turvallisuuspoliittinen-kehitys-1990-luvulla\/itaisen-keski-euroopan-kehitys\/baltian-maat\/","title":{"rendered":"Baltian\u00a0maat\u00a0"},"content":{"rendered":"<div id='full_slider_1'  class='avia-fullwidth-slider main_color avia-shadow   avia-builder-el-0  el_before_av_one_full  avia-builder-el-first   container_wrap sidebar_right'  >\n<style type=\"text\/css\" data-created_by=\"avia_inline_auto\" id=\"style-css-av-kd4hz9nx-fb331aa0faaa9c578e2f07ccc45f5aa0\">\n#top #wrap_all .avia-slideshow .av-slideshow-caption.av-kd4hz9nx-fb331aa0faaa9c578e2f07ccc45f5aa0__0 .avia-caption-title{\nfont-size:22px;\n}\n#top .avia-slideshow .av-slideshow-caption.av-kd4hz9nx-fb331aa0faaa9c578e2f07ccc45f5aa0__0 .avia-caption-content{\nfont-size:14px;\n}\n#top .avia-slideshow .av-slideshow-caption.av-kd4hz9nx-fb331aa0faaa9c578e2f07ccc45f5aa0__0 .avia-caption-content p{\nfont-size:14px;\n}\n\n@media only screen and (min-width: 768px) and (max-width: 989px){ \n#top #wrap_all .avia-slideshow .av-slideshow-caption.av-kd4hz9nx-fb331aa0faaa9c578e2f07ccc45f5aa0__0 .avia-caption-title{\nfont-size:16px;\n}\n#top .avia-slideshow .av-slideshow-caption.av-kd4hz9nx-fb331aa0faaa9c578e2f07ccc45f5aa0__0 .avia-caption-content{\nfont-size:16px;\n}\n#top .avia-slideshow .av-slideshow-caption.av-kd4hz9nx-fb331aa0faaa9c578e2f07ccc45f5aa0__0 .avia-caption-content p{\nfont-size:16px;\n}\n}\n\n@media only screen and (min-width: 480px) and (max-width: 767px){ \n#top #wrap_all .avia-slideshow .av-slideshow-caption.av-kd4hz9nx-fb331aa0faaa9c578e2f07ccc45f5aa0__0 .avia-caption-title{\nfont-size:14px;\n}\n#top .avia-slideshow .av-slideshow-caption.av-kd4hz9nx-fb331aa0faaa9c578e2f07ccc45f5aa0__0 .avia-caption-content{\nfont-size:14px;\n}\n#top .avia-slideshow .av-slideshow-caption.av-kd4hz9nx-fb331aa0faaa9c578e2f07ccc45f5aa0__0 .avia-caption-content p{\nfont-size:14px;\n}\n}\n\n@media only screen and (max-width: 479px){ \n#top #wrap_all .avia-slideshow .av-slideshow-caption.av-kd4hz9nx-fb331aa0faaa9c578e2f07ccc45f5aa0__0 .avia-caption-title{\ndisplay:none;\n}\n#top .avia-slideshow .av-slideshow-caption.av-kd4hz9nx-fb331aa0faaa9c578e2f07ccc45f5aa0__0 .avia-caption-content{\ndisplay:none;\n}\n#top .avia-slideshow .av-slideshow-caption.av-kd4hz9nx-fb331aa0faaa9c578e2f07ccc45f5aa0__0 .avia-caption-content p{\ndisplay:none;\n}\n}\n<\/style>\n<div  class='avia-slideshow av-kd4hz9nx-fb331aa0faaa9c578e2f07ccc45f5aa0 avia-slideshow-featured av_slideshow_full avia-slide-slider av-slideshow-ui av-control-default av-slideshow-manual av-loop-once av-loop-manual-endless av-default-height-applied   avia-slideshow-1' data-slideshow-options=\"{&quot;animation&quot;:&quot;slide&quot;,&quot;autoplay&quot;:false,&quot;loop_autoplay&quot;:&quot;once&quot;,&quot;interval&quot;:5,&quot;loop_manual&quot;:&quot;manual-endless&quot;,&quot;autoplay_stopper&quot;:false,&quot;noNavigation&quot;:false,&quot;bg_slider&quot;:false,&quot;keep_padding&quot;:false,&quot;hoverpause&quot;:false,&quot;show_slide_delay&quot;:0}\"  itemprop=\"image\" itemscope=\"itemscope\" itemtype=\"https:\/\/schema.org\/ImageObject\" ><ul class='avia-slideshow-inner ' style='padding-bottom: 28.72411489646%;'><li  class='avia-slideshow-slide av-kd4hz9nx-fb331aa0faaa9c578e2f07ccc45f5aa0__0  av-single-slide slide-1 slide-odd'><div data-rel='slideshow-1' class='avia-slide-wrap '   ><img decoding=\"async\" fetchpriority=\"high\" class=\"wp-image-3053 avia-img-lazy-loading-not-3053\"  src=\"https:\/\/maailmanmuutos.org\/wp-content\/uploads\/2023\/08\/liettua-siirtymatalous.jpg\" width=\"1497\" height=\"430\" title='kuvituskuvat' alt=''  itemprop=\"thumbnailUrl\" srcset=\"https:\/\/maailmanmuutos.org\/wp-content\/uploads\/2023\/08\/liettua-siirtymatalous.jpg 1500w, https:\/\/maailmanmuutos.org\/wp-content\/uploads\/2023\/08\/liettua-siirtymatalous-800x230.jpg 800w, https:\/\/maailmanmuutos.org\/wp-content\/uploads\/2023\/08\/liettua-siirtymatalous-120x34.jpg 120w, https:\/\/maailmanmuutos.org\/wp-content\/uploads\/2023\/08\/liettua-siirtymatalous-768x221.jpg 768w, https:\/\/maailmanmuutos.org\/wp-content\/uploads\/2023\/08\/liettua-siirtymatalous-705x203.jpg 705w\" sizes=\"(max-width: 1497px) 100vw, 1497px\" \/><\/div><\/li><\/ul><\/div><\/div><div id='after_full_slider_1'  class='main_color av_default_container_wrap container_wrap sidebar_right'  ><div class='container av-section-cont-open' ><div class='template-page content  av-content-small alpha units'><div class='post-entry post-entry-type-page post-entry-1424'><div class='entry-content-wrapper clearfix'>\n\n<style type=\"text\/css\" data-created_by=\"avia_inline_auto\" id=\"style-css-av-5spn6-3d3e8ead61d02f87ad7c9f2fc625dc24\">\n.flex_column.av-5spn6-3d3e8ead61d02f87ad7c9f2fc625dc24{\nborder-radius:0px 0px 0px 0px;\npadding:0px 0px 0px 0px;\n}\n<\/style>\n<div  class='flex_column av-5spn6-3d3e8ead61d02f87ad7c9f2fc625dc24 av_one_full  avia-builder-el-1  el_after_av_slideshow_full  avia-builder-el-no-sibling  first flex_column_div av-zero-column-padding  '     ><p>\n<style type=\"text\/css\" data-created_by=\"avia_inline_auto\" id=\"style-css-av-2vxggg-c8ad405c80212dda6730808bac0f0af2\">\n#top .av-special-heading.av-2vxggg-c8ad405c80212dda6730808bac0f0af2{\npadding-bottom:10px;\n}\nbody .av-special-heading.av-2vxggg-c8ad405c80212dda6730808bac0f0af2 .av-special-heading-tag .heading-char{\nfont-size:25px;\n}\n.av-special-heading.av-2vxggg-c8ad405c80212dda6730808bac0f0af2 .av-subheading{\nfont-size:15px;\n}\n<\/style>\n<div  class='av-special-heading av-2vxggg-c8ad405c80212dda6730808bac0f0af2 av-special-heading-h1  avia-builder-el-2  el_before_av_textblock  avia-builder-el-first '><h1 class='av-special-heading-tag'  itemprop=\"headline\"  >Baltian maat <\/h1><div class=\"special-heading-border\"><div class=\"special-heading-inner-border\"><\/div><\/div><\/div><br \/>\n<section  class='av_textblock_section av-lezr0od0-94e7bd8ef786eea3c9a8d27065495667 '   itemscope=\"itemscope\" itemtype=\"https:\/\/schema.org\/CreativeWork\" ><div class='avia_textblock'  itemprop=\"text\" ><p><em><strong>Kansalaisten poliittisesti aktiivisia<\/strong><\/em><\/p>\n<p>Baltian maiden itsen\u00e4istymisvaiheessa vuonna 1991 kansalaisten poliittinen aktiivisuus oli aluksi korkealla tasolla, mutta taloudelliset vaikeudet ja sis\u00e4politiikan riitaisuus heikensiv\u00e4t pian luottamusta poliitikkoihin. Hallitukset olivat lyhytik\u00e4isi\u00e4. Vuosina 1990\u20132003 Virossa oli kahdeksan hallitusta, Liettuassa seitsem\u00e4n ja Latviassa kymmenen. Puolueiden nimet, ohjelmat ja kokoonpanot vaihtelivat usein vaalikausien mukaisesti, ja \u00e4\u00e4nest\u00e4jien oli vaikea tunnistaa niiden ohjelmallisia eroja. Talousel\u00e4m\u00e4ll\u00e4 oli suuri vaikutus puolueiden toimintaan, mist\u00e4 seurasi my\u00f6s korruptiota. Vaalit pidettiin kuitenkin perustuslain mukaisesti, ja ne olivat tarkkailijoiden mukaan yleens\u00e4 rehellisi\u00e4.<\/p>\n<p><em><strong>Kansalaisuuskysymys<\/strong><\/em><\/p>\n<p>Viron ja Latvian erityisongelmina olivat suuret ven\u00e4j\u00e4nkieliset v\u00e4hemmist\u00f6t, joille ei haluttu antaa t\u00e4ysi\u00e4 kansalaisoikeuksia eik\u00e4 edes kansalaisuutta ilman monia ehtoja. Neuvostoliiton hajoamisen j\u00e4lkeen Virossa oli ven\u00e4j\u00e4nkielisi\u00e4 35 ja Latviassa 42 prosenttia v\u00e4est\u00f6n kokonaism\u00e4\u00e4r\u00e4st\u00e4. Baltian maiden v\u00e4est\u00f6n ik\u00e4\u00e4ntyminen ja maastamuutto veiv\u00e4t 1990-luvulla v\u00e4est\u00f6rakennetta ep\u00e4edulliseen suuntaan ja pienensiv\u00e4t v\u00e4kilukua.<\/p>\n<p><em><strong>Talous kohti EU:ta<\/strong><\/em><\/p>\n<p>Talouskehitys oli Baltian maissa aluksi verraten hidasta mutta alkoi parantua muutaman vuoden kuluessa. Siihen vaikutti tiukka valuuttakurssipolitiikka, kun valuuttojen arvo oli sidottu vastaamaan ulkomaisia valuuttavarantoja. My\u00f6s verotuspolitiikka suosi investointeja ja yritystoimintaa.<\/p>\n<p>Talouspolitiikassa Baltian maat suuntautuivat kohti Euroopan unionia sek\u00e4 alkoivat muokata taloutta ja yhteiskuntaa j\u00e4senyyskriteerien mukaisiksi. EU- j\u00e4senyys toteutui vuonna 2004.<\/p>\n<p><em><strong>Neuvostojoukkojen poistuminen<\/strong><\/em><\/p>\n<p>Neuvostoliiton j\u00e4ljilt\u00e4 oli Baltian maihin j\u00e4\u00e4nyt 130 000 sotilasta, joista viimeiset poistuivat kes\u00e4ll\u00e4 1994. Sen j\u00e4lkeenkin Viron ja Latvian suhteet Ven\u00e4j\u00e4\u00e4n pysyiv\u00e4t j\u00e4nnittynein\u00e4. Siit\u00e4 seurasi muun muassa Ven\u00e4j\u00e4n toimet Baltian satamien ja kulkuyhteyksien k\u00e4yt\u00f6n v\u00e4hent\u00e4miseksi. Taloussuhteet s\u00e4ilyiv\u00e4t kuitenkin verraten vilkkaina, joten Ven\u00e4j\u00e4n valuuttaromahdus vuonna 1998 vaikutti haitallisesti my\u00f6s Baltian maiden talouteen.<\/p>\n<\/div><\/section><\/p><\/div>\n","protected":false},"excerpt":{"rendered":"","protected":false},"author":1,"featured_media":0,"parent":1354,"menu_order":4,"comment_status":"closed","ping_status":"closed","template":"","meta":{"footnotes":""},"class_list":["post-1424","page","type-page","status-publish","hentry"],"_links":{"self":[{"href":"https:\/\/maailmanmuutos.org\/index.php\/wp-json\/wp\/v2\/pages\/1424","targetHints":{"allow":["GET"]}}],"collection":[{"href":"https:\/\/maailmanmuutos.org\/index.php\/wp-json\/wp\/v2\/pages"}],"about":[{"href":"https:\/\/maailmanmuutos.org\/index.php\/wp-json\/wp\/v2\/types\/page"}],"author":[{"embeddable":true,"href":"https:\/\/maailmanmuutos.org\/index.php\/wp-json\/wp\/v2\/users\/1"}],"replies":[{"embeddable":true,"href":"https:\/\/maailmanmuutos.org\/index.php\/wp-json\/wp\/v2\/comments?post=1424"}],"version-history":[{"count":8,"href":"https:\/\/maailmanmuutos.org\/index.php\/wp-json\/wp\/v2\/pages\/1424\/revisions"}],"predecessor-version":[{"id":3052,"href":"https:\/\/maailmanmuutos.org\/index.php\/wp-json\/wp\/v2\/pages\/1424\/revisions\/3052"}],"up":[{"embeddable":true,"href":"https:\/\/maailmanmuutos.org\/index.php\/wp-json\/wp\/v2\/pages\/1354"}],"wp:attachment":[{"href":"https:\/\/maailmanmuutos.org\/index.php\/wp-json\/wp\/v2\/media?parent=1424"}],"curies":[{"name":"wp","href":"https:\/\/api.w.org\/{rel}","templated":true}]}}