{"id":1448,"date":"2023-03-08T18:32:50","date_gmt":"2023-03-08T18:32:50","guid":{"rendered":"http:\/\/us.ylirotu.fi\/index.php\/maailman-muutos\/maailman-valtasuhteiden-muutos\/uusi-maailmanjarjestys-2\/"},"modified":"2023-08-15T13:11:31","modified_gmt":"2023-08-15T13:11:31","slug":"suuren-muutoksen-selityksia-ja-vaikutuksia","status":"publish","type":"page","link":"https:\/\/maailmanmuutos.org\/index.php\/kylmasta-sodasta-2000-luvulle\/maailman-valtasuhteiden-muutos\/uusi-maailmanjarjestys\/suuren-muutoksen-selityksia-ja-vaikutuksia\/","title":{"rendered":"Suuren\u00a0muutoksen selityksi\u00e4\u00a0ja\u00a0vaikutuksia\u00a0"},"content":{"rendered":"<div id='full_slider_1'  class='avia-fullwidth-slider main_color avia-shadow   avia-builder-el-0  el_before_av_one_full  avia-builder-el-first   container_wrap sidebar_right'  >\n<style type=\"text\/css\" data-created_by=\"avia_inline_auto\" id=\"style-css-av-kd4hz9nx-fb331aa0faaa9c578e2f07ccc45f5aa0\">\n#top #wrap_all .avia-slideshow .av-slideshow-caption.av-kd4hz9nx-fb331aa0faaa9c578e2f07ccc45f5aa0__0 .avia-caption-title{\nfont-size:22px;\n}\n#top .avia-slideshow .av-slideshow-caption.av-kd4hz9nx-fb331aa0faaa9c578e2f07ccc45f5aa0__0 .avia-caption-content{\nfont-size:14px;\n}\n#top .avia-slideshow .av-slideshow-caption.av-kd4hz9nx-fb331aa0faaa9c578e2f07ccc45f5aa0__0 .avia-caption-content p{\nfont-size:14px;\n}\n\n@media only screen and (min-width: 768px) and (max-width: 989px){ \n#top #wrap_all .avia-slideshow .av-slideshow-caption.av-kd4hz9nx-fb331aa0faaa9c578e2f07ccc45f5aa0__0 .avia-caption-title{\nfont-size:16px;\n}\n#top .avia-slideshow .av-slideshow-caption.av-kd4hz9nx-fb331aa0faaa9c578e2f07ccc45f5aa0__0 .avia-caption-content{\nfont-size:16px;\n}\n#top .avia-slideshow .av-slideshow-caption.av-kd4hz9nx-fb331aa0faaa9c578e2f07ccc45f5aa0__0 .avia-caption-content p{\nfont-size:16px;\n}\n}\n\n@media only screen and (min-width: 480px) and (max-width: 767px){ \n#top #wrap_all .avia-slideshow .av-slideshow-caption.av-kd4hz9nx-fb331aa0faaa9c578e2f07ccc45f5aa0__0 .avia-caption-title{\nfont-size:14px;\n}\n#top .avia-slideshow .av-slideshow-caption.av-kd4hz9nx-fb331aa0faaa9c578e2f07ccc45f5aa0__0 .avia-caption-content{\nfont-size:14px;\n}\n#top .avia-slideshow .av-slideshow-caption.av-kd4hz9nx-fb331aa0faaa9c578e2f07ccc45f5aa0__0 .avia-caption-content p{\nfont-size:14px;\n}\n}\n\n@media only screen and (max-width: 479px){ \n#top #wrap_all .avia-slideshow .av-slideshow-caption.av-kd4hz9nx-fb331aa0faaa9c578e2f07ccc45f5aa0__0 .avia-caption-title{\ndisplay:none;\n}\n#top .avia-slideshow .av-slideshow-caption.av-kd4hz9nx-fb331aa0faaa9c578e2f07ccc45f5aa0__0 .avia-caption-content{\ndisplay:none;\n}\n#top .avia-slideshow .av-slideshow-caption.av-kd4hz9nx-fb331aa0faaa9c578e2f07ccc45f5aa0__0 .avia-caption-content p{\ndisplay:none;\n}\n}\n<\/style>\n<div  class='avia-slideshow av-kd4hz9nx-fb331aa0faaa9c578e2f07ccc45f5aa0 avia-slideshow-featured av_slideshow_full avia-slide-slider av-slideshow-ui av-control-default av-slideshow-manual av-loop-once av-loop-manual-endless av-default-height-applied   avia-slideshow-1' data-slideshow-options=\"{&quot;animation&quot;:&quot;slide&quot;,&quot;autoplay&quot;:false,&quot;loop_autoplay&quot;:&quot;once&quot;,&quot;interval&quot;:5,&quot;loop_manual&quot;:&quot;manual-endless&quot;,&quot;autoplay_stopper&quot;:false,&quot;noNavigation&quot;:false,&quot;bg_slider&quot;:false,&quot;keep_padding&quot;:false,&quot;hoverpause&quot;:false,&quot;show_slide_delay&quot;:0}\"  itemprop=\"image\" itemscope=\"itemscope\" itemtype=\"https:\/\/schema.org\/ImageObject\" ><ul class='avia-slideshow-inner ' style='padding-bottom: 28.72411489646%;'><li  class='avia-slideshow-slide av-kd4hz9nx-fb331aa0faaa9c578e2f07ccc45f5aa0__0  av-single-slide slide-1 slide-odd'><div data-rel='slideshow-1' class='avia-slide-wrap '   ><img decoding=\"async\" fetchpriority=\"high\" class=\"wp-image-3442 avia-img-lazy-loading-not-3442\"  src=\"https:\/\/maailmanmuutos.org\/wp-content\/uploads\/2023\/08\/suuren-muutoksen-selityksia.jpg\" width=\"1497\" height=\"430\" title='suuren muutoksen selityksia' alt=''  itemprop=\"thumbnailUrl\" srcset=\"https:\/\/maailmanmuutos.org\/wp-content\/uploads\/2023\/08\/suuren-muutoksen-selityksia.jpg 1500w, https:\/\/maailmanmuutos.org\/wp-content\/uploads\/2023\/08\/suuren-muutoksen-selityksia-800x230.jpg 800w, https:\/\/maailmanmuutos.org\/wp-content\/uploads\/2023\/08\/suuren-muutoksen-selityksia-120x34.jpg 120w, https:\/\/maailmanmuutos.org\/wp-content\/uploads\/2023\/08\/suuren-muutoksen-selityksia-768x221.jpg 768w, https:\/\/maailmanmuutos.org\/wp-content\/uploads\/2023\/08\/suuren-muutoksen-selityksia-705x203.jpg 705w\" sizes=\"(max-width: 1497px) 100vw, 1497px\" \/><\/div><\/li><\/ul><\/div><\/div><div id='after_full_slider_1'  class='main_color av_default_container_wrap container_wrap sidebar_right'  ><div class='container av-section-cont-open' ><div class='template-page content  av-content-small alpha units'><div class='post-entry post-entry-type-page post-entry-1448'><div class='entry-content-wrapper clearfix'>\n\n<style type=\"text\/css\" data-created_by=\"avia_inline_auto\" id=\"style-css-av-5spn6-3d3e8ead61d02f87ad7c9f2fc625dc24\">\n.flex_column.av-5spn6-3d3e8ead61d02f87ad7c9f2fc625dc24{\nborder-radius:0px 0px 0px 0px;\npadding:0px 0px 0px 0px;\n}\n<\/style>\n<div  class='flex_column av-5spn6-3d3e8ead61d02f87ad7c9f2fc625dc24 av_one_full  avia-builder-el-1  el_after_av_slideshow_full  el_before_av_textblock  avia-builder-el-first  first flex_column_div av-zero-column-padding  '     ><p>\n<style type=\"text\/css\" data-created_by=\"avia_inline_auto\" id=\"style-css-av-2lbxwo-eee1cae4dd4d2628f501ee11ab26da7d\">\n#top .av-special-heading.av-2lbxwo-eee1cae4dd4d2628f501ee11ab26da7d{\npadding-bottom:10px;\n}\nbody .av-special-heading.av-2lbxwo-eee1cae4dd4d2628f501ee11ab26da7d .av-special-heading-tag .heading-char{\nfont-size:25px;\n}\n.av-special-heading.av-2lbxwo-eee1cae4dd4d2628f501ee11ab26da7d .av-subheading{\nfont-size:15px;\n}\n<\/style>\n<div  class='av-special-heading av-2lbxwo-eee1cae4dd4d2628f501ee11ab26da7d av-special-heading-h1  avia-builder-el-2  el_before_av_hr  avia-builder-el-first '><h1 class='av-special-heading-tag'  itemprop=\"headline\"  >Suuren muutoksen selityksi\u00e4 ja vaikutuksia <\/h1><div class=\"special-heading-border\"><div class=\"special-heading-inner-border\"><\/div><\/div><\/div><br \/>\n\n<style type=\"text\/css\" data-created_by=\"avia_inline_auto\" id=\"style-css-av-llcbnpyl-5640a22560e63d47fd1b272454a93678\">\n#top .hr.hr-invisible.av-llcbnpyl-5640a22560e63d47fd1b272454a93678{\nheight:50px;\n}\n<\/style>\n<div  class='hr av-llcbnpyl-5640a22560e63d47fd1b272454a93678 hr-invisible  avia-builder-el-3  el_after_av_heading  el_before_av_textblock '><span class='hr-inner '><span class=\"hr-inner-style\"><\/span><\/span><\/div><br \/>\n<section  class='av_textblock_section av-lezr0od0-94e7bd8ef786eea3c9a8d27065495667 '   itemscope=\"itemscope\" itemtype=\"https:\/\/schema.org\/CreativeWork\" ><div class='avia_textblock'  itemprop=\"text\" ><p><em><strong>Kylm\u00e4n sodan j\u00e4lkitila<\/strong><\/em><\/p>\n<p>Kylm\u00e4n sodan j\u00e4lkeist\u00e4 aikaa on kest\u00e4nyt vasta kaksi vuosikymment\u00e4, mutta siihenkin on sis\u00e4ltynyt kaksi hyvin erilaista ajanjaksoa. Niist\u00e4 ensimm\u00e4ist\u00e4, 1990-luvulla vallinnutta vaihetta voidaan Euroopassa nimitt\u00e4\u00e4 kylm\u00e4n sodan j\u00e4lkitilaksi, jolloin voittoisan \u201dl\u00e4nnen\u201d ehdoilla mutta paljolti my\u00f6s yhteisty\u00f6ss\u00e4 h\u00e4vinneen \u201did\u00e4n\u201d kanssa purettiin kahden vastakkaisen blokin j\u00e4rjestelm\u00e4\u00e4 ja laajennettiin l\u00e4ntist\u00e4 demokratiaa ja markkinataloutta it\u00e4iseen Eurooppaan. Vasta vuosikymmenen loppupuolella alkoi It\u00e4-Euroopassa ja Balkanilla talous vahvistua ja poliittinen j\u00e4rjestelm\u00e4 vakiintua. L\u00e4ntisess\u00e4 Euroopassa keskityttiin l\u00e4hinn\u00e4 Euroopan unionin rakenteiden perustamiseen ja vahvistamiseen.<\/p>\n<p><em><strong>Globalisaatio<\/strong><\/em><\/p>\n<p>My\u00f6s muualla maailmassa kylm\u00e4n sodan asetelmia purettiin, ja samalla luotiin uusia edellytyksi\u00e4 taloudelliselle nousulle. Markkinatalous ja jossain m\u00e4\u00e4rin my\u00f6s demokratisointi eteniv\u00e4t globalisaation my\u00f6t\u00e4. Aasian ja Etel\u00e4-Amerikan maissa elettiin verraten rauhallista aikaa, jolloin saatiin hyv\u00e4 pohja talouden nousulle huolimatta it\u00e4ist\u00e4 Aasiaa tilap\u00e4isesti h\u00e4irinneest\u00e4 valuutta- ja maksukriisist\u00e4 1990-luvun loppupuoliskolla.<\/p>\n<p><em><strong>YK:n arvovalta koetuksella<\/strong><\/em><\/p>\n<p>Kosovon sota kev\u00e4\u00e4ll\u00e4 1999 ja terrori-iskut Yhdysvaltoihin syksyll\u00e4 2001 olivat maailmanhistorian mittakaavaan sijoitettuina verraten pieni\u00e4 tapahtumia, mutta niihin\u00a0 reagoitiin voimakkaasti. Yhdysvaltojen johtaman Naton aseellinen interventio Jugoslaviaa vastaan her\u00e4tti erityisesti Ven\u00e4j\u00e4ll\u00e4 ja Kiinassa, mutta my\u00f6s muualla vastalauseita l\u00e4ntist\u00e4 \u201dhumanitaaristen interventioiden\u201d oppia vastaan. Ne eiv\u00e4t hyv\u00e4ksyneet valta-asemaan nousseiden l\u00e4nsimaiden oikeutta yksipuoliseen voiman k\u00e4ytt\u00f6\u00f6n ilman YK:n valtuutusta tai suurvaltojen yhteist\u00e4 sopimusta.<\/p>\n<p><em><strong>Terrorisminvastainen sota<\/strong><\/em><\/p>\n<p>Lopullisesti kylm\u00e4n sodan j\u00e4lkitila p\u00e4\u00e4ttyi syksyll\u00e4 2001, kun Yhdysvallat k\u00e4ynnisti massiivisen sotakoneiston k\u00e4ym\u00e4\u00e4n maailmanlaajuisesti \u201dterrorisminvastaista sotaa\u201d. Sen l\u00e4ht\u00f6kohdista vallitsi suurvaltojen kesken periaatteellinen yksimielisyys, joka kesti viel\u00e4 Afganistanin sodan alkuvaiheet, mutta Yhdysvaltojen hy\u00f6kk\u00e4ys Irakiin vuonna 2003 her\u00e4tti laajaa vastarintaa. Vahvin reaktio koettiin muslimimaailmassa, mutta my\u00f6s monissa Euroopan maissa sek\u00e4 Aasiassa ja Etel\u00e4-Amerikassa sodan aloittaminen tuomittiin v\u00e4hint\u00e4\u00e4n hiljaisesti pid\u00e4ttym\u00e4ll\u00e4 tukemasta sit\u00e4.<\/p>\n<p><em><strong>USA:n johtoasema<\/strong><\/em><\/p>\n<p>Yhdysvaltojen sitoutuminen pitkiin sotiin Lounais- ja Keski-Aasiassa kulutti johtavan suurvallan voimia ja poliittista arvovaltaa jopa enemm\u00e4n kuin monet kriitikot olivat osanneet varoittaa. Presidentti Bushin \u201dennalta ehk\u00e4isevien hy\u00f6kk\u00e4yksien oppi\u201d koettiin suuressa osassa maailmaa uudenlaiseksi kolonialismiksi ja Yhdysvaltojen aatteelliseksi ristiretkeksi. Valtiot eiv\u00e4t ehk\u00e4 uskaltaneet vastustaa Yhdysvaltoja kovinkaan n\u00e4ytt\u00e4v\u00e4sti, mutta ne eiv\u00e4t my\u00f6sk\u00e4\u00e4n hyv\u00e4ksyneet sen yksipuolista sanelupolitiikkaa ja voiman k\u00e4ytt\u00f6\u00e4.<\/p>\n<p><em><strong>Aasian talouden nousu<\/strong><\/em><\/p>\n<p>Muutamassa vuodessa kehittyi asetelma, jossa Yhdysvallat l\u00e4himpine eurooppalaisine liittolaisineen sitoi voimiaan ja ennen kaikkea rahavarojaan Irakin ja Afganistanin sotiin kaukana Aasiassa, samalla kun aasialaiset maat, ennen kaikkea Kiina, kasvattivat voimakkaasti talouttaan. Ven\u00e4j\u00e4, Intia, Brasilia ja monet muut \u201dvoimistuvat taloudet\u201d hy\u00f6tyiv\u00e4t my\u00f6s tilanteesta pysyttelem\u00e4ll\u00e4 erossa Yhdysvaltojen k\u00e4ymist\u00e4 sodista.<\/p>\n<p>Syksyn 2001 j\u00e4lkeist\u00e4 vuosikymment\u00e4 on toistaiseksi vaikea nimet\u00e4 t\u00e4sm\u00e4llisesti, mutta sille on ollut leimaa-antavaa yht\u00e4l\u00e4isesti Yhdysvaltojen k\u00e4ym\u00e4 \u201dterrorismin vastainen sota\u201d ja aasialaisten talousmahtien nousu. Molemmat kehityskulut ovat vieneet voimakkaasti eri suuntiin, jolloin maailman voimasuhteiden muutos kiihtyi. Vuosikymmenen lopulla, syksyst\u00e4 2007 alkoi Yhdysvalloista levit\u00e4 pankkikriisi, joka muuttui kohta laajaksi talouskriisiksi. Sen seurauksena johtavat l\u00e4nsimaat pankkij\u00e4rjestelm\u00e4\u00e4 ja tuotantoa tukiessaan joutuivat lainaamaan suuret m\u00e4\u00e4r\u00e4t rahaa l\u00e4hinn\u00e4 Aasiasta, jolloin vajeet kasvoivat ennenn\u00e4kem\u00e4tt\u00f6m\u00e4n suuriksi.<\/p>\n<p><em><strong>L\u00e4nsi talouskriisin kourissa<\/strong><\/em><\/p>\n<p>Vuoden 2010 kuluessa kriisi iski t\u00e4ydell\u00e4 voimalla my\u00f6s Euroopan unionin talous- ja rahaliittoon, jolloin euron pelastusoperaatioissa tarvittiin lis\u00e4\u00e4 lainarahaa \u00a0Aasiasta. Viimeist\u00e4\u00e4n t\u00e4ss\u00e4 vaiheessa my\u00f6s eurooppalaiset havahtuivat huomaamaan, kuinka voimakkaasti taloudellisten voimasuhteiden muutos heijastuu my\u00f6s poliittisiin valtasuhteisiin. Syiden syvempi analyysi ja johtop\u00e4\u00e4t\u00f6sten teko on vasta p\u00e4\u00e4sem\u00e4ss\u00e4 alkuun, joten vuoden 2011 alussa ei ollut viel\u00e4 helppoa hahmottaa kovinkaan tarkkaa kuvaa maailman kokonaistilanteen muutoksesta.<\/p>\n<\/div><\/section><\/p><\/div>\n<section  class='av_textblock_section av-llcbogi9-572c64d7ca616883cdca1990dc30ab7a '   itemscope=\"itemscope\" itemtype=\"https:\/\/schema.org\/CreativeWork\" ><div class='avia_textblock'  itemprop=\"text\" ><p>Kuva: Wikimedia<\/p>\n<\/div><\/section>\n","protected":false},"excerpt":{"rendered":"","protected":false},"author":1,"featured_media":0,"parent":1263,"menu_order":1,"comment_status":"closed","ping_status":"closed","template":"","meta":{"footnotes":""},"class_list":["post-1448","page","type-page","status-publish","hentry"],"_links":{"self":[{"href":"https:\/\/maailmanmuutos.org\/index.php\/wp-json\/wp\/v2\/pages\/1448","targetHints":{"allow":["GET"]}}],"collection":[{"href":"https:\/\/maailmanmuutos.org\/index.php\/wp-json\/wp\/v2\/pages"}],"about":[{"href":"https:\/\/maailmanmuutos.org\/index.php\/wp-json\/wp\/v2\/types\/page"}],"author":[{"embeddable":true,"href":"https:\/\/maailmanmuutos.org\/index.php\/wp-json\/wp\/v2\/users\/1"}],"replies":[{"embeddable":true,"href":"https:\/\/maailmanmuutos.org\/index.php\/wp-json\/wp\/v2\/comments?post=1448"}],"version-history":[{"count":6,"href":"https:\/\/maailmanmuutos.org\/index.php\/wp-json\/wp\/v2\/pages\/1448\/revisions"}],"predecessor-version":[{"id":3441,"href":"https:\/\/maailmanmuutos.org\/index.php\/wp-json\/wp\/v2\/pages\/1448\/revisions\/3441"}],"up":[{"embeddable":true,"href":"https:\/\/maailmanmuutos.org\/index.php\/wp-json\/wp\/v2\/pages\/1263"}],"wp:attachment":[{"href":"https:\/\/maailmanmuutos.org\/index.php\/wp-json\/wp\/v2\/media?parent=1448"}],"curies":[{"name":"wp","href":"https:\/\/api.w.org\/{rel}","templated":true}]}}