{"id":1451,"date":"2023-03-08T19:41:19","date_gmt":"2023-03-08T19:41:19","guid":{"rendered":"http:\/\/us.ylirotu.fi\/?page_id=1451"},"modified":"2023-08-15T13:05:32","modified_gmt":"2023-08-15T13:05:32","slug":"yhteistyon-ja-valtakamppailun-maailma","status":"publish","type":"page","link":"https:\/\/maailmanmuutos.org\/index.php\/kylmasta-sodasta-2000-luvulle\/maailman-valtasuhteiden-muutos\/uusi-maailmanjarjestys\/yhteistyon-ja-valtakamppailun-maailma\/","title":{"rendered":"Yhteisty\u00f6n ja valtakamppailun maailma\u00a0"},"content":{"rendered":"<div id='full_slider_1'  class='avia-fullwidth-slider main_color avia-shadow   avia-builder-el-0  el_before_av_one_full  avia-builder-el-first   container_wrap sidebar_right'  >\n<style type=\"text\/css\" data-created_by=\"avia_inline_auto\" id=\"style-css-av-kd4hz9nx-fb331aa0faaa9c578e2f07ccc45f5aa0\">\n#top #wrap_all .avia-slideshow .av-slideshow-caption.av-kd4hz9nx-fb331aa0faaa9c578e2f07ccc45f5aa0__0 .avia-caption-title{\nfont-size:22px;\n}\n#top .avia-slideshow .av-slideshow-caption.av-kd4hz9nx-fb331aa0faaa9c578e2f07ccc45f5aa0__0 .avia-caption-content{\nfont-size:14px;\n}\n#top .avia-slideshow .av-slideshow-caption.av-kd4hz9nx-fb331aa0faaa9c578e2f07ccc45f5aa0__0 .avia-caption-content p{\nfont-size:14px;\n}\n\n@media only screen and (min-width: 768px) and (max-width: 989px){ \n#top #wrap_all .avia-slideshow .av-slideshow-caption.av-kd4hz9nx-fb331aa0faaa9c578e2f07ccc45f5aa0__0 .avia-caption-title{\nfont-size:16px;\n}\n#top .avia-slideshow .av-slideshow-caption.av-kd4hz9nx-fb331aa0faaa9c578e2f07ccc45f5aa0__0 .avia-caption-content{\nfont-size:16px;\n}\n#top .avia-slideshow .av-slideshow-caption.av-kd4hz9nx-fb331aa0faaa9c578e2f07ccc45f5aa0__0 .avia-caption-content p{\nfont-size:16px;\n}\n}\n\n@media only screen and (min-width: 480px) and (max-width: 767px){ \n#top #wrap_all .avia-slideshow .av-slideshow-caption.av-kd4hz9nx-fb331aa0faaa9c578e2f07ccc45f5aa0__0 .avia-caption-title{\nfont-size:14px;\n}\n#top .avia-slideshow .av-slideshow-caption.av-kd4hz9nx-fb331aa0faaa9c578e2f07ccc45f5aa0__0 .avia-caption-content{\nfont-size:14px;\n}\n#top .avia-slideshow .av-slideshow-caption.av-kd4hz9nx-fb331aa0faaa9c578e2f07ccc45f5aa0__0 .avia-caption-content p{\nfont-size:14px;\n}\n}\n\n@media only screen and (max-width: 479px){ \n#top #wrap_all .avia-slideshow .av-slideshow-caption.av-kd4hz9nx-fb331aa0faaa9c578e2f07ccc45f5aa0__0 .avia-caption-title{\ndisplay:none;\n}\n#top .avia-slideshow .av-slideshow-caption.av-kd4hz9nx-fb331aa0faaa9c578e2f07ccc45f5aa0__0 .avia-caption-content{\ndisplay:none;\n}\n#top .avia-slideshow .av-slideshow-caption.av-kd4hz9nx-fb331aa0faaa9c578e2f07ccc45f5aa0__0 .avia-caption-content p{\ndisplay:none;\n}\n}\n<\/style>\n<div  class='avia-slideshow av-kd4hz9nx-fb331aa0faaa9c578e2f07ccc45f5aa0 avia-slideshow-featured av_slideshow_full avia-slide-slider av-slideshow-ui av-control-default av-slideshow-manual av-loop-once av-loop-manual-endless av-default-height-applied   avia-slideshow-1' data-slideshow-options=\"{&quot;animation&quot;:&quot;slide&quot;,&quot;autoplay&quot;:false,&quot;loop_autoplay&quot;:&quot;once&quot;,&quot;interval&quot;:5,&quot;loop_manual&quot;:&quot;manual-endless&quot;,&quot;autoplay_stopper&quot;:false,&quot;noNavigation&quot;:false,&quot;bg_slider&quot;:false,&quot;keep_padding&quot;:false,&quot;hoverpause&quot;:false,&quot;show_slide_delay&quot;:0}\"  itemprop=\"image\" itemscope=\"itemscope\" itemtype=\"https:\/\/schema.org\/ImageObject\" ><ul class='avia-slideshow-inner ' style='padding-bottom: 28.72411489646%;'><li  class='avia-slideshow-slide av-kd4hz9nx-fb331aa0faaa9c578e2f07ccc45f5aa0__0  av-single-slide slide-1 slide-odd'><div data-rel='slideshow-1' class='avia-slide-wrap '   ><img decoding=\"async\" fetchpriority=\"high\" class=\"wp-image-3439 avia-img-lazy-loading-not-3439\"  src=\"https:\/\/maailmanmuutos.org\/wp-content\/uploads\/2023\/08\/geopolitiikka.jpg\" width=\"1497\" height=\"430\" title='geopolitiikka' alt=''  itemprop=\"thumbnailUrl\" srcset=\"https:\/\/maailmanmuutos.org\/wp-content\/uploads\/2023\/08\/geopolitiikka.jpg 1500w, https:\/\/maailmanmuutos.org\/wp-content\/uploads\/2023\/08\/geopolitiikka-800x230.jpg 800w, https:\/\/maailmanmuutos.org\/wp-content\/uploads\/2023\/08\/geopolitiikka-120x34.jpg 120w, https:\/\/maailmanmuutos.org\/wp-content\/uploads\/2023\/08\/geopolitiikka-768x221.jpg 768w, https:\/\/maailmanmuutos.org\/wp-content\/uploads\/2023\/08\/geopolitiikka-705x203.jpg 705w\" sizes=\"(max-width: 1497px) 100vw, 1497px\" \/><\/div><\/li><\/ul><\/div><\/div><div id='after_full_slider_1'  class='main_color av_default_container_wrap container_wrap sidebar_right'  ><div class='container av-section-cont-open' ><div class='template-page content  av-content-small alpha units'><div class='post-entry post-entry-type-page post-entry-1451'><div class='entry-content-wrapper clearfix'>\n\n<style type=\"text\/css\" data-created_by=\"avia_inline_auto\" id=\"style-css-av-5spn6-3d3e8ead61d02f87ad7c9f2fc625dc24\">\n.flex_column.av-5spn6-3d3e8ead61d02f87ad7c9f2fc625dc24{\nborder-radius:0px 0px 0px 0px;\npadding:0px 0px 0px 0px;\n}\n<\/style>\n<div  class='flex_column av-5spn6-3d3e8ead61d02f87ad7c9f2fc625dc24 av_one_full  avia-builder-el-1  el_after_av_slideshow_full  el_before_av_textblock  avia-builder-el-first  first flex_column_div av-zero-column-padding  '     ><p>\n<style type=\"text\/css\" data-created_by=\"avia_inline_auto\" id=\"style-css-av-av_heading-feaf57289003733b1735056ae49989bc\">\n#top .av-special-heading.av-av_heading-feaf57289003733b1735056ae49989bc{\npadding-bottom:10px;\n}\nbody .av-special-heading.av-av_heading-feaf57289003733b1735056ae49989bc .av-special-heading-tag .heading-char{\nfont-size:25px;\n}\n.av-special-heading.av-av_heading-feaf57289003733b1735056ae49989bc .av-subheading{\nfont-size:15px;\n}\n<\/style>\n<div  class='av-special-heading av-av_heading-feaf57289003733b1735056ae49989bc av-special-heading-h1  avia-builder-el-2  el_before_av_hr  avia-builder-el-first '><h1 class='av-special-heading-tag'  itemprop=\"headline\"  >Yhteisty\u00f6n ja valtakamppailun maailma <\/h1><div class=\"special-heading-border\"><div class=\"special-heading-inner-border\"><\/div><\/div><\/div><br \/>\n\n<style type=\"text\/css\" data-created_by=\"avia_inline_auto\" id=\"style-css-av-llcb1l4s-990ff14e08c29b3d3fcd873729051199\">\n#top .hr.hr-invisible.av-llcb1l4s-990ff14e08c29b3d3fcd873729051199{\nheight:50px;\n}\n<\/style>\n<div  class='hr av-llcb1l4s-990ff14e08c29b3d3fcd873729051199 hr-invisible  avia-builder-el-3  el_after_av_heading  el_before_av_textblock '><span class='hr-inner '><span class=\"hr-inner-style\"><\/span><\/span><\/div><br \/>\n<section  class='av_textblock_section av-lezr0od0-94e7bd8ef786eea3c9a8d27065495667 '   itemscope=\"itemscope\" itemtype=\"https:\/\/schema.org\/CreativeWork\" ><div class='avia_textblock'  itemprop=\"text\" ><p><em><strong>Yhteisty\u00f6n tarve<\/strong><\/em><\/p>\n<p>Maailmanpolitiikka on yhdistelm\u00e4 yhteisty\u00f6t\u00e4 ja valtakamppailua, \u00a0jotka painottuvat tilanteen mukaan. Kylm\u00e4n sodan j\u00e4lkeisen\u00e4 aikana on lyhyess\u00e4 ajassa koettu vaihtelua noiden \u00e4\u00e4rip\u00e4iden v\u00e4lill\u00e4.<\/p>\n<p>Yhteisty\u00f6 voi olla alueellista, esimerkkin\u00e4 EU tai pohjoismaat, liittoutumiseen \u00a0perustuvaa, esimerkkin\u00e4 Nato tai Yhdysvaltojen johtamat tilap\u00e4iset (ad hoc-) liittoutumat Irakia vastaan, tai se voi olla maailmanlaajuista \u201dglobalisaatiota\u201d, jolloin YK:n ja Maailman kauppaj\u00e4rjest\u00f6n puitteissa sovitaan yhteisist\u00e4 pelis\u00e4\u00e4nn\u00f6ist\u00e4 ja niit\u00e4 ollaan valmiit my\u00f6s \u00a0noudattamaan. Yhteisty\u00f6 on viimeaikaisen kehityksen my\u00f6t\u00e4 tullut yh\u00e4 t\u00e4rke\u00e4mm\u00e4ksi, mutta yhteisty\u00f6n muodot, laajuus ja intensiteetti vaihtelevat suuresti.<\/p>\n<p><em><strong>Kansallinen itsem\u00e4\u00e4r\u00e4\u00e4misoikeus<\/strong><\/em><\/p>\n<p>Kansallinen itsem\u00e4\u00e4r\u00e4\u00e4misoikeus (suvereniteetti) on edelleen kansainv\u00e4listen suhteiden perusta, mik\u00e4 on tunnustettu my\u00f6s YK:n peruskirjassa. Pitk\u00e4lle meneviss\u00e4 yhteisty\u00f6j\u00e4rjestelyiss\u00e4kin se vaikuttaa olennaisesti, sill\u00e4 jokaisen maan johtajat ovat menestymisest\u00e4 ja hyvinvoinnista viime k\u00e4dess\u00e4 vastuullisia omille kansalaisilleen. Siihen kuuluu my\u00f6s varautuminen konflikteihin ja muihin kriiseihin, joiden sattuessa valtiot pit\u00e4v\u00e4t tiukasti kiinni omista eduistaan. Siksi valtioiden turvallisuuspoliittinen ja taloudellinen toimintavapaus halutaan s\u00e4ilytt\u00e4\u00e4 mahdollisimman suurena my\u00f6s yhteisty\u00f6n oloissa. T\u00e4ll\u00f6in yhteisty\u00f6 n\u00e4hd\u00e4\u00e4n l\u00e4hinn\u00e4 voimavarojen tehokkaan k\u00e4yt\u00f6n mahdollistajana ja vastavuoroisina palveluksina ilman syvemp\u00e4\u00e4 integraatiota tai sitoutumista.<\/p>\n<p><em><strong>Alueellinen yhteisty\u00f6<\/strong><\/em><\/p>\n<p>My\u00f6s alueellinen yhteisty\u00f6 painottuu useimmiten joko talouteen tai turvallisuuspolitiikkaan. Euroopan unioni pyrkii lis\u00e4ksi syvent\u00e4m\u00e4\u00e4n integraatiota l\u00e4hes kaikilla aloilla, ja siin\u00e4 mieless\u00e4 se on hyvin pitk\u00e4lle edennyt yhteisty\u00f6organisaatio, jota hyv\u00e4ll\u00e4 syyll\u00e4 kutsutaan yhteis\u00f6ksi. Sen sijaan Aasiassa ja Etel\u00e4-Amerikassa alueellinen yhteisty\u00f6 on toistaiseksi painottunut l\u00e4hinn\u00e4 talouteen, ja turvallisuuspolitiikan alalla yhteistoiminta on enemm\u00e4n kahdenv\u00e4list\u00e4. T\u00e4st\u00e4 esimerkkein\u00e4 ovat Yhdysvaltojen sopimukset tukikohdista ja sotilasyhteisty\u00f6st\u00e4 useiden valtioiden kanssa sek\u00e4 Kiinan\u00a0 toiminta Shanghain yhteisty\u00f6organisaatiossa ja my\u00f6s kahdenv\u00e4lisesti Pakistanin kanssa.<\/p>\n<p><em><strong>Valtioiden v\u00e4linen kilpailu<\/strong><\/em><\/p>\n<p>Valtioiden v\u00e4linen kilpailu on poliittisen realismin n\u00e4kemyksen mukaisesti kansainv\u00e4lisen politiikan normaalitila huolimatta samanaikaisista tai vuorottelevista yhteisty\u00f6n kausista. Kilpailun muodot ja v\u00e4lineet vaihtelevat kehityksen my\u00f6t\u00e4. Perinteisen sotilaallisen voiman sijalle on tullut yh\u00e4 enemm\u00e4n taloudellinen kilpailu, joka nykyisin leimaa kansainv\u00e4list\u00e4 politiikkaa.<\/p>\n<p><em><strong>Geopolitiikka<\/strong><\/em><\/p>\n<p>Maantieteellisten tekij\u00f6iden ja politiikan suhdetta on nimitetty geopolitiikaksi. Se voidaan ymm\u00e4rt\u00e4\u00e4 joko m\u00e4\u00e4r\u00e4\u00e4v\u00e4ksi tekij\u00e4ksi valtioiden v\u00e4lisiss\u00e4 suhteissa ja selitt\u00e4m\u00e4ss\u00e4 varsinkin suurvaltojen k\u00e4ytt\u00e4ytymist\u00e4, tai geopoliittiset tekij\u00e4t voidaan ymm\u00e4rt\u00e4\u00e4 yhdeksi n\u00e4k\u00f6kulmaksi muiden ohella arvioitaessa kansainv\u00e4list\u00e4 politiikkaa. Geopolitiikka yhdistet\u00e4\u00e4n poliittiseen realismiin, silloin kun sit\u00e4 pidet\u00e4\u00e4n merkitt\u00e4v\u00e4n\u00e4 tai jopa m\u00e4\u00e4r\u00e4\u00e4v\u00e4n\u00e4 tekij\u00e4n\u00e4 selitt\u00e4m\u00e4\u00e4n valtioiden turvallisuuspoliittisia intressej\u00e4 ja pyrkimyksi\u00e4.<\/p>\n<p><em><strong>Uusi geopolitiikka<\/strong><\/em><\/p>\n<p>Sotilaallisella voimalla on klassisessa geopolitiikassa ollut keskeinen merkitys yhdistyneen\u00e4 maantieteellisiin tekij\u00f6ihin. \u201dUusi geopolitiikka\u201d painottaa nykyisin yh\u00e4 enemm\u00e4n taloudellisia ja kulttuurisia voimavaroja tarkasteltuna maantieteellisten kokonaisuuksien puitteissa. Taloudellisen voiman tuloa sotilaallisen voiman sijaan korostava oppi on nimitetty geopolitiikkaa soveltaen \u201dgeoekonomiaksi\u201d. Vastaavasti sotilaallisen voiman ja maantieteellisten tekij\u00f6iden yhteytt\u00e4 on jo kauan nimitetty geostrategiaksi.<\/p>\n<p><em><strong>Suomi geopolitiikassa<\/strong><\/em><\/p>\n<p>Yhteist\u00e4 noille eri l\u00e4hestymistavoille on alueellisten tekij\u00f6iden t\u00e4rkeyden tunnustaminen valtioiden turvallisuuspolitiikassa. Esimerkiksi Suomi voidaan m\u00e4\u00e4ritt\u00e4\u00e4 fyysisen maantieteen perusteella laajan Euraasian niemekkeell\u00e4 Pohjois-Euroopassa It\u00e4meren ja J\u00e4\u00e4meren v\u00e4liss\u00e4 sijaitsevaksi harvaanasutuksi maaksi, jossa on paljon metsi\u00e4 ja j\u00e4rvi\u00e4. Geopoliittisesti on kuitenkin t\u00e4rke\u00e4mp\u00e4\u00e4 kuuluminen pohjoismaihin ja Euroopan unioniin, joskin sijaiten kaukana sen syd\u00e4nalueilta, sek\u00e4 suurvalta Ven\u00e4j\u00e4n rajanaapuruus.<\/p>\n<\/div><\/section><\/p><\/div><section  class='av_textblock_section av-llcb1zg8-87be6dff98f0833b4002ed5a956b933a '   itemscope=\"itemscope\" itemtype=\"https:\/\/schema.org\/CreativeWork\" ><div class='avia_textblock'  itemprop=\"text\" ><p>Kuva: Senior Airman Christopher Bush \/ Wikimedia<\/p>\n<\/div><\/section><\/p>\n","protected":false},"excerpt":{"rendered":"","protected":false},"author":1,"featured_media":0,"parent":1263,"menu_order":2,"comment_status":"closed","ping_status":"closed","template":"","meta":{"footnotes":""},"class_list":["post-1451","page","type-page","status-publish","hentry"],"_links":{"self":[{"href":"https:\/\/maailmanmuutos.org\/index.php\/wp-json\/wp\/v2\/pages\/1451","targetHints":{"allow":["GET"]}}],"collection":[{"href":"https:\/\/maailmanmuutos.org\/index.php\/wp-json\/wp\/v2\/pages"}],"about":[{"href":"https:\/\/maailmanmuutos.org\/index.php\/wp-json\/wp\/v2\/types\/page"}],"author":[{"embeddable":true,"href":"https:\/\/maailmanmuutos.org\/index.php\/wp-json\/wp\/v2\/users\/1"}],"replies":[{"embeddable":true,"href":"https:\/\/maailmanmuutos.org\/index.php\/wp-json\/wp\/v2\/comments?post=1451"}],"version-history":[{"count":6,"href":"https:\/\/maailmanmuutos.org\/index.php\/wp-json\/wp\/v2\/pages\/1451\/revisions"}],"predecessor-version":[{"id":3436,"href":"https:\/\/maailmanmuutos.org\/index.php\/wp-json\/wp\/v2\/pages\/1451\/revisions\/3436"}],"up":[{"embeddable":true,"href":"https:\/\/maailmanmuutos.org\/index.php\/wp-json\/wp\/v2\/pages\/1263"}],"wp:attachment":[{"href":"https:\/\/maailmanmuutos.org\/index.php\/wp-json\/wp\/v2\/media?parent=1451"}],"curies":[{"name":"wp","href":"https:\/\/api.w.org\/{rel}","templated":true}]}}