{"id":1452,"date":"2023-03-08T19:41:19","date_gmt":"2023-03-08T19:41:19","guid":{"rendered":"http:\/\/us.ylirotu.fi\/?page_id=1452"},"modified":"2023-08-15T12:52:51","modified_gmt":"2023-08-15T12:52:51","slug":"asevarustelun-uudet-painopistealueet","status":"publish","type":"page","link":"https:\/\/maailmanmuutos.org\/index.php\/kylmasta-sodasta-2000-luvulle\/maailman-valtasuhteiden-muutos\/uusi-maailmanjarjestys\/asevarustelun-uudet-painopistealueet\/","title":{"rendered":"Asevarustelun uudet painopistealueet\u00a0"},"content":{"rendered":"<div id='full_slider_1'  class='avia-fullwidth-slider main_color avia-shadow   avia-builder-el-0  el_before_av_one_full  avia-builder-el-first   container_wrap sidebar_right'  >\n<style type=\"text\/css\" data-created_by=\"avia_inline_auto\" id=\"style-css-av-kd4hz9nx-fb331aa0faaa9c578e2f07ccc45f5aa0\">\n#top #wrap_all .avia-slideshow .av-slideshow-caption.av-kd4hz9nx-fb331aa0faaa9c578e2f07ccc45f5aa0__0 .avia-caption-title{\nfont-size:22px;\n}\n#top .avia-slideshow .av-slideshow-caption.av-kd4hz9nx-fb331aa0faaa9c578e2f07ccc45f5aa0__0 .avia-caption-content{\nfont-size:14px;\n}\n#top .avia-slideshow .av-slideshow-caption.av-kd4hz9nx-fb331aa0faaa9c578e2f07ccc45f5aa0__0 .avia-caption-content p{\nfont-size:14px;\n}\n\n@media only screen and (min-width: 768px) and (max-width: 989px){ \n#top #wrap_all .avia-slideshow .av-slideshow-caption.av-kd4hz9nx-fb331aa0faaa9c578e2f07ccc45f5aa0__0 .avia-caption-title{\nfont-size:16px;\n}\n#top .avia-slideshow .av-slideshow-caption.av-kd4hz9nx-fb331aa0faaa9c578e2f07ccc45f5aa0__0 .avia-caption-content{\nfont-size:16px;\n}\n#top .avia-slideshow .av-slideshow-caption.av-kd4hz9nx-fb331aa0faaa9c578e2f07ccc45f5aa0__0 .avia-caption-content p{\nfont-size:16px;\n}\n}\n\n@media only screen and (min-width: 480px) and (max-width: 767px){ \n#top #wrap_all .avia-slideshow .av-slideshow-caption.av-kd4hz9nx-fb331aa0faaa9c578e2f07ccc45f5aa0__0 .avia-caption-title{\nfont-size:14px;\n}\n#top .avia-slideshow .av-slideshow-caption.av-kd4hz9nx-fb331aa0faaa9c578e2f07ccc45f5aa0__0 .avia-caption-content{\nfont-size:14px;\n}\n#top .avia-slideshow .av-slideshow-caption.av-kd4hz9nx-fb331aa0faaa9c578e2f07ccc45f5aa0__0 .avia-caption-content p{\nfont-size:14px;\n}\n}\n\n@media only screen and (max-width: 479px){ \n#top #wrap_all .avia-slideshow .av-slideshow-caption.av-kd4hz9nx-fb331aa0faaa9c578e2f07ccc45f5aa0__0 .avia-caption-title{\ndisplay:none;\n}\n#top .avia-slideshow .av-slideshow-caption.av-kd4hz9nx-fb331aa0faaa9c578e2f07ccc45f5aa0__0 .avia-caption-content{\ndisplay:none;\n}\n#top .avia-slideshow .av-slideshow-caption.av-kd4hz9nx-fb331aa0faaa9c578e2f07ccc45f5aa0__0 .avia-caption-content p{\ndisplay:none;\n}\n}\n<\/style>\n<div  class='avia-slideshow av-kd4hz9nx-fb331aa0faaa9c578e2f07ccc45f5aa0 avia-slideshow-featured av_slideshow_full avia-slide-slider av-slideshow-ui av-control-default av-slideshow-manual av-loop-once av-loop-manual-endless av-default-height-applied   avia-slideshow-1' data-slideshow-options=\"{&quot;animation&quot;:&quot;slide&quot;,&quot;autoplay&quot;:false,&quot;loop_autoplay&quot;:&quot;once&quot;,&quot;interval&quot;:5,&quot;loop_manual&quot;:&quot;manual-endless&quot;,&quot;autoplay_stopper&quot;:false,&quot;noNavigation&quot;:false,&quot;bg_slider&quot;:false,&quot;keep_padding&quot;:false,&quot;hoverpause&quot;:false,&quot;show_slide_delay&quot;:0}\"  itemprop=\"image\" itemscope=\"itemscope\" itemtype=\"https:\/\/schema.org\/ImageObject\" ><ul class='avia-slideshow-inner ' style='padding-bottom: 28.72411489646%;'><li  class='avia-slideshow-slide av-kd4hz9nx-fb331aa0faaa9c578e2f07ccc45f5aa0__0  av-single-slide slide-1 slide-odd'><div data-rel='slideshow-1' class='avia-slide-wrap '   ><img decoding=\"async\" fetchpriority=\"high\" class=\"wp-image-3434 avia-img-lazy-loading-not-3434\"  src=\"https:\/\/maailmanmuutos.org\/wp-content\/uploads\/2023\/08\/asevarustelu-merivoimat.jpg\" width=\"1497\" height=\"430\" title='asevarustelu merivoimat' alt=''  itemprop=\"thumbnailUrl\" srcset=\"https:\/\/maailmanmuutos.org\/wp-content\/uploads\/2023\/08\/asevarustelu-merivoimat.jpg 1500w, https:\/\/maailmanmuutos.org\/wp-content\/uploads\/2023\/08\/asevarustelu-merivoimat-800x230.jpg 800w, https:\/\/maailmanmuutos.org\/wp-content\/uploads\/2023\/08\/asevarustelu-merivoimat-120x34.jpg 120w, https:\/\/maailmanmuutos.org\/wp-content\/uploads\/2023\/08\/asevarustelu-merivoimat-768x221.jpg 768w, https:\/\/maailmanmuutos.org\/wp-content\/uploads\/2023\/08\/asevarustelu-merivoimat-705x203.jpg 705w\" sizes=\"(max-width: 1497px) 100vw, 1497px\" \/><\/div><\/li><\/ul><\/div><\/div><div id='after_full_slider_1'  class='main_color av_default_container_wrap container_wrap sidebar_right'  ><div class='container av-section-cont-open' ><div class='template-page content  av-content-small alpha units'><div class='post-entry post-entry-type-page post-entry-1452'><div class='entry-content-wrapper clearfix'>\n\n<style type=\"text\/css\" data-created_by=\"avia_inline_auto\" id=\"style-css-av-5spn6-3d3e8ead61d02f87ad7c9f2fc625dc24\">\n.flex_column.av-5spn6-3d3e8ead61d02f87ad7c9f2fc625dc24{\nborder-radius:0px 0px 0px 0px;\npadding:0px 0px 0px 0px;\n}\n<\/style>\n<div  class='flex_column av-5spn6-3d3e8ead61d02f87ad7c9f2fc625dc24 av_one_full  avia-builder-el-1  el_after_av_slideshow_full  el_before_av_textblock  avia-builder-el-first  first flex_column_div av-zero-column-padding  '     ><p>\n<style type=\"text\/css\" data-created_by=\"avia_inline_auto\" id=\"style-css-av-av_heading-af17da2b03585c150018c683ac5f7ce2\">\n#top .av-special-heading.av-av_heading-af17da2b03585c150018c683ac5f7ce2{\npadding-bottom:10px;\n}\nbody .av-special-heading.av-av_heading-af17da2b03585c150018c683ac5f7ce2 .av-special-heading-tag .heading-char{\nfont-size:25px;\n}\n.av-special-heading.av-av_heading-af17da2b03585c150018c683ac5f7ce2 .av-subheading{\nfont-size:15px;\n}\n<\/style>\n<div  class='av-special-heading av-av_heading-af17da2b03585c150018c683ac5f7ce2 av-special-heading-h1  avia-builder-el-2  el_before_av_hr  avia-builder-el-first '><h1 class='av-special-heading-tag'  itemprop=\"headline\"  >Asevarustelun uudet painopistealueet <\/h1><div class=\"special-heading-border\"><div class=\"special-heading-inner-border\"><\/div><\/div><\/div><br \/>\n\n<style type=\"text\/css\" data-created_by=\"avia_inline_auto\" id=\"style-css-av-llcatki3-1fd2918ec4cd85d09b5604a7bdac271f\">\n#top .hr.hr-invisible.av-llcatki3-1fd2918ec4cd85d09b5604a7bdac271f{\nheight:50px;\n}\n<\/style>\n<div  class='hr av-llcatki3-1fd2918ec4cd85d09b5604a7bdac271f hr-invisible  avia-builder-el-3  el_after_av_heading  el_before_av_textblock '><span class='hr-inner '><span class=\"hr-inner-style\"><\/span><\/span><\/div><br \/>\n<section  class='av_textblock_section av-lezr0od0-94e7bd8ef786eea3c9a8d27065495667 '   itemscope=\"itemscope\" itemtype=\"https:\/\/schema.org\/CreativeWork\" ><div class='avia_textblock'  itemprop=\"text\" ><p><em><strong>Maailman sotilasmenot<\/strong><\/em><\/p>\n<p>Maailman sotilasmenot supistuivat kylm\u00e4n sodan p\u00e4\u00e4ttymisen my\u00f6t\u00e4 1990-luvun kuluessa noin puoleen mutta ovat taas 2000-luvulla olleet selv\u00e4sti kasvusuunnassa ylitt\u00e4en jo vuoden 1990 tason. Alueelliset erot ovat huomattavat ja my\u00f6t\u00e4ilev\u00e4t verraten tarkoin turvallisuuspoliittisen tilanteen kehityst\u00e4.<\/p>\n<p>Yhteenlaskettuna maailman sotilasmenot olivat vuonna 2009 noin 1500 miljardia USA:n dollaria\u00a0vastaten 2,7 prosentin osuutta maailman kokonaistuotannosta. Kasvu edelliseen vuoteen verrattuna oli kuusi prosenttia, mit\u00e4 voi pit\u00e4\u00e4 jo merkkin\u00e4 uudesta varustelukilvasta Aasian etel\u00e4isill\u00e4 ja it\u00e4isill\u00e4 alueilla. Kasvuun ovat vaikuttaneet my\u00f6s Irakin ja Afganistanin sotien kustannukset.<\/p>\n<p><em><strong>Alueellisia eroja<\/strong><\/em><\/p>\n<p>Maailmanlaajuinen talouskriisi 2008-2009 ei viel\u00e4 vaikuttanut varustelumenojen nousua hillitsev\u00e4sti, koska monessa maassa my\u00f6s sotatarviketuotantoon sijoitettiin elvytt\u00e4v\u00e4\u00e4 rahoitusta. Vuonna 2010 julkisen talouden kasvavat vajeet pakottivat jo monet \u00a0eurooppalaiset valtiot jyrk\u00e4sti supistamaan sotilasmenojaan, ja t\u00e4m\u00e4 kehitys tulee jatkumaan l\u00e4hivuosina. Sen sijaan on n\u00e4ht\u00e4viss\u00e4 sotilasmenojen selv\u00e4 kasvusuuntaus nimenomaan Aasiassa.<\/p>\n<p><em><strong>USA<\/strong><\/em><\/p>\n<p>Maailman sotilasmenoista Yhdysvallat k\u00e4ytt\u00e4\u00e4 noin puolet, vaikka mukaan ei otettaisi kaikkia\u00a0 sotakustannuksiakaan. Kokonaisuudessaan menot Yhdysvaltojen kansallisen turvallisuuden yll\u00e4pit\u00e4miseksi kohoavat vuositasolla noin 900 miljardiin dollariin, mik\u00e4 merkitsee noin kuutta prosenttia BKT:sta ja yli puolta koko maailman vastaavista kustannuksista. Kun Yhdysvaltojen tuotanto kattaa vain 20 prosenttia ja v\u00e4kiluku viisi prosenttia maailman kokonaisuudesta, on sen \u201dmilitarisoitumisen aste\u201d selv\u00e4sti yli maailman keskitason. T\u00e4ss\u00e4 kuvastuvat globaalin suurvallan aseman s\u00e4ilytt\u00e4misen vaatimat korkeat kustannukset.<\/p>\n<p><em><strong>Varustelumenojen jakaantuminen<\/strong><\/em><\/p>\n<p>L\u00e4ntisen Euroopan maat yhteens\u00e4 kuluttavat l\u00e4hes nelj\u00e4nneksen, joten \u201cl\u00e4nnen\u201d osuus on yli 70 prosenttia. Kiinan osuus maailman varustelumenoista on noin 7, Ranskan hiukan yli 4, Englannin noin 4 ja Ven\u00e4j\u00e4n 3,5 prosenttia. Huomiota her\u00e4tt\u00e4\u00e4, ett\u00e4 kaksi eurooppalaista maata on k\u00e4ytt\u00e4nyt yhdess\u00e4 sotilasmenoihinsa enemm\u00e4n rahaa kuin Kiina. Tosin t\u00e4h\u00e4n tilanteeseen on jo tulossa muutos.<\/p>\n<\/div><\/section><\/p><\/div><section  class='av_textblock_section av-llcayiou-6199f889aca8a433acd0164f8d83cb01 '   itemscope=\"itemscope\" itemtype=\"https:\/\/schema.org\/CreativeWork\" ><div class='avia_textblock'  itemprop=\"text\" ><p>Kuva: U.S. Navy\/PH3 Alta I. Cutler \/ Wikimedia<\/p>\n<\/div><\/section><\/p>\n","protected":false},"excerpt":{"rendered":"","protected":false},"author":1,"featured_media":0,"parent":1263,"menu_order":3,"comment_status":"closed","ping_status":"closed","template":"","meta":{"footnotes":""},"class_list":["post-1452","page","type-page","status-publish","hentry"],"_links":{"self":[{"href":"https:\/\/maailmanmuutos.org\/index.php\/wp-json\/wp\/v2\/pages\/1452","targetHints":{"allow":["GET"]}}],"collection":[{"href":"https:\/\/maailmanmuutos.org\/index.php\/wp-json\/wp\/v2\/pages"}],"about":[{"href":"https:\/\/maailmanmuutos.org\/index.php\/wp-json\/wp\/v2\/types\/page"}],"author":[{"embeddable":true,"href":"https:\/\/maailmanmuutos.org\/index.php\/wp-json\/wp\/v2\/users\/1"}],"replies":[{"embeddable":true,"href":"https:\/\/maailmanmuutos.org\/index.php\/wp-json\/wp\/v2\/comments?post=1452"}],"version-history":[{"count":5,"href":"https:\/\/maailmanmuutos.org\/index.php\/wp-json\/wp\/v2\/pages\/1452\/revisions"}],"predecessor-version":[{"id":3432,"href":"https:\/\/maailmanmuutos.org\/index.php\/wp-json\/wp\/v2\/pages\/1452\/revisions\/3432"}],"up":[{"embeddable":true,"href":"https:\/\/maailmanmuutos.org\/index.php\/wp-json\/wp\/v2\/pages\/1263"}],"wp:attachment":[{"href":"https:\/\/maailmanmuutos.org\/index.php\/wp-json\/wp\/v2\/media?parent=1452"}],"curies":[{"name":"wp","href":"https:\/\/api.w.org\/{rel}","templated":true}]}}