{"id":1474,"date":"2023-03-08T19:48:00","date_gmt":"2023-03-08T19:48:00","guid":{"rendered":"http:\/\/us.ylirotu.fi\/index.php\/maailman-muutos\/euroopan-turvallisuuspoliittinen-kehitys-1990-luvulla\/venajan-ja-sen-lahialueiden-kehitys\/venajan-poliittisen-jarjestelman-ja-yhteiskunnan-kehitys-2\/"},"modified":"2023-08-17T08:56:13","modified_gmt":"2023-08-17T08:56:13","slug":"venajan-talous-1990-luvulla","status":"publish","type":"page","link":"https:\/\/maailmanmuutos.org\/index.php\/kylmasta-sodasta-2000-luvulle\/euroopan-turvallisuuspoliittinen-kehitys-1990-luvulla\/venajan-ja-sen-lahialueiden-kehitys\/venajan-talous-1990-luvulla\/","title":{"rendered":"Ven\u00e4j\u00e4n talous 1990-luvulla\u00a0"},"content":{"rendered":"<div id='full_slider_1'  class='avia-fullwidth-slider main_color avia-shadow   avia-builder-el-0  el_before_av_one_full  avia-builder-el-first   container_wrap sidebar_right'  >\n<style type=\"text\/css\" data-created_by=\"avia_inline_auto\" id=\"style-css-av-kd4hz9nx-fb331aa0faaa9c578e2f07ccc45f5aa0\">\n#top #wrap_all .avia-slideshow .av-slideshow-caption.av-kd4hz9nx-fb331aa0faaa9c578e2f07ccc45f5aa0__0 .avia-caption-title{\nfont-size:22px;\n}\n#top .avia-slideshow .av-slideshow-caption.av-kd4hz9nx-fb331aa0faaa9c578e2f07ccc45f5aa0__0 .avia-caption-content{\nfont-size:14px;\n}\n#top .avia-slideshow .av-slideshow-caption.av-kd4hz9nx-fb331aa0faaa9c578e2f07ccc45f5aa0__0 .avia-caption-content p{\nfont-size:14px;\n}\n\n@media only screen and (min-width: 768px) and (max-width: 989px){ \n#top #wrap_all .avia-slideshow .av-slideshow-caption.av-kd4hz9nx-fb331aa0faaa9c578e2f07ccc45f5aa0__0 .avia-caption-title{\nfont-size:16px;\n}\n#top .avia-slideshow .av-slideshow-caption.av-kd4hz9nx-fb331aa0faaa9c578e2f07ccc45f5aa0__0 .avia-caption-content{\nfont-size:16px;\n}\n#top .avia-slideshow .av-slideshow-caption.av-kd4hz9nx-fb331aa0faaa9c578e2f07ccc45f5aa0__0 .avia-caption-content p{\nfont-size:16px;\n}\n}\n\n@media only screen and (min-width: 480px) and (max-width: 767px){ \n#top #wrap_all .avia-slideshow .av-slideshow-caption.av-kd4hz9nx-fb331aa0faaa9c578e2f07ccc45f5aa0__0 .avia-caption-title{\nfont-size:14px;\n}\n#top .avia-slideshow .av-slideshow-caption.av-kd4hz9nx-fb331aa0faaa9c578e2f07ccc45f5aa0__0 .avia-caption-content{\nfont-size:14px;\n}\n#top .avia-slideshow .av-slideshow-caption.av-kd4hz9nx-fb331aa0faaa9c578e2f07ccc45f5aa0__0 .avia-caption-content p{\nfont-size:14px;\n}\n}\n\n@media only screen and (max-width: 479px){ \n#top #wrap_all .avia-slideshow .av-slideshow-caption.av-kd4hz9nx-fb331aa0faaa9c578e2f07ccc45f5aa0__0 .avia-caption-title{\ndisplay:none;\n}\n#top .avia-slideshow .av-slideshow-caption.av-kd4hz9nx-fb331aa0faaa9c578e2f07ccc45f5aa0__0 .avia-caption-content{\ndisplay:none;\n}\n#top .avia-slideshow .av-slideshow-caption.av-kd4hz9nx-fb331aa0faaa9c578e2f07ccc45f5aa0__0 .avia-caption-content p{\ndisplay:none;\n}\n}\n<\/style>\n<div  class='avia-slideshow av-kd4hz9nx-fb331aa0faaa9c578e2f07ccc45f5aa0 avia-slideshow-featured av_slideshow_full avia-slide-slider av-slideshow-ui av-control-default av-slideshow-manual av-loop-once av-loop-manual-endless av-default-height-applied   avia-slideshow-1' data-slideshow-options=\"{&quot;animation&quot;:&quot;slide&quot;,&quot;autoplay&quot;:false,&quot;loop_autoplay&quot;:&quot;once&quot;,&quot;interval&quot;:5,&quot;loop_manual&quot;:&quot;manual-endless&quot;,&quot;autoplay_stopper&quot;:false,&quot;noNavigation&quot;:false,&quot;bg_slider&quot;:false,&quot;keep_padding&quot;:false,&quot;hoverpause&quot;:false,&quot;show_slide_delay&quot;:0}\"  itemprop=\"image\" itemscope=\"itemscope\" itemtype=\"https:\/\/schema.org\/ImageObject\" ><ul class='avia-slideshow-inner ' style='padding-bottom: 28.666666666667%;'><li  class='avia-slideshow-slide av-kd4hz9nx-fb331aa0faaa9c578e2f07ccc45f5aa0__0  av-single-slide slide-1 slide-odd'><div data-rel='slideshow-1' class='avia-slide-wrap '   ><img decoding=\"async\" fetchpriority=\"high\" class=\"wp-image-3062 avia-img-lazy-loading-not-3062\"  src=\"https:\/\/maailmanmuutos.org\/wp-content\/uploads\/2023\/08\/venajan-talous-gaidar-1500x430.jpg\" width=\"1500\" height=\"430\" title='kuvituskuvat' alt=''  itemprop=\"thumbnailUrl\" srcset=\"https:\/\/maailmanmuutos.org\/wp-content\/uploads\/2023\/08\/venajan-talous-gaidar-1500x431.jpg 1500w, https:\/\/maailmanmuutos.org\/wp-content\/uploads\/2023\/08\/venajan-talous-gaidar-800x230.jpg 800w, https:\/\/maailmanmuutos.org\/wp-content\/uploads\/2023\/08\/venajan-talous-gaidar-120x34.jpg 120w, https:\/\/maailmanmuutos.org\/wp-content\/uploads\/2023\/08\/venajan-talous-gaidar-768x220.jpg 768w, https:\/\/maailmanmuutos.org\/wp-content\/uploads\/2023\/08\/venajan-talous-gaidar-1536x441.jpg 1536w, https:\/\/maailmanmuutos.org\/wp-content\/uploads\/2023\/08\/venajan-talous-gaidar-705x202.jpg 705w, https:\/\/maailmanmuutos.org\/wp-content\/uploads\/2023\/08\/venajan-talous-gaidar.jpg 2000w\" sizes=\"(max-width: 1500px) 100vw, 1500px\" \/><\/div><\/li><\/ul><\/div><\/div><div id='after_full_slider_1'  class='main_color av_default_container_wrap container_wrap sidebar_right'  ><div class='container av-section-cont-open' ><div class='template-page content  av-content-small alpha units'><div class='post-entry post-entry-type-page post-entry-1474'><div class='entry-content-wrapper clearfix'>\n\n<style type=\"text\/css\" data-created_by=\"avia_inline_auto\" id=\"style-css-av-5spn6-3d3e8ead61d02f87ad7c9f2fc625dc24\">\n.flex_column.av-5spn6-3d3e8ead61d02f87ad7c9f2fc625dc24{\nborder-radius:0px 0px 0px 0px;\npadding:0px 0px 0px 0px;\n}\n<\/style>\n<div  class='flex_column av-5spn6-3d3e8ead61d02f87ad7c9f2fc625dc24 av_one_full  avia-builder-el-1  el_after_av_slideshow_full  avia-builder-el-no-sibling  first flex_column_div av-zero-column-padding  '     ><p>\n<style type=\"text\/css\" data-created_by=\"avia_inline_auto\" id=\"style-css-av-2cp5nm-0e8b12aa1040dc669b9c0de0170b7dea\">\n#top .av-special-heading.av-2cp5nm-0e8b12aa1040dc669b9c0de0170b7dea{\npadding-bottom:10px;\n}\nbody .av-special-heading.av-2cp5nm-0e8b12aa1040dc669b9c0de0170b7dea .av-special-heading-tag .heading-char{\nfont-size:25px;\n}\n.av-special-heading.av-2cp5nm-0e8b12aa1040dc669b9c0de0170b7dea .av-subheading{\nfont-size:15px;\n}\n<\/style>\n<div  class='av-special-heading av-2cp5nm-0e8b12aa1040dc669b9c0de0170b7dea av-special-heading-h1  avia-builder-el-2  el_before_av_textblock  avia-builder-el-first '><h1 class='av-special-heading-tag'  itemprop=\"headline\"  >Ven\u00e4j\u00e4n talous 1990-luvulla <\/h1><div class=\"special-heading-border\"><div class=\"special-heading-inner-border\"><\/div><\/div><\/div><br \/>\n<section  class='av_textblock_section av-lezr0od0-94e7bd8ef786eea3c9a8d27065495667 '   itemscope=\"itemscope\" itemtype=\"https:\/\/schema.org\/CreativeWork\" ><div class='avia_textblock'  itemprop=\"text\" ><p><em><strong>Luopuminen hintojen s\u00e4\u00e4nn\u00f6stelyst\u00e4<\/strong><\/em><\/p>\n<p>Heti Neuvostoliiton hajoamisen j\u00e4lkeen tammikuussa 1992 Ven\u00e4j\u00e4ll\u00e4 lopetettiin hintojen s\u00e4\u00e4nn\u00f6stely, mik\u00e4 johti rajuun inflaatioon ja talouskurimukseen. \u00a0Sen my\u00f6t\u00e4 suurin osa kansasta nopeasti k\u00f6yhtyi, kun taas hyvin pieni osa rikastui nopeasti. Ruplan menett\u00e4ess\u00e4 jatkuvasti arvoaan alettiin dollareita k\u00e4ytt\u00e4\u00e4 yleisesti maksuv\u00e4lineen\u00e4 varsinkin kalliiden tuotteiden kaupassa. Samalla arvotavaraa ja rahap\u00e4\u00e4omia kulkeutui Ven\u00e4j\u00e4lt\u00e4 ulkomaille.<\/p>\n<p>Talousuudistusta johti aluksi p\u00e4\u00e4ministeri Jegor Gaidar, joka noudatti paljolti l\u00e4ntisten neuvonantajien ohjeita sek\u00e4 hintojen vapauttamisessa ett\u00e4 valtion omaisuuden yksityist\u00e4misess\u00e4. Ennustukset talouden nopeasta vakiintumisesta eiv\u00e4t toteutuneet, vaan seurauksena oli usean vuoden kest\u00e4nyt kaaostila, joka her\u00e4tti my\u00f6s yhteiskunnallista levottomuutta. T\u00e4st\u00e4 ilmauksena oli my\u00f6s kommunistipuolueen kannatuksen voimakas kasvu, koska se kannatti s\u00e4\u00e4nn\u00f6stelyn palauttamista.<\/p>\n<p><em><strong>Talouden raju heikentyminen<\/strong><\/em><\/p>\n<p>Erityisen vaikeaa oli el\u00e4kel\u00e4isill\u00e4, joiden elintaso romahti rahan arvon heikkenemisen my\u00f6t\u00e4. My\u00f6s valtion laaja virkamieskunta, esimerkiksi upseerit ja poliisit, huomasi palkkojensa ostovoiman katoavan, mist\u00e4 seurauksena oli p\u00e4tevimm\u00e4n aineksen siirtyminen yksityisten yritysten palvelukseen ja jopa rikollisuuden piiriin. On arvioitu, ett\u00e4 kansan keskiansiot putosivat ostovoimaltaan vuodesta 1998 alkaen viidess\u00e4 vuodessa alle puoleen. Samalla tuloerot kasvoivat merkitt\u00e4v\u00e4sti.<\/p>\n<p>T\u00e4h\u00e4n liittyi terveydenhoitoj\u00e4rjestelm\u00e4n romahdus, mist\u00e4 edelleen seurasi voimakas kuolleisuuden kasvu ja v\u00e4kiluvun aleneminen. Ven\u00e4j\u00e4n talous oli 1990-puoliv\u00e4liss\u00e4 kaikkiaan syv\u00e4n sekasorron ja laman kourissa. Tilanne alkoi kuitenkin hieman vakiintua parin vuoden aikana, jolloin my\u00f6s inflaatiota saatiin hillityksi. Vuonna 1997 talous kasvoi jo yhden prosentin verran.<\/p>\n<p><em><strong>Ruplan kurssi horjui<\/strong><\/em><\/p>\n<p>Elokuussa 1998 ruplan arvo \u00e4killisesti romahti. Syyn\u00e4 oli kansainv\u00e4linen valuuttojen arvon heilahtelu, erityisesti Aasian talouskriisin takia, ja sen heijastuminen ep\u00e4uskona ruplalle m\u00e4\u00e4r\u00e4tyn kurssin pit\u00e4vyyteen. Ruplan kurssi p\u00e4\u00e4stettiin kellumaan, jolloin se aluksi menetti l\u00e4hes puolet arvostaan mutta alkoi jo vuoden kuluessa vakiintua. Vuodesta 1999 Ven\u00e4j\u00e4n talouskehitys muuttui j\u00e4lleen positiiviseksi, ja my\u00f6s palkkojen ostovoima l\u00e4hti kasvuun.<\/p>\n<p><em><strong>Markkinatalouden ongelmia<\/strong><\/em><\/p>\n<p>Ven\u00e4j\u00e4ll\u00e4 toteutetut talousuudistukset eiv\u00e4t 1990-luvun kuluessa tuottaneet toimivaa markkinataloutta vaan pikemminkin \u201drosvotaloudeksi\u201d nimitetyn sekatalouden, jossa hyvin pieni ja ep\u00e4ilytt\u00e4vin keinoin omaisuutensa hankkineiden superrikkaiden \u201doligarkkien\u201d joukko hallitsi merkitt\u00e4v\u00e4\u00e4 osaa taloudesta ja sen my\u00f6t\u00e4 vaikutti m\u00e4\u00e4r\u00e4\u00e4v\u00e4sti my\u00f6s politiikkaan. Suuret m\u00e4\u00e4r\u00e4t rahavaroja ja muita rikkauksia oli siirretty ulkomaille turvaan inflaatiolta ja verotuksen ulottumattomiin, mist\u00e4 syyst\u00e4 valtion budjettivarat v\u00e4heniv\u00e4t ja valtio joutui lainaamaan rahaa \u00e4kkirikastuneilta oligarkeilta, jotka olivat juuri hy\u00f6tyneet valtion omaisuuden yksityist\u00e4misest\u00e4. K\u00f6yhtyneen kansan keskuudessa kyti kapinamieliala, ja liittovaltion hajoamiskehitys oli vuosikymmenen kuluessa edennyt jo pitk\u00e4lle.<\/p>\n<\/div><\/section><\/p><\/div>\n","protected":false},"excerpt":{"rendered":"","protected":false},"author":1,"featured_media":0,"parent":1446,"menu_order":3,"comment_status":"closed","ping_status":"closed","template":"","meta":{"footnotes":""},"class_list":["post-1474","page","type-page","status-publish","hentry"],"_links":{"self":[{"href":"https:\/\/maailmanmuutos.org\/index.php\/wp-json\/wp\/v2\/pages\/1474","targetHints":{"allow":["GET"]}}],"collection":[{"href":"https:\/\/maailmanmuutos.org\/index.php\/wp-json\/wp\/v2\/pages"}],"about":[{"href":"https:\/\/maailmanmuutos.org\/index.php\/wp-json\/wp\/v2\/types\/page"}],"author":[{"embeddable":true,"href":"https:\/\/maailmanmuutos.org\/index.php\/wp-json\/wp\/v2\/users\/1"}],"replies":[{"embeddable":true,"href":"https:\/\/maailmanmuutos.org\/index.php\/wp-json\/wp\/v2\/comments?post=1474"}],"version-history":[{"count":6,"href":"https:\/\/maailmanmuutos.org\/index.php\/wp-json\/wp\/v2\/pages\/1474\/revisions"}],"predecessor-version":[{"id":4278,"href":"https:\/\/maailmanmuutos.org\/index.php\/wp-json\/wp\/v2\/pages\/1474\/revisions\/4278"}],"up":[{"embeddable":true,"href":"https:\/\/maailmanmuutos.org\/index.php\/wp-json\/wp\/v2\/pages\/1446"}],"wp:attachment":[{"href":"https:\/\/maailmanmuutos.org\/index.php\/wp-json\/wp\/v2\/media?parent=1474"}],"curies":[{"name":"wp","href":"https:\/\/api.w.org\/{rel}","templated":true}]}}