{"id":1493,"date":"2023-03-08T19:53:09","date_gmt":"2023-03-08T19:53:09","guid":{"rendered":"http:\/\/us.ylirotu.fi\/index.php\/maailman-muutos\/euroopan-turvallisuuspoliittinen-kehitys-1990-luvulla\/venajan-ja-sen-lahialueiden-kehitys\/venajan-ulkopolitiikan-alkuvaiheet-2\/"},"modified":"2023-08-14T09:26:26","modified_gmt":"2023-08-14T09:26:26","slug":"venajan-asevoimat","status":"publish","type":"page","link":"https:\/\/maailmanmuutos.org\/index.php\/kylmasta-sodasta-2000-luvulle\/euroopan-turvallisuuspoliittinen-kehitys-1990-luvulla\/venajan-ja-sen-lahialueiden-kehitys\/venajan-asevoimat\/","title":{"rendered":"Ven\u00e4j\u00e4n\u00a0asevoimat\u00a0"},"content":{"rendered":"<div id='full_slider_1'  class='avia-fullwidth-slider main_color avia-shadow   avia-builder-el-0  el_before_av_one_full  avia-builder-el-first   container_wrap sidebar_right'  >\n<style type=\"text\/css\" data-created_by=\"avia_inline_auto\" id=\"style-css-av-kd4hz9nx-fb331aa0faaa9c578e2f07ccc45f5aa0\">\n#top #wrap_all .avia-slideshow .av-slideshow-caption.av-kd4hz9nx-fb331aa0faaa9c578e2f07ccc45f5aa0__0 .avia-caption-title{\nfont-size:22px;\n}\n#top .avia-slideshow .av-slideshow-caption.av-kd4hz9nx-fb331aa0faaa9c578e2f07ccc45f5aa0__0 .avia-caption-content{\nfont-size:14px;\n}\n#top .avia-slideshow .av-slideshow-caption.av-kd4hz9nx-fb331aa0faaa9c578e2f07ccc45f5aa0__0 .avia-caption-content p{\nfont-size:14px;\n}\n\n@media only screen and (min-width: 768px) and (max-width: 989px){ \n#top #wrap_all .avia-slideshow .av-slideshow-caption.av-kd4hz9nx-fb331aa0faaa9c578e2f07ccc45f5aa0__0 .avia-caption-title{\nfont-size:16px;\n}\n#top .avia-slideshow .av-slideshow-caption.av-kd4hz9nx-fb331aa0faaa9c578e2f07ccc45f5aa0__0 .avia-caption-content{\nfont-size:16px;\n}\n#top .avia-slideshow .av-slideshow-caption.av-kd4hz9nx-fb331aa0faaa9c578e2f07ccc45f5aa0__0 .avia-caption-content p{\nfont-size:16px;\n}\n}\n\n@media only screen and (min-width: 480px) and (max-width: 767px){ \n#top #wrap_all .avia-slideshow .av-slideshow-caption.av-kd4hz9nx-fb331aa0faaa9c578e2f07ccc45f5aa0__0 .avia-caption-title{\nfont-size:14px;\n}\n#top .avia-slideshow .av-slideshow-caption.av-kd4hz9nx-fb331aa0faaa9c578e2f07ccc45f5aa0__0 .avia-caption-content{\nfont-size:14px;\n}\n#top .avia-slideshow .av-slideshow-caption.av-kd4hz9nx-fb331aa0faaa9c578e2f07ccc45f5aa0__0 .avia-caption-content p{\nfont-size:14px;\n}\n}\n\n@media only screen and (max-width: 479px){ \n#top #wrap_all .avia-slideshow .av-slideshow-caption.av-kd4hz9nx-fb331aa0faaa9c578e2f07ccc45f5aa0__0 .avia-caption-title{\ndisplay:none;\n}\n#top .avia-slideshow .av-slideshow-caption.av-kd4hz9nx-fb331aa0faaa9c578e2f07ccc45f5aa0__0 .avia-caption-content{\ndisplay:none;\n}\n#top .avia-slideshow .av-slideshow-caption.av-kd4hz9nx-fb331aa0faaa9c578e2f07ccc45f5aa0__0 .avia-caption-content p{\ndisplay:none;\n}\n}\n<\/style>\n<div  class='avia-slideshow av-kd4hz9nx-fb331aa0faaa9c578e2f07ccc45f5aa0 avia-slideshow-featured av_slideshow_full avia-slide-slider av-slideshow-ui av-control-default av-slideshow-manual av-loop-once av-loop-manual-endless av-default-height-applied   avia-slideshow-1' data-slideshow-options=\"{&quot;animation&quot;:&quot;slide&quot;,&quot;autoplay&quot;:false,&quot;loop_autoplay&quot;:&quot;once&quot;,&quot;interval&quot;:5,&quot;loop_manual&quot;:&quot;manual-endless&quot;,&quot;autoplay_stopper&quot;:false,&quot;noNavigation&quot;:false,&quot;bg_slider&quot;:false,&quot;keep_padding&quot;:false,&quot;hoverpause&quot;:false,&quot;show_slide_delay&quot;:0}\"  itemprop=\"image\" itemscope=\"itemscope\" itemtype=\"https:\/\/schema.org\/ImageObject\" ><ul class='avia-slideshow-inner ' style='padding-bottom: 28.72411489646%;'><li  class='avia-slideshow-slide av-kd4hz9nx-fb331aa0faaa9c578e2f07ccc45f5aa0__0  av-single-slide slide-1 slide-odd'><div data-rel='slideshow-1' class='avia-slide-wrap '   ><img decoding=\"async\" fetchpriority=\"high\" class=\"wp-image-3076 avia-img-lazy-loading-not-3076\"  src=\"https:\/\/maailmanmuutos.org\/wp-content\/uploads\/2023\/08\/russian-army-1990.jpg\" width=\"1497\" height=\"430\" title='kuvituskuvat' alt=''  itemprop=\"thumbnailUrl\" srcset=\"https:\/\/maailmanmuutos.org\/wp-content\/uploads\/2023\/08\/russian-army-1990.jpg 1500w, https:\/\/maailmanmuutos.org\/wp-content\/uploads\/2023\/08\/russian-army-1990-800x230.jpg 800w, https:\/\/maailmanmuutos.org\/wp-content\/uploads\/2023\/08\/russian-army-1990-120x34.jpg 120w, https:\/\/maailmanmuutos.org\/wp-content\/uploads\/2023\/08\/russian-army-1990-768x221.jpg 768w, https:\/\/maailmanmuutos.org\/wp-content\/uploads\/2023\/08\/russian-army-1990-705x203.jpg 705w\" sizes=\"(max-width: 1497px) 100vw, 1497px\" \/><\/div><\/li><\/ul><\/div><\/div><div id='after_full_slider_1'  class='main_color av_default_container_wrap container_wrap sidebar_right'  ><div class='container av-section-cont-open' ><div class='template-page content  av-content-small alpha units'><div class='post-entry post-entry-type-page post-entry-1493'><div class='entry-content-wrapper clearfix'>\n\n<style type=\"text\/css\" data-created_by=\"avia_inline_auto\" id=\"style-css-av-5spn6-3d3e8ead61d02f87ad7c9f2fc625dc24\">\n.flex_column.av-5spn6-3d3e8ead61d02f87ad7c9f2fc625dc24{\nborder-radius:0px 0px 0px 0px;\npadding:0px 0px 0px 0px;\n}\n<\/style>\n<div  class='flex_column av-5spn6-3d3e8ead61d02f87ad7c9f2fc625dc24 av_one_full  avia-builder-el-1  el_after_av_slideshow_full  avia-builder-el-no-sibling  first flex_column_div av-zero-column-padding  '     ><p>\n<style type=\"text\/css\" data-created_by=\"avia_inline_auto\" id=\"style-css-av-2qceut-ecd5a85f790f72224848f39e29848b58\">\n#top .av-special-heading.av-2qceut-ecd5a85f790f72224848f39e29848b58{\npadding-bottom:10px;\n}\nbody .av-special-heading.av-2qceut-ecd5a85f790f72224848f39e29848b58 .av-special-heading-tag .heading-char{\nfont-size:25px;\n}\n.av-special-heading.av-2qceut-ecd5a85f790f72224848f39e29848b58 .av-subheading{\nfont-size:15px;\n}\n<\/style>\n<div  class='av-special-heading av-2qceut-ecd5a85f790f72224848f39e29848b58 av-special-heading-h1  avia-builder-el-2  el_before_av_textblock  avia-builder-el-first '><h1 class='av-special-heading-tag'  itemprop=\"headline\"  >Ven\u00e4j\u00e4n asevoimat <\/h1><div class=\"special-heading-border\"><div class=\"special-heading-inner-border\"><\/div><\/div><\/div><br \/>\n<section  class='av_textblock_section av-lezr0od0-94e7bd8ef786eea3c9a8d27065495667 '   itemscope=\"itemscope\" itemtype=\"https:\/\/schema.org\/CreativeWork\" ><div class='avia_textblock'  itemprop=\"text\" ><p><em><strong>Suuri armeija federaation ulkopuolella<\/strong><\/em><\/p>\n<p>Neuvostoliiton hajottua j\u00e4i vuonna 1992 Ven\u00e4j\u00e4n asevoimiin noin 2,7 miljoonaa sotilasta, joista asevelvollisia oli 1,5 miljoonaa. Suuri osa Ven\u00e4j\u00e4n joukoista oli viel\u00e4 sijoituspaikoillaan federaation alueen ulkopuolella tai parhaillaan siirtym\u00e4ss\u00e4 kotimaahansa. Merkitt\u00e4v\u00e4 m\u00e4\u00e4r\u00e4 Neuvostoliiton asevoimiin kuuluneista sotilaista j\u00e4i my\u00f6s uusiin itsen\u00e4istyneisiin valtioihin, ja osa joukoista hajotettiin vanhoilla sijoituspaikoillaan.<\/p>\n<p><em><strong>Asevoimat sekasorron tilassa<\/strong><\/em><\/p>\n<p>Ven\u00e4j\u00e4n asevoimat olivat 1990-luvun puoliv\u00e4liss\u00e4 sekasortoisessa tilassa. Vaikka joukko-osastojen kirjoilla saattoi olla paljon sotilaita, vain pient\u00e4 osaa joukoista koulutettiin tehokkaasti ja yll\u00e4pidettiin toimintakuntoisena. Paljon varusteita myytiin tai katosi, ja sotateollisuuden tuotanto \u00a0l\u00e4hes pys\u00e4htyi tilausten ja budjettivarojen puutteessa. Toisaalta Neuvostoliiton j\u00e4ljilt\u00e4 varastoissa oli suuret m\u00e4\u00e4r\u00e4t aseita ja ampumatarvikkeita, joita ei en\u00e4\u00e4 ollut varaa huoltaa ja korjata. Joukkojen sotavarustuksen kunto heikkeni koko 1990-luvun, sill\u00e4 my\u00f6sk\u00e4\u00e4n uudishankintoja ei en\u00e4\u00e4 tehty.<\/p>\n<p><em><strong>Henkil\u00f6st\u00f6ongelmia<\/strong><\/em><\/p>\n<p>Asevelvollisia tuli kutsuntoihin hyvin v\u00e4h\u00e4n, alle 20 prosenttia ik\u00e4luokasta, ja lopulta palvelukseen astuvat alokkaat olivat peruskoulutukseltaan ja terveydentilaltaan verraten heikkoa ainesta. Monet nuoret ja hyv\u00e4n koulutuksen saaneet upseerit hakeutuivat siviilit\u00f6ihin, sill\u00e4 inflaation johdosta palkkojen ostoarvo heikkeni jatkuvasti. Kaikenlainen kurittomuus ja korruptio vaivasi varuskuntien toimintaa, ja nuorempien asevelvollisten kiusaaminen oli yleist\u00e4.<\/p>\n<p><em><strong>M\u00e4\u00e4r\u00e4rahojen puute<\/strong><\/em><\/p>\n<p>Vuonna 1996 Ven\u00e4j\u00e4n asevoimissa oli 1,3 miljoonaa \u00a0sotilasta, joista asevelvollisia oli noin 380000. Parhaiten varustettuja ja koulutettuja joukkoja oli keskitetty Kaukasian suunnalle. Huolimatta edelleen runsaasta sotavarustuksesta joukkojen toimintakyvyss\u00e4 oli pahoja puutteita, sill\u00e4 m\u00e4\u00e4r\u00e4rahojen puutteen vuoksi ei suuria harjoituksia en\u00e4\u00e4 j\u00e4rjestetty ja sotilaat keskittyiv\u00e4t l\u00e4hinn\u00e4 varuskuntien arkip\u00e4iv\u00e4isiin yll\u00e4pitoteht\u00e4viin.<\/p>\n<\/div><\/section><\/p><\/div>\n","protected":false},"excerpt":{"rendered":"","protected":false},"author":1,"featured_media":0,"parent":1446,"menu_order":5,"comment_status":"closed","ping_status":"closed","template":"","meta":{"footnotes":""},"class_list":["post-1493","page","type-page","status-publish","hentry"],"_links":{"self":[{"href":"https:\/\/maailmanmuutos.org\/index.php\/wp-json\/wp\/v2\/pages\/1493","targetHints":{"allow":["GET"]}}],"collection":[{"href":"https:\/\/maailmanmuutos.org\/index.php\/wp-json\/wp\/v2\/pages"}],"about":[{"href":"https:\/\/maailmanmuutos.org\/index.php\/wp-json\/wp\/v2\/types\/page"}],"author":[{"embeddable":true,"href":"https:\/\/maailmanmuutos.org\/index.php\/wp-json\/wp\/v2\/users\/1"}],"replies":[{"embeddable":true,"href":"https:\/\/maailmanmuutos.org\/index.php\/wp-json\/wp\/v2\/comments?post=1493"}],"version-history":[{"count":4,"href":"https:\/\/maailmanmuutos.org\/index.php\/wp-json\/wp\/v2\/pages\/1493\/revisions"}],"predecessor-version":[{"id":3075,"href":"https:\/\/maailmanmuutos.org\/index.php\/wp-json\/wp\/v2\/pages\/1493\/revisions\/3075"}],"up":[{"embeddable":true,"href":"https:\/\/maailmanmuutos.org\/index.php\/wp-json\/wp\/v2\/pages\/1446"}],"wp:attachment":[{"href":"https:\/\/maailmanmuutos.org\/index.php\/wp-json\/wp\/v2\/media?parent=1493"}],"curies":[{"name":"wp","href":"https:\/\/api.w.org\/{rel}","templated":true}]}}