{"id":1501,"date":"2023-03-08T19:54:57","date_gmt":"2023-03-08T19:54:57","guid":{"rendered":"http:\/\/us.ylirotu.fi\/index.php\/maailman-muutos\/euroopan-turvallisuuspoliittinen-kehitys-1990-luvulla\/venajan-ja-sen-lahialueiden-kehitys\/venajan-asevoimat-2\/"},"modified":"2023-08-14T09:33:40","modified_gmt":"2023-08-14T09:33:40","slug":"tshetshenian-sodat","status":"publish","type":"page","link":"https:\/\/maailmanmuutos.org\/index.php\/kylmasta-sodasta-2000-luvulle\/euroopan-turvallisuuspoliittinen-kehitys-1990-luvulla\/venajan-ja-sen-lahialueiden-kehitys\/tshetshenian-sodat\/","title":{"rendered":"Tshetshenian\u00a0sodat\u00a0"},"content":{"rendered":"<div id='full_slider_1'  class='avia-fullwidth-slider main_color avia-shadow   avia-builder-el-0  el_before_av_one_full  avia-builder-el-first   container_wrap sidebar_right'  >\n<style type=\"text\/css\" data-created_by=\"avia_inline_auto\" id=\"style-css-av-kd4hz9nx-fb331aa0faaa9c578e2f07ccc45f5aa0\">\n#top #wrap_all .avia-slideshow .av-slideshow-caption.av-kd4hz9nx-fb331aa0faaa9c578e2f07ccc45f5aa0__0 .avia-caption-title{\nfont-size:22px;\n}\n#top .avia-slideshow .av-slideshow-caption.av-kd4hz9nx-fb331aa0faaa9c578e2f07ccc45f5aa0__0 .avia-caption-content{\nfont-size:14px;\n}\n#top .avia-slideshow .av-slideshow-caption.av-kd4hz9nx-fb331aa0faaa9c578e2f07ccc45f5aa0__0 .avia-caption-content p{\nfont-size:14px;\n}\n\n@media only screen and (min-width: 768px) and (max-width: 989px){ \n#top #wrap_all .avia-slideshow .av-slideshow-caption.av-kd4hz9nx-fb331aa0faaa9c578e2f07ccc45f5aa0__0 .avia-caption-title{\nfont-size:16px;\n}\n#top .avia-slideshow .av-slideshow-caption.av-kd4hz9nx-fb331aa0faaa9c578e2f07ccc45f5aa0__0 .avia-caption-content{\nfont-size:16px;\n}\n#top .avia-slideshow .av-slideshow-caption.av-kd4hz9nx-fb331aa0faaa9c578e2f07ccc45f5aa0__0 .avia-caption-content p{\nfont-size:16px;\n}\n}\n\n@media only screen and (min-width: 480px) and (max-width: 767px){ \n#top #wrap_all .avia-slideshow .av-slideshow-caption.av-kd4hz9nx-fb331aa0faaa9c578e2f07ccc45f5aa0__0 .avia-caption-title{\nfont-size:14px;\n}\n#top .avia-slideshow .av-slideshow-caption.av-kd4hz9nx-fb331aa0faaa9c578e2f07ccc45f5aa0__0 .avia-caption-content{\nfont-size:14px;\n}\n#top .avia-slideshow .av-slideshow-caption.av-kd4hz9nx-fb331aa0faaa9c578e2f07ccc45f5aa0__0 .avia-caption-content p{\nfont-size:14px;\n}\n}\n\n@media only screen and (max-width: 479px){ \n#top #wrap_all .avia-slideshow .av-slideshow-caption.av-kd4hz9nx-fb331aa0faaa9c578e2f07ccc45f5aa0__0 .avia-caption-title{\ndisplay:none;\n}\n#top .avia-slideshow .av-slideshow-caption.av-kd4hz9nx-fb331aa0faaa9c578e2f07ccc45f5aa0__0 .avia-caption-content{\ndisplay:none;\n}\n#top .avia-slideshow .av-slideshow-caption.av-kd4hz9nx-fb331aa0faaa9c578e2f07ccc45f5aa0__0 .avia-caption-content p{\ndisplay:none;\n}\n}\n<\/style>\n<div  class='avia-slideshow av-kd4hz9nx-fb331aa0faaa9c578e2f07ccc45f5aa0 avia-slideshow-featured av_slideshow_full avia-slide-slider av-slideshow-ui av-control-default av-slideshow-manual av-loop-once av-loop-manual-endless av-default-height-applied   avia-slideshow-1' data-slideshow-options=\"{&quot;animation&quot;:&quot;slide&quot;,&quot;autoplay&quot;:false,&quot;loop_autoplay&quot;:&quot;once&quot;,&quot;interval&quot;:5,&quot;loop_manual&quot;:&quot;manual-endless&quot;,&quot;autoplay_stopper&quot;:false,&quot;noNavigation&quot;:false,&quot;bg_slider&quot;:false,&quot;keep_padding&quot;:false,&quot;hoverpause&quot;:false,&quot;show_slide_delay&quot;:0}\"  itemprop=\"image\" itemscope=\"itemscope\" itemtype=\"https:\/\/schema.org\/ImageObject\" ><ul class='avia-slideshow-inner ' style='padding-bottom: 28.72411489646%;'><li  class='avia-slideshow-slide av-kd4hz9nx-fb331aa0faaa9c578e2f07ccc45f5aa0__0  av-single-slide slide-1 slide-odd'><div data-rel='slideshow-1' class='avia-slide-wrap '   ><img decoding=\"async\" fetchpriority=\"high\" class=\"wp-image-3079 avia-img-lazy-loading-not-3079\"  src=\"https:\/\/maailmanmuutos.org\/wp-content\/uploads\/2023\/08\/tsetsenian-sota.jpg\" width=\"1497\" height=\"430\" title='kuvituskuvat' alt=''  itemprop=\"thumbnailUrl\" srcset=\"https:\/\/maailmanmuutos.org\/wp-content\/uploads\/2023\/08\/tsetsenian-sota.jpg 1500w, https:\/\/maailmanmuutos.org\/wp-content\/uploads\/2023\/08\/tsetsenian-sota-800x230.jpg 800w, https:\/\/maailmanmuutos.org\/wp-content\/uploads\/2023\/08\/tsetsenian-sota-120x34.jpg 120w, https:\/\/maailmanmuutos.org\/wp-content\/uploads\/2023\/08\/tsetsenian-sota-768x221.jpg 768w, https:\/\/maailmanmuutos.org\/wp-content\/uploads\/2023\/08\/tsetsenian-sota-705x203.jpg 705w\" sizes=\"(max-width: 1497px) 100vw, 1497px\" \/><\/div><\/li><\/ul><\/div><\/div><div id='after_full_slider_1'  class='main_color av_default_container_wrap container_wrap sidebar_right'  ><div class='container av-section-cont-open' ><div class='template-page content  av-content-small alpha units'><div class='post-entry post-entry-type-page post-entry-1501'><div class='entry-content-wrapper clearfix'>\n\n<style type=\"text\/css\" data-created_by=\"avia_inline_auto\" id=\"style-css-av-5spn6-3d3e8ead61d02f87ad7c9f2fc625dc24\">\n.flex_column.av-5spn6-3d3e8ead61d02f87ad7c9f2fc625dc24{\nborder-radius:0px 0px 0px 0px;\npadding:0px 0px 0px 0px;\n}\n<\/style>\n<div  class='flex_column av-5spn6-3d3e8ead61d02f87ad7c9f2fc625dc24 av_one_full  avia-builder-el-1  el_after_av_slideshow_full  avia-builder-el-no-sibling  first flex_column_div av-zero-column-padding  '     ><p>\n<style type=\"text\/css\" data-created_by=\"avia_inline_auto\" id=\"style-css-av-1x3671-fb381354a512e222459090a7433f9086\">\n#top .av-special-heading.av-1x3671-fb381354a512e222459090a7433f9086{\npadding-bottom:10px;\n}\nbody .av-special-heading.av-1x3671-fb381354a512e222459090a7433f9086 .av-special-heading-tag .heading-char{\nfont-size:25px;\n}\n.av-special-heading.av-1x3671-fb381354a512e222459090a7433f9086 .av-subheading{\nfont-size:15px;\n}\n<\/style>\n<div  class='av-special-heading av-1x3671-fb381354a512e222459090a7433f9086 av-special-heading-h1  avia-builder-el-2  el_before_av_textblock  avia-builder-el-first '><h1 class='av-special-heading-tag'  itemprop=\"headline\"  >Tshetshenian sodat <\/h1><div class=\"special-heading-border\"><div class=\"special-heading-inner-border\"><\/div><\/div><\/div><br \/>\n<section  class='av_textblock_section av-lezr0od0-94e7bd8ef786eea3c9a8d27065495667 '   itemscope=\"itemscope\" itemtype=\"https:\/\/schema.org\/CreativeWork\" ><div class='avia_textblock'  itemprop=\"text\" ><p><em><strong>Tshetsheno-Ingushia<\/strong><\/em><\/p>\n<p>Neuvostoliiton hajoamisen aikoihin Pohjois-Kaukasiassa sijainneessa T\u0161et\u0161eeno-Ingu\u0161etian autonomisessa neuvostotasavallassa oli runsas miljoona asukasta. Heist\u00e4 tshetsheenej\u00e4 oli hieman yli 600 000, ven\u00e4l\u00e4isi\u00e4 noin 330 000 ja inguusheja 130 000. Alueen korkein neuvosto julistautui alueellaan suvereeniksi vuoden 1990 lopulla. Seuraavana syksyn\u00e4 tshetsheenit johtajanaan kenraali Dshobar Dudajev julistivat maansa itsen\u00e4iseksi, mutta Ven\u00e4j\u00e4n hallitus ei tunnustanut sit\u00e4. Inguushien alue sen sijaan pysyi Ven\u00e4j\u00e4n yhteydess\u00e4.<\/p>\n<p><em><strong>Valtakamppailu Tshetsheniassa<\/strong><\/em><\/p>\n<p>Sis\u00e4inen kuohunta Tshetsheniassa jatkui, mink\u00e4 johdosta Ven\u00e4j\u00e4 julisti alueelle h\u00e4t\u00e4tilan. Sek\u00e4 tshetsheenit ett\u00e4 ven\u00e4l\u00e4iset ep\u00e4onnistuivat j\u00e4rjestyksen palauttamisessa, ja kilpailevat klaanit kamppailivat vallasta. Dudajevin hallituksen vastainen oppositio pyysi kev\u00e4\u00e4ll\u00e4 1994 apua Ven\u00e4j\u00e4lt\u00e4 ja yritti syksyll\u00e4 Ven\u00e4j\u00e4n hallituksen tukemana kaapata vallan. Sen ep\u00e4onnistuttua sekasorto jatkui.<\/p>\n<p><em><strong>Taistelu Groznyista<\/strong><\/em><\/p>\n<p>Ven\u00e4j\u00e4n armeija hy\u00f6kk\u00e4si Tshetshenian alueelle joulukuussa 1994, mutta sotatoimet olivat huonosti johdettuja ja aluksi ep\u00e4onnistuivat tuottaen hy\u00f6kk\u00e4\u00e4jille pahoja tappioita. Ven\u00e4l\u00e4isten onnistui kuitenkin kovien taistelujen j\u00e4lkeen vallata p\u00e4\u00e4kaupunki Groznyi helmikuussa 1995, ja seuraavana vuonna alueelle saatiin aikaan hauras aselepo. Tshetsheenisissit tekiv\u00e4t jatkuvasti iskuja ven\u00e4l\u00e4isi\u00e4 kohteita vastaan ja tunkeutuivat lopulta elokuussa 1996 takaisin Groznyin keskustaan. Sen j\u00e4lkeen tehdyn rauhansopimuksen mukaisesti ven\u00e4l\u00e4iset vet\u00e4ytyiv\u00e4t Tshetsheniasta, mutta sis\u00e4inen valtakamppailu ja ep\u00e4j\u00e4rjestys alueella jatkui.<\/p>\n<p><em><strong>Toinen Tshetshenian sota<\/strong><\/em><\/p>\n<p>Kes\u00e4ll\u00e4 1999 tshetsheenijohtaja Basajevin johtama hy\u00f6kk\u00e4ys Dagestanin puolelle laukaisi Ven\u00e4j\u00e4n vastahy\u00f6kk\u00e4yksen, ja syksyn tullen alkoi \u201dtoinen Tshetshenian sota\u201d. Sen aikana Ven\u00e4j\u00e4n asevoimat k\u00e4yttiv\u00e4t raskasta tulivoimaa v\u00e4ltt\u00e4\u00e4kseen omia tappioita, joten siviiliasutuksen tuhot olivat suuret ja ihmisoikeuksia loukattiin laajalti. Alue palautettiin Ven\u00e4j\u00e4n hallintaan ja varsinaiset taistelutoimet loppuivat parin vuoden kuluessa. Tuhojen korjaaminen ja yhteiskunnan rakentaminen saivat odottaa viel\u00e4 useita vuosia.<\/p>\n<\/div><\/section><\/p><\/div>\n","protected":false},"excerpt":{"rendered":"","protected":false},"author":1,"featured_media":0,"parent":1446,"menu_order":6,"comment_status":"closed","ping_status":"closed","template":"","meta":{"footnotes":""},"class_list":["post-1501","page","type-page","status-publish","hentry"],"_links":{"self":[{"href":"https:\/\/maailmanmuutos.org\/index.php\/wp-json\/wp\/v2\/pages\/1501","targetHints":{"allow":["GET"]}}],"collection":[{"href":"https:\/\/maailmanmuutos.org\/index.php\/wp-json\/wp\/v2\/pages"}],"about":[{"href":"https:\/\/maailmanmuutos.org\/index.php\/wp-json\/wp\/v2\/types\/page"}],"author":[{"embeddable":true,"href":"https:\/\/maailmanmuutos.org\/index.php\/wp-json\/wp\/v2\/users\/1"}],"replies":[{"embeddable":true,"href":"https:\/\/maailmanmuutos.org\/index.php\/wp-json\/wp\/v2\/comments?post=1501"}],"version-history":[{"count":4,"href":"https:\/\/maailmanmuutos.org\/index.php\/wp-json\/wp\/v2\/pages\/1501\/revisions"}],"predecessor-version":[{"id":3078,"href":"https:\/\/maailmanmuutos.org\/index.php\/wp-json\/wp\/v2\/pages\/1501\/revisions\/3078"}],"up":[{"embeddable":true,"href":"https:\/\/maailmanmuutos.org\/index.php\/wp-json\/wp\/v2\/pages\/1446"}],"wp:attachment":[{"href":"https:\/\/maailmanmuutos.org\/index.php\/wp-json\/wp\/v2\/media?parent=1501"}],"curies":[{"name":"wp","href":"https:\/\/api.w.org\/{rel}","templated":true}]}}