{"id":1508,"date":"2023-03-08T19:58:07","date_gmt":"2023-03-08T19:58:07","guid":{"rendered":"http:\/\/us.ylirotu.fi\/index.php\/maailman-muutos\/euroopan-turvallisuuspoliittinen-kehitys-1990-luvulla\/venajan-ja-sen-lahialueiden-kehitys\/tshetshenian-sodat-2\/"},"modified":"2023-08-14T10:01:51","modified_gmt":"2023-08-14T10:01:51","slug":"ukraina","status":"publish","type":"page","link":"https:\/\/maailmanmuutos.org\/index.php\/kylmasta-sodasta-2000-luvulle\/euroopan-turvallisuuspoliittinen-kehitys-1990-luvulla\/venajan-ja-sen-lahialueiden-kehitys\/ukraina\/","title":{"rendered":"Ukraina\u00a0"},"content":{"rendered":"<div id='full_slider_1'  class='avia-fullwidth-slider main_color avia-shadow   avia-builder-el-0  el_before_av_one_full  avia-builder-el-first   container_wrap sidebar_right'  >\n<style type=\"text\/css\" data-created_by=\"avia_inline_auto\" id=\"style-css-av-kd4hz9nx-fb331aa0faaa9c578e2f07ccc45f5aa0\">\n#top #wrap_all .avia-slideshow .av-slideshow-caption.av-kd4hz9nx-fb331aa0faaa9c578e2f07ccc45f5aa0__0 .avia-caption-title{\nfont-size:22px;\n}\n#top .avia-slideshow .av-slideshow-caption.av-kd4hz9nx-fb331aa0faaa9c578e2f07ccc45f5aa0__0 .avia-caption-content{\nfont-size:14px;\n}\n#top .avia-slideshow .av-slideshow-caption.av-kd4hz9nx-fb331aa0faaa9c578e2f07ccc45f5aa0__0 .avia-caption-content p{\nfont-size:14px;\n}\n\n@media only screen and (min-width: 768px) and (max-width: 989px){ \n#top #wrap_all .avia-slideshow .av-slideshow-caption.av-kd4hz9nx-fb331aa0faaa9c578e2f07ccc45f5aa0__0 .avia-caption-title{\nfont-size:16px;\n}\n#top .avia-slideshow .av-slideshow-caption.av-kd4hz9nx-fb331aa0faaa9c578e2f07ccc45f5aa0__0 .avia-caption-content{\nfont-size:16px;\n}\n#top .avia-slideshow .av-slideshow-caption.av-kd4hz9nx-fb331aa0faaa9c578e2f07ccc45f5aa0__0 .avia-caption-content p{\nfont-size:16px;\n}\n}\n\n@media only screen and (min-width: 480px) and (max-width: 767px){ \n#top #wrap_all .avia-slideshow .av-slideshow-caption.av-kd4hz9nx-fb331aa0faaa9c578e2f07ccc45f5aa0__0 .avia-caption-title{\nfont-size:14px;\n}\n#top .avia-slideshow .av-slideshow-caption.av-kd4hz9nx-fb331aa0faaa9c578e2f07ccc45f5aa0__0 .avia-caption-content{\nfont-size:14px;\n}\n#top .avia-slideshow .av-slideshow-caption.av-kd4hz9nx-fb331aa0faaa9c578e2f07ccc45f5aa0__0 .avia-caption-content p{\nfont-size:14px;\n}\n}\n\n@media only screen and (max-width: 479px){ \n#top #wrap_all .avia-slideshow .av-slideshow-caption.av-kd4hz9nx-fb331aa0faaa9c578e2f07ccc45f5aa0__0 .avia-caption-title{\ndisplay:none;\n}\n#top .avia-slideshow .av-slideshow-caption.av-kd4hz9nx-fb331aa0faaa9c578e2f07ccc45f5aa0__0 .avia-caption-content{\ndisplay:none;\n}\n#top .avia-slideshow .av-slideshow-caption.av-kd4hz9nx-fb331aa0faaa9c578e2f07ccc45f5aa0__0 .avia-caption-content p{\ndisplay:none;\n}\n}\n<\/style>\n<div  class='avia-slideshow av-kd4hz9nx-fb331aa0faaa9c578e2f07ccc45f5aa0 avia-slideshow-featured av_slideshow_full avia-slide-slider av-slideshow-ui av-control-default av-slideshow-manual av-loop-once av-loop-manual-endless av-default-height-applied   avia-slideshow-1' data-slideshow-options=\"{&quot;animation&quot;:&quot;slide&quot;,&quot;autoplay&quot;:false,&quot;loop_autoplay&quot;:&quot;once&quot;,&quot;interval&quot;:5,&quot;loop_manual&quot;:&quot;manual-endless&quot;,&quot;autoplay_stopper&quot;:false,&quot;noNavigation&quot;:false,&quot;bg_slider&quot;:false,&quot;keep_padding&quot;:false,&quot;hoverpause&quot;:false,&quot;show_slide_delay&quot;:0}\"  itemprop=\"image\" itemscope=\"itemscope\" itemtype=\"https:\/\/schema.org\/ImageObject\" ><ul class='avia-slideshow-inner ' style='padding-bottom: 28.72411489646%;'><li  class='avia-slideshow-slide av-kd4hz9nx-fb331aa0faaa9c578e2f07ccc45f5aa0__0  av-single-slide slide-1 slide-odd'><div data-rel='slideshow-1' class='avia-slide-wrap '   ><img decoding=\"async\" fetchpriority=\"high\" class=\"wp-image-3083 avia-img-lazy-loading-not-3083\"  src=\"https:\/\/maailmanmuutos.org\/wp-content\/uploads\/2023\/08\/sevastopol.jpg\" width=\"1497\" height=\"430\" title='kuvituskuvat' alt=''  itemprop=\"thumbnailUrl\" srcset=\"https:\/\/maailmanmuutos.org\/wp-content\/uploads\/2023\/08\/sevastopol.jpg 1500w, https:\/\/maailmanmuutos.org\/wp-content\/uploads\/2023\/08\/sevastopol-800x230.jpg 800w, https:\/\/maailmanmuutos.org\/wp-content\/uploads\/2023\/08\/sevastopol-120x34.jpg 120w, https:\/\/maailmanmuutos.org\/wp-content\/uploads\/2023\/08\/sevastopol-768x221.jpg 768w, https:\/\/maailmanmuutos.org\/wp-content\/uploads\/2023\/08\/sevastopol-705x203.jpg 705w\" sizes=\"(max-width: 1497px) 100vw, 1497px\" \/><\/div><\/li><\/ul><\/div><\/div><div id='after_full_slider_1'  class='main_color av_default_container_wrap container_wrap sidebar_right'  ><div class='container av-section-cont-open' ><div class='template-page content  av-content-small alpha units'><div class='post-entry post-entry-type-page post-entry-1508'><div class='entry-content-wrapper clearfix'>\n\n<style type=\"text\/css\" data-created_by=\"avia_inline_auto\" id=\"style-css-av-5spn6-3d3e8ead61d02f87ad7c9f2fc625dc24\">\n.flex_column.av-5spn6-3d3e8ead61d02f87ad7c9f2fc625dc24{\nborder-radius:0px 0px 0px 0px;\npadding:0px 0px 0px 0px;\n}\n<\/style>\n<div  class='flex_column av-5spn6-3d3e8ead61d02f87ad7c9f2fc625dc24 av_one_full  avia-builder-el-1  el_after_av_slideshow_full  el_before_av_textblock  avia-builder-el-first  first flex_column_div av-zero-column-padding  '     ><style type=\"text\/css\" data-created_by=\"avia_inline_auto\" id=\"style-css-av-38a7bo-c1a30f7df0f8e0a2b7ed8aa8319318e9\">\n#top .av-special-heading.av-38a7bo-c1a30f7df0f8e0a2b7ed8aa8319318e9{\npadding-bottom:10px;\n}\nbody .av-special-heading.av-38a7bo-c1a30f7df0f8e0a2b7ed8aa8319318e9 .av-special-heading-tag .heading-char{\nfont-size:25px;\n}\n.av-special-heading.av-38a7bo-c1a30f7df0f8e0a2b7ed8aa8319318e9 .av-subheading{\nfont-size:15px;\n}\n<\/style>\n<div  class='av-special-heading av-38a7bo-c1a30f7df0f8e0a2b7ed8aa8319318e9 av-special-heading-h1  avia-builder-el-2  avia-builder-el-no-sibling '><h1 class='av-special-heading-tag'  itemprop=\"headline\"  >Ukraina <\/h1><div class=\"special-heading-border\"><div class=\"special-heading-inner-border\"><\/div><\/div><\/div><\/div>\n<section  class='av_textblock_section av-ljnwsik1-2264609619acca55389c94218de387d4 '   itemscope=\"itemscope\" itemtype=\"https:\/\/schema.org\/CreativeWork\" ><div class='avia_textblock'  itemprop=\"text\" ><p><em><strong>Ukrainan kansanrintama, Ruh<\/strong><\/em><\/p>\n<p>Neuvostoliittoon kuuluneessa Ukrainan neuvostotasavallassa kansallismielinen liikehdint\u00e4 voimistui ensin maan l\u00e4nsiosissa, jotka olivat kuuluneet 1800- luvulla It\u00e4valta-Unkariin ja 1900-luvulla maailmansotien v\u00e4lill\u00e4 Puolaan. Noilla alueilla 1980-luvun lopulla syntyneen itsen\u00e4isyysliikkeen (Ukrainan kansanrintama, Ruh) vaikutus levisi 1990-luvun alussa my\u00f6s maan it\u00e4osiin, ja itsen\u00e4isyysjulistus annettiin Moskovassa elokuussa 1991 ep\u00e4onnistuneen kaappausyrityksen j\u00e4lkeen. Ukrainan korkeimman neuvoston puhemies Leonid Kravtshuk oli Ven\u00e4j\u00e4n presidentin l\u00e4heinen liittolainen ja kannatti Neuvostoliitosta irtautumista. Se vahvistettiin kansan\u00e4\u00e4nestyksell\u00e4 joulukuun alussa, jolloin 90 prosenttia kannatti Ukrainan itsen\u00e4istymist\u00e4. Maan ensimm\u00e4isen\u00e4 presidenttin\u00e4 Kravtshuk oli my\u00f6s perustamassa Itsen\u00e4isten valtioiden yhteis\u00f6\u00e4, jolla pyrittiin hallitsemaan Neuvostoliiton hajoamista.<\/p>\n<p><em><strong>Krimin niemimaan omistuskiista<\/strong><\/em><\/p>\n<p>Ukrainan Ven\u00e4j\u00e4n-suhteiden perusongelmaksi kehittyi kysymys Krimin niemimaasta ja siell\u00e4 sijaitsevasta Sevastopolin laivastotukikohdasta sek\u00e4 Neuvostoliitolta perityst\u00e4 Mustanmeren laivastosta. Ven\u00e4j\u00e4n keisarikunta oli valloittanut 1700-luvulla Krimin turkkilaisilta, mutta 1950-luvulla Neuvostoliiton hallitus siirsi Krimin niemimaan hallinnon Ven\u00e4j\u00e4lt\u00e4 Ukrainan neuvostotasavallalle. Alueella asui alkuper\u00e4isv\u00e4est\u00f6n\u00e4 tataareja, ja sinne oli asettunut asumaan paljon ven\u00e4l\u00e4isi\u00e4 jo keisarikunnan aikana. Neuvostoliiton hajotessa Krimin kahdesta miljoonasta asukkaasta puolet oli ven\u00e4l\u00e4isi\u00e4, \u00a0jotka ajoivat alueensa liitt\u00e4mist\u00e4 takaisin Ven\u00e4j\u00e4\u00e4n. Kiista \u00a0k\u00e4rjistyi kev\u00e4\u00e4ll\u00e4 1992, mutta presidentit saivat aikaan sopimuksen Krimin j\u00e4\u00e4misest\u00e4 Ukrainan yhteyteen autonomisen alueena ja laivaston kuulumisesta Ven\u00e4j\u00e4lle.<\/p>\n<p><em><strong>Ydinaseet Ven\u00e4j\u00e4n haltuun<\/strong><\/em><\/p>\n<p>Aluksi kiistaa k\u00e4ytiin my\u00f6s Ukrainan alueelle j\u00e4\u00e4neist\u00e4 ydinaseista. Suuri osa Neuvostoliiton ohjusten tuotantolaitoksista sijaitsi Ukrainassa, ja siell\u00e4 oli runsaasti my\u00f6s ydinasetukikohtia. Ven\u00e4j\u00e4 sai Yhdysvaltojen tuen vaatimuksilleen siirt\u00e4\u00e4 kaikki ydinaseet Ven\u00e4j\u00e4lle. Kev\u00e4\u00e4st\u00e4 1992 Ukraina v\u00e4hitellen kahden vuoden aikana luovutti ydinaseet lopulta Ven\u00e4j\u00e4n haltuun.<\/p>\n<p><em><strong>Ukrainan talousvaikeudet<\/strong><\/em><\/p>\n<p>Ukrainan talous oli ollut vahvasti kytkettyn\u00e4 Neuvostoliiton eri osien talouteen, ja erityisen vahva oli sitoutuminen Ven\u00e4j\u00e4n energiavaroihin. Ukrainan it\u00e4osissa Donin alueella asui noin 10 miljoonaa ven\u00e4l\u00e4ist\u00e4, jotka olivat kannattaneet maan itsen\u00e4istymist\u00e4 mutta vastustivat l\u00e4nsiukrainalaisten ylivaltapyrkimyksi\u00e4. Talousvaikeudet kiristiv\u00e4t my\u00f6s maan poliittista tilannetta.<\/p>\n<p><em><strong>Sopimus Mustan meren laivastosta<\/strong><\/em><\/p>\n<p>Presidentti Leonid Kravtshuk ja p\u00e4\u00e4ministeri Leonid Kutshma riitaantuivat pahasti Donin alueen kaivosty\u00f6l\u00e4isten lakkoillessa. Talouden ongelmat my\u00f6t\u00e4vaikuttivat siihen, ett\u00e4 parlamenttivaaleissa vuonna 1993 entiset kommunistit saivat selv\u00e4n voiton. Presidentinvaalissa puolestaan Kutshma syrj\u00e4ytti Kravtshovin. Sis\u00e4poliittinen tilanne pysyi ep\u00e4vakaana, ja my\u00f6s kiista Krimin alueen hallinnasta k\u00e4rjistyi. Ven\u00e4j\u00e4n kanssa syntyi kuitenkin vuonna 1997 sopimus, jossa vahvistettiin Sevastopolin tukikohdan k\u00e4ytt\u00f6oikeus Ven\u00e4j\u00e4n Mustanmeren laivastolle. Laivastosta osa siirtyi kuitenkin Ukrainan hallintaan.<\/p>\n<p><em><strong>Ukraina pysyi puolueettomana<\/strong><\/em><\/p>\n<p>Ukrainan talousongelmat jatkuivat koko 1990-luvun, ja my\u00f6s maan l\u00e4nsi- ja it\u00e4osien asukkaiden etninen ja kielellinen erilaisuus. It\u00e4osat suuntautuivat vahvasti Ven\u00e4j\u00e4\u00e4n, samalla kun l\u00e4nsiosissa vaadittiin yhteyksien lis\u00e4\u00e4mist\u00e4 L\u00e4nsi-Eurooppaan ja Yhdysvaltoihin. Vaikka aluksi Ukraina oli ilmoittanut pysyv\u00e4ns\u00e4 puolueettomana, maan virallisen linjauksen mukaan yhteyksi\u00e4 Natoon alettiin vahvistaa ja tavoitteeksi asetettiin p\u00e4\u00e4sy sotilasliiton j\u00e4seneksi. Kansan enemmist\u00f6 ei kuitenkaan Nato-j\u00e4senyytt\u00e4 kannattanut.<\/p>\n<\/div><\/section>\n","protected":false},"excerpt":{"rendered":"","protected":false},"author":1,"featured_media":0,"parent":1446,"menu_order":7,"comment_status":"closed","ping_status":"closed","template":"","meta":{"footnotes":""},"class_list":["post-1508","page","type-page","status-publish","hentry"],"_links":{"self":[{"href":"https:\/\/maailmanmuutos.org\/index.php\/wp-json\/wp\/v2\/pages\/1508","targetHints":{"allow":["GET"]}}],"collection":[{"href":"https:\/\/maailmanmuutos.org\/index.php\/wp-json\/wp\/v2\/pages"}],"about":[{"href":"https:\/\/maailmanmuutos.org\/index.php\/wp-json\/wp\/v2\/types\/page"}],"author":[{"embeddable":true,"href":"https:\/\/maailmanmuutos.org\/index.php\/wp-json\/wp\/v2\/users\/1"}],"replies":[{"embeddable":true,"href":"https:\/\/maailmanmuutos.org\/index.php\/wp-json\/wp\/v2\/comments?post=1508"}],"version-history":[{"count":5,"href":"https:\/\/maailmanmuutos.org\/index.php\/wp-json\/wp\/v2\/pages\/1508\/revisions"}],"predecessor-version":[{"id":3081,"href":"https:\/\/maailmanmuutos.org\/index.php\/wp-json\/wp\/v2\/pages\/1508\/revisions\/3081"}],"up":[{"embeddable":true,"href":"https:\/\/maailmanmuutos.org\/index.php\/wp-json\/wp\/v2\/pages\/1446"}],"wp:attachment":[{"href":"https:\/\/maailmanmuutos.org\/index.php\/wp-json\/wp\/v2\/media?parent=1508"}],"curies":[{"name":"wp","href":"https:\/\/api.w.org\/{rel}","templated":true}]}}