{"id":1516,"date":"2023-03-08T20:01:18","date_gmt":"2023-03-08T20:01:18","guid":{"rendered":"http:\/\/us.ylirotu.fi\/index.php\/maailman-muutos\/euroopan-kehitysnakymat\/euroopan-unionin-kehitys-2000-luvun-alussa-2\/turvallisuus-ja-puolustuspolitiikka\/"},"modified":"2023-09-22T11:55:47","modified_gmt":"2023-09-22T11:55:47","slug":"sotilasliiton-laajennuskysymys-ja-kumppanuudet","status":"publish","type":"page","link":"https:\/\/maailmanmuutos.org\/index.php\/kylmasta-sodasta-2000-luvulle\/euroopan-kehitysnakymat\/nato-2000-luvulla\/sotilasliiton-laajennuskysymys-ja-kumppanuudet\/","title":{"rendered":"Sotilasliiton laajennuskysymys ja kumppanuudet\u00a0"},"content":{"rendered":"<div id='full_slider_1'  class='avia-fullwidth-slider main_color avia-shadow   avia-builder-el-0  el_before_av_one_full  avia-builder-el-first   container_wrap sidebar_right'  >\n<style type=\"text\/css\" data-created_by=\"avia_inline_auto\" id=\"style-css-av-kd4hz9nx-fb331aa0faaa9c578e2f07ccc45f5aa0\">\n#top #wrap_all .avia-slideshow .av-slideshow-caption.av-kd4hz9nx-fb331aa0faaa9c578e2f07ccc45f5aa0__0 .avia-caption-title{\nfont-size:22px;\n}\n#top .avia-slideshow .av-slideshow-caption.av-kd4hz9nx-fb331aa0faaa9c578e2f07ccc45f5aa0__0 .avia-caption-content{\nfont-size:14px;\n}\n#top .avia-slideshow .av-slideshow-caption.av-kd4hz9nx-fb331aa0faaa9c578e2f07ccc45f5aa0__0 .avia-caption-content p{\nfont-size:14px;\n}\n\n@media only screen and (min-width: 768px) and (max-width: 989px){ \n#top #wrap_all .avia-slideshow .av-slideshow-caption.av-kd4hz9nx-fb331aa0faaa9c578e2f07ccc45f5aa0__0 .avia-caption-title{\nfont-size:16px;\n}\n#top .avia-slideshow .av-slideshow-caption.av-kd4hz9nx-fb331aa0faaa9c578e2f07ccc45f5aa0__0 .avia-caption-content{\nfont-size:16px;\n}\n#top .avia-slideshow .av-slideshow-caption.av-kd4hz9nx-fb331aa0faaa9c578e2f07ccc45f5aa0__0 .avia-caption-content p{\nfont-size:16px;\n}\n}\n\n@media only screen and (min-width: 480px) and (max-width: 767px){ \n#top #wrap_all .avia-slideshow .av-slideshow-caption.av-kd4hz9nx-fb331aa0faaa9c578e2f07ccc45f5aa0__0 .avia-caption-title{\nfont-size:14px;\n}\n#top .avia-slideshow .av-slideshow-caption.av-kd4hz9nx-fb331aa0faaa9c578e2f07ccc45f5aa0__0 .avia-caption-content{\nfont-size:14px;\n}\n#top .avia-slideshow .av-slideshow-caption.av-kd4hz9nx-fb331aa0faaa9c578e2f07ccc45f5aa0__0 .avia-caption-content p{\nfont-size:14px;\n}\n}\n\n@media only screen and (max-width: 479px){ \n#top #wrap_all .avia-slideshow .av-slideshow-caption.av-kd4hz9nx-fb331aa0faaa9c578e2f07ccc45f5aa0__0 .avia-caption-title{\ndisplay:none;\n}\n#top .avia-slideshow .av-slideshow-caption.av-kd4hz9nx-fb331aa0faaa9c578e2f07ccc45f5aa0__0 .avia-caption-content{\ndisplay:none;\n}\n#top .avia-slideshow .av-slideshow-caption.av-kd4hz9nx-fb331aa0faaa9c578e2f07ccc45f5aa0__0 .avia-caption-content p{\ndisplay:none;\n}\n}\n<\/style>\n<div  class='avia-slideshow av-kd4hz9nx-fb331aa0faaa9c578e2f07ccc45f5aa0 avia-slideshow-featured av_slideshow_full avia-slide-slider av-slideshow-ui av-control-default av-slideshow-manual av-loop-once av-loop-manual-endless av-default-height-applied   avia-slideshow-1' data-slideshow-options=\"{&quot;animation&quot;:&quot;slide&quot;,&quot;autoplay&quot;:false,&quot;loop_autoplay&quot;:&quot;once&quot;,&quot;interval&quot;:5,&quot;loop_manual&quot;:&quot;manual-endless&quot;,&quot;autoplay_stopper&quot;:false,&quot;noNavigation&quot;:false,&quot;bg_slider&quot;:false,&quot;keep_padding&quot;:false,&quot;hoverpause&quot;:false,&quot;show_slide_delay&quot;:0}\"  itemprop=\"image\" itemscope=\"itemscope\" itemtype=\"https:\/\/schema.org\/ImageObject\" ><ul class='avia-slideshow-inner ' style='padding-bottom: 28.72411489646%;'><li  class='avia-slideshow-slide av-kd4hz9nx-fb331aa0faaa9c578e2f07ccc45f5aa0__0  av-single-slide slide-1 slide-odd'><div data-rel='slideshow-1' class='avia-slide-wrap '   ><img decoding=\"async\" fetchpriority=\"high\" class=\"wp-image-3221 avia-img-lazy-loading-not-3221\"  src=\"https:\/\/maailmanmuutos.org\/wp-content\/uploads\/2023\/08\/nato-jasenet.jpg\" width=\"1497\" height=\"430\" title='kuvituskuvat' alt=''  itemprop=\"thumbnailUrl\" srcset=\"https:\/\/maailmanmuutos.org\/wp-content\/uploads\/2023\/08\/nato-jasenet.jpg 1500w, https:\/\/maailmanmuutos.org\/wp-content\/uploads\/2023\/08\/nato-jasenet-800x230.jpg 800w, https:\/\/maailmanmuutos.org\/wp-content\/uploads\/2023\/08\/nato-jasenet-120x34.jpg 120w, https:\/\/maailmanmuutos.org\/wp-content\/uploads\/2023\/08\/nato-jasenet-768x221.jpg 768w, https:\/\/maailmanmuutos.org\/wp-content\/uploads\/2023\/08\/nato-jasenet-705x203.jpg 705w\" sizes=\"(max-width: 1497px) 100vw, 1497px\" \/><\/div><\/li><\/ul><\/div><\/div><div id='after_full_slider_1'  class='main_color av_default_container_wrap container_wrap sidebar_right'  ><div class='container av-section-cont-open' ><div class='template-page content  av-content-small alpha units'><div class='post-entry post-entry-type-page post-entry-1516'><div class='entry-content-wrapper clearfix'>\n\n<style type=\"text\/css\" data-created_by=\"avia_inline_auto\" id=\"style-css-av-5spn6-3d3e8ead61d02f87ad7c9f2fc625dc24\">\n.flex_column.av-5spn6-3d3e8ead61d02f87ad7c9f2fc625dc24{\nborder-radius:0px 0px 0px 0px;\npadding:0px 0px 0px 0px;\n}\n<\/style>\n<div  class='flex_column av-5spn6-3d3e8ead61d02f87ad7c9f2fc625dc24 av_one_full  avia-builder-el-1  el_after_av_slideshow_full  avia-builder-el-no-sibling  first flex_column_div av-zero-column-padding  '     ><p>\n<style type=\"text\/css\" data-created_by=\"avia_inline_auto\" id=\"style-css-av-av_heading-0057cb8e871ded97406758aaed2d6aa2\">\n#top .av-special-heading.av-av_heading-0057cb8e871ded97406758aaed2d6aa2{\npadding-bottom:10px;\n}\nbody .av-special-heading.av-av_heading-0057cb8e871ded97406758aaed2d6aa2 .av-special-heading-tag .heading-char{\nfont-size:25px;\n}\n.av-special-heading.av-av_heading-0057cb8e871ded97406758aaed2d6aa2 .av-subheading{\nfont-size:15px;\n}\n<\/style>\n<div  class='av-special-heading av-av_heading-0057cb8e871ded97406758aaed2d6aa2 av-special-heading-h1  avia-builder-el-2  el_before_av_hr  avia-builder-el-first '><h1 class='av-special-heading-tag'  itemprop=\"headline\"  >Sotilasliiton laajennuskysymys ja kumppanuudet <\/h1><div class=\"special-heading-border\"><div class=\"special-heading-inner-border\"><\/div><\/div><\/div><br \/>\n\n<style type=\"text\/css\" data-created_by=\"avia_inline_auto\" id=\"style-css-av-lf0421j4-ce8b89b5cfa52a1211b8ceb2c7bee65e\">\n#top .hr.hr-invisible.av-lf0421j4-ce8b89b5cfa52a1211b8ceb2c7bee65e{\nheight:50px;\n}\n<\/style>\n<div  class='hr av-lf0421j4-ce8b89b5cfa52a1211b8ceb2c7bee65e hr-invisible  avia-builder-el-3  el_after_av_heading  el_before_av_textblock '><span class='hr-inner '><span class=\"hr-inner-style\"><\/span><\/span><\/div><br \/>\n<section  class='av_textblock_section av-lezr0od0-94e7bd8ef786eea3c9a8d27065495667 '   itemscope=\"itemscope\" itemtype=\"https:\/\/schema.org\/CreativeWork\" ><div class='avia_textblock'  itemprop=\"text\" ><p><em><strong>Laajentuminen k\u00e4ynnistyi<\/strong><\/em><\/p>\n<p>Naton kylm\u00e4n sodan j\u00e4lkeinen laajeneminen k\u00e4ynnistyi pitk\u00e4n empimisen j\u00e4lkeen 1990-luvun lopulla, kun j\u00e4seniksi hyv\u00e4ksyttiin entisist\u00e4 Varsovan liiton maista Puola, Unkari ja Tshekin tasavalta. Seuraava laajenemiskierros oli vuonna 2004, jolloin Varsovan liiton maista Natoon liittyiv\u00e4t Slovakia, Bulgaria ja Romania sek\u00e4 aikoinaan Neuvostoliittoon kuuluneet Baltian maat Viro, Latvia ja Liettua. Entisest\u00e4 Jugoslaviasta Naton j\u00e4seneksi otettiin t\u00e4ss\u00e4 vaiheessa Slovenia.<\/p>\n<p><em><strong>Varsovan liitosta l\u00e4nteen<\/strong><\/em><\/p>\n<p>Sotilasliiton laajentuminen it\u00e4iseen Eurooppaan aiheutui monista syist\u00e4. Neuvostoliiton vaikutuspiiriss\u00e4 el\u00e4neiden maiden kansalaiset halusivat mahdollisimman nopeasti mukaan l\u00e4ntisiin liittoihin, jolloin liittyminen Natoon oli teknisesti huomattavasti helpompaa kuin Euroopan unionin j\u00e4senyyden saaminen. J\u00e4senyytt\u00e4 hakeneissa maissa Natoa pidettiin sek\u00e4 suojan antajana Ven\u00e4j\u00e4\u00e4 vastaan ett\u00e4 ensiaskeleena kohti EU-j\u00e4senyytt\u00e4. Naton j\u00e4senyys oli nopeammin saavutettavissa kuin Euroopan unionin, jonka kanssa neuvottelut kestiv\u00e4t selv\u00e4sti kauemmin, ja sin\u00e4 aikana vaadittiin my\u00f6s laajoja lains\u00e4\u00e4d\u00e4nn\u00f6n uudistuksia.<\/p>\n<p><em><strong>Vaatimuksia uusille j\u00e4senmaille<\/strong><\/em><\/p>\n<p>Yhdysvallat oli viel\u00e4 1990-luvun alussa vastustanut Naton laajentamista, mutta vuosikymmenen puoliv\u00e4liss\u00e4 kanta kuitenkin muuttui. Sek\u00e4 Natossa ett\u00e4 Euroopan unionissa alettiin laajentumista it\u00e4\u00e4n perustella tarpeella vakauttaa It\u00e4-Euroopan tilannetta tarjoamalla j\u00e4senyytt\u00e4 l\u00e4nnen liitoissa. N\u00e4in houkuteltiin kandidaattimaita tekem\u00e4\u00e4n yhteiskunnallisia ja asevoimia koskevia muutoksia, joihin sis\u00e4ltyi erityisesti vaatimus demokratian ja oikeusvaltioperiaatteen vakiinnuttamisesta.<\/p>\n<p>Asevoimien demokraattisen kontrollin lis\u00e4ksi uusilta j\u00e4senilt\u00e4 vaadittiin kyky\u00e4 osallistua Naton toimintaan kriisinhallintateht\u00e4viss\u00e4. Lis\u00e4ksi oli m\u00e4\u00e4r\u00e4 nostaa puolustusmenot kahteen prosenttiin BKT:sta. K\u00e4yt\u00e4nn\u00f6ss\u00e4 n\u00e4ist\u00e4 vaatimuksista jouduttiin joustamaan, joten uusien j\u00e4senmaiden tarjoama apu tai voimanlis\u00e4 Natolle j\u00e4i v\u00e4h\u00e4iseksi.<\/p>\n<p><em><strong>Rauhankumppanuusohjelmaa (PfP) jatkettiin<\/strong><\/em><\/p>\n<p>Rauhankumppanuusohjelmaa (PfP) edelleen \u00a0jatkettiin, vaikka sen merkitys entisten Varsovan liiton maiden sopeuttajana Nato-j\u00e4senyyteen j\u00e4i taka-alalle. Euroopan puolueettomat maat osallistuivat kumppanuusohjelmiin samoin kuin Jugoslaviaan ja Neuvostoliittoon kuuluneet maat, joskin niiden kiinnostus vaihteli suuresti.<\/p>\n<p><em><strong>Ven\u00e4j\u00e4 vastusti Naton laajenemista<\/strong><\/em><\/p>\n<p>Ven\u00e4j\u00e4 vastusti Naton laajennusta rajoilleen, mik\u00e4 vaikutti kirist\u00e4v\u00e4sti sen suhteisiin l\u00e4nteen. Yhdysvalloissa ja sen liittolaismaissa pyrittiin yh\u00e4 v\u00e4ltt\u00e4m\u00e4\u00e4n Naton laajennuksesta Ven\u00e4j\u00e4n-suhteisiin seuraavia vaikeuksia vakuuttamalla, ett\u00e4 laajennus ei ollut suunnattu ket\u00e4\u00e4n vastaan ja pid\u00e4ttym\u00e4ll\u00e4 toistaiseksi ulottamasta sotilasliiton toimintoja kovin n\u00e4ytt\u00e4v\u00e4sti uusiin j\u00e4senmaihin. Naton ja Ven\u00e4j\u00e4n v\u00e4linen neuvosto pyrki ratkomaan syntyneit\u00e4 ongelmia ja kehitt\u00e4m\u00e4\u00e4n kumppanuutta, mutta sen toimintakyky oli alttiina poliittisten suhdanteiden vaihtelulle.<\/p>\n<p><em><strong>Yhdysvallat vaati laajennuksen jatkamista<\/strong><\/em><\/p>\n<p>Yhdysvalloissa n\u00e4htiin Irakin sodan alkuvaiheen erimielisyyksien j\u00e4lkeen hy\u00f6dylliseksi laajentaa Natoa Romaniaan ja Bulgariaan, koska niiden alueelta voitiin toimia L\u00e4hi-id\u00e4n suunnalle. N\u00e4iden maiden j\u00e4senyys toteutui jo vuonna 2004. Yhdysvallat painosti liittolaisiaan hyv\u00e4ksym\u00e4\u00e4n my\u00f6s Ukrainan ja Georgian j\u00e4senkandidaattien listalle, mutta erityisesti Saksassa ja Ranskassa t\u00e4t\u00e4 vastustettiin.<\/p>\n<p>Vuonna 2007 liittolaiset kuitenkin taipuivat antamaan lupauksen Ukrainan ja Georgian j\u00e4senyydest\u00e4, joskaan mit\u00e4\u00e4n aikam\u00e4\u00e4r\u00e4\u00e4 ei asetettu. Elokuussa 2008 Georgiassa k\u00e4ydyn sodan johdosta maan j\u00e4senyyshanke lykk\u00e4\u00e4ntyi kauaksi eteen p\u00e4in. Runsaan vuoden \u00a0kuluttua my\u00f6s Ukrainan Nato-j\u00e4senyyden hakemus j\u00e4\u00e4dytettiin hallituksenvaihdoksen j\u00e4lkeen. Ukrainassa kansalaisten enemmist\u00f6 on<br \/>\nvastustanut liittymist\u00e4 Natoon.<\/p>\n<p><em><strong>Laajennus Balkanille<\/strong><\/em><\/p>\n<p>Laajennus Balkanille koettiin huomattavastihelpommaksi, \u00a0joten Albania ja Kroatia hyv\u00e4ksyttiin Naton j\u00e4seniksi kev\u00e4\u00e4ll\u00e4 2009. Seuraavana vuonna Natossa keskityttiin ensi sijassa Afganistanin sodan k\u00e4ymiseen ja Ven\u00e4j\u00e4-suhteiden hoitoon, joten laajennuskysymys j\u00e4tettiin taka-alalle. Siihen vaikuttivat my\u00f6s koetut takaiskut Georgian ja Ukrainan j\u00e4senyyskysymyksess\u00e4 ja liiton j\u00e4senmaiden kansalaisten haluttomuus ottaa uusia vastuita id\u00e4ss\u00e4. Monien mielest\u00e4 Nato oli saavuttanut It\u00e4-Euroopassa jo luontaiset rajansa, joten niiden yli meneminen ja riskien kasvattaminen Ven\u00e4j\u00e4n-suhteissa ei houkutellut.<\/p>\n<\/div><\/section><\/p><\/div>\n","protected":false},"excerpt":{"rendered":"","protected":false},"author":1,"featured_media":0,"parent":1515,"menu_order":2,"comment_status":"closed","ping_status":"closed","template":"","meta":{"footnotes":""},"class_list":["post-1516","page","type-page","status-publish","hentry"],"_links":{"self":[{"href":"https:\/\/maailmanmuutos.org\/index.php\/wp-json\/wp\/v2\/pages\/1516","targetHints":{"allow":["GET"]}}],"collection":[{"href":"https:\/\/maailmanmuutos.org\/index.php\/wp-json\/wp\/v2\/pages"}],"about":[{"href":"https:\/\/maailmanmuutos.org\/index.php\/wp-json\/wp\/v2\/types\/page"}],"author":[{"embeddable":true,"href":"https:\/\/maailmanmuutos.org\/index.php\/wp-json\/wp\/v2\/users\/1"}],"replies":[{"embeddable":true,"href":"https:\/\/maailmanmuutos.org\/index.php\/wp-json\/wp\/v2\/comments?post=1516"}],"version-history":[{"count":12,"href":"https:\/\/maailmanmuutos.org\/index.php\/wp-json\/wp\/v2\/pages\/1516\/revisions"}],"predecessor-version":[{"id":4409,"href":"https:\/\/maailmanmuutos.org\/index.php\/wp-json\/wp\/v2\/pages\/1516\/revisions\/4409"}],"up":[{"embeddable":true,"href":"https:\/\/maailmanmuutos.org\/index.php\/wp-json\/wp\/v2\/pages\/1515"}],"wp:attachment":[{"href":"https:\/\/maailmanmuutos.org\/index.php\/wp-json\/wp\/v2\/media?parent=1516"}],"curies":[{"name":"wp","href":"https:\/\/api.w.org\/{rel}","templated":true}]}}