{"id":1535,"date":"2023-03-08T20:01:20","date_gmt":"2023-03-08T20:01:20","guid":{"rendered":"http:\/\/us.ylirotu.fi\/index.php\/maailman-muutos\/euroopan-kehitysnakymat\/euroopan-unionin-kehitys-2000-luvun-alussa-2\/yhteinen-ulko-ja-turvallisuuspolitiikka\/"},"modified":"2023-08-17T10:46:38","modified_gmt":"2023-08-17T10:46:38","slug":"naton-tehtavien-monipuolistaminen-ja-rakennemuutos","status":"publish","type":"page","link":"https:\/\/maailmanmuutos.org\/index.php\/kylmasta-sodasta-2000-luvulle\/euroopan-kehitysnakymat\/nato-2000-luvulla\/naton-tehtavien-monipuolistaminen-ja-rakennemuutos\/","title":{"rendered":"Naton teht\u00e4vien monipuolistaminen ja rakennemuutos\u00a0"},"content":{"rendered":"<div id='full_slider_1'  class='avia-fullwidth-slider main_color avia-shadow   avia-builder-el-0  el_before_av_one_full  avia-builder-el-first   container_wrap sidebar_right'  >\n<style type=\"text\/css\" data-created_by=\"avia_inline_auto\" id=\"style-css-av-kd4hz9nx-fb331aa0faaa9c578e2f07ccc45f5aa0\">\n#top #wrap_all .avia-slideshow .av-slideshow-caption.av-kd4hz9nx-fb331aa0faaa9c578e2f07ccc45f5aa0__0 .avia-caption-title{\nfont-size:22px;\n}\n#top .avia-slideshow .av-slideshow-caption.av-kd4hz9nx-fb331aa0faaa9c578e2f07ccc45f5aa0__0 .avia-caption-content{\nfont-size:14px;\n}\n#top .avia-slideshow .av-slideshow-caption.av-kd4hz9nx-fb331aa0faaa9c578e2f07ccc45f5aa0__0 .avia-caption-content p{\nfont-size:14px;\n}\n\n@media only screen and (min-width: 768px) and (max-width: 989px){ \n#top #wrap_all .avia-slideshow .av-slideshow-caption.av-kd4hz9nx-fb331aa0faaa9c578e2f07ccc45f5aa0__0 .avia-caption-title{\nfont-size:16px;\n}\n#top .avia-slideshow .av-slideshow-caption.av-kd4hz9nx-fb331aa0faaa9c578e2f07ccc45f5aa0__0 .avia-caption-content{\nfont-size:16px;\n}\n#top .avia-slideshow .av-slideshow-caption.av-kd4hz9nx-fb331aa0faaa9c578e2f07ccc45f5aa0__0 .avia-caption-content p{\nfont-size:16px;\n}\n}\n\n@media only screen and (min-width: 480px) and (max-width: 767px){ \n#top #wrap_all .avia-slideshow .av-slideshow-caption.av-kd4hz9nx-fb331aa0faaa9c578e2f07ccc45f5aa0__0 .avia-caption-title{\nfont-size:14px;\n}\n#top .avia-slideshow .av-slideshow-caption.av-kd4hz9nx-fb331aa0faaa9c578e2f07ccc45f5aa0__0 .avia-caption-content{\nfont-size:14px;\n}\n#top .avia-slideshow .av-slideshow-caption.av-kd4hz9nx-fb331aa0faaa9c578e2f07ccc45f5aa0__0 .avia-caption-content p{\nfont-size:14px;\n}\n}\n\n@media only screen and (max-width: 479px){ \n#top #wrap_all .avia-slideshow .av-slideshow-caption.av-kd4hz9nx-fb331aa0faaa9c578e2f07ccc45f5aa0__0 .avia-caption-title{\ndisplay:none;\n}\n#top .avia-slideshow .av-slideshow-caption.av-kd4hz9nx-fb331aa0faaa9c578e2f07ccc45f5aa0__0 .avia-caption-content{\ndisplay:none;\n}\n#top .avia-slideshow .av-slideshow-caption.av-kd4hz9nx-fb331aa0faaa9c578e2f07ccc45f5aa0__0 .avia-caption-content p{\ndisplay:none;\n}\n}\n<\/style>\n<div  class='avia-slideshow av-kd4hz9nx-fb331aa0faaa9c578e2f07ccc45f5aa0 avia-slideshow-featured av_slideshow_full avia-slide-slider av-slideshow-ui av-control-default av-slideshow-manual av-loop-once av-loop-manual-endless av-default-height-applied   avia-slideshow-1' data-slideshow-options=\"{&quot;animation&quot;:&quot;slide&quot;,&quot;autoplay&quot;:false,&quot;loop_autoplay&quot;:&quot;once&quot;,&quot;interval&quot;:5,&quot;loop_manual&quot;:&quot;manual-endless&quot;,&quot;autoplay_stopper&quot;:false,&quot;noNavigation&quot;:false,&quot;bg_slider&quot;:false,&quot;keep_padding&quot;:false,&quot;hoverpause&quot;:false,&quot;show_slide_delay&quot;:0}\"  itemprop=\"image\" itemscope=\"itemscope\" itemtype=\"https:\/\/schema.org\/ImageObject\" ><ul class='avia-slideshow-inner ' style='padding-bottom: 28.72411489646%;'><li  class='avia-slideshow-slide av-kd4hz9nx-fb331aa0faaa9c578e2f07ccc45f5aa0__0  av-single-slide slide-1 slide-odd'><div data-rel='slideshow-1' class='avia-slide-wrap '   ><img decoding=\"async\" fetchpriority=\"high\" class=\"wp-image-3218 avia-img-lazy-loading-not-3218\"  src=\"https:\/\/maailmanmuutos.org\/wp-content\/uploads\/2023\/08\/nato-tehtavat.jpg\" width=\"1497\" height=\"430\" title='kuvituskuvat' alt=''  itemprop=\"thumbnailUrl\" srcset=\"https:\/\/maailmanmuutos.org\/wp-content\/uploads\/2023\/08\/nato-tehtavat.jpg 1500w, https:\/\/maailmanmuutos.org\/wp-content\/uploads\/2023\/08\/nato-tehtavat-800x230.jpg 800w, https:\/\/maailmanmuutos.org\/wp-content\/uploads\/2023\/08\/nato-tehtavat-120x34.jpg 120w, https:\/\/maailmanmuutos.org\/wp-content\/uploads\/2023\/08\/nato-tehtavat-768x221.jpg 768w, https:\/\/maailmanmuutos.org\/wp-content\/uploads\/2023\/08\/nato-tehtavat-705x203.jpg 705w\" sizes=\"(max-width: 1497px) 100vw, 1497px\" \/><\/div><\/li><\/ul><\/div><\/div><div id='after_full_slider_1'  class='main_color av_default_container_wrap container_wrap sidebar_right'  ><div class='container av-section-cont-open' ><div class='template-page content  av-content-small alpha units'><div class='post-entry post-entry-type-page post-entry-1535'><div class='entry-content-wrapper clearfix'>\n\n<style type=\"text\/css\" data-created_by=\"avia_inline_auto\" id=\"style-css-av-5spn6-3d3e8ead61d02f87ad7c9f2fc625dc24\">\n.flex_column.av-5spn6-3d3e8ead61d02f87ad7c9f2fc625dc24{\nborder-radius:0px 0px 0px 0px;\npadding:0px 0px 0px 0px;\n}\n<\/style>\n<div  class='flex_column av-5spn6-3d3e8ead61d02f87ad7c9f2fc625dc24 av_one_full  avia-builder-el-1  el_after_av_slideshow_full  avia-builder-el-no-sibling  first flex_column_div av-zero-column-padding  '     ><p>\n<style type=\"text\/css\" data-created_by=\"avia_inline_auto\" id=\"style-css-av-2qnzjz-c0ae4ce4b21556eb6f8cd63b923bc286\">\n#top .av-special-heading.av-2qnzjz-c0ae4ce4b21556eb6f8cd63b923bc286{\npadding-bottom:10px;\n}\nbody .av-special-heading.av-2qnzjz-c0ae4ce4b21556eb6f8cd63b923bc286 .av-special-heading-tag .heading-char{\nfont-size:25px;\n}\n.av-special-heading.av-2qnzjz-c0ae4ce4b21556eb6f8cd63b923bc286 .av-subheading{\nfont-size:15px;\n}\n<\/style>\n<div  class='av-special-heading av-2qnzjz-c0ae4ce4b21556eb6f8cd63b923bc286 av-special-heading-h1  avia-builder-el-2  el_before_av_hr  avia-builder-el-first '><h1 class='av-special-heading-tag'  itemprop=\"headline\"  >Naton teht\u00e4vien monipuolistaminen ja rakennemuutos<\/h1><div class=\"special-heading-border\"><div class=\"special-heading-inner-border\"><\/div><\/div><\/div><br \/>\n\n<style type=\"text\/css\" data-created_by=\"avia_inline_auto\" id=\"style-css-av-ljpu4xi6-862b9de9f360e72525bd9ec01ed2c1b8\">\n#top .hr.hr-invisible.av-ljpu4xi6-862b9de9f360e72525bd9ec01ed2c1b8{\nheight:50px;\n}\n<\/style>\n<div  class='hr av-ljpu4xi6-862b9de9f360e72525bd9ec01ed2c1b8 hr-invisible  avia-builder-el-3  el_after_av_heading  el_before_av_textblock '><span class='hr-inner '><span class=\"hr-inner-style\"><\/span><\/span><\/div><br \/>\n<section  class='av_textblock_section av-lezr0od0-94e7bd8ef786eea3c9a8d27065495667 '   itemscope=\"itemscope\" itemtype=\"https:\/\/schema.org\/CreativeWork\" ><div class='avia_textblock'  itemprop=\"text\" ><p><em><strong>Toiminta-alueen laajentaminen<\/strong><\/em><\/p>\n<p>Pohjois-Atlantin liiton (Naton) teht\u00e4vien painopisteen muutos oman alueen puolustamisesta laaja-alaiseksi kriisinhallintaorganisaatioksi jatkui kev\u00e4\u00e4ll\u00e4 1999 k\u00e4ydyn Kosovon sodan j\u00e4lkeen. Rauhanturvaaminen Balkanilla oli edelleen keskeisen\u00e4 teht\u00e4v\u00e4luettelossa, mutta syksyn 2001 j\u00e4lkeen Yhdysvallat vaati liittolaisiltaan yh\u00e4 enemm\u00e4n panostusta \u201dmaailmanlaajuiseen terrorisminvastaiseen sotaan\u201d, kuten presidentti George W. Bush toiminnan m\u00e4\u00e4ritti.<\/p>\n<p>Eurooppalaiset liittolaiset eiv\u00e4t suinkaan olleet yksimielisi\u00e4 Pohjois-Atlantin alueen ulkopuolisten<br \/>\nteht\u00e4vien t\u00e4rkeydest\u00e4 eiv\u00e4tk\u00e4 mielell\u00e4\u00e4n halunneet sitoa Naton organisaatiota Yhdysvaltojen apujoukoksi Aasiaan. Yksitt\u00e4iset Nato-maat osallistuivat kuitenkin Yhdysvaltojen johtamiin sotatoimiin \u201dhalukkaiden liiton osana\u201d sek\u00e4 Afganistanissa 2001-2002 ett\u00e4 Irakissa vuodesta 2003 alkaen.<\/p>\n<p><em><strong>Natolle vastuuta Afganistanissa<\/strong><\/em><\/p>\n<p>Nato otti vuodesta 2003 alkaen v\u00e4hitellen vastuulleen Afganistanin vakautusoperaation eli ISAF-joukkojen johtamisen. Sille oli YK:n valtuutus, ja aluksi teht\u00e4v\u00e4t rajoittuivat l\u00e4hinn\u00e4 Kabulin suojaamiseen. Samalla Nato alkoi Balkanilla luovuttaa vastuuta Euroopan unionille.<\/p>\n<p><em><strong>Nopean toiminnan joukot<\/strong><\/em><\/p>\n<p>Naton rakennemuutos eteni vuosina 2002-2004 siten, ett\u00e4\u00a0 p\u00e4\u00e4tettiin perustaa nopean toiminnan joukot (NATO Response Force = NRF) k\u00e4ytett\u00e4v\u00e4ksi miss\u00e4 p\u00e4in\u00a0 maailmaa tahansa k\u00e4rjistyv\u00e4n kriisitilanteen vaatimiin teht\u00e4viin. Rungon muodostivat amerikkalaiset, ja NRF-joukkojen tuli kyet\u00e4 my\u00f6s taisteluteht\u00e4viin. Esikuntarakennetta muutettiin siten, ett\u00e4 kylm\u00e4n sodan aikaan toimineista alueellisista johtoportaista l\u00e4hes luovuttiin ja j\u00e4ljelle j\u00e4i vain strategisen tason\u00a0 johtoesikunnat Eurooppaan ja Yhdysvaltoihin\u00a0 sek\u00e4 lis\u00e4ksi Eurooppaan muutamia joustavasti\u00a0 k\u00e4ytett\u00e4vi\u00e4 operatiivisia tai taktisia esikuntia.<\/p>\n<p><em><strong>Painopiste kriisihallintajoukkoihin<\/strong><\/em><\/p>\n<p>Euroopan Nato-maissa, Turkkia ja Kreikkaa lukuun ottamatta, vaatimukset ulkomaanteht\u00e4viin sopivien joukkojen muodostamisesta ovat jo l\u00e4hes kokonaan lopettaneet kotimaan puolustukseen tarkoitettujen voimien yll\u00e4pidon. Esimerkiksi Tanskassa ja Baltian maissa ei ole varsinaisia raskaasti aseistettuja taistelujoukkoja. Suuremmassa taisteluvalmiudessa on pidetty V\u00e4limeren alueen joukkoja.<\/p>\n<p>Eurooppalaisten j\u00e4senmaiden kesken on vallinnut selvi\u00e4 mielipide-eroja siit\u00e4, pit\u00e4isik\u00f6 Naton toimintaa kehitt\u00e4\u00e4 edelleen maailmanlaajuisiin teht\u00e4viin paremmin soveltuvaksi, kuten erityisesti Yhdysvallat on vaatinut, vai pit\u00e4isik\u00f6 keskitty\u00e4 vanhaan perusteht\u00e4v\u00e4\u00e4n, joka on kollektiivinen puolustus mahdollisia hy\u00f6kk\u00e4yksi\u00e4 vastaan \u201deuro-atlanttisella alueella\u201d. Uudet j\u00e4senmaat id\u00e4ss\u00e4, jotka ovat entisi\u00e4 Varsovan liiton maita, ovat painottaneet kollektiivista puolustusta, vaikka samalla ne ovat halunneet osoittaa solidaarisuutta Yhdysvalloille l\u00e4hett\u00e4m\u00e4ll\u00e4 joukkoja Irakiin ja Afganistaniin.<\/p>\n<p><em><strong>Uusi strateginen konsepti<\/strong><\/em><\/p>\n<p>Hienoista paluuta alueellisen puolustuksen painotukseen merkitsi salaisen suunnittelun aloittaminen Puolan ja Baltian maiden puolustamiseksi sek\u00e4 Nato-esikunnan uudelleenperustaminen Norjaan erityisesti pohjoisia alueita varten.<\/p>\n<p>Vuonna 2010 hyv\u00e4ksytyss\u00e4 uudessa \u201dstrategisessa konseptissa\u201d pyrittiin yhdist\u00e4m\u00e4\u00e4n vakuutus vanhan\u00a0 perusteht\u00e4v\u00e4n eli kollektiivisen puolustuksen jatkuvuudesta entist\u00e4 parempaan kykyyn toimia maailmanlaajuisesti monipuolisissa kriisienhallinnan teht\u00e4viss\u00e4. Lis\u00e4ksi teht\u00e4viss\u00e4 mainittiin \u201duudet uhkat\u201d, esimerkiksi tarve suojata\u00a0 tehokkaammin tietoverkkoja ja energian-saantia. Samalla on todettu my\u00f6s taloudelliset rajoitukset, jotka pakottavat varovaisuuteen uusien teht\u00e4vien omaksumisessa ja supistamaan muun muassa esikuntarakenteita. T\u00e4h\u00e4n liittyy tarve v\u00e4hent\u00e4\u00e4 nykyist\u00e4 Naton johtoesikuntien 13 000 henkil\u00f6n m\u00e4\u00e4r\u00e4\u00e4 noin 8 000 hengen vahvuuteen.<\/p>\n<\/div><\/section><\/p><\/div>\n","protected":false},"excerpt":{"rendered":"","protected":false},"author":1,"featured_media":0,"parent":1515,"menu_order":1,"comment_status":"closed","ping_status":"closed","template":"","meta":{"footnotes":""},"class_list":["post-1535","page","type-page","status-publish","hentry"],"_links":{"self":[{"href":"https:\/\/maailmanmuutos.org\/index.php\/wp-json\/wp\/v2\/pages\/1535","targetHints":{"allow":["GET"]}}],"collection":[{"href":"https:\/\/maailmanmuutos.org\/index.php\/wp-json\/wp\/v2\/pages"}],"about":[{"href":"https:\/\/maailmanmuutos.org\/index.php\/wp-json\/wp\/v2\/types\/page"}],"author":[{"embeddable":true,"href":"https:\/\/maailmanmuutos.org\/index.php\/wp-json\/wp\/v2\/users\/1"}],"replies":[{"embeddable":true,"href":"https:\/\/maailmanmuutos.org\/index.php\/wp-json\/wp\/v2\/comments?post=1535"}],"version-history":[{"count":10,"href":"https:\/\/maailmanmuutos.org\/index.php\/wp-json\/wp\/v2\/pages\/1535\/revisions"}],"predecessor-version":[{"id":4395,"href":"https:\/\/maailmanmuutos.org\/index.php\/wp-json\/wp\/v2\/pages\/1535\/revisions\/4395"}],"up":[{"embeddable":true,"href":"https:\/\/maailmanmuutos.org\/index.php\/wp-json\/wp\/v2\/pages\/1515"}],"wp:attachment":[{"href":"https:\/\/maailmanmuutos.org\/index.php\/wp-json\/wp\/v2\/media?parent=1535"}],"curies":[{"name":"wp","href":"https:\/\/api.w.org\/{rel}","templated":true}]}}