{"id":1557,"date":"2023-03-08T20:09:31","date_gmt":"2023-03-08T20:09:31","guid":{"rendered":"http:\/\/us.ylirotu.fi\/index.php\/maailman-muutos\/euroopan-turvallisuuspoliittinen-kehitys-1990-luvulla\/venajan-ja-sen-lahialueiden-kehitys\/ukraina-2\/"},"modified":"2023-08-17T10:35:39","modified_gmt":"2023-08-17T10:35:39","slug":"kaukasian-alueen-poliittinen-kehitys","status":"publish","type":"page","link":"https:\/\/maailmanmuutos.org\/index.php\/kylmasta-sodasta-2000-luvulle\/euroopan-turvallisuuspoliittinen-kehitys-1990-luvulla\/venajan-ja-sen-lahialueiden-kehitys\/kaukasian-alueen-poliittinen-kehitys\/","title":{"rendered":"Kaukasian alueen poliittinen kehitys\u00a0"},"content":{"rendered":"<div id='full_slider_1'  class='avia-fullwidth-slider main_color avia-shadow   avia-builder-el-0  el_before_av_one_full  avia-builder-el-first   container_wrap sidebar_right'  >\n<style type=\"text\/css\" data-created_by=\"avia_inline_auto\" id=\"style-css-av-kd4hz9nx-fb331aa0faaa9c578e2f07ccc45f5aa0\">\n#top #wrap_all .avia-slideshow .av-slideshow-caption.av-kd4hz9nx-fb331aa0faaa9c578e2f07ccc45f5aa0__0 .avia-caption-title{\nfont-size:22px;\n}\n#top .avia-slideshow .av-slideshow-caption.av-kd4hz9nx-fb331aa0faaa9c578e2f07ccc45f5aa0__0 .avia-caption-content{\nfont-size:14px;\n}\n#top .avia-slideshow .av-slideshow-caption.av-kd4hz9nx-fb331aa0faaa9c578e2f07ccc45f5aa0__0 .avia-caption-content p{\nfont-size:14px;\n}\n\n@media only screen and (min-width: 768px) and (max-width: 989px){ \n#top #wrap_all .avia-slideshow .av-slideshow-caption.av-kd4hz9nx-fb331aa0faaa9c578e2f07ccc45f5aa0__0 .avia-caption-title{\nfont-size:16px;\n}\n#top .avia-slideshow .av-slideshow-caption.av-kd4hz9nx-fb331aa0faaa9c578e2f07ccc45f5aa0__0 .avia-caption-content{\nfont-size:16px;\n}\n#top .avia-slideshow .av-slideshow-caption.av-kd4hz9nx-fb331aa0faaa9c578e2f07ccc45f5aa0__0 .avia-caption-content p{\nfont-size:16px;\n}\n}\n\n@media only screen and (min-width: 480px) and (max-width: 767px){ \n#top #wrap_all .avia-slideshow .av-slideshow-caption.av-kd4hz9nx-fb331aa0faaa9c578e2f07ccc45f5aa0__0 .avia-caption-title{\nfont-size:14px;\n}\n#top .avia-slideshow .av-slideshow-caption.av-kd4hz9nx-fb331aa0faaa9c578e2f07ccc45f5aa0__0 .avia-caption-content{\nfont-size:14px;\n}\n#top .avia-slideshow .av-slideshow-caption.av-kd4hz9nx-fb331aa0faaa9c578e2f07ccc45f5aa0__0 .avia-caption-content p{\nfont-size:14px;\n}\n}\n\n@media only screen and (max-width: 479px){ \n#top #wrap_all .avia-slideshow .av-slideshow-caption.av-kd4hz9nx-fb331aa0faaa9c578e2f07ccc45f5aa0__0 .avia-caption-title{\ndisplay:none;\n}\n#top .avia-slideshow .av-slideshow-caption.av-kd4hz9nx-fb331aa0faaa9c578e2f07ccc45f5aa0__0 .avia-caption-content{\ndisplay:none;\n}\n#top .avia-slideshow .av-slideshow-caption.av-kd4hz9nx-fb331aa0faaa9c578e2f07ccc45f5aa0__0 .avia-caption-content p{\ndisplay:none;\n}\n}\n<\/style>\n<div  class='avia-slideshow av-kd4hz9nx-fb331aa0faaa9c578e2f07ccc45f5aa0 avia-slideshow-featured av_slideshow_full avia-slide-slider av-slideshow-ui av-control-default av-slideshow-manual av-loop-once av-loop-manual-endless av-default-height-applied   avia-slideshow-1' data-slideshow-options=\"{&quot;animation&quot;:&quot;slide&quot;,&quot;autoplay&quot;:false,&quot;loop_autoplay&quot;:&quot;once&quot;,&quot;interval&quot;:5,&quot;loop_manual&quot;:&quot;manual-endless&quot;,&quot;autoplay_stopper&quot;:false,&quot;noNavigation&quot;:false,&quot;bg_slider&quot;:false,&quot;keep_padding&quot;:false,&quot;hoverpause&quot;:false,&quot;show_slide_delay&quot;:0}\"  itemprop=\"image\" itemscope=\"itemscope\" itemtype=\"https:\/\/schema.org\/ImageObject\" ><ul class='avia-slideshow-inner ' style='padding-bottom: 28.72411489646%;'><li  class='avia-slideshow-slide av-kd4hz9nx-fb331aa0faaa9c578e2f07ccc45f5aa0__0  av-single-slide slide-1 slide-odd'><div data-rel='slideshow-1' class='avia-slide-wrap '   ><img decoding=\"async\" fetchpriority=\"high\" class=\"wp-image-3087 avia-img-lazy-loading-not-3087\"  src=\"https:\/\/maailmanmuutos.org\/wp-content\/uploads\/2023\/08\/Venaja-Georgia-sota.jpg\" width=\"1497\" height=\"430\" title='kuvituskuvat' alt=''  itemprop=\"thumbnailUrl\" srcset=\"https:\/\/maailmanmuutos.org\/wp-content\/uploads\/2023\/08\/Venaja-Georgia-sota.jpg 1500w, https:\/\/maailmanmuutos.org\/wp-content\/uploads\/2023\/08\/Venaja-Georgia-sota-800x230.jpg 800w, https:\/\/maailmanmuutos.org\/wp-content\/uploads\/2023\/08\/Venaja-Georgia-sota-120x34.jpg 120w, https:\/\/maailmanmuutos.org\/wp-content\/uploads\/2023\/08\/Venaja-Georgia-sota-768x221.jpg 768w, https:\/\/maailmanmuutos.org\/wp-content\/uploads\/2023\/08\/Venaja-Georgia-sota-705x203.jpg 705w\" sizes=\"(max-width: 1497px) 100vw, 1497px\" \/><\/div><\/li><\/ul><\/div><\/div><div id='after_full_slider_1'  class='main_color av_default_container_wrap container_wrap sidebar_right'  ><div class='container av-section-cont-open' ><div class='template-page content  av-content-small alpha units'><div class='post-entry post-entry-type-page post-entry-1557'><div class='entry-content-wrapper clearfix'>\n\n<style type=\"text\/css\" data-created_by=\"avia_inline_auto\" id=\"style-css-av-5spn6-3d3e8ead61d02f87ad7c9f2fc625dc24\">\n.flex_column.av-5spn6-3d3e8ead61d02f87ad7c9f2fc625dc24{\nborder-radius:0px 0px 0px 0px;\npadding:0px 0px 0px 0px;\n}\n<\/style>\n<div  class='flex_column av-5spn6-3d3e8ead61d02f87ad7c9f2fc625dc24 av_one_full  avia-builder-el-1  el_after_av_slideshow_full  avia-builder-el-no-sibling  first flex_column_div av-zero-column-padding  '     ><p>\n<style type=\"text\/css\" data-created_by=\"avia_inline_auto\" id=\"style-css-av-av_heading-c37ab4805a955fe96b23c6ae099807b6\">\n#top .av-special-heading.av-av_heading-c37ab4805a955fe96b23c6ae099807b6{\npadding-bottom:10px;\n}\nbody .av-special-heading.av-av_heading-c37ab4805a955fe96b23c6ae099807b6 .av-special-heading-tag .heading-char{\nfont-size:25px;\n}\n.av-special-heading.av-av_heading-c37ab4805a955fe96b23c6ae099807b6 .av-subheading{\nfont-size:15px;\n}\n<\/style>\n<div  class='av-special-heading av-av_heading-c37ab4805a955fe96b23c6ae099807b6 av-special-heading-h1  avia-builder-el-2  el_before_av_hr  avia-builder-el-first '><h1 class='av-special-heading-tag'  itemprop=\"headline\"  >Kaukasian alueen poliittinen kehitys <\/h1><div class=\"special-heading-border\"><div class=\"special-heading-inner-border\"><\/div><\/div><\/div><br \/>\n\n<style type=\"text\/css\" data-created_by=\"avia_inline_auto\" id=\"style-css-av-llf0z4dr-64f2267aa41faab8f2edefcb3ecabc88\">\n#top .hr.hr-invisible.av-llf0z4dr-64f2267aa41faab8f2edefcb3ecabc88{\nheight:50px;\n}\n<\/style>\n<div  class='hr av-llf0z4dr-64f2267aa41faab8f2edefcb3ecabc88 hr-invisible  avia-builder-el-3  el_after_av_heading  el_before_av_textblock '><span class='hr-inner '><span class=\"hr-inner-style\"><\/span><\/span><\/div><br \/>\n<section  class='av_textblock_section av-lezr0od0-94e7bd8ef786eea3c9a8d27065495667 '   itemscope=\"itemscope\" itemtype=\"https:\/\/schema.org\/CreativeWork\" ><div class='avia_textblock'  itemprop=\"text\" ><p><em><strong>Neuvostotasavallat julistautuvat itsen\u00e4isiksi<\/strong><\/em><\/p>\n<p>Neuvostoliiton hajotessa syksyll\u00e4 1991 Kaukasian neuvostotasavallat julistautuivat itsen\u00e4isiksi. Niiden keskin\u00e4isten rajojen kulusta syntyi monia riitoja, sill\u00e4 useita kansallisuuksia tai heimoja asui Neuvostoliiton aikaisten hallinnollisten rajojen eri puolilla. Kaukasian alueella ongelmana olivat my\u00f6s pienet ja usein eristyksiss\u00e4 el\u00e4neet kansansirpaleet, jotka pyrkiv\u00e4t eroon uusista valtioista.<\/p>\n<p>Jo 1980-luvulla Azerbaidzhanin ja Armenian v\u00e4lill\u00e4 alkaneet taistelut Vuoristo-Karabahista jatkuivat ajoittain, vaikka aselepo p\u00e4\u00e4osin piti. Ety-j\u00e4rjest\u00f6 yritti turhaan saada alueelle perustetuksi rauhanturvaoperaatiota.<\/p>\n<p><em><strong>Kaukasia pysyi levottomana<\/strong><\/em><\/p>\n<p>Georgiassa jatkuivat sek\u00e4 sis\u00e4iset poliittiset valtakamppailut ett\u00e4 kapinoivien maakuntien, Abhasian ja Etel\u00e4-Ossetian, irtautumisyritykset. Georgian hallitus joutui vet\u00e4m\u00e4\u00e4n joukkonsa pois niiden alueilta, ja my\u00f6s muilla raja-alueilla sen kyky yll\u00e4pit\u00e4\u00e4 hallintoa ja j\u00e4rjestyst\u00e4 oli k\u00e4yt\u00e4nn\u00f6ss\u00e4 v\u00e4h\u00e4ist\u00e4. Sek\u00e4 Pohjois- ett\u00e4 Etel\u00e4-Kaukasia pysyiv\u00e4t levottomana ja ep\u00e4vakaana alueena koko 1990-luvun, mist\u00e4 seurasi my\u00f6s taloudellisia ongelmia ja v\u00e4est\u00f6n elintason lasku.<\/p>\n<\/div><\/section><\/p><\/div>\n","protected":false},"excerpt":{"rendered":"","protected":false},"author":1,"featured_media":0,"parent":1446,"menu_order":8,"comment_status":"closed","ping_status":"closed","template":"","meta":{"footnotes":""},"class_list":["post-1557","page","type-page","status-publish","hentry"],"_links":{"self":[{"href":"https:\/\/maailmanmuutos.org\/index.php\/wp-json\/wp\/v2\/pages\/1557","targetHints":{"allow":["GET"]}}],"collection":[{"href":"https:\/\/maailmanmuutos.org\/index.php\/wp-json\/wp\/v2\/pages"}],"about":[{"href":"https:\/\/maailmanmuutos.org\/index.php\/wp-json\/wp\/v2\/types\/page"}],"author":[{"embeddable":true,"href":"https:\/\/maailmanmuutos.org\/index.php\/wp-json\/wp\/v2\/users\/1"}],"replies":[{"embeddable":true,"href":"https:\/\/maailmanmuutos.org\/index.php\/wp-json\/wp\/v2\/comments?post=1557"}],"version-history":[{"count":8,"href":"https:\/\/maailmanmuutos.org\/index.php\/wp-json\/wp\/v2\/pages\/1557\/revisions"}],"predecessor-version":[{"id":4373,"href":"https:\/\/maailmanmuutos.org\/index.php\/wp-json\/wp\/v2\/pages\/1557\/revisions\/4373"}],"up":[{"embeddable":true,"href":"https:\/\/maailmanmuutos.org\/index.php\/wp-json\/wp\/v2\/pages\/1446"}],"wp:attachment":[{"href":"https:\/\/maailmanmuutos.org\/index.php\/wp-json\/wp\/v2\/media?parent=1557"}],"curies":[{"name":"wp","href":"https:\/\/api.w.org\/{rel}","templated":true}]}}