{"id":1573,"date":"2023-03-08T20:01:19","date_gmt":"2023-03-08T20:01:19","guid":{"rendered":"http:\/\/us.ylirotu.fi\/index.php\/maailman-muutos\/euroopan-kehitysnakymat\/nato-2000-luvulla-2\/naton-asema-euroopassa\/"},"modified":"2023-08-14T16:01:20","modified_gmt":"2023-08-14T16:01:20","slug":"talouden-ja-ymparistonsuojelun-ratkaiseva-merkitys","status":"publish","type":"page","link":"https:\/\/maailmanmuutos.org\/index.php\/kylmasta-sodasta-2000-luvulle\/euroopan-kehitysnakymat\/venajan-ja-muun-ita-euroopan-kehitysnakymat\/talouden-ja-ymparistonsuojelun-ratkaiseva-merkitys\/","title":{"rendered":"Talouden ja ymp\u00e4rist\u00f6nsuojelun ratkaiseva merkitys\u00a0"},"content":{"rendered":"<div id='full_slider_1'  class='avia-fullwidth-slider main_color avia-shadow   avia-builder-el-0  el_before_av_one_full  avia-builder-el-first   container_wrap sidebar_right'  >\n<style type=\"text\/css\" data-created_by=\"avia_inline_auto\" id=\"style-css-av-kd4hz9nx-fb331aa0faaa9c578e2f07ccc45f5aa0\">\n#top #wrap_all .avia-slideshow .av-slideshow-caption.av-kd4hz9nx-fb331aa0faaa9c578e2f07ccc45f5aa0__0 .avia-caption-title{\nfont-size:22px;\n}\n#top .avia-slideshow .av-slideshow-caption.av-kd4hz9nx-fb331aa0faaa9c578e2f07ccc45f5aa0__0 .avia-caption-content{\nfont-size:14px;\n}\n#top .avia-slideshow .av-slideshow-caption.av-kd4hz9nx-fb331aa0faaa9c578e2f07ccc45f5aa0__0 .avia-caption-content p{\nfont-size:14px;\n}\n\n@media only screen and (min-width: 768px) and (max-width: 989px){ \n#top #wrap_all .avia-slideshow .av-slideshow-caption.av-kd4hz9nx-fb331aa0faaa9c578e2f07ccc45f5aa0__0 .avia-caption-title{\nfont-size:16px;\n}\n#top .avia-slideshow .av-slideshow-caption.av-kd4hz9nx-fb331aa0faaa9c578e2f07ccc45f5aa0__0 .avia-caption-content{\nfont-size:16px;\n}\n#top .avia-slideshow .av-slideshow-caption.av-kd4hz9nx-fb331aa0faaa9c578e2f07ccc45f5aa0__0 .avia-caption-content p{\nfont-size:16px;\n}\n}\n\n@media only screen and (min-width: 480px) and (max-width: 767px){ \n#top #wrap_all .avia-slideshow .av-slideshow-caption.av-kd4hz9nx-fb331aa0faaa9c578e2f07ccc45f5aa0__0 .avia-caption-title{\nfont-size:14px;\n}\n#top .avia-slideshow .av-slideshow-caption.av-kd4hz9nx-fb331aa0faaa9c578e2f07ccc45f5aa0__0 .avia-caption-content{\nfont-size:14px;\n}\n#top .avia-slideshow .av-slideshow-caption.av-kd4hz9nx-fb331aa0faaa9c578e2f07ccc45f5aa0__0 .avia-caption-content p{\nfont-size:14px;\n}\n}\n\n@media only screen and (max-width: 479px){ \n#top #wrap_all .avia-slideshow .av-slideshow-caption.av-kd4hz9nx-fb331aa0faaa9c578e2f07ccc45f5aa0__0 .avia-caption-title{\ndisplay:none;\n}\n#top .avia-slideshow .av-slideshow-caption.av-kd4hz9nx-fb331aa0faaa9c578e2f07ccc45f5aa0__0 .avia-caption-content{\ndisplay:none;\n}\n#top .avia-slideshow .av-slideshow-caption.av-kd4hz9nx-fb331aa0faaa9c578e2f07ccc45f5aa0__0 .avia-caption-content p{\ndisplay:none;\n}\n}\n<\/style>\n<div  class='avia-slideshow av-kd4hz9nx-fb331aa0faaa9c578e2f07ccc45f5aa0 avia-slideshow-featured av_slideshow_full avia-slide-slider av-slideshow-ui av-control-default av-slideshow-manual av-loop-once av-loop-manual-endless av-default-height-applied   avia-slideshow-1' data-slideshow-options=\"{&quot;animation&quot;:&quot;slide&quot;,&quot;autoplay&quot;:false,&quot;loop_autoplay&quot;:&quot;once&quot;,&quot;interval&quot;:5,&quot;loop_manual&quot;:&quot;manual-endless&quot;,&quot;autoplay_stopper&quot;:false,&quot;noNavigation&quot;:false,&quot;bg_slider&quot;:false,&quot;keep_padding&quot;:false,&quot;hoverpause&quot;:false,&quot;show_slide_delay&quot;:0}\"  itemprop=\"image\" itemscope=\"itemscope\" itemtype=\"https:\/\/schema.org\/ImageObject\" ><ul class='avia-slideshow-inner ' style='padding-bottom: 28.72411489646%;'><li  class='avia-slideshow-slide av-kd4hz9nx-fb331aa0faaa9c578e2f07ccc45f5aa0__0  av-single-slide slide-1 slide-odd'><div data-rel='slideshow-1' class='avia-slide-wrap '   ><img decoding=\"async\" fetchpriority=\"high\" class=\"wp-image-3250 avia-img-lazy-loading-not-3250\"  src=\"https:\/\/maailmanmuutos.org\/wp-content\/uploads\/2023\/08\/oljyntuotanto-venaja.jpg\" width=\"1497\" height=\"430\" title='kuvituskuvat' alt=''  itemprop=\"thumbnailUrl\" srcset=\"https:\/\/maailmanmuutos.org\/wp-content\/uploads\/2023\/08\/oljyntuotanto-venaja.jpg 1500w, https:\/\/maailmanmuutos.org\/wp-content\/uploads\/2023\/08\/oljyntuotanto-venaja-800x230.jpg 800w, https:\/\/maailmanmuutos.org\/wp-content\/uploads\/2023\/08\/oljyntuotanto-venaja-120x34.jpg 120w, https:\/\/maailmanmuutos.org\/wp-content\/uploads\/2023\/08\/oljyntuotanto-venaja-768x221.jpg 768w, https:\/\/maailmanmuutos.org\/wp-content\/uploads\/2023\/08\/oljyntuotanto-venaja-705x203.jpg 705w\" sizes=\"(max-width: 1497px) 100vw, 1497px\" \/><\/div><\/li><\/ul><\/div><\/div><div id='after_full_slider_1'  class='main_color av_default_container_wrap container_wrap sidebar_right'  ><div class='container av-section-cont-open' ><div class='template-page content  av-content-small alpha units'><div class='post-entry post-entry-type-page post-entry-1573'><div class='entry-content-wrapper clearfix'>\n\n<style type=\"text\/css\" data-created_by=\"avia_inline_auto\" id=\"style-css-av-5spn6-3d3e8ead61d02f87ad7c9f2fc625dc24\">\n.flex_column.av-5spn6-3d3e8ead61d02f87ad7c9f2fc625dc24{\nborder-radius:0px 0px 0px 0px;\npadding:0px 0px 0px 0px;\n}\n<\/style>\n<div  class='flex_column av-5spn6-3d3e8ead61d02f87ad7c9f2fc625dc24 av_one_full  avia-builder-el-1  el_after_av_slideshow_full  avia-builder-el-no-sibling  first flex_column_div av-zero-column-padding  '     ><p>\n<style type=\"text\/css\" data-created_by=\"avia_inline_auto\" id=\"style-css-av-9pm39-5a9091537918c201ce3a0336203387a3\">\n#top .av-special-heading.av-9pm39-5a9091537918c201ce3a0336203387a3{\npadding-bottom:10px;\n}\nbody .av-special-heading.av-9pm39-5a9091537918c201ce3a0336203387a3 .av-special-heading-tag .heading-char{\nfont-size:25px;\n}\n.av-special-heading.av-9pm39-5a9091537918c201ce3a0336203387a3 .av-subheading{\nfont-size:15px;\n}\n<\/style>\n<div  class='av-special-heading av-9pm39-5a9091537918c201ce3a0336203387a3 av-special-heading-h1  avia-builder-el-2  el_before_av_hr  avia-builder-el-first '><h1 class='av-special-heading-tag'  itemprop=\"headline\"  >Talouden ja ymp\u00e4rist\u00f6nsuojelun ratkaiseva merkitys <\/h1><div class=\"special-heading-border\"><div class=\"special-heading-inner-border\"><\/div><\/div><\/div><br \/>\n\n<style type=\"text\/css\" data-created_by=\"avia_inline_auto\" id=\"style-css-av-ljpu73g0-e065b21ba9cf7d96d0287a274c96fa4b\">\n#top .hr.hr-invisible.av-ljpu73g0-e065b21ba9cf7d96d0287a274c96fa4b{\nheight:50px;\n}\n<\/style>\n<div  class='hr av-ljpu73g0-e065b21ba9cf7d96d0287a274c96fa4b hr-invisible  avia-builder-el-3  el_after_av_heading  el_before_av_textblock '><span class='hr-inner '><span class=\"hr-inner-style\"><\/span><\/span><\/div><br \/>\n<section  class='av_textblock_section av-lezr0od0-94e7bd8ef786eea3c9a8d27065495667 '   itemscope=\"itemscope\" itemtype=\"https:\/\/schema.org\/CreativeWork\" ><div class='avia_textblock'  itemprop=\"text\" ><p><em><strong>Sidonnaisuus raaka-aineisiin ja energiaan<\/strong><\/em><\/p>\n<p>Ven\u00e4j\u00e4n talouden kasvu oli 2000-luvun alussa nopeaa, vuodessa noin 5-8 prosenttia. Vuonna 2009 maailmantalouden kasvun pys\u00e4htyminen alensi tuntuvasti raaka-aineiden hintoja, jolloin Ven\u00e4j\u00e4n tuotannon arvo laski yli seitsem\u00e4n prosenttia. Seuraavana vuonna raaka-aineiden hinnannousun my\u00f6t\u00e4 Ven\u00e4j\u00e4n talous alkoi j\u00e4lleen kasvaa.<\/p>\n<p>Vahva sidonnaisuus raaka-aineiden ja erityisesti energian tuotantoon on Ven\u00e4j\u00e4n talouden pahimpia ongelmia, ja osoittaa suuren riippuvuuden niiden vientikaupasta ja sit\u00e4 kautta maailmantalouden suhdanteista. Yritykset tuotannon monipuolisuuden lis\u00e4\u00e4miseksi ovat toistaiseksi olleet tehottomia.<\/p>\n<p><em><strong>Perusrakenteet huonossa kunnossa<\/strong><\/em><\/p>\n<p>Toinen perustava ongelma on Ven\u00e4j\u00e4n taloudellisen ja yhteiskuntarakenteiden infrastruktuurin rappeutuminen. Neuvostoliiton aikaan rakennettua liikenneverkkoa ei ole pystytty modernisoimaan ja t\u00e4ydent\u00e4m\u00e4\u00e4n tarvetta vastaavasti. My\u00f6s energiantuotannon vaatimat investoinnit ovat olleet alimitoitettuja.<\/p>\n<p><em><strong>V\u00e4est\u00f6ongelma<\/strong><\/em><\/p>\n<p>Talouden ja yhteiskuntakehityksen riskeihin kuuluu my\u00f6s v\u00e4est\u00f6n m\u00e4\u00e4r\u00e4n supistuminen ja sairastelu. Ymp\u00e4rist\u00f6n saastuminen heikent\u00e4\u00e4 my\u00f6s merkitt\u00e4v\u00e4sti v\u00e4est\u00f6n terveydentilaa. Monien yhteiskunnallisten ongelmien kasautuminen on vaikuttanut siihen, ett\u00e4 Ven\u00e4j\u00e4n v\u00e4est\u00f6 on v\u00e4hentynyt vuoden 1990 l\u00e4ht\u00f6luvusta, l\u00e4hes 150 miljoonasta vuonna 2010 noin 143 miljoonaan, ja negatiivisen kehityksen ennustetaan jatkuvan siten, ett\u00e4 v\u00e4kiluku vuonna 2020 olisi arviolta 130-140 miljoonan luokkaa.<\/p>\n<p>V\u00e4est\u00f6kehityksen ja siihen liittyen ty\u00f6voiman saatavuuden k\u00e4\u00e4nt\u00e4minen positiiviseksi vaatisi terveydenhoitoj\u00e4rjestelm\u00e4\u00e4n suuria parannuksia. Niit\u00e4 ei kuitenkaan ole n\u00e4kyvill\u00e4, eiv\u00e4tk\u00e4 tuloksia ole nopeasti aikaansaatavissa.<\/p>\n<p><em><strong>Ymp\u00e4rist\u00f6n saastuminen<\/strong><\/em><\/p>\n<p>Lopulta ehk\u00e4 ratkaisevimmin Ven\u00e4j\u00e4n tulevaisuuteen vaikuttaa ymp\u00e4rist\u00f6n saastumisesta aiheutuvien ongelmien saaminen hallintaan sek\u00e4 omalla ett\u00e4 l\u00e4hialueilla. Neuvostoliiton j\u00e4ljilt\u00e4 j\u00e4i perinn\u00f6ksi monia alueita, joilla ymp\u00e4rist\u00f6 oli saastunut terveydelle vaaralliseksi, puhumattakaan perustavista ongelmista, joita on liittynyt kaupunkien ja teollisuuskeskittymien saastumiseen. N\u00e4iden korjaaminen vaatii<br \/>\nmerkitt\u00e4vi\u00e4 taloudellisia uhrauksia ja my\u00f6s asenteiden muutosta.<\/p>\n<\/div><\/section><\/p><\/div>\n","protected":false},"excerpt":{"rendered":"","protected":false},"author":1,"featured_media":0,"parent":1559,"menu_order":4,"comment_status":"closed","ping_status":"closed","template":"","meta":{"footnotes":""},"class_list":["post-1573","page","type-page","status-publish","hentry"],"_links":{"self":[{"href":"https:\/\/maailmanmuutos.org\/index.php\/wp-json\/wp\/v2\/pages\/1573","targetHints":{"allow":["GET"]}}],"collection":[{"href":"https:\/\/maailmanmuutos.org\/index.php\/wp-json\/wp\/v2\/pages"}],"about":[{"href":"https:\/\/maailmanmuutos.org\/index.php\/wp-json\/wp\/v2\/types\/page"}],"author":[{"embeddable":true,"href":"https:\/\/maailmanmuutos.org\/index.php\/wp-json\/wp\/v2\/users\/1"}],"replies":[{"embeddable":true,"href":"https:\/\/maailmanmuutos.org\/index.php\/wp-json\/wp\/v2\/comments?post=1573"}],"version-history":[{"count":13,"href":"https:\/\/maailmanmuutos.org\/index.php\/wp-json\/wp\/v2\/pages\/1573\/revisions"}],"predecessor-version":[{"id":3270,"href":"https:\/\/maailmanmuutos.org\/index.php\/wp-json\/wp\/v2\/pages\/1573\/revisions\/3270"}],"up":[{"embeddable":true,"href":"https:\/\/maailmanmuutos.org\/index.php\/wp-json\/wp\/v2\/pages\/1559"}],"wp:attachment":[{"href":"https:\/\/maailmanmuutos.org\/index.php\/wp-json\/wp\/v2\/media?parent=1573"}],"curies":[{"name":"wp","href":"https:\/\/api.w.org\/{rel}","templated":true}]}}