{"id":1588,"date":"2023-03-08T20:01:18","date_gmt":"2023-03-08T20:01:18","guid":{"rendered":"http:\/\/us.ylirotu.fi\/index.php\/maailman-muutos\/euroopan-kehitysnakymat\/nato-2000-luvulla-2\/naton-sitoutuminen-afganistanin-sotaan\/"},"modified":"2023-08-14T15:59:34","modified_gmt":"2023-08-14T15:59:34","slug":"venajan-turvallisuus-ja-sotilaspolitiikan-uudistushankkeet","status":"publish","type":"page","link":"https:\/\/maailmanmuutos.org\/index.php\/kylmasta-sodasta-2000-luvulle\/euroopan-kehitysnakymat\/venajan-ja-muun-ita-euroopan-kehitysnakymat\/venajan-turvallisuus-ja-sotilaspolitiikan-uudistushankkeet\/","title":{"rendered":"Ven\u00e4j\u00e4n turvallisuus- ja sotilaspolitiikan uudistushankkeet\u00a0"},"content":{"rendered":"<div id='full_slider_1'  class='avia-fullwidth-slider main_color avia-shadow   avia-builder-el-0  el_before_av_one_full  avia-builder-el-first   container_wrap sidebar_right'  >\n<style type=\"text\/css\" data-created_by=\"avia_inline_auto\" id=\"style-css-av-kd4hz9nx-fb331aa0faaa9c578e2f07ccc45f5aa0\">\n#top #wrap_all .avia-slideshow .av-slideshow-caption.av-kd4hz9nx-fb331aa0faaa9c578e2f07ccc45f5aa0__0 .avia-caption-title{\nfont-size:22px;\n}\n#top .avia-slideshow .av-slideshow-caption.av-kd4hz9nx-fb331aa0faaa9c578e2f07ccc45f5aa0__0 .avia-caption-content{\nfont-size:14px;\n}\n#top .avia-slideshow .av-slideshow-caption.av-kd4hz9nx-fb331aa0faaa9c578e2f07ccc45f5aa0__0 .avia-caption-content p{\nfont-size:14px;\n}\n\n@media only screen and (min-width: 768px) and (max-width: 989px){ \n#top #wrap_all .avia-slideshow .av-slideshow-caption.av-kd4hz9nx-fb331aa0faaa9c578e2f07ccc45f5aa0__0 .avia-caption-title{\nfont-size:16px;\n}\n#top .avia-slideshow .av-slideshow-caption.av-kd4hz9nx-fb331aa0faaa9c578e2f07ccc45f5aa0__0 .avia-caption-content{\nfont-size:16px;\n}\n#top .avia-slideshow .av-slideshow-caption.av-kd4hz9nx-fb331aa0faaa9c578e2f07ccc45f5aa0__0 .avia-caption-content p{\nfont-size:16px;\n}\n}\n\n@media only screen and (min-width: 480px) and (max-width: 767px){ \n#top #wrap_all .avia-slideshow .av-slideshow-caption.av-kd4hz9nx-fb331aa0faaa9c578e2f07ccc45f5aa0__0 .avia-caption-title{\nfont-size:14px;\n}\n#top .avia-slideshow .av-slideshow-caption.av-kd4hz9nx-fb331aa0faaa9c578e2f07ccc45f5aa0__0 .avia-caption-content{\nfont-size:14px;\n}\n#top .avia-slideshow .av-slideshow-caption.av-kd4hz9nx-fb331aa0faaa9c578e2f07ccc45f5aa0__0 .avia-caption-content p{\nfont-size:14px;\n}\n}\n\n@media only screen and (max-width: 479px){ \n#top #wrap_all .avia-slideshow .av-slideshow-caption.av-kd4hz9nx-fb331aa0faaa9c578e2f07ccc45f5aa0__0 .avia-caption-title{\ndisplay:none;\n}\n#top .avia-slideshow .av-slideshow-caption.av-kd4hz9nx-fb331aa0faaa9c578e2f07ccc45f5aa0__0 .avia-caption-content{\ndisplay:none;\n}\n#top .avia-slideshow .av-slideshow-caption.av-kd4hz9nx-fb331aa0faaa9c578e2f07ccc45f5aa0__0 .avia-caption-content p{\ndisplay:none;\n}\n}\n<\/style>\n<div  class='avia-slideshow av-kd4hz9nx-fb331aa0faaa9c578e2f07ccc45f5aa0 avia-slideshow-featured av_slideshow_full avia-slide-slider av-slideshow-ui av-control-default av-slideshow-manual av-loop-once av-loop-manual-endless av-default-height-applied   avia-slideshow-1' data-slideshow-options=\"{&quot;animation&quot;:&quot;slide&quot;,&quot;autoplay&quot;:false,&quot;loop_autoplay&quot;:&quot;once&quot;,&quot;interval&quot;:5,&quot;loop_manual&quot;:&quot;manual-endless&quot;,&quot;autoplay_stopper&quot;:false,&quot;noNavigation&quot;:false,&quot;bg_slider&quot;:false,&quot;keep_padding&quot;:false,&quot;hoverpause&quot;:false,&quot;show_slide_delay&quot;:0}\"  itemprop=\"image\" itemscope=\"itemscope\" itemtype=\"https:\/\/schema.org\/ImageObject\" ><ul class='avia-slideshow-inner ' style='padding-bottom: 28.72411489646%;'><li  class='avia-slideshow-slide av-kd4hz9nx-fb331aa0faaa9c578e2f07ccc45f5aa0__0  av-single-slide slide-1 slide-odd'><div data-rel='slideshow-1' class='avia-slide-wrap '   ><img decoding=\"async\" fetchpriority=\"high\" class=\"wp-image-3247 avia-img-lazy-loading-not-3247\"  src=\"https:\/\/maailmanmuutos.org\/wp-content\/uploads\/2023\/08\/armata.jpg\" width=\"1497\" height=\"430\" title='kuvituskuvat' alt=''  itemprop=\"thumbnailUrl\" srcset=\"https:\/\/maailmanmuutos.org\/wp-content\/uploads\/2023\/08\/armata.jpg 1500w, https:\/\/maailmanmuutos.org\/wp-content\/uploads\/2023\/08\/armata-800x230.jpg 800w, https:\/\/maailmanmuutos.org\/wp-content\/uploads\/2023\/08\/armata-120x34.jpg 120w, https:\/\/maailmanmuutos.org\/wp-content\/uploads\/2023\/08\/armata-768x221.jpg 768w, https:\/\/maailmanmuutos.org\/wp-content\/uploads\/2023\/08\/armata-705x203.jpg 705w\" sizes=\"(max-width: 1497px) 100vw, 1497px\" \/><\/div><\/li><\/ul><\/div><\/div><div id='after_full_slider_1'  class='main_color av_default_container_wrap container_wrap sidebar_right'  ><div class='container av-section-cont-open' ><div class='template-page content  av-content-small alpha units'><div class='post-entry post-entry-type-page post-entry-1588'><div class='entry-content-wrapper clearfix'>\n\n<style type=\"text\/css\" data-created_by=\"avia_inline_auto\" id=\"style-css-av-5spn6-3d3e8ead61d02f87ad7c9f2fc625dc24\">\n.flex_column.av-5spn6-3d3e8ead61d02f87ad7c9f2fc625dc24{\nborder-radius:0px 0px 0px 0px;\npadding:0px 0px 0px 0px;\n}\n<\/style>\n<div  class='flex_column av-5spn6-3d3e8ead61d02f87ad7c9f2fc625dc24 av_one_full  avia-builder-el-1  el_after_av_slideshow_full  avia-builder-el-no-sibling  first flex_column_div av-zero-column-padding  '     ><p>\n<style type=\"text\/css\" data-created_by=\"avia_inline_auto\" id=\"style-css-av-2tgif8-457c32f2bb6126a8a5052393e6165269\">\n#top .av-special-heading.av-2tgif8-457c32f2bb6126a8a5052393e6165269{\npadding-bottom:10px;\n}\nbody .av-special-heading.av-2tgif8-457c32f2bb6126a8a5052393e6165269 .av-special-heading-tag .heading-char{\nfont-size:25px;\n}\n.av-special-heading.av-2tgif8-457c32f2bb6126a8a5052393e6165269 .av-subheading{\nfont-size:15px;\n}\n<\/style>\n<div  class='av-special-heading av-2tgif8-457c32f2bb6126a8a5052393e6165269 av-special-heading-h1  avia-builder-el-2  el_before_av_hr  avia-builder-el-first '><h1 class='av-special-heading-tag'  itemprop=\"headline\"  >Ven\u00e4j\u00e4n turvallisuus- ja sotilaspolitiikan uudistushankkeet <\/h1><div class=\"special-heading-border\"><div class=\"special-heading-inner-border\"><\/div><\/div><\/div><br \/>\n\n<style type=\"text\/css\" data-created_by=\"avia_inline_auto\" id=\"style-css-av-ljpu6gik-c10dae804b4f398ae96e42c6d213222f\">\n#top .hr.hr-invisible.av-ljpu6gik-c10dae804b4f398ae96e42c6d213222f{\nheight:50px;\n}\n<\/style>\n<div  class='hr av-ljpu6gik-c10dae804b4f398ae96e42c6d213222f hr-invisible  avia-builder-el-3  el_after_av_heading  el_before_av_textblock '><span class='hr-inner '><span class=\"hr-inner-style\"><\/span><\/span><\/div><br \/>\n<section  class='av_textblock_section av-lezr0od0-94e7bd8ef786eea3c9a8d27065495667 '   itemscope=\"itemscope\" itemtype=\"https:\/\/schema.org\/CreativeWork\" ><div class='avia_textblock'  itemprop=\"text\" ><p><em><strong>Sotilasmenot<\/strong><\/em><\/p>\n<p>Kylm\u00e4n sodan aikana Neuvostoliitto rakensi suuret asevoimat k\u00e4ytt\u00e4en l\u00e4hes 20 prosenttia tuotannostaan sotilastarkoituksiin. Ven\u00e4j\u00e4n voimavarat heikkeniv\u00e4t 1990-luvulla Neuvostoliittoon verrattuna noin puoleen, ja sotilasalalla lasku oli viel\u00e4kin jyrkempi. Ven\u00e4j\u00e4 k\u00e4ytti silloin sotilasmenoihin vain viisi prosenttia Neuvostoliiton aikaisesta tasosta, eik\u00e4 sotavarustusta uudistettu juuri lainkaan.<\/p>\n<p><em><strong>Sotilasbudjettia kasvatetaan<\/strong><\/em><\/p>\n<p>Ven\u00e4j\u00e4n asevoimilla on edelleen paljon Neuvostoliitolta periytynytt\u00e4 varustusta, joka kuitenkin v\u00e4hitellen kuluu loppuun tai muuten vanhenee. Useita uudistusohjelmia on tehty ja sotilasbudjettia on kasvatettu, mutta varustuksen p\u00e4\u00e4osan uusiminen on ollut v\u00e4h\u00e4ist\u00e4. K\u00e4yvin hinnoin laskettuna Ven\u00e4j\u00e4n puolustusmenot kasvoivat vuosina 2003-2008 noin 70 prosenttia. Ven\u00e4j\u00e4n budjetoidut puolustusmenot vuonna 2010 olivat vastikearvoltaan 36 miljardia US-dollaria, ja lis\u00e4ttyn\u00e4 er\u00e4ill\u00e4 oheiskuluilla ja budjetin ulkopuolisilla menoilla ne kattoivat noin nelj\u00e4n prosentin osuuden bruttokansantuotteesta.<\/p>\n<p><em><strong>Varusteluohjelma<\/strong><\/em><\/p>\n<p>Ven\u00e4j\u00e4ll\u00e4 on ollut vuoteen 2015 ulottuva varusteluohjelma, johon sis\u00e4ltyy hankintoja noin 140 miljardin euron arvosta. Sen jatko-ohjelma on ulotettu vuoteen 2020. Varustuksen uusiminen on ilmoitettu reagoinniksi Yhdysvaltojen varustelun jatkumiseen ja Naton laajentamiseen Ven\u00e4j\u00e4n rajoille sek\u00e4 erityisesti ydinaseistuksen ja merivoimien modernisoinnin tarpeesta aiheutuvaksi. Kylm\u00e4n sodan ajalle tyypillist\u00e4 kilpavarustelua ei ole k\u00e4ynniss\u00e4, mutta yhdess\u00e4 Kiinan ja er\u00e4iden muiden Aasian maiden kanssa Ven\u00e4j\u00e4n on muodostanut vastavoimaa Yhdysvalloille.<\/p>\n<p><em><strong>Asevoimien reformi<\/strong><\/em><\/p>\n<p>Ven\u00e4j\u00e4n asevoimien kokonaisvahvuus on noin miljoona sotilasta. Maavoimissa on noin 400 000 sotilasta, joista asevelvollisten m\u00e4\u00e4r\u00e4 on hieman alle puolet. Maavoimien toiminnan painopiste pysynee Kaukasian ja Keski-Aasian suunnilla. Ei ole my\u00f6sk\u00e4\u00e4n havaittu merkkej\u00e4 siit\u00e4, ett\u00e4 Ven\u00e4j\u00e4 alkaisi j\u00e4lleen rakentaa Neuvostoliitolle tyypillisi\u00e4, suurhy\u00f6kk\u00e4ykseen kykenevi\u00e4 maavoimia. Siihen ei ole strategisia syit\u00e4 eik\u00e4 budjettivaroja. Maavoimien toiminnallinen painopiste on etel\u00e4ss\u00e4, vaikka asevoimien aktiivisuutta palautetaan v\u00e4hitellen my\u00f6s J\u00e4\u00e4meren alueille. Laivastoa modernisoidaan erityisesti Tyynenmeren suunnalla, mutta my\u00f6s Mustanmeren laivasto on t\u00e4rke\u00e4ll\u00e4 sijalla.<\/p>\n<p><em><strong>Entist\u00e4 pienemm\u00e4t mutta notkeammat joukot<\/strong><\/em><\/p>\n<p>Asevoimien rakenteellinen reformi sai vauhtia Georgian sodan kokemuksista 2008, kun asevoimien valmius nopeaan toimintaan osoittautui heikoksi. Reformilla t\u00e4hd\u00e4t\u00e4\u00e4n entist\u00e4 pienempien mutta notkeampien asevoimien rakentamiseen aikaisemman massa-armeijan tilalle. Sotilaspiirien m\u00e4\u00e4r\u00e4 supistettiin vuonna 2010 kuudesta nelj\u00e4\u00e4n, jolloin muun muassa Leningradin sotilaspiiri yhdistettiin Moskovan sotilaspiiriin. Samalla suuri m\u00e4\u00e4r\u00e4 vanhempaa p\u00e4\u00e4llyst\u00f6\u00e4 korvataan nuoremmilla. Talousongelmien vuoksi ja hankintojen toteutuksen aikataulut ovat jatkuvasti hidastuneet, ja odotettavissa, ett\u00e4 laajojen uudistusten l\u00e4pivieminen kest\u00e4\u00e4 ehk\u00e4 vuosikymmenen ajan.<\/p>\n<p><em><strong>Asevienti<\/strong><\/em><\/p>\n<p>Ven\u00e4j\u00e4n sotateollisuuden tuotannosta kylm\u00e4n sodan j\u00e4lkeisell\u00e4 ajalla on uusin aseistus mennyt l\u00e4hes kokonaan vientiin. Aseviennin arvo vuonna 2009 oli noin kahdeksan miljardia dollaria. Viimeisimpiin kauppoihin on sis\u00e4ltynyt verraten runsaasti lentokoneita ja sukellusveneit\u00e4 Kiinaan ja Intiaan, joiden osuus Ven\u00e4j\u00e4n aseviennist\u00e4 on 70 prosenttia.<\/p>\n<p>Uutena piirteen\u00e4 on Ven\u00e4j\u00e4n aseteollisuuden laajentuva yhteisty\u00f6 my\u00f6s l\u00e4ntisten valmistajien kanssa. Ranska ja Israel on tehnytkin jo sopimuksia yhteisest\u00e4 sotavarustuksen tuotannosta Ven\u00e4j\u00e4n kanssa. N\u00e4ill\u00e4 toimilla Ven\u00e4j\u00e4 pyrkii saamaan k\u00e4ytt\u00f6\u00f6ns\u00e4 kehittynytt\u00e4 elektroniikkaa ja muuta modernia sotatekniikkaa, jonka kehitt\u00e4minen l\u00e4hes keskeytyi Neuvostoliiton romahduksen my\u00f6t\u00e4.<\/p>\n<\/div><\/section><\/p><\/div>\n","protected":false},"excerpt":{"rendered":"","protected":false},"author":1,"featured_media":0,"parent":1559,"menu_order":3,"comment_status":"closed","ping_status":"closed","template":"","meta":{"footnotes":""},"class_list":["post-1588","page","type-page","status-publish","hentry"],"_links":{"self":[{"href":"https:\/\/maailmanmuutos.org\/index.php\/wp-json\/wp\/v2\/pages\/1588","targetHints":{"allow":["GET"]}}],"collection":[{"href":"https:\/\/maailmanmuutos.org\/index.php\/wp-json\/wp\/v2\/pages"}],"about":[{"href":"https:\/\/maailmanmuutos.org\/index.php\/wp-json\/wp\/v2\/types\/page"}],"author":[{"embeddable":true,"href":"https:\/\/maailmanmuutos.org\/index.php\/wp-json\/wp\/v2\/users\/1"}],"replies":[{"embeddable":true,"href":"https:\/\/maailmanmuutos.org\/index.php\/wp-json\/wp\/v2\/comments?post=1588"}],"version-history":[{"count":12,"href":"https:\/\/maailmanmuutos.org\/index.php\/wp-json\/wp\/v2\/pages\/1588\/revisions"}],"predecessor-version":[{"id":3265,"href":"https:\/\/maailmanmuutos.org\/index.php\/wp-json\/wp\/v2\/pages\/1588\/revisions\/3265"}],"up":[{"embeddable":true,"href":"https:\/\/maailmanmuutos.org\/index.php\/wp-json\/wp\/v2\/pages\/1559"}],"wp:attachment":[{"href":"https:\/\/maailmanmuutos.org\/index.php\/wp-json\/wp\/v2\/media?parent=1588"}],"curies":[{"name":"wp","href":"https:\/\/api.w.org\/{rel}","templated":true}]}}