{"id":1599,"date":"2023-03-08T20:11:52","date_gmt":"2023-03-08T20:11:52","guid":{"rendered":"http:\/\/us.ylirotu.fi\/index.php\/maailman-muutos\/euroopan-turvallisuuspoliittinen-kehitys-1990-luvulla\/venajan-ja-sen-lahialueiden-kehitys\/kaukasian-alueen-poliittinen-kehitys-2\/"},"modified":"2023-08-17T10:36:15","modified_gmt":"2023-08-17T10:36:15","slug":"entiset-neuvostotasavallat-keski-aasiassa","status":"publish","type":"page","link":"https:\/\/maailmanmuutos.org\/index.php\/kylmasta-sodasta-2000-luvulle\/euroopan-turvallisuuspoliittinen-kehitys-1990-luvulla\/venajan-ja-sen-lahialueiden-kehitys\/entiset-neuvostotasavallat-keski-aasiassa\/","title":{"rendered":"Entiset neuvostotasavallat Keski-Aasiassa\u00a0"},"content":{"rendered":"<div id='full_slider_1'  class='avia-fullwidth-slider main_color avia-shadow   avia-builder-el-0  el_before_av_one_full  avia-builder-el-first   container_wrap sidebar_right'  >\n<style type=\"text\/css\" data-created_by=\"avia_inline_auto\" id=\"style-css-av-kd4hz9nx-fb331aa0faaa9c578e2f07ccc45f5aa0\">\n#top #wrap_all .avia-slideshow .av-slideshow-caption.av-kd4hz9nx-fb331aa0faaa9c578e2f07ccc45f5aa0__0 .avia-caption-title{\nfont-size:22px;\n}\n#top .avia-slideshow .av-slideshow-caption.av-kd4hz9nx-fb331aa0faaa9c578e2f07ccc45f5aa0__0 .avia-caption-content{\nfont-size:14px;\n}\n#top .avia-slideshow .av-slideshow-caption.av-kd4hz9nx-fb331aa0faaa9c578e2f07ccc45f5aa0__0 .avia-caption-content p{\nfont-size:14px;\n}\n\n@media only screen and (min-width: 768px) and (max-width: 989px){ \n#top #wrap_all .avia-slideshow .av-slideshow-caption.av-kd4hz9nx-fb331aa0faaa9c578e2f07ccc45f5aa0__0 .avia-caption-title{\nfont-size:16px;\n}\n#top .avia-slideshow .av-slideshow-caption.av-kd4hz9nx-fb331aa0faaa9c578e2f07ccc45f5aa0__0 .avia-caption-content{\nfont-size:16px;\n}\n#top .avia-slideshow .av-slideshow-caption.av-kd4hz9nx-fb331aa0faaa9c578e2f07ccc45f5aa0__0 .avia-caption-content p{\nfont-size:16px;\n}\n}\n\n@media only screen and (min-width: 480px) and (max-width: 767px){ \n#top #wrap_all .avia-slideshow .av-slideshow-caption.av-kd4hz9nx-fb331aa0faaa9c578e2f07ccc45f5aa0__0 .avia-caption-title{\nfont-size:14px;\n}\n#top .avia-slideshow .av-slideshow-caption.av-kd4hz9nx-fb331aa0faaa9c578e2f07ccc45f5aa0__0 .avia-caption-content{\nfont-size:14px;\n}\n#top .avia-slideshow .av-slideshow-caption.av-kd4hz9nx-fb331aa0faaa9c578e2f07ccc45f5aa0__0 .avia-caption-content p{\nfont-size:14px;\n}\n}\n\n@media only screen and (max-width: 479px){ \n#top #wrap_all .avia-slideshow .av-slideshow-caption.av-kd4hz9nx-fb331aa0faaa9c578e2f07ccc45f5aa0__0 .avia-caption-title{\ndisplay:none;\n}\n#top .avia-slideshow .av-slideshow-caption.av-kd4hz9nx-fb331aa0faaa9c578e2f07ccc45f5aa0__0 .avia-caption-content{\ndisplay:none;\n}\n#top .avia-slideshow .av-slideshow-caption.av-kd4hz9nx-fb331aa0faaa9c578e2f07ccc45f5aa0__0 .avia-caption-content p{\ndisplay:none;\n}\n}\n<\/style>\n<div  class='avia-slideshow av-kd4hz9nx-fb331aa0faaa9c578e2f07ccc45f5aa0 avia-slideshow-featured av_slideshow_full avia-slide-slider av-slideshow-ui av-control-default av-slideshow-manual av-loop-once av-loop-manual-endless av-default-height-applied   avia-slideshow-1' data-slideshow-options=\"{&quot;animation&quot;:&quot;slide&quot;,&quot;autoplay&quot;:false,&quot;loop_autoplay&quot;:&quot;once&quot;,&quot;interval&quot;:5,&quot;loop_manual&quot;:&quot;manual-endless&quot;,&quot;autoplay_stopper&quot;:false,&quot;noNavigation&quot;:false,&quot;bg_slider&quot;:false,&quot;keep_padding&quot;:false,&quot;hoverpause&quot;:false,&quot;show_slide_delay&quot;:0}\"  itemprop=\"image\" itemscope=\"itemscope\" itemtype=\"https:\/\/schema.org\/ImageObject\" ><ul class='avia-slideshow-inner ' style='padding-bottom: 28.72411489646%;'><li  class='avia-slideshow-slide av-kd4hz9nx-fb331aa0faaa9c578e2f07ccc45f5aa0__0  av-single-slide slide-1 slide-odd'><div data-rel='slideshow-1' class='avia-slide-wrap '   ><img decoding=\"async\" fetchpriority=\"high\" class=\"wp-image-3090 avia-img-lazy-loading-not-3090\"  src=\"https:\/\/maailmanmuutos.org\/wp-content\/uploads\/2023\/08\/nursultan.jpg\" width=\"1497\" height=\"430\" title='kuvituskuvat' alt=''  itemprop=\"thumbnailUrl\" srcset=\"https:\/\/maailmanmuutos.org\/wp-content\/uploads\/2023\/08\/nursultan.jpg 1500w, https:\/\/maailmanmuutos.org\/wp-content\/uploads\/2023\/08\/nursultan-800x230.jpg 800w, https:\/\/maailmanmuutos.org\/wp-content\/uploads\/2023\/08\/nursultan-120x34.jpg 120w, https:\/\/maailmanmuutos.org\/wp-content\/uploads\/2023\/08\/nursultan-768x221.jpg 768w, https:\/\/maailmanmuutos.org\/wp-content\/uploads\/2023\/08\/nursultan-705x203.jpg 705w\" sizes=\"(max-width: 1497px) 100vw, 1497px\" \/><\/div><\/li><\/ul><\/div><\/div><div id='after_full_slider_1'  class='main_color av_default_container_wrap container_wrap sidebar_right'  ><div class='container av-section-cont-open' ><div class='template-page content  av-content-small alpha units'><div class='post-entry post-entry-type-page post-entry-1599'><div class='entry-content-wrapper clearfix'>\n\n<style type=\"text\/css\" data-created_by=\"avia_inline_auto\" id=\"style-css-av-5spn6-3d3e8ead61d02f87ad7c9f2fc625dc24\">\n.flex_column.av-5spn6-3d3e8ead61d02f87ad7c9f2fc625dc24{\nborder-radius:0px 0px 0px 0px;\npadding:0px 0px 0px 0px;\n}\n<\/style>\n<div  class='flex_column av-5spn6-3d3e8ead61d02f87ad7c9f2fc625dc24 av_one_full  avia-builder-el-1  el_after_av_slideshow_full  avia-builder-el-no-sibling  first flex_column_div av-zero-column-padding  '     ><p>\n<style type=\"text\/css\" data-created_by=\"avia_inline_auto\" id=\"style-css-av-av_heading-98610fab11a8694a84267f39f0d0aaf2\">\n#top .av-special-heading.av-av_heading-98610fab11a8694a84267f39f0d0aaf2{\npadding-bottom:10px;\n}\nbody .av-special-heading.av-av_heading-98610fab11a8694a84267f39f0d0aaf2 .av-special-heading-tag .heading-char{\nfont-size:25px;\n}\n.av-special-heading.av-av_heading-98610fab11a8694a84267f39f0d0aaf2 .av-subheading{\nfont-size:15px;\n}\n<\/style>\n<div  class='av-special-heading av-av_heading-98610fab11a8694a84267f39f0d0aaf2 av-special-heading-h1  avia-builder-el-2  el_before_av_hr  avia-builder-el-first '><h1 class='av-special-heading-tag'  itemprop=\"headline\"  >Entiset neuvostotasavallat Keski-Aasiassa <\/h1><div class=\"special-heading-border\"><div class=\"special-heading-inner-border\"><\/div><\/div><\/div><br \/>\n\n<style type=\"text\/css\" data-created_by=\"avia_inline_auto\" id=\"style-css-av-llf10i63-fa0dbafb746e5f905ae95db2993d9e58\">\n#top .hr.hr-invisible.av-llf10i63-fa0dbafb746e5f905ae95db2993d9e58{\nheight:50px;\n}\n<\/style>\n<div  class='hr av-llf10i63-fa0dbafb746e5f905ae95db2993d9e58 hr-invisible  avia-builder-el-3  el_after_av_heading  el_before_av_textblock '><span class='hr-inner '><span class=\"hr-inner-style\"><\/span><\/span><\/div><br \/>\n<section  class='av_textblock_section av-lezr0od0-94e7bd8ef786eea3c9a8d27065495667 '   itemscope=\"itemscope\" itemtype=\"https:\/\/schema.org\/CreativeWork\" ><div class='avia_textblock'  itemprop=\"text\" ><p><em><strong>Talousvaikeudet<\/strong><\/em><\/p>\n<p>Keski-Aasian entiset neuvostotasavallat k\u00e4rsiv\u00e4t 1990-luvulla samanlaisista poliittisen ja talousj\u00e4rjestelm\u00e4n romahduksen seurausvaikutuksista kuin entisen Neuvostoliiton muutkin osat. Ymp\u00e4rist\u00f6ongelmat olisivat vaatineet pikaisia korjaustoimia, mutta talousvaikeudet eiv\u00e4t sellaisia mahdollistaneet.\u00a0 Neuvostoliiton ajalta totuttuun tapaan yhteyksi\u00e4 pidettiin viel\u00e4 mieluummin Moskovaan kuin naapurimaihin.<\/p>\n<p><em><strong>Kazakstan<\/strong><\/em><\/p>\n<p>Kazakstan on Keski-Aasian entisist\u00e4 neuvostotasavalloista suurin pinta-alaltaan ja luonnonrikkauksiltaan mutta my\u00f6s ymp\u00e4rist\u00f6ongelmiensa puolesta. V\u00e4est\u00f6nlaskennassa 1993 asukkaita oli 17 miljoonaa, joista kazakkeja noin 40 prosenttia, ven\u00e4l\u00e4isi\u00e4 38 prosenttia ja loput l\u00e4hinn\u00e4 saksalaisia, ukrainalaisia ja uzbekkeja. Pinta-alan ollessa 2,7 miljoonaa neli\u00f6kilometri\u00e4 asutus on keskim\u00e4\u00e4rin hyvin harvaa. Poliittiset olot pysyiv\u00e4t 1990-luvulla verraten rauhallisina.<\/p>\n<p><em><strong>Uzbekistan<\/strong><\/em><\/p>\n<p>Uzbekistanissa oli 1990-luvun puoliv\u00e4liss\u00e4 22,4 miljoonaa asukasta, joista 90 prosenttia oli muslimeja. Suurista luonnonrikkauksista huolimatta yhteiskunta oli hyvin ep\u00e4vakaa, ja radikaalien muslimiliikkeiden voima oli kasvussa erityisesti tihe\u00e4\u00e4n asutussa Ferganan laaksossa.<\/p>\n<p><em><strong>Tadshikistan<\/strong><\/em><\/p>\n<p>Afganistanin sis\u00e4llissota ulotti pahiten vaikutuksensa Tadshikistaniin, \u00a0joka k\u00e4rsi sis\u00e4isist\u00e4 taisteluista koko 1990-luvun. Ven\u00e4j\u00e4n armeija vastasi siell\u00e4 edelleen p\u00e4\u00e4osin j\u00e4rjestyksen pidosta.<\/p>\n<p><em><strong>Turkmenistan<\/strong><\/em><\/p>\n<p>Turkmenistan pysytteli Ven\u00e4j\u00e4n johtaman yhteisty\u00f6n ulkopuolella l\u00e4hinn\u00e4 suurten \u00f6ljy- ja maakaasuvarojensa ansiosta. Valtiota hallittiin diktatuurisin ottein.<\/p>\n<p><em><strong>Runsaat luonnonvarat, pahoja vesiongelmia<\/strong><\/em><\/p>\n<p>Keski-Aasian entiset neuvostotasavallat taantuivat taloudellisesti 1990-luvulla, vaikka niist\u00e4 monilla on ollut runsaat luonnonvarat. Yhteist\u00e4 niille oli yhteiskunnallinen ep\u00e4vakaus, joskin avoimilta sodilta s\u00e4\u00e4styttiin. Alueen pahimpia ongelmia on yh\u00e4 ymp\u00e4rist\u00f6n pilaantuminen, joka n\u00e4kyvimmin on tullut ilmi Aral-j\u00e4rven kuivumisena. Poliittista j\u00e4nnityst\u00e4 maiden v\u00e4lill\u00e4 aiheutti luonnonvarojen ep\u00e4tasainen jakautuminen.<\/p>\n<\/div><\/section><\/p><\/div>\n","protected":false},"excerpt":{"rendered":"","protected":false},"author":1,"featured_media":0,"parent":1446,"menu_order":9,"comment_status":"closed","ping_status":"closed","template":"","meta":{"footnotes":""},"class_list":["post-1599","page","type-page","status-publish","hentry"],"_links":{"self":[{"href":"https:\/\/maailmanmuutos.org\/index.php\/wp-json\/wp\/v2\/pages\/1599","targetHints":{"allow":["GET"]}}],"collection":[{"href":"https:\/\/maailmanmuutos.org\/index.php\/wp-json\/wp\/v2\/pages"}],"about":[{"href":"https:\/\/maailmanmuutos.org\/index.php\/wp-json\/wp\/v2\/types\/page"}],"author":[{"embeddable":true,"href":"https:\/\/maailmanmuutos.org\/index.php\/wp-json\/wp\/v2\/users\/1"}],"replies":[{"embeddable":true,"href":"https:\/\/maailmanmuutos.org\/index.php\/wp-json\/wp\/v2\/comments?post=1599"}],"version-history":[{"count":6,"href":"https:\/\/maailmanmuutos.org\/index.php\/wp-json\/wp\/v2\/pages\/1599\/revisions"}],"predecessor-version":[{"id":4375,"href":"https:\/\/maailmanmuutos.org\/index.php\/wp-json\/wp\/v2\/pages\/1599\/revisions\/4375"}],"up":[{"embeddable":true,"href":"https:\/\/maailmanmuutos.org\/index.php\/wp-json\/wp\/v2\/pages\/1446"}],"wp:attachment":[{"href":"https:\/\/maailmanmuutos.org\/index.php\/wp-json\/wp\/v2\/media?parent=1599"}],"curies":[{"name":"wp","href":"https:\/\/api.w.org\/{rel}","templated":true}]}}