{"id":1640,"date":"2023-03-08T20:23:28","date_gmt":"2023-03-08T20:23:28","guid":{"rendered":"http:\/\/us.ylirotu.fi\/index.php\/maailman-muutos\/euroopan-kehitysnakymat\/venajan-ja-muun-ita-euroopan-kehitysnakymat-2\/presidentti-putinin-kausi-hallinnon-keskittaminen\/"},"modified":"2023-08-17T08:40:05","modified_gmt":"2023-08-17T08:40:05","slug":"energiansaannin-turvaaminen","status":"publish","type":"page","link":"https:\/\/maailmanmuutos.org\/index.php\/kylmasta-sodasta-2000-luvulle\/euroopan-kehitysnakymat\/eurooppalaisten-turvallisuusodotukset\/energiansaannin-turvaaminen\/","title":{"rendered":"Energiansaannin turvaaminen\u00a0"},"content":{"rendered":"<div id='full_slider_1'  class='avia-fullwidth-slider main_color avia-shadow   avia-builder-el-0  el_before_av_one_full  avia-builder-el-first   container_wrap sidebar_right'  >\n<style type=\"text\/css\" data-created_by=\"avia_inline_auto\" id=\"style-css-av-kd4hz9nx-fb331aa0faaa9c578e2f07ccc45f5aa0\">\n#top #wrap_all .avia-slideshow .av-slideshow-caption.av-kd4hz9nx-fb331aa0faaa9c578e2f07ccc45f5aa0__0 .avia-caption-title{\nfont-size:22px;\n}\n#top .avia-slideshow .av-slideshow-caption.av-kd4hz9nx-fb331aa0faaa9c578e2f07ccc45f5aa0__0 .avia-caption-content{\nfont-size:14px;\n}\n#top .avia-slideshow .av-slideshow-caption.av-kd4hz9nx-fb331aa0faaa9c578e2f07ccc45f5aa0__0 .avia-caption-content p{\nfont-size:14px;\n}\n\n@media only screen and (min-width: 768px) and (max-width: 989px){ \n#top #wrap_all .avia-slideshow .av-slideshow-caption.av-kd4hz9nx-fb331aa0faaa9c578e2f07ccc45f5aa0__0 .avia-caption-title{\nfont-size:16px;\n}\n#top .avia-slideshow .av-slideshow-caption.av-kd4hz9nx-fb331aa0faaa9c578e2f07ccc45f5aa0__0 .avia-caption-content{\nfont-size:16px;\n}\n#top .avia-slideshow .av-slideshow-caption.av-kd4hz9nx-fb331aa0faaa9c578e2f07ccc45f5aa0__0 .avia-caption-content p{\nfont-size:16px;\n}\n}\n\n@media only screen and (min-width: 480px) and (max-width: 767px){ \n#top #wrap_all .avia-slideshow .av-slideshow-caption.av-kd4hz9nx-fb331aa0faaa9c578e2f07ccc45f5aa0__0 .avia-caption-title{\nfont-size:14px;\n}\n#top .avia-slideshow .av-slideshow-caption.av-kd4hz9nx-fb331aa0faaa9c578e2f07ccc45f5aa0__0 .avia-caption-content{\nfont-size:14px;\n}\n#top .avia-slideshow .av-slideshow-caption.av-kd4hz9nx-fb331aa0faaa9c578e2f07ccc45f5aa0__0 .avia-caption-content p{\nfont-size:14px;\n}\n}\n\n@media only screen and (max-width: 479px){ \n#top #wrap_all .avia-slideshow .av-slideshow-caption.av-kd4hz9nx-fb331aa0faaa9c578e2f07ccc45f5aa0__0 .avia-caption-title{\ndisplay:none;\n}\n#top .avia-slideshow .av-slideshow-caption.av-kd4hz9nx-fb331aa0faaa9c578e2f07ccc45f5aa0__0 .avia-caption-content{\ndisplay:none;\n}\n#top .avia-slideshow .av-slideshow-caption.av-kd4hz9nx-fb331aa0faaa9c578e2f07ccc45f5aa0__0 .avia-caption-content p{\ndisplay:none;\n}\n}\n<\/style>\n<div  class='avia-slideshow av-kd4hz9nx-fb331aa0faaa9c578e2f07ccc45f5aa0 avia-slideshow-featured av_slideshow_full avia-slide-slider av-slideshow-ui av-control-default av-slideshow-manual av-loop-once av-loop-manual-endless av-default-height-applied   avia-slideshow-1' data-slideshow-options=\"{&quot;animation&quot;:&quot;slide&quot;,&quot;autoplay&quot;:false,&quot;loop_autoplay&quot;:&quot;once&quot;,&quot;interval&quot;:5,&quot;loop_manual&quot;:&quot;manual-endless&quot;,&quot;autoplay_stopper&quot;:false,&quot;noNavigation&quot;:false,&quot;bg_slider&quot;:false,&quot;keep_padding&quot;:false,&quot;hoverpause&quot;:false,&quot;show_slide_delay&quot;:0}\"  itemprop=\"image\" itemscope=\"itemscope\" itemtype=\"https:\/\/schema.org\/ImageObject\" ><ul class='avia-slideshow-inner ' style='padding-bottom: 28.72411489646%;'><li  class='avia-slideshow-slide av-kd4hz9nx-fb331aa0faaa9c578e2f07ccc45f5aa0__0  av-single-slide slide-1 slide-odd'><div data-rel='slideshow-1' class='avia-slide-wrap '   ><img decoding=\"async\" fetchpriority=\"high\" class=\"wp-image-3305 avia-img-lazy-loading-not-3305\"  src=\"https:\/\/maailmanmuutos.org\/wp-content\/uploads\/2023\/08\/green-energy.jpg\" width=\"1497\" height=\"430\" title='kuvituskuvat' alt=''  itemprop=\"thumbnailUrl\" srcset=\"https:\/\/maailmanmuutos.org\/wp-content\/uploads\/2023\/08\/green-energy.jpg 1500w, https:\/\/maailmanmuutos.org\/wp-content\/uploads\/2023\/08\/green-energy-800x230.jpg 800w, https:\/\/maailmanmuutos.org\/wp-content\/uploads\/2023\/08\/green-energy-120x34.jpg 120w, https:\/\/maailmanmuutos.org\/wp-content\/uploads\/2023\/08\/green-energy-768x221.jpg 768w, https:\/\/maailmanmuutos.org\/wp-content\/uploads\/2023\/08\/green-energy-705x203.jpg 705w\" sizes=\"(max-width: 1497px) 100vw, 1497px\" \/><\/div><\/li><\/ul><\/div><\/div><div id='after_full_slider_1'  class='main_color av_default_container_wrap container_wrap sidebar_right'  ><div class='container av-section-cont-open' ><div class='template-page content  av-content-small alpha units'><div class='post-entry post-entry-type-page post-entry-1640'><div class='entry-content-wrapper clearfix'>\n\n<style type=\"text\/css\" data-created_by=\"avia_inline_auto\" id=\"style-css-av-5spn6-3d3e8ead61d02f87ad7c9f2fc625dc24\">\n.flex_column.av-5spn6-3d3e8ead61d02f87ad7c9f2fc625dc24{\nborder-radius:0px 0px 0px 0px;\npadding:0px 0px 0px 0px;\n}\n<\/style>\n<div  class='flex_column av-5spn6-3d3e8ead61d02f87ad7c9f2fc625dc24 av_one_full  avia-builder-el-1  el_after_av_slideshow_full  avia-builder-el-no-sibling  first flex_column_div av-zero-column-padding  '     ><p>\n<style type=\"text\/css\" data-created_by=\"avia_inline_auto\" id=\"style-css-av-2r3mwo-6b0266a855b450d8338b4ec2b140b352\">\n#top .av-special-heading.av-2r3mwo-6b0266a855b450d8338b4ec2b140b352{\npadding-bottom:10px;\n}\nbody .av-special-heading.av-2r3mwo-6b0266a855b450d8338b4ec2b140b352 .av-special-heading-tag .heading-char{\nfont-size:25px;\n}\n.av-special-heading.av-2r3mwo-6b0266a855b450d8338b4ec2b140b352 .av-subheading{\nfont-size:15px;\n}\n<\/style>\n<div  class='av-special-heading av-2r3mwo-6b0266a855b450d8338b4ec2b140b352 av-special-heading-h1  avia-builder-el-2  el_before_av_hr  avia-builder-el-first '><h1 class='av-special-heading-tag'  itemprop=\"headline\"  >Energiansaannin turvaaminen <\/h1><div class=\"special-heading-border\"><div class=\"special-heading-inner-border\"><\/div><\/div><\/div><br \/>\n\n<style type=\"text\/css\" data-created_by=\"avia_inline_auto\" id=\"style-css-av-llb498ub-093b4e59317bcc32db11d1f3d5c9c217\">\n#top .hr.hr-invisible.av-llb498ub-093b4e59317bcc32db11d1f3d5c9c217{\nheight:50px;\n}\n<\/style>\n<div  class='hr av-llb498ub-093b4e59317bcc32db11d1f3d5c9c217 hr-invisible  avia-builder-el-3  el_after_av_heading  el_before_av_textblock '><span class='hr-inner '><span class=\"hr-inner-style\"><\/span><\/span><\/div><br \/>\n<section  class='av_textblock_section av-lezr0od0-94e7bd8ef786eea3c9a8d27065495667 '   itemscope=\"itemscope\" itemtype=\"https:\/\/schema.org\/CreativeWork\" ><div class='avia_textblock'  itemprop=\"text\" ><p><em><strong>Riippuvuus tuontienergiasta<\/strong><\/em><\/p>\n<p>Euroopan unionin maista useimmat ovat riippuvia tuontienergiasta. Unionin energiapolitiikan t\u00e4rke\u00e4n\u00e4 tavoitteena on v\u00e4hent\u00e4\u00e4 riippuvuutta kaasun ja \u00f6ljyn tuonnista sek\u00e4 suojata taloutta energian hintojen heilahtelujen ja energiavarantojen ep\u00e4varmuuden vaikutuksilta. Yli puolet kulutetusta energiasta on tuotu unionin ulkopuolelta, ja tuontienergian osuus kasvaa koko ajan. Siit\u00e4 suuri osa saadaan Ven\u00e4j\u00e4lt\u00e4, jonka kiistat kauttakulkumaiden kanssa ovat viime vuosina v\u00e4lill\u00e4 haitanneet toimituksia.<\/p>\n<p>\u00d6ljy- ja kaasutoimituksia seurataan EU:ssa entist\u00e4 tarkemmin ja varaudutaan my\u00f6s h\u00e4t\u00e4tilanteisiin. EU-mailla on \u00f6ljyn varmuusvarastoja ja niiden k\u00e4yt\u00f6st\u00e4 monia sopimuksia, mutta on tullut tarve selvent\u00e4\u00e4, miss\u00e4 tilanteissa ja miten varastoja voidaan k\u00e4ytt\u00e4\u00e4. Unionin toimivalta energia-asioissa on yh\u00e4 paljolti m\u00e4\u00e4rittelem\u00e4tt\u00e4.<\/p>\n<p><em><strong>Ilmastopolitiikassa edell\u00e4k\u00e4vij\u00e4<\/strong><\/em><\/p>\n<p>Euroopan unionissa hyv\u00e4ksyttiin vuonna 2008 laaja ohjelma, jolla v\u00e4hennet\u00e4\u00e4n energian k\u00e4yt\u00f6st\u00e4 aiheutuvaa ilmaston l\u00e4mpenemist\u00e4 ja turvataan energiansaantia. EU pyrkii saavuttamaan johtavan aseman maailmassa uusiutuvien energial\u00e4hteiden ja v\u00e4h\u00e4p\u00e4\u00e4st\u00f6isen teknologian alalla. Energiapolitiikan perustana on EU:n sitoumus v\u00e4hent\u00e4\u00e4 kasvihuonekaasup\u00e4\u00e4st\u00f6j\u00e4 20 prosenttia vuoden 1990 tasosta vuoteen 2020 menness\u00e4. Tavoitteeseen pyrit\u00e4\u00e4n p\u00e4\u00e4asiassa edist\u00e4m\u00e4ll\u00e4 uusiutuvien energial\u00e4hteiden k\u00e4ytt\u00f6\u00e4 ja v\u00e4hent\u00e4m\u00e4ll\u00e4 energiankulutusta.<\/p>\n<p><em><strong>Infrastruktuurin parantamishankkeet<\/strong><\/em><\/p>\n<p>Kansallisten ja kansainv\u00e4listen kaupallisten energianhankkeiden ohella my\u00f6s Euroopan unioni on pyrkinyt vaikuttamaan muun muassa kaasuputkiston rakentamiseen Kaspianmeren alueelta Eurooppaan. Lis\u00e4ksi EU parantaa voimansiirtolinjoja ja putkistoja, joita pitkin s\u00e4hk\u00f6, kaasu ja \u00f6ljy siirtyv\u00e4t kuluttajien k\u00e4ytt\u00f6\u00f6n, ja saatavuutta edist\u00e4\u00e4 my\u00f6s kilpailun vapauttaminen. Lis\u00e4ksi EU:n energiastrategiassa painotetaan investointeja energiatehokkuuteen.<\/p>\n<p>Energian saannin turvaaminen on monissa arvioissa todettu yh\u00e4 t\u00e4rke\u00e4mm\u00e4ksi tulevaisuuden teht\u00e4v\u00e4ksi, mutta siihen liittyvi\u00e4 poliittisia toimia on vaikea saada ylikansallisen p\u00e4\u00e4t\u00f6ksenteon piiriin. Vaikka valtiot pyrkiv\u00e4t varmistamaan energian saantinsa, t\u00e4ll\u00e4 my\u00f6s Euroopan unionilla on t\u00e4rke\u00e4 joskin viel\u00e4 verraten hahmottumaton rooli.<\/p>\n<\/div><\/section><\/p><\/div>\n","protected":false},"excerpt":{"rendered":"","protected":false},"author":1,"featured_media":0,"parent":1622,"menu_order":1,"comment_status":"closed","ping_status":"closed","template":"","meta":{"footnotes":""},"class_list":["post-1640","page","type-page","status-publish","hentry"],"_links":{"self":[{"href":"https:\/\/maailmanmuutos.org\/index.php\/wp-json\/wp\/v2\/pages\/1640","targetHints":{"allow":["GET"]}}],"collection":[{"href":"https:\/\/maailmanmuutos.org\/index.php\/wp-json\/wp\/v2\/pages"}],"about":[{"href":"https:\/\/maailmanmuutos.org\/index.php\/wp-json\/wp\/v2\/types\/page"}],"author":[{"embeddable":true,"href":"https:\/\/maailmanmuutos.org\/index.php\/wp-json\/wp\/v2\/users\/1"}],"replies":[{"embeddable":true,"href":"https:\/\/maailmanmuutos.org\/index.php\/wp-json\/wp\/v2\/comments?post=1640"}],"version-history":[{"count":17,"href":"https:\/\/maailmanmuutos.org\/index.php\/wp-json\/wp\/v2\/pages\/1640\/revisions"}],"predecessor-version":[{"id":4250,"href":"https:\/\/maailmanmuutos.org\/index.php\/wp-json\/wp\/v2\/pages\/1640\/revisions\/4250"}],"up":[{"embeddable":true,"href":"https:\/\/maailmanmuutos.org\/index.php\/wp-json\/wp\/v2\/pages\/1622"}],"wp:attachment":[{"href":"https:\/\/maailmanmuutos.org\/index.php\/wp-json\/wp\/v2\/media?parent=1640"}],"curies":[{"name":"wp","href":"https:\/\/api.w.org\/{rel}","templated":true}]}}