{"id":1671,"date":"2023-03-08T20:23:31","date_gmt":"2023-03-08T20:23:31","guid":{"rendered":"http:\/\/us.ylirotu.fi\/index.php\/maailman-muutos\/euroopan-kehitysnakymat\/venajan-ja-muun-ita-euroopan-kehitysnakymat-2\/venajan-turvallisuus-ja-sotilaspolitiikan-uudistushankkeet\/"},"modified":"2023-08-14T17:17:00","modified_gmt":"2023-08-14T17:17:00","slug":"euroopan-turvallisuus","status":"publish","type":"page","link":"https:\/\/maailmanmuutos.org\/index.php\/kylmasta-sodasta-2000-luvulle\/euroopan-kehitysnakymat\/eurooppalaisten-turvallisuusodotukset\/euroopan-turvallisuus\/","title":{"rendered":"Euroopan\u00a0turvallisuus\u00a0"},"content":{"rendered":"<div id='full_slider_1'  class='avia-fullwidth-slider main_color avia-shadow   avia-builder-el-0  el_before_av_one_full  avia-builder-el-first   container_wrap sidebar_right'  >\n<style type=\"text\/css\" data-created_by=\"avia_inline_auto\" id=\"style-css-av-kd4hz9nx-fb331aa0faaa9c578e2f07ccc45f5aa0\">\n#top #wrap_all .avia-slideshow .av-slideshow-caption.av-kd4hz9nx-fb331aa0faaa9c578e2f07ccc45f5aa0__0 .avia-caption-title{\nfont-size:22px;\n}\n#top .avia-slideshow .av-slideshow-caption.av-kd4hz9nx-fb331aa0faaa9c578e2f07ccc45f5aa0__0 .avia-caption-content{\nfont-size:14px;\n}\n#top .avia-slideshow .av-slideshow-caption.av-kd4hz9nx-fb331aa0faaa9c578e2f07ccc45f5aa0__0 .avia-caption-content p{\nfont-size:14px;\n}\n\n@media only screen and (min-width: 768px) and (max-width: 989px){ \n#top #wrap_all .avia-slideshow .av-slideshow-caption.av-kd4hz9nx-fb331aa0faaa9c578e2f07ccc45f5aa0__0 .avia-caption-title{\nfont-size:16px;\n}\n#top .avia-slideshow .av-slideshow-caption.av-kd4hz9nx-fb331aa0faaa9c578e2f07ccc45f5aa0__0 .avia-caption-content{\nfont-size:16px;\n}\n#top .avia-slideshow .av-slideshow-caption.av-kd4hz9nx-fb331aa0faaa9c578e2f07ccc45f5aa0__0 .avia-caption-content p{\nfont-size:16px;\n}\n}\n\n@media only screen and (min-width: 480px) and (max-width: 767px){ \n#top #wrap_all .avia-slideshow .av-slideshow-caption.av-kd4hz9nx-fb331aa0faaa9c578e2f07ccc45f5aa0__0 .avia-caption-title{\nfont-size:14px;\n}\n#top .avia-slideshow .av-slideshow-caption.av-kd4hz9nx-fb331aa0faaa9c578e2f07ccc45f5aa0__0 .avia-caption-content{\nfont-size:14px;\n}\n#top .avia-slideshow .av-slideshow-caption.av-kd4hz9nx-fb331aa0faaa9c578e2f07ccc45f5aa0__0 .avia-caption-content p{\nfont-size:14px;\n}\n}\n\n@media only screen and (max-width: 479px){ \n#top #wrap_all .avia-slideshow .av-slideshow-caption.av-kd4hz9nx-fb331aa0faaa9c578e2f07ccc45f5aa0__0 .avia-caption-title{\ndisplay:none;\n}\n#top .avia-slideshow .av-slideshow-caption.av-kd4hz9nx-fb331aa0faaa9c578e2f07ccc45f5aa0__0 .avia-caption-content{\ndisplay:none;\n}\n#top .avia-slideshow .av-slideshow-caption.av-kd4hz9nx-fb331aa0faaa9c578e2f07ccc45f5aa0__0 .avia-caption-content p{\ndisplay:none;\n}\n}\n<\/style>\n<div  class='avia-slideshow av-kd4hz9nx-fb331aa0faaa9c578e2f07ccc45f5aa0 avia-slideshow-featured av_slideshow_full avia-slide-slider av-slideshow-ui av-control-default av-slideshow-manual av-loop-once av-loop-manual-endless av-default-height-applied   avia-slideshow-1' data-slideshow-options=\"{&quot;animation&quot;:&quot;slide&quot;,&quot;autoplay&quot;:false,&quot;loop_autoplay&quot;:&quot;once&quot;,&quot;interval&quot;:5,&quot;loop_manual&quot;:&quot;manual-endless&quot;,&quot;autoplay_stopper&quot;:false,&quot;noNavigation&quot;:false,&quot;bg_slider&quot;:false,&quot;keep_padding&quot;:false,&quot;hoverpause&quot;:false,&quot;show_slide_delay&quot;:0}\"  itemprop=\"image\" itemscope=\"itemscope\" itemtype=\"https:\/\/schema.org\/ImageObject\" ><ul class='avia-slideshow-inner ' style='padding-bottom: 28.72411489646%;'><li  class='avia-slideshow-slide av-kd4hz9nx-fb331aa0faaa9c578e2f07ccc45f5aa0__0  av-single-slide slide-1 slide-odd'><div data-rel='slideshow-1' class='avia-slide-wrap '   ><img decoding=\"async\" fetchpriority=\"high\" class=\"wp-image-3312 avia-img-lazy-loading-not-3312\"  src=\"https:\/\/maailmanmuutos.org\/wp-content\/uploads\/2023\/08\/turvallisuus-onnettomuus.jpg\" width=\"1497\" height=\"430\" title='kuvituskuvat' alt=''  itemprop=\"thumbnailUrl\" srcset=\"https:\/\/maailmanmuutos.org\/wp-content\/uploads\/2023\/08\/turvallisuus-onnettomuus.jpg 1500w, https:\/\/maailmanmuutos.org\/wp-content\/uploads\/2023\/08\/turvallisuus-onnettomuus-800x230.jpg 800w, https:\/\/maailmanmuutos.org\/wp-content\/uploads\/2023\/08\/turvallisuus-onnettomuus-120x34.jpg 120w, https:\/\/maailmanmuutos.org\/wp-content\/uploads\/2023\/08\/turvallisuus-onnettomuus-768x221.jpg 768w, https:\/\/maailmanmuutos.org\/wp-content\/uploads\/2023\/08\/turvallisuus-onnettomuus-705x203.jpg 705w\" sizes=\"(max-width: 1497px) 100vw, 1497px\" \/><\/div><\/li><\/ul><\/div><\/div><div id='after_full_slider_1'  class='main_color av_default_container_wrap container_wrap sidebar_right'  ><div class='container av-section-cont-open' ><div class='template-page content  av-content-small alpha units'><div class='post-entry post-entry-type-page post-entry-1671'><div class='entry-content-wrapper clearfix'>\n\n<style type=\"text\/css\" data-created_by=\"avia_inline_auto\" id=\"style-css-av-5spn6-3d3e8ead61d02f87ad7c9f2fc625dc24\">\n.flex_column.av-5spn6-3d3e8ead61d02f87ad7c9f2fc625dc24{\nborder-radius:0px 0px 0px 0px;\npadding:0px 0px 0px 0px;\n}\n<\/style>\n<div  class='flex_column av-5spn6-3d3e8ead61d02f87ad7c9f2fc625dc24 av_one_full  avia-builder-el-1  el_after_av_slideshow_full  avia-builder-el-no-sibling  first flex_column_div av-zero-column-padding  '     ><p>\n<style type=\"text\/css\" data-created_by=\"avia_inline_auto\" id=\"style-css-av-34egl3-60e303a1f30d84007c10db073ee85836\">\n#top .av-special-heading.av-34egl3-60e303a1f30d84007c10db073ee85836{\npadding-bottom:10px;\n}\nbody .av-special-heading.av-34egl3-60e303a1f30d84007c10db073ee85836 .av-special-heading-tag .heading-char{\nfont-size:25px;\n}\n.av-special-heading.av-34egl3-60e303a1f30d84007c10db073ee85836 .av-subheading{\nfont-size:15px;\n}\n<\/style>\n<div  class='av-special-heading av-34egl3-60e303a1f30d84007c10db073ee85836 av-special-heading-h1  avia-builder-el-2  el_before_av_textblock  avia-builder-el-first '><h1 class='av-special-heading-tag'  itemprop=\"headline\"  >Euroopan turvallisuus <\/h1><div class=\"special-heading-border\"><div class=\"special-heading-inner-border\"><\/div><\/div><\/div><br \/>\n<section  class='av_textblock_section av-lezr0od0-94e7bd8ef786eea3c9a8d27065495667 '   itemscope=\"itemscope\" itemtype=\"https:\/\/schema.org\/CreativeWork\" ><div class='avia_textblock'  itemprop=\"text\" ><p><em><strong>Ei tarvetta yhteiselle puolustukselle<\/strong><\/em><\/p>\n<p>EU-maiden sotilaallista voimaa ja tehokkuutta on usein v\u00e4h\u00e4telty erityisesti Yhdysvalloissa julkaistuissa arvioissa l\u00e4hinn\u00e4 interventiokyvyn puutteiden vuoksi. Oman alueen puolustamiseen voimat riitt\u00e4v\u00e4t hyvin, eik\u00e4 l\u00e4ntist\u00e4 Eurooppaa vaarantavia sotilaallisia uhkia ole n\u00e4k\u00f6piiriss\u00e4. Siksi ei my\u00f6sk\u00e4\u00e4n ole n\u00e4hty tarvetta ryhty\u00e4 luomaan yhteist\u00e4 puolustusta tai muuten ryhty\u00e4 alueen puolustuskyvyn tehostamistoimiin. P\u00e4invastoin, useimmissa EU-maissa ollaan selv\u00e4sti supistamassa puolustusm\u00e4\u00e4r\u00e4rahoja 2010-luvulla.<\/p>\n<p><em><strong>Kriisinhallinta<\/strong><\/em><\/p>\n<p>My\u00f6s sotilaallisen kriisinhallintakyvyn tehostamiseen suhtaudutaan l\u00e4nsieurooppalaisissa EU- ja Nato-maissa entist\u00e4 pid\u00e4ttyv\u00e4mmin. Kokemukset Irakista ja Afganistanista ovat osoittaneet voimavarojen rajallisuuden, joten uusiin vastaaviin hankkeisiin maanosan ulkopuolelle ei ole halukkuutta. Euroopan unionin piiriss\u00e4 ollaan valmiimpia tehostamaan siviilim\u00e4isi\u00e4 konfliktien ja kriisien hallintatoimia, joihin kuuluu my\u00f6s poliittisen ja taloudellisen vakauden edist\u00e4minen perinteisell\u00e4 kehitysyhteisty\u00f6ll\u00e4. Samalla toimintaa pyrit\u00e4\u00e4n entist\u00e4 tarkemmin rajoittamaan Eurooppaan ja l\u00e4hialueille, Afrikka ja latinalainen Amerikka mukaan lukien.<\/p>\n<p><em><strong>Siviilikriisinhallinta<\/strong><\/em><\/p>\n<p>Lienee siis selv\u00e4\u00e4, etteiv\u00e4t mahdollisuudet ulottaa Euroopan unionin sotilaallista kriisinhallintaa Aasiaan tai Tyynen meren alueelle ole tulevaisuudessa kovinkaan suuret, mutta se ei est\u00e4 taloudellisten suhteiden yll\u00e4pitoa Aasian voimistuvien talousmahtien suuntaan ja osallistumista siviilim\u00e4iseen kriisinhallintaan ja luonnononnettomuuksien aiheuttamien vahinkojen lievent\u00e4miseen.<\/p>\n<p><em><strong>Sis\u00e4inen turvallisuus<\/strong><\/em><\/p>\n<p>Sis\u00e4isen turvallisuuden yll\u00e4pito on EU:n piiriss\u00e4 noussut keskeiseen asemaan. T\u00e4h\u00e4n kuuluu my\u00f6s suojautuminen muualta tulevaa terrorismia vastaan. Yhteisty\u00f6 EU:n sis\u00e4ll\u00e4 ja naapurimaiden kanssa on v\u00e4ltt\u00e4m\u00e4t\u00f6nt\u00e4 my\u00f6s kansainv\u00e4lisen rikollisuuden torjunnassa ja erilaisiin onnettomuustilanteisiin varautumisessa. Euroopan unionilla on n\u00e4iss\u00e4 asioissa selke\u00e4 rooli normien m\u00e4\u00e4ritt\u00e4j\u00e4n\u00e4 ja yhteisty\u00f6n organisoijana, joskin poliittisten p\u00e4\u00e4tt\u00e4jien kansalliset ennakkoluulot ja turvallisuusorganisaatioiden konservatiivisuus haittaavat edelleen yhteisty\u00f6t\u00e4.<\/p>\n<\/div><\/section><\/p><\/div>\n","protected":false},"excerpt":{"rendered":"","protected":false},"author":1,"featured_media":0,"parent":1622,"menu_order":3,"comment_status":"closed","ping_status":"closed","template":"","meta":{"footnotes":""},"class_list":["post-1671","page","type-page","status-publish","hentry"],"_links":{"self":[{"href":"https:\/\/maailmanmuutos.org\/index.php\/wp-json\/wp\/v2\/pages\/1671","targetHints":{"allow":["GET"]}}],"collection":[{"href":"https:\/\/maailmanmuutos.org\/index.php\/wp-json\/wp\/v2\/pages"}],"about":[{"href":"https:\/\/maailmanmuutos.org\/index.php\/wp-json\/wp\/v2\/types\/page"}],"author":[{"embeddable":true,"href":"https:\/\/maailmanmuutos.org\/index.php\/wp-json\/wp\/v2\/users\/1"}],"replies":[{"embeddable":true,"href":"https:\/\/maailmanmuutos.org\/index.php\/wp-json\/wp\/v2\/comments?post=1671"}],"version-history":[{"count":14,"href":"https:\/\/maailmanmuutos.org\/index.php\/wp-json\/wp\/v2\/pages\/1671\/revisions"}],"predecessor-version":[{"id":3311,"href":"https:\/\/maailmanmuutos.org\/index.php\/wp-json\/wp\/v2\/pages\/1671\/revisions\/3311"}],"up":[{"embeddable":true,"href":"https:\/\/maailmanmuutos.org\/index.php\/wp-json\/wp\/v2\/pages\/1622"}],"wp:attachment":[{"href":"https:\/\/maailmanmuutos.org\/index.php\/wp-json\/wp\/v2\/media?parent=1671"}],"curies":[{"name":"wp","href":"https:\/\/api.w.org\/{rel}","templated":true}]}}